{"id":241,"date":"2010-03-03T18:55:28","date_gmt":"2010-03-03T21:55:28","guid":{"rendered":"http:\/\/blog.ufba.br\/nlpretto\/?page_id=241"},"modified":"2023-04-11T00:21:47","modified_gmt":"2023-04-11T03:21:47","slug":"alem-das-redes-de-cololaboracao","status":"publish","type":"page","link":"https:\/\/blog.ufba.br\/nelsonpretto\/publicacoes\/livros-e-capitulos-publicados\/alem-das-redes-de-cololaboracao\/","title":{"rendered":"Alem das redes de cololabora\u00e7\u00e3o"},"content":{"rendered":"<p><span style=\"color: #000000\"> <\/span><\/p>\n<p><span style=\"color: #000000\"> <\/span><\/p>\n<p><span style=\"color: #000000\"> <\/span><\/p>\n<p><span style=\"color: #000000\"> <\/span><\/p>\n<p><span style=\"color: #000000\"> <\/span><\/p>\n<p><span style=\"color: #000000\"><img fetchpriority=\"high\" decoding=\"async\" src=\"http:\/\/twiki.ufba.br\/twiki\/pub\/Pretto\/PrettoArtigos\/Convitevirtual_alem.jpg\" alt=\"Convitevirtual_alem.jpg\" width=\"646\" height=\"290\" \/> <\/span><\/p>\n<p><span style=\"color: #000000\"><a title=\"Book with ISBN 978-85-232-0524-9\" href=\"http:\/\/www.bookfinder.com\/search\/?st=sr;ac=qr;isbn=978-85-232-0524-9\">ISBN:978-85-232-0524-9<\/a> <\/span><\/p>\n<h3><span style=\"color: #000000\">Baixe o livro <a title=\"Alem das redes, em pdf\" href=\"http:\/\/rn.softwarelivre.org\/alemdasredes\/wp-content\/uploads\/2008\/08\/livroalemdasredes.pdf\" target=\"_blank\" rel=\"noopener\">aqui<\/a>, mas a vers\u00e3o impressa pela EDUFBA vale a pena. <\/span><\/h3>\n<p><a href=\"http:\/\/rn.softwarelivre.org\/alemdasredes\" target=\"_blank\" rel=\"noopener\"><img decoding=\"async\" src=\"http:\/\/twiki.ufba.br\/twiki\/pub\/Pretto\/WebHome\/alem_rede_blog.png\" alt=\"alem_rede_blog.png\" width=\"563\" height=\"101\" \/><\/a><\/p>\n<p>clique na  figura e caia no blogue.<\/p>\n<p>Foi  lan\u00e7ado em agosto de 2008 <a href=\"https:\/\/blog.ufba.br\/nlpretto\/publicacoes\/livros-e-capitulos-publicados\/alem-das-redes-de-cololaboracao\/\" target=\"_blank\" rel=\"noopener\">o livro desse semin\u00e1rio<\/a>, pela EDUFBA.<\/p>\n<p>Veja <a href=\"http:\/\/terramagazine.terra.com.br\/interna\/0,,OI1966512-EI6581,00.html\" target=\"_blank\" rel=\"noopener\">aqui um artigo meu no Terra Magazine<\/a>, de  06\/10\/2007.<\/p>\n<p><a name=\"Al\u00e9m_das_redes_de_colabora\u00e7\u00e3o_in\"><\/a><a name=\"_Al\u00e9m_das_redes_de_colabora\u00e7\u00e3o_i\"><\/a> Al\u00e9m das redes de colabora\u00e7\u00e3o: internet, diversidade cultural e tecnologias do poder<\/p>\n<h2><span style=\"color: #000000\"><strong><strong><span style=\"font-size: x-small\"> <\/span><\/strong><\/strong><\/p>\n<p><strong> <\/strong><\/p>\n<p><\/span><\/h2>\n<p><span style=\"color: #000000\"><strong> <span style=\"font-size: x-small\">Nelson De Luca Pretto e S\u00e9rgio Amadeu da Silveira (Org.)<\/span> <\/strong> <\/span><\/p>\n<p><span style=\"color: #000000\"><strong><span style=\"font-size: x-small\"> O livro <strong><em>Al\u00e9m das redes de colabora\u00e7\u00e3o: internet, diversidade cultural e tecnologias do poder<\/em><\/strong> <span style=\"color: #000000\"><span style=\"color: #ff0000\"><span style=\"color: #000000\"> <strong>,organizado por Nelson De Luca Pretto e S\u00e9rgio Amadeu da Silveira<\/strong> <\/span><\/span>, ser\u00e1 lan\u00e7ado no audit\u00f3rio da USP Leste, no dia 27 de agosto (quarta-feira), \u00e0s 19 horas . <\/span><\/span><\/strong><\/span><\/p>\n<p><span style=\"color: #000000\"> <\/span><\/p>\n<p><span style=\"color: #000000\"><strong><span style=\"font-size: x-small\"> O livro \u00e9 produto das reflex\u00f5es realizadas por diversos pesquisadores e ativistas latino-americanos que estiveram envolvidos no F\u00f3rum Internacional de Software Livre (FISL) realizado em Porto Alegre, outubro de 2007, e em Natal, novembro de 2007. A obra mostra a contradi\u00e7\u00e3o entre as possibilidades de cria\u00e7\u00e3o e dissemina\u00e7\u00e3o cultural &#8211; inerente \u00e0s redes informacionais &#8211; e as tentativas de manter a interatividade sob o controle dos velhos modelos de neg\u00f3cios constru\u00eddos no capitalismo industrial. Revela tamb\u00e9m, que as tecnologias est\u00e3o intrinsecamente interligadas \u00e0s rela\u00e7\u00f5es de poder, \u00e0 cultura, \u00e0 educa\u00e7\u00e3o e as formas de distribui\u00e7\u00e3o de renda.<\/span><\/strong><\/span><\/p>\n<p><span style=\"color: #000000\"><strong><span style=\"font-size: x-small\"> <\/span><\/strong> <\/span><\/p>\n<p><span style=\"color: #000000\"><span style=\"font-size: x-small\"><strong> <span style=\"text-decoration: underline\">Nelson De Luca Pretto<\/span> <\/strong> <strong>\u00e9 licenciado em F\u00edsica pela Universidade Federal da Bahia, Mestre em Educa\u00e7\u00e3o tamb\u00e9m pela UFBA e Doutor em Ci\u00eancias da Comunica\u00e7\u00e3o pela Universidade de S\u00e3o Paulo. \u00c9 professor associado da Faculdade de Educa\u00e7\u00e3o da Universidade Federal da Bahia e coordena o grupo de pesquisa Educa\u00e7\u00e3o, Comunica\u00e7\u00e3o e Tecnologias.<\/strong> <\/span><\/span><\/p>\n<p><span style=\"color: #000000\"> <\/span><\/p>\n<p><span style=\"color: #000000\"><strong><span style=\"font-size: x-small\"> <span style=\"text-decoration: underline\">S\u00e9rgio Amadeu da Silveira<\/span> <\/span><\/strong><strong><span style=\"font-size: x-small\">possui gradua\u00e7\u00e3o em Ci\u00eancias Sociais pela Universidade de S\u00e3o Paulo, mestrado em Ci\u00eancia Pol\u00edtica pela Universidade de S\u00e3o Paulo. Atualmente, professor permanente da Faculdade de Comunica\u00e7\u00e3o Social Casper L\u00edbero. Desenvolve trabalhos nos seguintes temas: inclus\u00e3o sociodigital, tecnologia da informa\u00e7\u00e3o e comunica\u00e7\u00e3o, economia informacional, cidadania digital e internet.<\/span><\/strong><\/span><\/p>\n<p><span style=\"color: #000000\"><strong> <\/strong><\/span><\/p>\n<p><strong> <\/strong><\/p>\n<p><span style=\"color: #000000\"><span style=\"font-size: x-small\"> <strong><span style=\"color: #ff0000\">O qu\u00ea<\/span>:<\/strong> Lan\u00e7amento do livro <strong>_Al\u00e9m das redes de colabora\u00e7\u00e3o: internet, diversidade cultural e tecnologias do poder_ <span style=\"color: #000000\"><span style=\"color: #ff0000\"><span style=\"color: #000000\"> *,organizado por Nelson De Luca Pretto e S\u00e9rgio Amadeu da Silveira<\/span><\/span><\/span><\/strong> <span style=\"color: #000000\"><span style=\"color: #ff0000\"><span style=\"color: #000000\"> <\/span><\/span><\/span>* <\/span> <\/span><\/p>\n<div><span style=\"color: #000000\"><span style=\"font-size: x-small\"> <strong><span style=\"color: #ff0000\">Quando<\/span>:<\/strong> 27 de agosto, quarta-feira.<br \/>\n<strong><span style=\"color: #ff0000\">Onde:<\/span><\/strong> Audit\u00f3rio da Universidade de S\u00e3o Paulo Leste<\/span><\/span><\/div>\n<p><span style=\"color: #000000\"> <\/span><\/p>\n<div><span style=\"color: #000000\"><span style=\"font-size: x-small\">Rua Arlindo B\u00e9ttio, 1000,<\/span><\/span><\/div>\n<p><span style=\"color: #000000\"> <\/span><\/p>\n<div><span style=\"color: #000000\"><span style=\"font-size: x-small\">Ermelino Matarazzo, S\u00e3o Paulo.<\/span><\/span><\/div>\n<p><span style=\"color: #000000\"> <\/span><\/p>\n<div><span style=\"color: #000000\"><span style=\"font-size: x-small\"> <strong><span style=\"color: #ff0000\">Hor\u00e1rio<\/span>:<\/strong> 19 horas<\/span><\/span><\/div>\n<p><span style=\"color: #000000\"> <\/span><\/p>\n<div><span style=\"color: #000000\"><span style=\"font-size: x-small\"> <strong><span style=\"color: #ff0000\">Mais<\/span><\/strong>: Durante o evento o livro ter\u00e1 o<span style=\"text-decoration: underline\"> pre\u00e7o promocional de R$ <strong>25, 00<\/strong> <\/span>!!<\/span><\/span><\/div>\n<p><span style=\"color: #000000\"> <\/span><\/p>\n<div><span style=\"color: #000000\"> <\/span><\/div>\n<div>\n<p><span style=\"color: #000000\"> <\/span><\/p>\n<h3><span style=\"color: #000000\">Sobre o Livro <\/span><\/h3>\n<\/div>\n<div><span style=\"color: #000000\"> <\/span><\/div>\n<p><span style=\"color: #000000\"><strong>NOVO LIVRO DISCUTE O POTENCIAL DA INTERNET E A SOCIEDADE DO CONTROLE<\/strong> <\/span><\/p>\n<p><span style=\"color: #000000\">&#8220;Ao mesmo tempo que devora, digere e recria o telefone, o cinema, a televis\u00e3o, os correios, o r\u00e1dio e a ind\u00fastria fonogr\u00e1fica, a internet se aproxima do sonho de Borges de uma biblioteca infinita, onde o saber humano est\u00e1 dispon\u00edvel ao alcance de um toque. O que fazer com t\u00e3o imenso poder \u00e9 a pergunta que definir\u00e1 o nosso futuro. Esse livro \u00e9 uma boa contribui\u00e7\u00e3o para o debate&#8221;. Assim o cineasta Jorge Furtado apresenta a colet\u00e2nea &#8220;Al\u00e9m das Redes de Colabora\u00e7\u00e3o: internet, diversidade cultural e tecnologias do poder&#8221;, organizado pelos professores Nelson Pretto, da UFBA e S\u00e9rgio Amadeu, da Casper Libero. <\/span><\/p>\n<p><span style=\"color: #000000\">O livro ser\u00e1 lan\u00e7ado pela EDUFBA, no pr\u00f3ximo 27 de agosto, quarta-feira, em S\u00e3o Paulo, durante o F\u00f3rum Nacional sobre Direito Autoral promovido pelo MinC , e \u00e9 o resultado de semin\u00e1rios realizados pela Casa de Cinema de Porto Alegre e pela Associa\u00e7\u00e3o de Software Livre, ocorridos no segundo semestre de 2007, como parte do projeto Cultura e Pensamento do Minist\u00e9rio da Cultura. <\/span><\/p>\n<p><span style=\"color: #000000\">&#8220;Al\u00e9m das Redes de Colabora\u00e7\u00e3o&#8221; trata do tema das redes em uma sociedade midiatizada, com tend\u00eancias contradit\u00f3rias e ambivalentes. Para o soci\u00f3logo S\u00e9rgio Amadeu, o que &#8220;quer\u00edamos era discutir as possibilidades democratizantes de compartilhamento do conhecimento jamais vistas e a forma\u00e7\u00e3o de uma sociedade de controle que busca utilizar as tecnologias para concentrar poder e conter a criatividade, expandindo e ampliando a apropria\u00e7\u00e3o privada sobre o que \u00e9 comum&#8221;. <\/span><\/p>\n<p><span style=\"color: #000000\">Reunindo acad\u00eamicos de v\u00e1rias \u00e1reas do conhecimento, ativistas e artistas, o livro trabalha a contradi\u00e7\u00e3o entre as possibilidades de cria\u00e7\u00e3o e dissemina\u00e7\u00e3o culturais inerentes \u00e0s redes informacionais e as tentativas de manter a inventividade e a interatividade sob o controle dos velhos modelos de neg\u00f3cios constru\u00eddos no capitalismo industrial.<br \/>\nNelson Pretto, um dos organizadores do livro e preocupado com as quest\u00f5es da educa\u00e7\u00e3o nesse processo de comunizca\u00e7\u00e3o generalizada, explica que o objetivo dos eventos e do livro &#8220;foi jogar luz sobre essas batalhas biopol\u00edticas para decifrar as disputas sociot\u00e9cnicas em torno da defini\u00e7\u00e3o de c\u00f3digos, padr\u00f5es e protocolos&#8221;. <\/span><\/p>\n<p><span style=\"color: #000000\">O livro \u00e9 uma colet\u00e2nea de textos dos seguintes autores: <\/span><\/p>\n<p><span style=\"color: #000000\"><strong>Imre Simon; Miguel Said Vieira<\/strong>. &#8220;O rossio n\u00e3o-rival&#8221;. <\/span><\/p>\n<p><span style=\"color: #000000\"><strong>Sergio Amadeu da Silveira<\/strong>. &#8220;Converg\u00eancia digital, diversidade cultural e esfera p\u00fablica&#8221;. <\/span><\/p>\n<p><span style=\"color: #000000\"><strong>Alex Primo<\/strong>. &#8220;Fases do desenvolvimento tecnol\u00f3gico e suas implica\u00e7\u00f5es nas formas de ser, conhecer, comunicar e produzir em sociedade&#8221;. <\/span><\/p>\n<p><span style=\"color: #000000\"><strong>Jo\u00e3o Brant<\/strong>. &#8220;O lugar da educa\u00e7\u00e3o no confronto entre colabora\u00e7\u00e3o e competi\u00e7\u00e3o&#8221;. <\/span><\/p>\n<p><span style=\"color: #000000\"><strong>Nelson De Luca Pretto; Alessandra Assis<\/strong>. &#8220;Cultura digital e educa\u00e7\u00e3o: redes j\u00e1!&#8221; <\/span><\/p>\n<p><span style=\"color: #000000\"><strong>Giba Assis Brasil<\/strong>. &#8220;Politizando a tecnologia e a feitura do cinema&#8221;. <\/span><\/p>\n<p><span style=\"color: #000000\"><strong>Pedro Ant\u00f4nio Dourado de Rezende<\/strong>. &#8220;Custo social: propriedade imaterial, software, cultura e natureza&#8221;. <\/span><\/p>\n<p><span style=\"color: #000000\"><strong>Marijane Vieira Lisboa<\/strong>. &#8220;Cultura e natureza: o que o software tem a ver com os transg\u00eanicos?&#8221; <\/span><\/p>\n<p><span style=\"color: #000000\"><strong>Pedro Paranagu\u00e1<\/strong>. &#8220;Direitos autorais, novas tecnologias e acesso ao conhecimento&#8221;. <\/span><\/p>\n<p><span style=\"color: #000000\"><strong>Carlos Gerbase<\/strong>. &#8220;A fabrica\u00e7\u00e3o da verdade no debate sobre direitos autorais no Brasil&#8221;. <\/span><\/p>\n<p><span style=\"color: #000000\"><strong>Bruno Magrani<\/strong>. &#8220;Fun\u00e7\u00e3o social do direito de autor: an\u00e1lise cr\u00edtica e alternativas conciliat\u00f3rias&#8221;. <\/span><\/p>\n<p><span style=\"color: #000000\"><strong>Thiago Falc\u00e3o; Carlos Eduardo C. Freire Batista; Guido Lemos de Souza Filho<\/strong>. &#8220;A converg\u00eancia midi\u00e1tica e o papel da televis\u00e3o digital interativa com ginga&#8221;. <\/span><\/p>\n<p><span style=\"color: #000000\">O livro traz ainda os seguintes depoimentos: <\/span><\/p>\n<p><span style=\"color: #000000\">de <strong>Marcelo Tas<\/strong>; &#8220;Para um bom uso das novas ferramentas, observem as crian\u00e7as.&#8221; <\/span><\/p>\n<p><span style=\"color: #000000\">de <strong>BNeg\u00e3o<\/strong>; &#8220;Cara, eu botei l\u00e1 a parada, voc\u00ea n\u00e3o est\u00e1 me prejudicando, <\/span><\/p>\n<p><span style=\"color: #000000\">voc\u00ea est\u00e1 me ajudando, bota l\u00e1, baixa a parada&#8221; <\/span><\/p>\n<p><span style=\"color: #000000\">de <strong>Luiz Fernando Soares<\/strong>, &#8220;Televis\u00e3o digital colaborativa: liberdade para a cria\u00e7\u00e3o?&#8221; <\/span><\/p>\n<p><span style=\"color: #000000\">de <strong>Lena Z\u00fa\u00f1iga<\/strong>; &#8220;Os desafios do conhecimento coletivo e an\u00f4nimo.&#8221; <\/span><\/p>\n<p><span style=\"color: #000000\">de <strong>\u00c9zyo Lamarca<\/strong>; &#8220;Cabanagem digital, tecnobrega e software livre.&#8221; <\/span><\/p>\n<p><span style=\"color: #000000\">E uma entrevista da educadora <strong>L\u00e9a Fagundes<\/strong>, concedida a <strong>Luciana Tomasi<\/strong>. <\/span><\/p>\n","protected":false},"excerpt":{"rendered":"<p>ISBN:978-85-232-0524-9 Baixe o livro aqui, mas a vers\u00e3o impressa pela EDUFBA vale a pena. clique na figura e caia no blogue. Foi lan\u00e7ado em agosto de 2008 o livro desse semin\u00e1rio, pela EDUFBA. Veja aqui um artigo meu no Terra Magazine, de 06\/10\/2007. Al\u00e9m das redes de colabora\u00e7\u00e3o: internet, diversidade cultural e tecnologias do poder Nelson De Luca Pretto e S\u00e9rgio Amadeu da Silveira (Org.) O livro Al\u00e9m das redes de colabora\u00e7\u00e3o: internet, diversidade cultural e tecnologias do poder ,organizado por Nelson De Luca Pretto e S\u00e9rgio Amadeu da Silveira , ser\u00e1 lan\u00e7ado no audit\u00f3rio da USP Leste, no dia 27 de agosto (quarta-feira), \u00e0s 19 horas . O livro \u00e9 produto das reflex\u00f5es realizadas por diversos pesquisadores e ativistas latino-americanos que estiveram envolvidos no F\u00f3rum Internacional de Software Livre (FISL) realizado em Porto Alegre, outubro de 2007, e em Natal, novembro de 2007. A obra mostra a contradi\u00e7\u00e3o entre as possibilidades de cria\u00e7\u00e3o e dissemina\u00e7\u00e3o cultural &#8211; inerente \u00e0s redes informacionais &#8211; e as tentativas de manter a interatividade sob o controle dos velhos modelos de neg\u00f3cios constru\u00eddos no capitalismo industrial. Revela tamb\u00e9m, que as tecnologias est\u00e3o intrinsecamente interligadas \u00e0s rela\u00e7\u00f5es de poder, \u00e0 cultura, \u00e0 educa\u00e7\u00e3o e as formas de distribui\u00e7\u00e3o de renda. Nelson De Luca Pretto \u00e9 licenciado em F\u00edsica pela Universidade Federal da Bahia, Mestre em Educa\u00e7\u00e3o tamb\u00e9m pela UFBA e Doutor em Ci\u00eancias da Comunica\u00e7\u00e3o pela Universidade de S\u00e3o Paulo. \u00c9 professor associado da Faculdade de Educa\u00e7\u00e3o da Universidade Federal da Bahia e coordena o grupo de pesquisa Educa\u00e7\u00e3o, Comunica\u00e7\u00e3o e Tecnologias. S\u00e9rgio Amadeu da Silveira possui gradua\u00e7\u00e3o em Ci\u00eancias Sociais pela Universidade de S\u00e3o Paulo, mestrado em Ci\u00eancia Pol\u00edtica pela Universidade de S\u00e3o Paulo. Atualmente, professor permanente da Faculdade de Comunica\u00e7\u00e3o Social Casper L\u00edbero. Desenvolve trabalhos nos seguintes temas: inclus\u00e3o sociodigital, tecnologia da informa\u00e7\u00e3o e comunica\u00e7\u00e3o, economia informacional, cidadania digital e internet. O qu\u00ea: Lan\u00e7amento do livro _Al\u00e9m das redes de colabora\u00e7\u00e3o: internet, diversidade cultural e tecnologias do poder_ *,organizado por Nelson De Luca Pretto e S\u00e9rgio Amadeu da Silveira * Quando: 27 de agosto, quarta-feira. Onde: Audit\u00f3rio da Universidade de S\u00e3o Paulo Leste Rua Arlindo B\u00e9ttio, 1000, Ermelino Matarazzo, S\u00e3o Paulo. Hor\u00e1rio: 19 horas Mais: Durante o evento o livro ter\u00e1 o pre\u00e7o promocional de R$ 25, 00 !! Sobre o Livro NOVO LIVRO DISCUTE O POTENCIAL DA INTERNET E A SOCIEDADE DO CONTROLE &#8220;Ao mesmo tempo que devora, digere e recria o telefone, o cinema, a televis\u00e3o, os correios, o r\u00e1dio e a ind\u00fastria fonogr\u00e1fica, a internet se aproxima do sonho de Borges de uma biblioteca infinita, onde o saber humano est\u00e1 dispon\u00edvel ao alcance de um toque. O que fazer com t\u00e3o imenso poder \u00e9 a pergunta que definir\u00e1 o nosso futuro. Esse livro \u00e9 uma boa contribui\u00e7\u00e3o para o debate&#8221;. Assim o cineasta Jorge Furtado apresenta a colet\u00e2nea &#8220;Al\u00e9m das Redes de Colabora\u00e7\u00e3o: internet, diversidade cultural e tecnologias do poder&#8221;, organizado pelos professores Nelson Pretto, da UFBA e S\u00e9rgio Amadeu, da Casper Libero. O livro ser\u00e1 lan\u00e7ado pela EDUFBA, no pr\u00f3ximo 27 de agosto, quarta-feira, em S\u00e3o Paulo, durante o F\u00f3rum Nacional sobre Direito Autoral promovido pelo MinC , e \u00e9 o resultado de semin\u00e1rios realizados pela Casa de Cinema de Porto Alegre e pela Associa\u00e7\u00e3o de Software Livre, ocorridos no segundo semestre de 2007, como parte do projeto Cultura e Pensamento do Minist\u00e9rio da Cultura. &#8220;Al\u00e9m das Redes de Colabora\u00e7\u00e3o&#8221; trata do tema das redes em uma sociedade midiatizada, com tend\u00eancias contradit\u00f3rias e ambivalentes. Para o soci\u00f3logo S\u00e9rgio Amadeu, o que &#8220;quer\u00edamos era discutir as possibilidades democratizantes de compartilhamento do conhecimento jamais vistas e a forma\u00e7\u00e3o de uma sociedade de controle que busca utilizar as tecnologias para concentrar poder e conter a criatividade, expandindo e ampliando a apropria\u00e7\u00e3o privada sobre o que \u00e9 comum&#8221;. Reunindo acad\u00eamicos de v\u00e1rias \u00e1reas do conhecimento, ativistas e artistas, o livro trabalha a contradi\u00e7\u00e3o entre as possibilidades de cria\u00e7\u00e3o e dissemina\u00e7\u00e3o culturais inerentes \u00e0s redes informacionais e as tentativas de manter a inventividade e a interatividade sob o controle dos velhos modelos de neg\u00f3cios constru\u00eddos no capitalismo industrial. Nelson Pretto, um dos organizadores do livro e preocupado com as quest\u00f5es da educa\u00e7\u00e3o nesse processo de comunizca\u00e7\u00e3o generalizada, explica que o objetivo dos eventos e do livro &#8220;foi jogar luz sobre essas batalhas biopol\u00edticas para decifrar as disputas sociot\u00e9cnicas em torno da defini\u00e7\u00e3o de c\u00f3digos, padr\u00f5es e protocolos&#8221;. O livro \u00e9 uma colet\u00e2nea de textos dos seguintes autores: Imre Simon; Miguel Said Vieira. &#8220;O rossio n\u00e3o-rival&#8221;. Sergio Amadeu da Silveira. &#8220;Converg\u00eancia digital, diversidade cultural e esfera p\u00fablica&#8221;. Alex Primo. &#8220;Fases do desenvolvimento tecnol\u00f3gico e suas implica\u00e7\u00f5es nas formas de ser, conhecer, comunicar e produzir em sociedade&#8221;. Jo\u00e3o Brant. &#8220;O lugar da educa\u00e7\u00e3o no confronto entre colabora\u00e7\u00e3o e competi\u00e7\u00e3o&#8221;. Nelson De Luca Pretto; Alessandra Assis. &#8220;Cultura digital e educa\u00e7\u00e3o: redes j\u00e1!&#8221; Giba Assis Brasil. &#8220;Politizando a tecnologia e a feitura do cinema&#8221;. Pedro Ant\u00f4nio Dourado de Rezende. &#8220;Custo social: propriedade imaterial, software, cultura e natureza&#8221;. Marijane Vieira Lisboa. &#8220;Cultura e natureza: o que o software tem a ver com os transg\u00eanicos?&#8221; Pedro Paranagu\u00e1. &#8220;Direitos autorais, novas tecnologias e acesso ao conhecimento&#8221;. Carlos Gerbase. &#8220;A fabrica\u00e7\u00e3o da verdade no debate sobre direitos autorais no Brasil&#8221;. Bruno Magrani. &#8220;Fun\u00e7\u00e3o social do direito de autor: an\u00e1lise cr\u00edtica e alternativas conciliat\u00f3rias&#8221;. Thiago Falc\u00e3o; Carlos Eduardo C. Freire Batista; Guido Lemos de Souza Filho. &#8220;A converg\u00eancia midi\u00e1tica e o papel da televis\u00e3o digital interativa com ginga&#8221;. O livro traz ainda os seguintes depoimentos: de Marcelo Tas; &#8220;Para um bom uso das novas ferramentas, observem as crian\u00e7as.&#8221; de BNeg\u00e3o; &#8220;Cara, eu botei l\u00e1 a parada, voc\u00ea n\u00e3o est\u00e1 me prejudicando, voc\u00ea est\u00e1 me ajudando, bota l\u00e1, baixa a parada&#8221; de Luiz Fernando Soares, &#8220;Televis\u00e3o digital colaborativa: liberdade para a cria\u00e7\u00e3o?&#8221; de Lena Z\u00fa\u00f1iga; &#8220;Os desafios do conhecimento coletivo e an\u00f4nimo.&#8221; de \u00c9zyo Lamarca; &#8220;Cabanagem digital, tecnobrega e software livre.&#8221; E uma entrevista da educadora L\u00e9a Fagundes, concedida a Luciana Tomasi.<\/p>\n","protected":false},"author":9,"featured_media":0,"parent":273,"menu_order":0,"comment_status":"closed","ping_status":"closed","template":"page-2col-left.php","meta":{"pgc_meta":"","_coblocks_attr":"","_coblocks_dimensions":"","_coblocks_responsive_height":"","_coblocks_accordion_ie_support":"","ocean_post_layout":"","ocean_both_sidebars_style":"","ocean_both_sidebars_content_width":0,"ocean_both_sidebars_sidebars_width":0,"ocean_sidebar":"","ocean_second_sidebar":"","ocean_disable_margins":"enable","ocean_add_body_class":"","ocean_shortcode_before_top_bar":"","ocean_shortcode_after_top_bar":"","ocean_shortcode_before_header":"","ocean_shortcode_after_header":"","ocean_has_shortcode":"","ocean_shortcode_after_title":"","ocean_shortcode_before_footer_widgets":"","ocean_shortcode_after_footer_widgets":"","ocean_shortcode_before_footer_bottom":"","ocean_shortcode_after_footer_bottom":"","ocean_display_top_bar":"default","ocean_display_header":"default","ocean_header_style":"","ocean_center_header_left_menu":"","ocean_custom_header_template":"","ocean_custom_logo":0,"ocean_custom_retina_logo":0,"ocean_custom_logo_max_width":0,"ocean_custom_logo_tablet_max_width":0,"ocean_custom_logo_mobile_max_width":0,"ocean_custom_logo_max_height":0,"ocean_custom_logo_tablet_max_height":0,"ocean_custom_logo_mobile_max_height":0,"ocean_header_custom_menu":"","ocean_menu_typo_font_family":"","ocean_menu_typo_font_subset":"","ocean_menu_typo_font_size":0,"ocean_menu_typo_font_size_tablet":0,"ocean_menu_typo_font_size_mobile":0,"ocean_menu_typo_font_size_unit":"px","ocean_menu_typo_font_weight":"","ocean_menu_typo_font_weight_tablet":"","ocean_menu_typo_font_weight_mobile":"","ocean_menu_typo_transform":"","ocean_menu_typo_transform_tablet":"","ocean_menu_typo_transform_mobile":"","ocean_menu_typo_line_height":0,"ocean_menu_typo_line_height_tablet":0,"ocean_menu_typo_line_height_mobile":0,"ocean_menu_typo_line_height_unit":"","ocean_menu_typo_spacing":0,"ocean_menu_typo_spacing_tablet":0,"ocean_menu_typo_spacing_mobile":0,"ocean_menu_typo_spacing_unit":"","ocean_menu_link_color":"","ocean_menu_link_color_hover":"","ocean_menu_link_color_active":"","ocean_menu_link_background":"","ocean_menu_link_hover_background":"","ocean_menu_link_active_background":"","ocean_menu_social_links_bg":"","ocean_menu_social_hover_links_bg":"","ocean_menu_social_links_color":"","ocean_menu_social_hover_links_color":"","ocean_disable_title":"default","ocean_disable_heading":"default","ocean_post_title":"","ocean_post_subheading":"","ocean_post_title_style":"","ocean_post_title_background_color":"","ocean_post_title_background":0,"ocean_post_title_bg_image_position":"","ocean_post_title_bg_image_attachment":"","ocean_post_title_bg_image_repeat":"","ocean_post_title_bg_image_size":"","ocean_post_title_height":0,"ocean_post_title_bg_overlay":0.5,"ocean_post_title_bg_overlay_color":"","ocean_disable_breadcrumbs":"default","ocean_breadcrumbs_color":"","ocean_breadcrumbs_separator_color":"","ocean_breadcrumbs_links_color":"","ocean_breadcrumbs_links_hover_color":"","ocean_display_footer_widgets":"default","ocean_display_footer_bottom":"default","ocean_custom_footer_template":"","_themeisle_gutenberg_block_has_review":false,"footnotes":""},"class_list":["post-241","page","type-page","status-publish","hentry","entry"],"pgc_meta":"","_links":{"self":[{"href":"https:\/\/blog.ufba.br\/nelsonpretto\/wp-json\/wp\/v2\/pages\/241"}],"collection":[{"href":"https:\/\/blog.ufba.br\/nelsonpretto\/wp-json\/wp\/v2\/pages"}],"about":[{"href":"https:\/\/blog.ufba.br\/nelsonpretto\/wp-json\/wp\/v2\/types\/page"}],"author":[{"embeddable":true,"href":"https:\/\/blog.ufba.br\/nelsonpretto\/wp-json\/wp\/v2\/users\/9"}],"replies":[{"embeddable":true,"href":"https:\/\/blog.ufba.br\/nelsonpretto\/wp-json\/wp\/v2\/comments?post=241"}],"version-history":[{"count":0,"href":"https:\/\/blog.ufba.br\/nelsonpretto\/wp-json\/wp\/v2\/pages\/241\/revisions"}],"up":[{"embeddable":true,"href":"https:\/\/blog.ufba.br\/nelsonpretto\/wp-json\/wp\/v2\/pages\/273"}],"wp:attachment":[{"href":"https:\/\/blog.ufba.br\/nelsonpretto\/wp-json\/wp\/v2\/media?parent=241"}],"curies":[{"name":"wp","href":"https:\/\/api.w.org\/{rel}","templated":true}]}}