{"id":227,"date":"2010-03-01T12:56:22","date_gmt":"2010-03-01T15:56:22","guid":{"rendered":"http:\/\/blog.ufba.br\/nlpretto\/?page_id=227"},"modified":"2010-03-01T12:56:22","modified_gmt":"2010-03-01T15:56:22","slug":"onde-esta-pretto","status":"publish","type":"page","link":"https:\/\/blog.ufba.br\/nelsonpretto\/onde-esta-pretto\/","title":{"rendered":"Onde est\u00e1 Pretto?"},"content":{"rendered":"<table>\n<tbody>\n<tr>\n<td>\n<h1><a href=\"http:\/\/blog.ufba.br\/nlpretto\/files\/2010\/02\/onde_pretto.gif\"><img decoding=\"async\" class=\"alignleft size-full wp-image-225\" src=\"http:\/\/blog.ufba.br\/nlpretto\/files\/2010\/02\/onde_pretto.gif\" alt=\"\" width=\"219\" height=\"165\" \/><\/a><\/h1>\n<\/td>\n<\/tr>\n<\/tbody>\n<\/table>\n<h1 style=\"text-align: center\">2011<\/h1>\n<h2>Janeiro<\/h2>\n<p>F\u00e9rias<\/p>\n<h2>Fevereiro<\/h2>\n<p>F\u00e9rias.<\/p>\n<h2>Mar\u00e7o<\/h2>\n<p>14.03.2011 &#8211; Salvador\/BA &#8211; UFBA &#8211; Faced &#8211; abertura do semestre. Palestra de boas vindas aos calouros de Pedagogia.<\/p>\n<p>15.03.2011 &#8211; Salvador\/BA &#8211; UFBA &#8211; Escola de Nutri\u00e7\u00e3o. Palestra de abertura do semestre.<\/p>\n<p>25 a 27 de mar\u00e7o de 2011 &#8211; Juazeiro\/BA: SERVI\u00c7O SOCIAL DA IND\u00daSTRIA &#8211; SESI\u2013 Unidade de Juazeiro-BA.  I Semin\u00e1rio Regional de EJA com o tema: O MUNDO DO TRABALHO E OS DESAFIOS A EDUCA\u00c7\u00c3O DE JOVENS E ADULTOS. Mesa redonda: <strong>A Educa\u00e7\u00e3o do Trabalhador e a Inser\u00e7\u00e3o ao Mundo Tecnol\u00f3gico<\/strong>.<\/p>\n<h2>Abril<\/h2>\n<p>6 a 9\/04\/2011 &#8211; St Andrews\/Esc\u00f3cia &#8211; Confer\u00eancia Anual da SLAS &#8211; <a href=\"http:\/\/www.slas.org.uk\/\" target=\"_blank\" rel=\"noopener\">Society for Latin American Studies<\/a>. Apresenta\u00e7\u00e3o do trabalho\u00a0 <em>Digital Culture in Brazil: building &#8220;peeracy&#8221;<\/em>, escrito por Nelson De Luca Pretto e Olga Guedes Bailey. Apoio para particpa\u00e7\u00e3o: FAPESB.<\/p>\n<h2>Maio<\/h2>\n<p>12 e 13\/05\/2011 &#8211; Belo Horizonte\/MG. Palestras sobre <span><span>FORMA\u00c7\u00c3O COMUNIT\u00c1RIA PARA O TRABALHO POR MEIO DAS TECNOLOGIAS DIGITAIS, na <\/span><\/span>Universidade Federal de Minas Gerais, Faculdade de Educa\u00e7\u00e3o para o N\u00facleo Pr@xis. Veja <a href=\"http:\/\/blog.ufba.br\/nlpretto\/files\/2010\/03\/Flyer_Nelson_Pretto.png\"><img fetchpriority=\"high\" decoding=\"async\" class=\"aligncenter size-medium wp-image-2051\" src=\"http:\/\/blog.ufba.br\/nlpretto\/files\/2010\/03\/Flyer_Nelson_Pretto-211x300.png\" alt=\"\" width=\"211\" height=\"300\" \/><\/a>.<\/p>\n<p>23 e 24\/05\/2010 &#8211; Florianopolis\/SC &#8211; <a href=\"http:\/\/www.jornatec.com.br\" target=\"_blank\" rel=\"noopener\">Jornatec<\/a>. Jornada Catarinense de tecnologia Educacional. Palestra: Escola: um espa\u00e7o de conex\u00f5es n\u00e3o lineares.<\/p>\n<p>24\/05\/2011 &#8211; Macei\u00f3\/Alagoas &#8211;  Associa\u00e7\u00e3o Brasileira de Editoras Universit\u00e1rias (<a href=\"http:\/\/www.abeu.org.br\/\" target=\"_blank\" rel=\"noopener\">ABEU<\/a>). <strong>XXIV REUNI\u00c3O ANUAL DA ABEU<\/strong>. Mesa Redonda: <em>Edi\u00e7\u00f5es universit\u00e1rias x tecnologias da comunica\u00e7\u00e3o e informa\u00e7\u00e3o:<br \/>\nimpactos e perspectivas<\/em> com Abel L. Packer do SCIELO S\u00e3o Paulo, Nelson pretto (FACED\/UFBA) e o moderador Marcelo Di Renzo, editor da Unisantos, S\u00e3o Paulo.<\/p>\n<h2>Junho<\/h2>\n<p>3 e 4\/4\/2011 &#8211; Uberaba\/MG &#8211; UFTM. 1\u00ba Encontro sobre a Prodoc\u00eancia da UFTM &#8211; <a href=\"http:\/\/plasticidadedocente.blogspot.com\/\" target=\"_blank\" rel=\"noopener\">A plasticidade da atividade docente<\/a>.<\/p>\n<p>29\/6 a 2\/7 &#8211; Porto Alegre\/RS &#8211; FISL 12 &#8211; <a href=\"http:\/\/softwarelivre.org\/fisl12\" target=\"_blank\" rel=\"noopener\">F\u00f3rum Internacional do Software Livre<\/a>. Veja as nossas propostas no post do meu blog.<\/p>\n<h2>Julho<\/h2>\n<p>07.07.11 &#8211; S\u00e3o Paulo\/SP &#8211; Faculdade de Educa\u00e7\u00e3o da USP &#8211; Banca de qualifica\u00e7\u00e3o de Bianca Santana<\/p>\n<p>11 a 15\/07\/2011 &#8211; Goiania\/GO &#8211; Reuni\u00e3o Anual da SBPC. Posse como Secret\u00e1rio Regional da SBPC &#8211; regi\u00e3o Bahia<\/p>\n<h2>Agosto<\/h2>\n<p>22.08.2011 &#8211; Alagoas\/Macei\u00f3:SENAC. Semin\u00e1rio: Discurso e Pr\u00e1tica. Confer\u00eancia: <strong>Tecnologia e novas educa\u00e7\u00f5es<\/strong>.<\/p>\n<p>23 a 28.8.2011 &#8211; Manaus &#8211; <a href=\"http:\/\/xxepenn.com.br\/\" target=\"_blank\" rel=\"noopener\">XX EPENN<\/a> &#8211; Encontro de Pesquisa Educacional do Norte e Nordeste. Mesa <strong>7.\u00a0\u00a0 \u00a0Imagens, M\u00eddias e Educa\u00e7\u00e3o . <\/strong>Coordena\u00e7\u00e3o da mesa: UNIR \u2013 Dra. T\u00e2nia Suely Azevedo Brasileiro. Participante 1: UFBA &#8211; Dr. Nelson De Luca Pretto<br \/>\nParticipante 2: UFAL \u2013 Dr. Luis Paulo Leopoldo Mercado, Participante 3: UECE \u2013 Dr. Antonio Germano Magalh\u00e3es J\u00fanior<\/p>\n<p>&nbsp;<\/p>\n<h2>Setembro<\/h2>\n<h2>Outubro<\/h2>\n<h2>Novembro<\/h2>\n<h2>Dezembro<\/h2>\n","protected":false},"excerpt":{"rendered":"<p>2011 Janeiro F\u00e9rias Fevereiro F\u00e9rias. Mar\u00e7o 14.03.2011 &#8211; Salvador\/BA &#8211; UFBA &#8211; Faced &#8211; abertura do semestre. Palestra de boas vindas aos calouros de Pedagogia. 15.03.2011 &#8211; Salvador\/BA &#8211; UFBA &#8211; Escola de Nutri\u00e7\u00e3o. Palestra de abertura do semestre. 25 a 27 de mar\u00e7o de 2011 &#8211; Juazeiro\/BA: SERVI\u00c7O SOCIAL DA IND\u00daSTRIA &#8211; SESI\u2013 Unidade de Juazeiro-BA. I Semin\u00e1rio Regional de EJA com o tema: O MUNDO DO TRABALHO E OS DESAFIOS A EDUCA\u00c7\u00c3O DE JOVENS E ADULTOS. Mesa redonda: A Educa\u00e7\u00e3o do Trabalhador e a Inser\u00e7\u00e3o ao Mundo Tecnol\u00f3gico. Abril 6 a 9\/04\/2011 &#8211; St Andrews\/Esc\u00f3cia &#8211; Confer\u00eancia Anual da SLAS &#8211; Society for Latin American Studies. Apresenta\u00e7\u00e3o do trabalho\u00a0 Digital Culture in Brazil: building &#8220;peeracy&#8221;, escrito por Nelson De Luca Pretto e Olga Guedes Bailey. Apoio para particpa\u00e7\u00e3o: FAPESB. Maio 12 e 13\/05\/2011 &#8211; Belo Horizonte\/MG. Palestras sobre FORMA\u00c7\u00c3O COMUNIT\u00c1RIA PARA O TRABALHO POR MEIO DAS TECNOLOGIAS DIGITAIS, na Universidade Federal de Minas Gerais, Faculdade de Educa\u00e7\u00e3o para o N\u00facleo Pr@xis. Veja . 23 e 24\/05\/2010 &#8211; Florianopolis\/SC &#8211; Jornatec. Jornada Catarinense de tecnologia Educacional. Palestra: Escola: um espa\u00e7o de conex\u00f5es n\u00e3o lineares. 24\/05\/2011 &#8211; Macei\u00f3\/Alagoas &#8211; Associa\u00e7\u00e3o Brasileira de Editoras Universit\u00e1rias (ABEU). XXIV REUNI\u00c3O ANUAL DA ABEU. Mesa Redonda: Edi\u00e7\u00f5es universit\u00e1rias x tecnologias da comunica\u00e7\u00e3o e informa\u00e7\u00e3o: impactos e perspectivas com Abel L. Packer do SCIELO S\u00e3o Paulo, Nelson pretto (FACED\/UFBA) e o moderador Marcelo Di Renzo, editor da Unisantos, S\u00e3o Paulo. Junho 3 e 4\/4\/2011 &#8211; Uberaba\/MG &#8211; UFTM. 1\u00ba Encontro sobre a Prodoc\u00eancia da UFTM &#8211; A plasticidade da atividade docente. 29\/6 a 2\/7 &#8211; Porto Alegre\/RS &#8211; FISL 12 &#8211; F\u00f3rum Internacional do Software Livre. Veja as nossas propostas no post do meu blog. Julho 07.07.11 &#8211; S\u00e3o Paulo\/SP &#8211; Faculdade de Educa\u00e7\u00e3o da USP &#8211; Banca de qualifica\u00e7\u00e3o de Bianca Santana 11 a 15\/07\/2011 &#8211; Goiania\/GO &#8211; Reuni\u00e3o Anual da SBPC. Posse como Secret\u00e1rio Regional da SBPC &#8211; regi\u00e3o Bahia Agosto 22.08.2011 &#8211; Alagoas\/Macei\u00f3:SENAC. Semin\u00e1rio: Discurso e Pr\u00e1tica. Confer\u00eancia: Tecnologia e novas educa\u00e7\u00f5es. 23 a 28.8.2011 &#8211; Manaus &#8211; XX EPENN &#8211; Encontro de Pesquisa Educacional do Norte e Nordeste. Mesa 7.\u00a0\u00a0 \u00a0Imagens, M\u00eddias e Educa\u00e7\u00e3o . Coordena\u00e7\u00e3o da mesa: UNIR \u2013 Dra. T\u00e2nia Suely Azevedo Brasileiro. Participante 1: UFBA &#8211; Dr. Nelson De Luca Pretto Participante 2: UFAL \u2013 Dr. Luis Paulo Leopoldo Mercado, Participante 3: UECE \u2013 Dr. Antonio Germano Magalh\u00e3es J\u00fanior &nbsp; Setembro Outubro Novembro Dezembro<\/p>\n","protected":false},"author":9,"featured_media":0,"parent":0,"menu_order":9,"comment_status":"closed","ping_status":"closed","template":"page-2col-left.php","meta":{"pgc_meta":"","_coblocks_attr":"","_coblocks_dimensions":"","_coblocks_responsive_height":"","_coblocks_accordion_ie_support":"","ocean_post_layout":"","ocean_both_sidebars_style":"","ocean_both_sidebars_content_width":0,"ocean_both_sidebars_sidebars_width":0,"ocean_sidebar":"","ocean_second_sidebar":"","ocean_disable_margins":"enable","ocean_add_body_class":"","ocean_shortcode_before_top_bar":"","ocean_shortcode_after_top_bar":"","ocean_shortcode_before_header":"","ocean_shortcode_after_header":"","ocean_has_shortcode":"","ocean_shortcode_after_title":"","ocean_shortcode_before_footer_widgets":"","ocean_shortcode_after_footer_widgets":"","ocean_shortcode_before_footer_bottom":"","ocean_shortcode_after_footer_bottom":"","ocean_display_top_bar":"default","ocean_display_header":"default","ocean_header_style":"","ocean_center_header_left_menu":"","ocean_custom_header_template":"","ocean_custom_logo":0,"ocean_custom_retina_logo":0,"ocean_custom_logo_max_width":0,"ocean_custom_logo_tablet_max_width":0,"ocean_custom_logo_mobile_max_width":0,"ocean_custom_logo_max_height":0,"ocean_custom_logo_tablet_max_height":0,"ocean_custom_logo_mobile_max_height":0,"ocean_header_custom_menu":"","ocean_menu_typo_font_family":"","ocean_menu_typo_font_subset":"","ocean_menu_typo_font_size":0,"ocean_menu_typo_font_size_tablet":0,"ocean_menu_typo_font_size_mobile":0,"ocean_menu_typo_font_size_unit":"px","ocean_menu_typo_font_weight":"","ocean_menu_typo_font_weight_tablet":"","ocean_menu_typo_font_weight_mobile":"","ocean_menu_typo_transform":"","ocean_menu_typo_transform_tablet":"","ocean_menu_typo_transform_mobile":"","ocean_menu_typo_line_height":0,"ocean_menu_typo_line_height_tablet":0,"ocean_menu_typo_line_height_mobile":0,"ocean_menu_typo_line_height_unit":"","ocean_menu_typo_spacing":0,"ocean_menu_typo_spacing_tablet":0,"ocean_menu_typo_spacing_mobile":0,"ocean_menu_typo_spacing_unit":"","ocean_menu_link_color":"","ocean_menu_link_color_hover":"","ocean_menu_link_color_active":"","ocean_menu_link_background":"","ocean_menu_link_hover_background":"","ocean_menu_link_active_background":"","ocean_menu_social_links_bg":"","ocean_menu_social_hover_links_bg":"","ocean_menu_social_links_color":"","ocean_menu_social_hover_links_color":"","ocean_disable_title":"default","ocean_disable_heading":"default","ocean_post_title":"","ocean_post_subheading":"","ocean_post_title_style":"","ocean_post_title_background_color":"","ocean_post_title_background":0,"ocean_post_title_bg_image_position":"","ocean_post_title_bg_image_attachment":"","ocean_post_title_bg_image_repeat":"","ocean_post_title_bg_image_size":"","ocean_post_title_height":0,"ocean_post_title_bg_overlay":0.5,"ocean_post_title_bg_overlay_color":"","ocean_disable_breadcrumbs":"default","ocean_breadcrumbs_color":"","ocean_breadcrumbs_separator_color":"","ocean_breadcrumbs_links_color":"","ocean_breadcrumbs_links_hover_color":"","ocean_display_footer_widgets":"default","ocean_display_footer_bottom":"default","ocean_custom_footer_template":"","_themeisle_gutenberg_block_has_review":false,"footnotes":""},"class_list":["post-227","page","type-page","status-publish","hentry","entry"],"pgc_meta":"","_links":{"self":[{"href":"https:\/\/blog.ufba.br\/nelsonpretto\/wp-json\/wp\/v2\/pages\/227"}],"collection":[{"href":"https:\/\/blog.ufba.br\/nelsonpretto\/wp-json\/wp\/v2\/pages"}],"about":[{"href":"https:\/\/blog.ufba.br\/nelsonpretto\/wp-json\/wp\/v2\/types\/page"}],"author":[{"embeddable":true,"href":"https:\/\/blog.ufba.br\/nelsonpretto\/wp-json\/wp\/v2\/users\/9"}],"replies":[{"embeddable":true,"href":"https:\/\/blog.ufba.br\/nelsonpretto\/wp-json\/wp\/v2\/comments?post=227"}],"version-history":[{"count":0,"href":"https:\/\/blog.ufba.br\/nelsonpretto\/wp-json\/wp\/v2\/pages\/227\/revisions"}],"wp:attachment":[{"href":"https:\/\/blog.ufba.br\/nelsonpretto\/wp-json\/wp\/v2\/media?parent=227"}],"curies":[{"name":"wp","href":"https:\/\/api.w.org\/{rel}","templated":true}]}}