{"id":1960,"date":"2011-02-15T13:51:50","date_gmt":"2011-02-15T16:51:50","guid":{"rendered":"http:\/\/blog.ufba.br\/nlpretto\/?page_id=1960"},"modified":"2011-02-15T13:51:50","modified_gmt":"2011-02-15T16:51:50","slug":"onde-esta-pretto-em-2010","status":"publish","type":"page","link":"https:\/\/blog.ufba.br\/nelsonpretto\/onde-esta-pretto\/onde-esta-pretto-em-2010\/","title":{"rendered":"Onde est\u00e1 Pretto em 2010?"},"content":{"rendered":"<table>\n<tbody>\n<tr>\n<td>\n<h1><a href=\"http:\/\/blog.ufba.br\/nlpretto\/files\/2010\/02\/onde_pretto.gif\"><img decoding=\"async\" class=\"alignleft size-full wp-image-225\" src=\"http:\/\/blog.ufba.br\/nlpretto\/files\/2010\/02\/onde_pretto.gif\" alt=\"\" width=\"219\" height=\"165\" \/><\/a><\/h1>\n<\/td>\n<\/tr>\n<\/tbody>\n<\/table>\n<h1>2010<\/h1>\n<h2>Janeiro<\/h2>\n<p>f\u00e9rias, yeahhh.<\/p>\n<h2>Fevereiro<\/h2>\n<h2>Mar\u00e7o<\/h2>\n<p><span style=\"color: #000000\">01\/03\/2010 &#8211; Salvador\/BA. UFBA. In\u00edcio do Semestre <\/span><\/p>\n<p>09 a 10\/03\/2010 &#8211; Salvador\/BA. UFBA\/FACED. Semin\u00e1rio final da pesquisa do <a href=\"http:\/\/www.ripe.faced.ufba.br\">RIPE<\/a>.<\/p>\n<p>11 a 13\/03\/2010. Irec\u00ea\/BA. Atividade Projeto Cidades Digitais no <a href=\"http:\/\/www.irece.faced.ufba.br\">Programa de Forma\u00e7\u00e3o de Professores da Faced<\/a>\/Irec\u00ea.<\/p>\n<p><span style=\"color: #000000\">25.03.2010 &#8211; Fortaleza\/CE &#8211; Conselho do Cultura Digital.<\/span><\/p>\n<p><span style=\"color: #000000\">25 a 31\/03\/2010. <\/span>Fortaleza\/CE. <a title=\"Teai 2010\" href=\"\/media\/cdrom0\/aaapessoais jul 01\/EVENTOS \/media\/cdrom0\/aaapessoais jul 01\/FACED \/media\/cdrom0\/aaapessoais jul 01\/faced plano diretor \/media\/cdrom0\/aaapessoais jul 01\/faced projetos \/media\/cdrom0\/aaapessoais jul 01\/flavinha \/media\/cdrom0\/aaapessoais jul 01\/GEC \/media\/cdrom0\/aaapessoais jul 01\/mapeando99 \/media\/cdrom0\/aaapessoais jul 01\/pibic 2001 2002 \/media\/cdrom0\/aaapessoais jul 01\/projetos pessoais \/media\/cdrom0\/aaapessoais jul 01\/roteiros de viagem \/media\/cdrom0\/aaapessoais jul 01\/SMOG\" target=\"_blank\" rel=\"noopener\">Teia 2010<\/a>.<\/p>\n<p><span style=\"color: #000000\">28.03.2010 &#8211; Fortaleza\/CE. <a title=\"Teai 2010\" href=\"\/media\/cdrom0\/aaapessoais jul 01\/EVENTOS \/media\/cdrom0\/aaapessoais jul 01\/FACED \/media\/cdrom0\/aaapessoais jul 01\/faced plano diretor \/media\/cdrom0\/aaapessoais jul 01\/faced projetos \/media\/cdrom0\/aaapessoais jul 01\/flavinha \/media\/cdrom0\/aaapessoais jul 01\/GEC \/media\/cdrom0\/aaapessoais jul 01\/mapeando99 \/media\/cdrom0\/aaapessoais jul 01\/pibic 2001 2002 \/media\/cdrom0\/aaapessoais jul 01\/projetos pessoais \/media\/cdrom0\/aaapessoais jul 01\/roteiros de viagem \/media\/cdrom0\/aaapessoais jul 01\/SMOG\" target=\"_blank\" rel=\"noopener\">Teia 2010<\/a>. Entre tanta soutras atividades, participa\u00e7\u00e3o no semin\u00e1rio <\/span><span style=\"font-family: Arial,sans-serif\"><strong>Educa\u00e7\u00e3o e Cultura Digital (<\/strong><\/span> <span style=\"font-family: Arial,sans-serif\">A\u00e7\u00f5es, reflex\u00f5es e experi\u00eancias de Cultura Digital na Educa\u00e7\u00e3o e de Educa\u00e7\u00e3o na Cultura Digital).<\/span><\/p>\n<ul>\n<li><strong><span style=\"font-family: Arial,sans-serif\">Jaqueline Moll &#8211; Diretora de Educa\u00e7\u00e3o Integral, Direitos Humanos e Cidadania &#8211; SECAD\/MEC<\/span><\/strong><span style=\"font-family: Arial,sans-serif\"> <\/span><\/li>\n<li><span style=\"font-family: Arial,sans-serif\">Chico Sim\u00f5es- Coordenador do Pont\u00e3o Inven\u00e7\u00e3o Brasileira <\/span><\/li>\n<li><span style=\"font-family: Arial,sans-serif\">Ant\u00f4nio Alburquerque \u2013 Ger\u00eancia de Cultura Digital &#8211; SPC\/MinC<\/span><\/li>\n<li><span style=\"font-family: Arial,sans-serif\">Nelson Preto \u2013 Rede de Interc\u00e2mbio de Produ\u00e7\u00e3o Educativa \u2013 RIPE \u2013 UFBA<\/span><\/li>\n<li><span style=\"font-family: Arial,sans-serif\">Massino Canevacci (italiano) &#8211; <\/span><span style=\"font-family: Arial,sans-serif\"><span style=\"font-size: small\"><span style=\"font-size: x-small\">Antrop\u00f3logo e Professor da Universidade La Sapienza &#8211; Roma<\/span><\/span><\/span><span style=\"font-family: Arial,sans-serif\"> <\/span><\/li>\n<li><span style=\"font-family: Arial,sans-serif\">Maria Benites &#8211; <\/span><span style=\"font-family: Arial,sans-serif\">Psicol\u00f3ga social e membro do Comit\u00ea Executivo do F\u00f3rum Mundial de Educa\u00e7\u00e3o.<\/span><\/li>\n<li><span style=\"color: #000000\"><span style=\"font-family: Arial,sans-serif\">Uir\u00e1 Por\u00e3 \u2013 Representante da Comiss\u00e3o Nacional dos Pontos de Cultura<\/span><\/span><\/li>\n<li><span style=\"color: #000000\"><span style=\"font-family: Arial,sans-serif\">Josiane Ribeiro \u2013 Coordenadora das A\u00e7\u00f5es de Cidadania \u2013 Secretaria de Cidadania Cultural &#8211; SCC\/MinC (Coordena\u00e7\u00e3o)<\/span><\/span><\/li>\n<\/ul>\n<p>17\/03\/2010. Salvador\/BA. FLEM. III Semana Estadual de Ci\u00eancia e Tecnologia da Bahia. Tema da interven\u00e7\u00e3o: \u201cCi\u00eancia, Tecnologia e Inova\u00e7\u00e3o para o Desenvolvimento Social\u201d. Aguarde breve o \u00e1udio.<\/p>\n<h2>Abril<\/h2>\n<p>09\/04\/2010. Passo Fundo\/RS. UPF. Banca de qualifica\u00e7\u00e3o de mestrado de <a href=\"mailto:elisffm@gmail.com\">Elisangela Melo<\/a>.<\/p>\n<p>06\/04\/2010. Salvador\/BA. Col\u00e9gio M\u00f3dulo. Palestra para pais: Internet e crian\u00e7a. <a href=\"http:\/\/blog.ufba.br\/nlpretto\/files\/2011\/02\/di\u00e1logos-Abril-2010_email.jpg\"><img fetchpriority=\"high\" decoding=\"async\" class=\"aligncenter size-medium wp-image-2104\" src=\"http:\/\/blog.ufba.br\/nlpretto\/files\/2011\/02\/di\u00e1logos-Abril-2010_email-294x300.jpg\" alt=\"\" width=\"294\" height=\"300\" \/><\/a><\/p>\n<p>13\/04\/2010. Bras\u00edlia\/DF. CAPES. Discuss\u00e3o preparat\u00f3ria promovida pela MCT sobre a Confer\u00eancia nacional de Ci\u00eancia e Tecnologia. Transmiss\u00e3o ao vivo e <a href=\"http:\/\/www.cgee.org.br\/cncti4\/index.php?view=details&amp;id=48&amp;option=com_eventlist&amp;Itemid=116\" target=\"_blank\" rel=\"noopener\">programa<\/a>. Esquema da minha fala. Texto  completo. (aguarde, por favor)<\/p>\n<p>16\/04\/2010. Salvador\/BA. UFBA\/DCC. Palestra para calouros de Computa\u00e7\u00e3o sobre Software livre e educa\u00e7\u00e3o.<\/p>\n<p>20 a 23\/04\/2010. Belo Horizonte\/MG. <a href=\"http:\/\/www.fae.ufmg.br\/endipe\/\">XV <em>ENDIPE<\/em> &#8211; Encontro Nacional de Did\u00e1tica e Pr\u00e1tica de Ensino<\/a>. <a href=\"http:\/\/www.fae.ufmg.br\/endipe\/subtema_6.htm\" target=\"_blank\" rel=\"noopener\">Simp\u00f3sio 4: Forma\u00e7\u00e3o de professores e a cibercultura<\/a>. Com Jos\u00e9 Wilson da Costa (CEFET-MG), Marco Silva (Universidade Est\u00e1cio de S\u00e1\/RJ) e Nelson De Lucca Pretto (UFBA). Minha interven\u00e7\u00e3o: Professores universit\u00e1rios em rede: um jeito hacker de ser. J\u00e1 dispon\u00edvel. V\u00e1 para <a href=\"https:\/\/blog.ufba.br\/nlpretto\/?page_id=31\" target=\"_blank\" rel=\"noopener\">artigos acad\u00eamicos<\/a>.<\/p>\n<h2>Maio<\/h2>\n<p>14\/05\/2010. Belo Horizonte\/MG. Feira do Livro de Minas Gerais. Lan\u00e7amento do meu livro Do MEB \u00e0 WEB: o r\u00e1dio na educa\u00e7\u00e3o, publicado pela Autentica.<\/p>\n<p>20 e 21\/05\/2010. Irec\u00ea\/BA. Atividade Projeto Cidades Digitais no <a href=\"http:\/\/www.irece.faced.ufba.br\">Programa de Forma\u00e7\u00e3o de Professores da Faced<\/a>\/Irec\u00ea.<\/p>\n<p>22\/05\/2010. Tapiramut\u00e1\/BA. Palestra sobre Recursos Educacionais Abertos, no <a href=\"http:\/\/www.irece.faced.ufba.br\/\">Programa de Forma\u00e7\u00e3o de Professores da Faced<\/a>\/Tapiramut\u00e1.<\/p>\n<h2>Junho<\/h2>\n<p>01\/06\/2010. Salvador\/BA. Escola de Teatro da UFBA. Lan\u00e7amento do livro <a href=\"http:\/\/blog.ufba.br\/nlpretto\/?p=1601\" target=\"_blank\" rel=\"noopener\"><em>Do MEB \u00e0 WEB: o r\u00e1dio na educa\u00e7\u00e3o<\/em><\/a>, organizado por mim e por Sandra Tosta. Editoria Aut\u00eantica.<\/p>\n<p>08\/06\/2010. Salvador\/BA. Col\u00e9gio Vit\u00f3ria R\u00e9gia. Palestra para pa\u00eds. Tema: A enternet e seu filho. Sub-tema: Crimes virtuais: os perigos escondidos na rede.<\/p>\n<p>09\/06\/2010. Goiania\/GO. <a href=\"http:\/\/www.projetopensar.com.br\/home.jsp\" target=\"_blank\" rel=\"noopener\">Congresso <\/a><em><a href=\"http:\/\/www.projetopensar.com.br\/home.jsp\" target=\"_blank\" rel=\"noopener\">PENSAR<\/a> &#8211; Congresso e Feira da Educa\u00e7\u00e3o<\/em>. Palestra de abertura: <a href=\"https:\/\/blog.ufba.br\/nlpretto\/?p=1592\" target=\"_blank\" rel=\"noopener\"><strong>Professor ativista: construindo conex\u00f5es em rede<\/strong><\/a>. A turma \u00e9 animada, tem <a href=\"http:\/\/www.youtube.com\/user\/MktOPopular#grid\/user\/702C414B6CD5DF5B\" target=\"_blank\" rel=\"noopener\">facebook<\/a> e <a href=\"http:\/\/twitter.com\/projetopensar\" target=\"_blank\" rel=\"noopener\">twitter<\/a>.<\/p>\n<h2>Julho<\/h2>\n<p>05\/07 a 05\/08\/2010 &#8211; f\u00e9rias&#8230;<\/p>\n<p>08\/07\/2010. Salvador\/BA. Faculdade de Educa\u00e7\u00e3o. Bancas de orientandos de monografia.<\/p>\n<p>28\/08\/2010. Salvador\/Ba. Col\u00e9gio Ant\u00f4nio Vieira. Palestra<\/p>\n<h2>Agosto<\/h2>\n<p>11\/08\/2010. Niteroi\/RJ. Congresso Cotidiano.<\/p>\n<p>12\/08\/2010 &#8211; Salvador\/BA. UFBA. In\u00edcio do Semestre<\/p>\n<p>26\/08\/2010 &#8211; Salvador, Ba &#8211; Faculdade de Educa\u00e7\u00e3o\/UFBA. I SEMFEP &#8211; Semin\u00e1rio de Forma\u00e7\u00e3o em Exerc\u00edcio de Professores, que ter\u00e1 como tem\u00e1tica &#8220;O a-con-tecer da\/na forma\u00e7\u00e3o de professores em exerc\u00edcio&#8221;.  Mesa: Linguagens e forma\u00e7\u00e3o em exerc\u00edcio. Quest\u00e3o disparadora: <em>Em que medida a linguagem \u00e9 estruturante dos\/nos processos formativos de professores?<br \/>\n<\/em> com L\u00edcia Maria Freire Beltr\u00e3o, Nelson De Luca Pretto  e T\u00e2nia Maria Hetkowski. Coordena\u00e7\u00e3o: Maria Antonieta Tourinho<\/p>\n<p>27\/08\/2010 &#8211; Rio. PUC Rio. Reuni\u00e3o do Conselho departamental do CTC da PUC para discutir a presen\u00e7a das tecnologias no ensino superior, como preparativo para a celebra\u00e7\u00e3o dos 70 anos da PUC.Rio<\/p>\n<h2>Setembro<\/h2>\n<p>2\/9\/2010 &#8211; Salvador, Bahia &#8211; Hotel Othon. Semin\u00e1rio Conceito Um Computador por Aluno. Realiza\u00e7\u00e3o dA Rede e FACED\/GEC com patroc\u00ednio da Intel.<\/p>\n<p>14\/09\/2010 &#8211; S\u00e3o Paulo, SP &#8211; USP, Escola Polit\u00e9cnica. 3\u00ba Encontro sobre Laptops e Educa\u00e7\u00e3o, organizado pela <a href=\"http:\/\/wwww.olpc.org.br\/\" target=\"_parent\" rel=\"noopener\">OLPC<\/a>. Veja a <a href=\"http:\/\/www.olpc.org.br\/home\/38-eventos\/65-3-encontro-educacao-olpc.html\" target=\"_blank\" rel=\"noopener\">programa\u00e7\u00e3o aqui<\/a>.<\/p>\n<p>15\/09\/2010 &#8211; Cruz das Almas, BA &#8211; UFRB. Reuni\u00e3o <a href=\"http:\/\/www.ufrb.edu.br\/sbpc\/\" target=\"_blank\" rel=\"noopener\">Regional da SBPC<\/a>. Confer\u00eancia CI\u00caNCIA,TECNOLOGIA E INOVA\u00c7\u00c3O E O ENSINO DE CI\u00caNCIAS.<\/p>\n<h2>Outubro<\/h2>\n<h2>Novembro<\/h2>\n<h2>Dezembro<\/h2>\n","protected":false},"excerpt":{"rendered":"<p>2010 Janeiro f\u00e9rias, yeahhh. Fevereiro Mar\u00e7o 01\/03\/2010 &#8211; Salvador\/BA. UFBA. In\u00edcio do Semestre 09 a 10\/03\/2010 &#8211; Salvador\/BA. UFBA\/FACED. Semin\u00e1rio final da pesquisa do RIPE. 11 a 13\/03\/2010. Irec\u00ea\/BA. Atividade Projeto Cidades Digitais no Programa de Forma\u00e7\u00e3o de Professores da Faced\/Irec\u00ea. 25.03.2010 &#8211; Fortaleza\/CE &#8211; Conselho do Cultura Digital. 25 a 31\/03\/2010. Fortaleza\/CE. Teia 2010. 28.03.2010 &#8211; Fortaleza\/CE. Teia 2010. Entre tanta soutras atividades, participa\u00e7\u00e3o no semin\u00e1rio Educa\u00e7\u00e3o e Cultura Digital ( A\u00e7\u00f5es, reflex\u00f5es e experi\u00eancias de Cultura Digital na Educa\u00e7\u00e3o e de Educa\u00e7\u00e3o na Cultura Digital). Jaqueline Moll &#8211; Diretora de Educa\u00e7\u00e3o Integral, Direitos Humanos e Cidadania &#8211; SECAD\/MEC Chico Sim\u00f5es- Coordenador do Pont\u00e3o Inven\u00e7\u00e3o Brasileira Ant\u00f4nio Alburquerque \u2013 Ger\u00eancia de Cultura Digital &#8211; SPC\/MinC Nelson Preto \u2013 Rede de Interc\u00e2mbio de Produ\u00e7\u00e3o Educativa \u2013 RIPE \u2013 UFBA Massino Canevacci (italiano) &#8211; Antrop\u00f3logo e Professor da Universidade La Sapienza &#8211; Roma Maria Benites &#8211; Psicol\u00f3ga social e membro do Comit\u00ea Executivo do F\u00f3rum Mundial de Educa\u00e7\u00e3o. Uir\u00e1 Por\u00e3 \u2013 Representante da Comiss\u00e3o Nacional dos Pontos de Cultura Josiane Ribeiro \u2013 Coordenadora das A\u00e7\u00f5es de Cidadania \u2013 Secretaria de Cidadania Cultural &#8211; SCC\/MinC (Coordena\u00e7\u00e3o) 17\/03\/2010. Salvador\/BA. FLEM. III Semana Estadual de Ci\u00eancia e Tecnologia da Bahia. Tema da interven\u00e7\u00e3o: \u201cCi\u00eancia, Tecnologia e Inova\u00e7\u00e3o para o Desenvolvimento Social\u201d. Aguarde breve o \u00e1udio. Abril 09\/04\/2010. Passo Fundo\/RS. UPF. Banca de qualifica\u00e7\u00e3o de mestrado de Elisangela Melo. 06\/04\/2010. Salvador\/BA. Col\u00e9gio M\u00f3dulo. Palestra para pais: Internet e crian\u00e7a. 13\/04\/2010. Bras\u00edlia\/DF. CAPES. Discuss\u00e3o preparat\u00f3ria promovida pela MCT sobre a Confer\u00eancia nacional de Ci\u00eancia e Tecnologia. Transmiss\u00e3o ao vivo e programa. Esquema da minha fala. Texto completo. (aguarde, por favor) 16\/04\/2010. Salvador\/BA. UFBA\/DCC. Palestra para calouros de Computa\u00e7\u00e3o sobre Software livre e educa\u00e7\u00e3o. 20 a 23\/04\/2010. Belo Horizonte\/MG. XV ENDIPE &#8211; Encontro Nacional de Did\u00e1tica e Pr\u00e1tica de Ensino. Simp\u00f3sio 4: Forma\u00e7\u00e3o de professores e a cibercultura. Com Jos\u00e9 Wilson da Costa (CEFET-MG), Marco Silva (Universidade Est\u00e1cio de S\u00e1\/RJ) e Nelson De Lucca Pretto (UFBA). Minha interven\u00e7\u00e3o: Professores universit\u00e1rios em rede: um jeito hacker de ser. J\u00e1 dispon\u00edvel. V\u00e1 para artigos acad\u00eamicos. Maio 14\/05\/2010. Belo Horizonte\/MG. Feira do Livro de Minas Gerais. Lan\u00e7amento do meu livro Do MEB \u00e0 WEB: o r\u00e1dio na educa\u00e7\u00e3o, publicado pela Autentica. 20 e 21\/05\/2010. Irec\u00ea\/BA. Atividade Projeto Cidades Digitais no Programa de Forma\u00e7\u00e3o de Professores da Faced\/Irec\u00ea. 22\/05\/2010. Tapiramut\u00e1\/BA. Palestra sobre Recursos Educacionais Abertos, no Programa de Forma\u00e7\u00e3o de Professores da Faced\/Tapiramut\u00e1. Junho 01\/06\/2010. Salvador\/BA. Escola de Teatro da UFBA. Lan\u00e7amento do livro Do MEB \u00e0 WEB: o r\u00e1dio na educa\u00e7\u00e3o, organizado por mim e por Sandra Tosta. Editoria Aut\u00eantica. 08\/06\/2010. Salvador\/BA. Col\u00e9gio Vit\u00f3ria R\u00e9gia. Palestra para pa\u00eds. Tema: A enternet e seu filho. Sub-tema: Crimes virtuais: os perigos escondidos na rede. 09\/06\/2010. Goiania\/GO. Congresso PENSAR &#8211; Congresso e Feira da Educa\u00e7\u00e3o. Palestra de abertura: Professor ativista: construindo conex\u00f5es em rede. A turma \u00e9 animada, tem facebook e twitter. Julho 05\/07 a 05\/08\/2010 &#8211; f\u00e9rias&#8230; 08\/07\/2010. Salvador\/BA. Faculdade de Educa\u00e7\u00e3o. Bancas de orientandos de monografia. 28\/08\/2010. Salvador\/Ba. Col\u00e9gio Ant\u00f4nio Vieira. Palestra Agosto 11\/08\/2010. Niteroi\/RJ. Congresso Cotidiano. 12\/08\/2010 &#8211; Salvador\/BA. UFBA. In\u00edcio do Semestre 26\/08\/2010 &#8211; Salvador, Ba &#8211; Faculdade de Educa\u00e7\u00e3o\/UFBA. I SEMFEP &#8211; Semin\u00e1rio de Forma\u00e7\u00e3o em Exerc\u00edcio de Professores, que ter\u00e1 como tem\u00e1tica &#8220;O a-con-tecer da\/na forma\u00e7\u00e3o de professores em exerc\u00edcio&#8221;. Mesa: Linguagens e forma\u00e7\u00e3o em exerc\u00edcio. Quest\u00e3o disparadora: Em que medida a linguagem \u00e9 estruturante dos\/nos processos formativos de professores? com L\u00edcia Maria Freire Beltr\u00e3o, Nelson De Luca Pretto e T\u00e2nia Maria Hetkowski. Coordena\u00e7\u00e3o: Maria Antonieta Tourinho 27\/08\/2010 &#8211; Rio. PUC Rio. Reuni\u00e3o do Conselho departamental do CTC da PUC para discutir a presen\u00e7a das tecnologias no ensino superior, como preparativo para a celebra\u00e7\u00e3o dos 70 anos da PUC.Rio Setembro 2\/9\/2010 &#8211; Salvador, Bahia &#8211; Hotel Othon. Semin\u00e1rio Conceito Um Computador por Aluno. Realiza\u00e7\u00e3o dA Rede e FACED\/GEC com patroc\u00ednio da Intel. 14\/09\/2010 &#8211; S\u00e3o Paulo, SP &#8211; USP, Escola Polit\u00e9cnica. 3\u00ba Encontro sobre Laptops e Educa\u00e7\u00e3o, organizado pela OLPC. Veja a programa\u00e7\u00e3o aqui. 15\/09\/2010 &#8211; Cruz das Almas, BA &#8211; UFRB. Reuni\u00e3o Regional da SBPC. Confer\u00eancia CI\u00caNCIA,TECNOLOGIA E INOVA\u00c7\u00c3O E O ENSINO DE CI\u00caNCIAS. Outubro Novembro Dezembro<\/p>\n","protected":false},"author":9,"featured_media":0,"parent":227,"menu_order":0,"comment_status":"closed","ping_status":"open","template":"page-2col-left.php","meta":{"pgc_meta":"","_coblocks_attr":"","_coblocks_dimensions":"","_coblocks_responsive_height":"","_coblocks_accordion_ie_support":"","ocean_post_layout":"","ocean_both_sidebars_style":"","ocean_both_sidebars_content_width":0,"ocean_both_sidebars_sidebars_width":0,"ocean_sidebar":"","ocean_second_sidebar":"","ocean_disable_margins":"enable","ocean_add_body_class":"","ocean_shortcode_before_top_bar":"","ocean_shortcode_after_top_bar":"","ocean_shortcode_before_header":"","ocean_shortcode_after_header":"","ocean_has_shortcode":"","ocean_shortcode_after_title":"","ocean_shortcode_before_footer_widgets":"","ocean_shortcode_after_footer_widgets":"","ocean_shortcode_before_footer_bottom":"","ocean_shortcode_after_footer_bottom":"","ocean_display_top_bar":"default","ocean_display_header":"default","ocean_header_style":"","ocean_center_header_left_menu":"","ocean_custom_header_template":"","ocean_custom_logo":0,"ocean_custom_retina_logo":0,"ocean_custom_logo_max_width":0,"ocean_custom_logo_tablet_max_width":0,"ocean_custom_logo_mobile_max_width":0,"ocean_custom_logo_max_height":0,"ocean_custom_logo_tablet_max_height":0,"ocean_custom_logo_mobile_max_height":0,"ocean_header_custom_menu":"","ocean_menu_typo_font_family":"","ocean_menu_typo_font_subset":"","ocean_menu_typo_font_size":0,"ocean_menu_typo_font_size_tablet":0,"ocean_menu_typo_font_size_mobile":0,"ocean_menu_typo_font_size_unit":"px","ocean_menu_typo_font_weight":"","ocean_menu_typo_font_weight_tablet":"","ocean_menu_typo_font_weight_mobile":"","ocean_menu_typo_transform":"","ocean_menu_typo_transform_tablet":"","ocean_menu_typo_transform_mobile":"","ocean_menu_typo_line_height":0,"ocean_menu_typo_line_height_tablet":0,"ocean_menu_typo_line_height_mobile":0,"ocean_menu_typo_line_height_unit":"","ocean_menu_typo_spacing":0,"ocean_menu_typo_spacing_tablet":0,"ocean_menu_typo_spacing_mobile":0,"ocean_menu_typo_spacing_unit":"","ocean_menu_link_color":"","ocean_menu_link_color_hover":"","ocean_menu_link_color_active":"","ocean_menu_link_background":"","ocean_menu_link_hover_background":"","ocean_menu_link_active_background":"","ocean_menu_social_links_bg":"","ocean_menu_social_hover_links_bg":"","ocean_menu_social_links_color":"","ocean_menu_social_hover_links_color":"","ocean_disable_title":"default","ocean_disable_heading":"default","ocean_post_title":"","ocean_post_subheading":"","ocean_post_title_style":"","ocean_post_title_background_color":"","ocean_post_title_background":0,"ocean_post_title_bg_image_position":"","ocean_post_title_bg_image_attachment":"","ocean_post_title_bg_image_repeat":"","ocean_post_title_bg_image_size":"","ocean_post_title_height":0,"ocean_post_title_bg_overlay":0.5,"ocean_post_title_bg_overlay_color":"","ocean_disable_breadcrumbs":"default","ocean_breadcrumbs_color":"","ocean_breadcrumbs_separator_color":"","ocean_breadcrumbs_links_color":"","ocean_breadcrumbs_links_hover_color":"","ocean_display_footer_widgets":"default","ocean_display_footer_bottom":"default","ocean_custom_footer_template":"","_themeisle_gutenberg_block_has_review":false,"footnotes":""},"class_list":["post-1960","page","type-page","status-publish","hentry","entry"],"pgc_meta":"","_links":{"self":[{"href":"https:\/\/blog.ufba.br\/nelsonpretto\/wp-json\/wp\/v2\/pages\/1960"}],"collection":[{"href":"https:\/\/blog.ufba.br\/nelsonpretto\/wp-json\/wp\/v2\/pages"}],"about":[{"href":"https:\/\/blog.ufba.br\/nelsonpretto\/wp-json\/wp\/v2\/types\/page"}],"author":[{"embeddable":true,"href":"https:\/\/blog.ufba.br\/nelsonpretto\/wp-json\/wp\/v2\/users\/9"}],"replies":[{"embeddable":true,"href":"https:\/\/blog.ufba.br\/nelsonpretto\/wp-json\/wp\/v2\/comments?post=1960"}],"version-history":[{"count":0,"href":"https:\/\/blog.ufba.br\/nelsonpretto\/wp-json\/wp\/v2\/pages\/1960\/revisions"}],"up":[{"embeddable":true,"href":"https:\/\/blog.ufba.br\/nelsonpretto\/wp-json\/wp\/v2\/pages\/227"}],"wp:attachment":[{"href":"https:\/\/blog.ufba.br\/nelsonpretto\/wp-json\/wp\/v2\/media?parent=1960"}],"curies":[{"name":"wp","href":"https:\/\/api.w.org\/{rel}","templated":true}]}}