{"id":183,"date":"2010-02-20T12:17:20","date_gmt":"2010-02-20T15:17:20","guid":{"rendered":"http:\/\/blog.ufba.br\/nlpretto\/?page_id=183"},"modified":"2010-02-20T12:17:20","modified_gmt":"2010-02-20T15:17:20","slug":"videos","status":"publish","type":"page","link":"https:\/\/blog.ufba.br\/nelsonpretto\/videos\/","title":{"rendered":"V\u00eddeos"},"content":{"rendered":"<h1>Depoimentos e entrevistas de Nelson Pretto<\/h1>\n<h2>Siga <a href=\"http:\/\/www.youtube.com\/user\/nlpretto\" target=\"_blank\" rel=\"noopener\">meu canal<\/a> no Youtube.<\/h2>\n<h2>Entrevista no programa Gente da Bahia do Canal da Assembleia da Assembleia Legislativa do estado da Bahia.<\/h2>\n<p>Gravado em 09\/09\/2010.<\/p>\n<p><a href=\"http:\/\/www.canalassembleia.ba.gov.br\/DetalhesVideo.aspx?ProgramacaoID=1469\" target=\"_blank\" rel=\"noopener\">Link direto para o Canal da Assembleia<\/a>.<\/p>\n<h2>Entrevista gravada pela web de Nottingham\/UK, para o programa Soter\u00f3polis (TVEBahia)<\/h2>\n<h3 style=\"text-align: center\">PARTE 1<\/h3>\n<p style=\"text-align: center\">[youtube c-_ReFfDMpI]<\/p>\n<h3 style=\"text-align: center\">PARTE 2<\/h3>\n<p style=\"text-align: center\">[youtube aa2AFpe5rQs]<\/p>\n<h3 style=\"text-align: center\">PARTE 3<\/h3>\n<p style=\"text-align: center\">[youtube B6qMjE6xS-U]<\/p>\n<h2>Depoimento para Educared<\/h2>\n<h2>Programa T\u00f4 Sabendo &#8211; TV Aratu.<\/h2>\n<p><a href=\"http:\/\/www.youtube.com\/watch?v=FDGGIvRqb5k\" target=\"_blank\" rel=\"noopener\">Clique para ir ao Youtube<\/a><\/p>\n<h2>Depoimento para o v\u00eddeo do lan\u00e7amento do livro Al\u00e9m das Redes de Colabora\u00e7\u00e3o<\/h2>\n<p style=\"text-align: center\">[youtube LbXKPuoHEpo]<\/p>\n<p style=\"text-align: center\">Nascimento de um projeto sobre divulga\u00e7\u00e3o cient\u00edfica,  filmado por Menandro Ramos<\/p>\n<p style=\"text-align: center\">\n<p style=\"text-align: center\">Movimento da F\u00e1brica &#8211; 1985<\/p>\n","protected":false},"excerpt":{"rendered":"<p>Depoimentos e entrevistas de Nelson Pretto Siga meu canal no Youtube. Entrevista no programa Gente da Bahia do Canal da Assembleia da Assembleia Legislativa do estado da Bahia. Gravado em 09\/09\/2010. Link direto para o Canal da Assembleia. Entrevista gravada pela web de Nottingham\/UK, para o programa Soter\u00f3polis (TVEBahia) PARTE 1 [youtube c-_ReFfDMpI] PARTE 2 [youtube aa2AFpe5rQs] PARTE 3 [youtube B6qMjE6xS-U] Depoimento para Educared Programa T\u00f4 Sabendo &#8211; TV Aratu. Clique para ir ao Youtube Depoimento para o v\u00eddeo do lan\u00e7amento do livro Al\u00e9m das Redes de Colabora\u00e7\u00e3o [youtube LbXKPuoHEpo] Nascimento de um projeto sobre divulga\u00e7\u00e3o cient\u00edfica, filmado por Menandro Ramos Movimento da F\u00e1brica &#8211; 1985<\/p>\n","protected":false},"author":9,"featured_media":0,"parent":0,"menu_order":7,"comment_status":"closed","ping_status":"closed","template":"","meta":{"pgc_meta":"","_coblocks_attr":"","_coblocks_dimensions":"","_coblocks_responsive_height":"","_coblocks_accordion_ie_support":"","ocean_post_layout":"","ocean_both_sidebars_style":"","ocean_both_sidebars_content_width":0,"ocean_both_sidebars_sidebars_width":0,"ocean_sidebar":"","ocean_second_sidebar":"","ocean_disable_margins":"enable","ocean_add_body_class":"","ocean_shortcode_before_top_bar":"","ocean_shortcode_after_top_bar":"","ocean_shortcode_before_header":"","ocean_shortcode_after_header":"","ocean_has_shortcode":"","ocean_shortcode_after_title":"","ocean_shortcode_before_footer_widgets":"","ocean_shortcode_after_footer_widgets":"","ocean_shortcode_before_footer_bottom":"","ocean_shortcode_after_footer_bottom":"","ocean_display_top_bar":"default","ocean_display_header":"default","ocean_header_style":"","ocean_center_header_left_menu":"","ocean_custom_header_template":"","ocean_custom_logo":0,"ocean_custom_retina_logo":0,"ocean_custom_logo_max_width":0,"ocean_custom_logo_tablet_max_width":0,"ocean_custom_logo_mobile_max_width":0,"ocean_custom_logo_max_height":0,"ocean_custom_logo_tablet_max_height":0,"ocean_custom_logo_mobile_max_height":0,"ocean_header_custom_menu":"","ocean_menu_typo_font_family":"","ocean_menu_typo_font_subset":"","ocean_menu_typo_font_size":0,"ocean_menu_typo_font_size_tablet":0,"ocean_menu_typo_font_size_mobile":0,"ocean_menu_typo_font_size_unit":"px","ocean_menu_typo_font_weight":"","ocean_menu_typo_font_weight_tablet":"","ocean_menu_typo_font_weight_mobile":"","ocean_menu_typo_transform":"","ocean_menu_typo_transform_tablet":"","ocean_menu_typo_transform_mobile":"","ocean_menu_typo_line_height":0,"ocean_menu_typo_line_height_tablet":0,"ocean_menu_typo_line_height_mobile":0,"ocean_menu_typo_line_height_unit":"","ocean_menu_typo_spacing":0,"ocean_menu_typo_spacing_tablet":0,"ocean_menu_typo_spacing_mobile":0,"ocean_menu_typo_spacing_unit":"","ocean_menu_link_color":"","ocean_menu_link_color_hover":"","ocean_menu_link_color_active":"","ocean_menu_link_background":"","ocean_menu_link_hover_background":"","ocean_menu_link_active_background":"","ocean_menu_social_links_bg":"","ocean_menu_social_hover_links_bg":"","ocean_menu_social_links_color":"","ocean_menu_social_hover_links_color":"","ocean_disable_title":"default","ocean_disable_heading":"default","ocean_post_title":"","ocean_post_subheading":"","ocean_post_title_style":"","ocean_post_title_background_color":"","ocean_post_title_background":0,"ocean_post_title_bg_image_position":"","ocean_post_title_bg_image_attachment":"","ocean_post_title_bg_image_repeat":"","ocean_post_title_bg_image_size":"","ocean_post_title_height":0,"ocean_post_title_bg_overlay":0.5,"ocean_post_title_bg_overlay_color":"","ocean_disable_breadcrumbs":"default","ocean_breadcrumbs_color":"","ocean_breadcrumbs_separator_color":"","ocean_breadcrumbs_links_color":"","ocean_breadcrumbs_links_hover_color":"","ocean_display_footer_widgets":"default","ocean_display_footer_bottom":"default","ocean_custom_footer_template":"","_themeisle_gutenberg_block_has_review":false,"footnotes":""},"class_list":["post-183","page","type-page","status-publish","hentry","entry"],"pgc_meta":"","_links":{"self":[{"href":"https:\/\/blog.ufba.br\/nelsonpretto\/wp-json\/wp\/v2\/pages\/183"}],"collection":[{"href":"https:\/\/blog.ufba.br\/nelsonpretto\/wp-json\/wp\/v2\/pages"}],"about":[{"href":"https:\/\/blog.ufba.br\/nelsonpretto\/wp-json\/wp\/v2\/types\/page"}],"author":[{"embeddable":true,"href":"https:\/\/blog.ufba.br\/nelsonpretto\/wp-json\/wp\/v2\/users\/9"}],"replies":[{"embeddable":true,"href":"https:\/\/blog.ufba.br\/nelsonpretto\/wp-json\/wp\/v2\/comments?post=183"}],"version-history":[{"count":0,"href":"https:\/\/blog.ufba.br\/nelsonpretto\/wp-json\/wp\/v2\/pages\/183\/revisions"}],"wp:attachment":[{"href":"https:\/\/blog.ufba.br\/nelsonpretto\/wp-json\/wp\/v2\/media?parent=183"}],"curies":[{"name":"wp","href":"https:\/\/api.w.org\/{rel}","templated":true}]}}