{"id":1483,"date":"2010-04-22T10:30:21","date_gmt":"2010-04-22T13:30:21","guid":{"rendered":"http:\/\/blog.ufba.br\/nlpretto\/?page_id=1483"},"modified":"2010-04-22T10:30:21","modified_gmt":"2010-04-22T13:30:21","slug":"entrevista-para-gazeta-mercantil-em-fevereiro-de-1999-por-email","status":"publish","type":"page","link":"https:\/\/blog.ufba.br\/nelsonpretto\/publicacoes\/artigos-de-divulgacao\/entrevista-para-gazeta-mercantil-em-fevereiro-de-1999-por-email\/","title":{"rendered":"Entrevista para Gazeta Mercantil, em fevereiro de 1999, por email"},"content":{"rendered":"<h2><span style=\"font-size: x-small\">Entrevista para Gazeta Mercantil, em fevereiro de  1999, por email.<\/span><\/h2>\n<p><span style=\"font-size: x-small\">Oi Mariana. vamos la entao&#8230; (repare que nao tenho  acentos aqui no meu teclado!)<\/span><\/p>\n<p><span style=\"font-size: x-small\">Mariana Carneiro wrote: <\/span><\/p>\n<p><span style=\"font-size: x-small\">Caro professor,<\/span><\/p>\n<p><span style=\"font-size: x-small\">J\u00e1 que est\u00e1 t\u00e3o distante e o tema \u00e9 educa\u00e7\u00e3o \u00e0  dist\u00e2ncia, que tal tentarmos uma entrevista por e-mail? J\u00e1 vou enviando algumas perguntas&#8230; N\u00e3o esque\u00e7a  que nosso tema \u00e9 qualifica\u00e7\u00e3o profissional &#8211; falaremos sobre a tecnologia a servi\u00f3c da ESPECIALIZA\u00c7\u00c3O. Gostaria, tamb\u00e9m, que indicasse uma segunda fonte para  entrevista por aqui, de prefer\u00eancia algum outro pesquisador nesta \u00e1rea ou algu\u00e9m que  participe da Biblioteca Virtual.<\/span><\/p>\n<p><span style=\"font-size: x-small\">1 &#8211; Que tipos de cursos est\u00e3o dispon\u00edveis (em n\u00edvel de  p\u00f3s-gradua\u00e7\u00e3o, especializa\u00e7\u00e3o, mestrado, doutorado&#8230;) na Internet ou por  teleconfer\u00eancias?<\/span><\/p>\n<p><span style=\"font-size: x-small\"> Todos os tipos de cursos&#8230; isto e o que mais tem  apareceido nos utlimos tempos. e\u00a0 exatamente este e o problemauma vez que proliferam estes cursos  trona-se necessario ter uma sistema de validacao deste material. Na mesma linha  do que se\u00a0 faz com universidades, escolas e cursos livres. Nao tem porque ser  diferente. O que se temq ue evitar e que, em nome de se ter tecnbologia no processo, qualquier vale.  Basta ter uma tecnologia dita moderninha, como uma conexao aa Internet ou uma  videoconfrerencia&#8230;.<\/span><\/p>\n<p><span style=\"font-size: x-small\"> 2 &#8211; A efici\u00eancia dos cursos \u00e0 dist\u00e2ncia \u00e9 comprovada?  Podemos citar alguns exemplos de resultados obtidos?<\/span><\/p>\n<p><span style=\"font-size: x-small\"> Esta discussao e muito grande&#8230;. Eu te devolvo a  pergunta: o que e eficiencia? existem pesquisas em todos os cantos mostrando que alguns cursos  funcionam e outros nao.<\/span><\/p>\n<p><span style=\"font-size: x-small\"> 3 &#8211; De que forma a Internet pode contribuir para  melhorar o n\u00edvel de qualifica\u00e7\u00e3o profissional e facilitar o acesso ao mercado de trabalho?<\/span><\/p>\n<p><span style=\"font-size: x-small\">claro, priuncipalmente se opensarmos que o mundo  contemporaneo e um mundo de comunicacao generalizada. Um mundo onde as coisas estaoa contecendo de  forma\u00a0 muito rapida e num processo de transformacao muito grande. Itso significa que  nao\u00a0 adinata preparamos um profissional, EMQ UALQUIER AREA ESTOU FALANDO! &#8211; e  dizermos, pronto, voc esta pronto para o mercado&#8230; as perguntas obvias sao: que mercado? e o  que eh estar pronto? Neste snertido esttes meio\u00a0 tecnologias de comunicacao sao  fundamentais na educacao porque podem estbelecer links &#8211; esta eh a minha papalvra  preferida no momento e ela eh a base de\u00a0 tudo &#8211; estabelecermos os links para que, com  velocidade possamos qualificar os profissionais para um mundo, para um mercado em constante e  veloz \u00a0 transformacao!!!! Neste sentido, as ligacoes entre as universidades  publicas &#8211; que sao fundamentais em qualquer pais, mas sao vitais em paises como o  nosso, com profundas e \u00a0 vergonhosas desegualdades sociias &#8211; e os setores privados sao  fundamnetais. estas parcerias possibilitariam e possibilitaraoa que o seistema produtivo  tenha acesso as \u00a0 mais novas pesquisas e seus resukltados, quas eque imediatamente&#8230;.  Por que o sucesso de um MediaLab no famoso Massachussts Institute fo Technology?  Porque trabalha com pesquisa d eponta, sem a preocupacao imediata com o mercado mas, <\/span><\/p>\n<p><span style=\"font-size: x-small\">nao deixa de estar vinculado- ate por que recebe  recursos &#8211; com as empresas que \u00a0 estao preocupadas com o seu futruro do ponto de vista tecnologico&#8230;.<\/span><\/p>\n<p><span style=\"font-size: x-small\"> 4 &#8211; Os cursos \u00e0 dist\u00e2ncia s\u00e3o reconhecidos &#8211; fornecem  certificados? As empresas costumam levar esse tipo de aprendizado em conta na sele\u00e7\u00e3o de  pessoal? Na maioria das vezes, eles funcionam mais como complemento de uma  especializa\u00e7\u00e3o &#8220;ao vivo&#8221; ou podem tamb\u00e9m ser uma especializa\u00e7\u00e3o em si? Em geral, s\u00e3o pagos?<\/span><\/p>\n<p><span style=\"font-size: x-small\"> bom.. ai seria melhor vc ver em outros cantos&#8230;  existem todos os tipos de cursos,\u00a0 pagos, gartuitos, bons, ruins, especificos, genericos&#8230; A  nossa Bilbioteca Virtual <\/span><\/p>\n<p><span style=\"font-size: x-small\">levanta apenas laguns&#8230; Se as empesas consideram  isso? Creio que ate mesmo o diploma de uma Universidade reconhecida nao eh mais o baisco &#8211; eh impritante,  ams\u00a0 nao eh o pabasico! &#8211; na contartacao d eum profissional. Os setores de recursos  humanos trablham hoje com uma gama muito maior de aspectos para analisar o\u00a0 interesse em  contratar ou nao um novo profissional. <\/span><\/p>\n<p><span style=\"font-size: x-small\"> 5 &#8211; Existem \u00e1reas mais contempladas na rede por  cursos? <\/span><\/p>\n<p><span style=\"font-size: x-small\">nao sei!<\/span><\/p>\n<p><span style=\"font-size: x-small\">6 &#8211; Recomenda alguns endere\u00e7os interessantes? Por onde  come\u00e7ar? <\/span><\/p>\n<p><span style=\"font-size: x-small\">Ate por uma questao de coerencia o da proria  Biblioteca Virtual de Eduaccao a \u00a0 Distancia http:\/\/www.prossiga.br\/edistancia<\/span><\/p>\n<p><span style=\"font-size: x-small\"> 7 &#8211; Que tipo de cuidado devemos ter para escapar dos  cursos &#8220;picaretas&#8221;?<\/span><\/p>\n<p><span style=\"font-size: x-small\">os mesmos de qualquer atividades na vida&#8230; Ver quem  esta por tras, que isntituicao esta dando suporte, quem ja fez, como os sitios estao kontados se te dao  oportunidade de ver quem ja passou por ali e que tipo de coisa produziu e coisas do  tipo&#8230; enfim&#8230; lembrar que picarta existe em qualquer lugar e a rede eh interessajte\u00a0  porque possibilita que eles estajam nela e, o que eh mais impriotante poara  mim, cada um seja um leitor de qualidade. quero dizer.. melhor do que um comite\u00a0 avaliando e  cada um, no dialogo com os pares, poder ir tendo contato e informacoes sobre o quye  esta disponivel na rede&#8230;<\/span><\/p>\n<p><span style=\"font-size: x-small\"> 8 &#8211; O que \u00e9 um curso presencial?<\/span><\/p>\n<p><span style=\"font-size: x-small\">tem professor, aluno, e principalmente, horario a ser  cumprido. tem chegar tal hora e \u00a0 sair tal hora, ao vivo e a cores&#8230;mas que com as nova stecnologias  estao mudando de carcateristica&#8230; para a educacao baisca, isso eh fundamental mas  este eh outro papo. Para novas materias da Gazeta.<\/span><\/p>\n","protected":false},"excerpt":{"rendered":"<p>Entrevista para Gazeta Mercantil, em fevereiro de 1999, por email. Oi Mariana. vamos la entao&#8230; (repare que nao tenho acentos aqui no meu teclado!) Mariana Carneiro wrote: Caro professor, J\u00e1 que est\u00e1 t\u00e3o distante e o tema \u00e9 educa\u00e7\u00e3o \u00e0 dist\u00e2ncia, que tal tentarmos uma entrevista por e-mail? J\u00e1 vou enviando algumas perguntas&#8230; N\u00e3o esque\u00e7a que nosso tema \u00e9 qualifica\u00e7\u00e3o profissional &#8211; falaremos sobre a tecnologia a servi\u00f3c da ESPECIALIZA\u00c7\u00c3O. Gostaria, tamb\u00e9m, que indicasse uma segunda fonte para entrevista por aqui, de prefer\u00eancia algum outro pesquisador nesta \u00e1rea ou algu\u00e9m que participe da Biblioteca Virtual. 1 &#8211; Que tipos de cursos est\u00e3o dispon\u00edveis (em n\u00edvel de p\u00f3s-gradua\u00e7\u00e3o, especializa\u00e7\u00e3o, mestrado, doutorado&#8230;) na Internet ou por teleconfer\u00eancias? Todos os tipos de cursos&#8230; isto e o que mais tem apareceido nos utlimos tempos. e\u00a0 exatamente este e o problemauma vez que proliferam estes cursos trona-se necessario ter uma sistema de validacao deste material. Na mesma linha do que se\u00a0 faz com universidades, escolas e cursos livres. Nao tem porque ser diferente. O que se temq ue evitar e que, em nome de se ter tecnbologia no processo, qualquier vale. Basta ter uma tecnologia dita moderninha, como uma conexao aa Internet ou uma videoconfrerencia&#8230;. 2 &#8211; A efici\u00eancia dos cursos \u00e0 dist\u00e2ncia \u00e9 comprovada? Podemos citar alguns exemplos de resultados obtidos? Esta discussao e muito grande&#8230;. Eu te devolvo a pergunta: o que e eficiencia? existem pesquisas em todos os cantos mostrando que alguns cursos funcionam e outros nao. 3 &#8211; De que forma a Internet pode contribuir para melhorar o n\u00edvel de qualifica\u00e7\u00e3o profissional e facilitar o acesso ao mercado de trabalho? claro, priuncipalmente se opensarmos que o mundo contemporaneo e um mundo de comunicacao generalizada. Um mundo onde as coisas estaoa contecendo de forma\u00a0 muito rapida e num processo de transformacao muito grande. Itso significa que nao\u00a0 adinata preparamos um profissional, EMQ UALQUIER AREA ESTOU FALANDO! &#8211; e dizermos, pronto, voc esta pronto para o mercado&#8230; as perguntas obvias sao: que mercado? e o que eh estar pronto? Neste snertido esttes meio\u00a0 tecnologias de comunicacao sao fundamentais na educacao porque podem estbelecer links &#8211; esta eh a minha papalvra preferida no momento e ela eh a base de\u00a0 tudo &#8211; estabelecermos os links para que, com velocidade possamos qualificar os profissionais para um mundo, para um mercado em constante e veloz \u00a0 transformacao!!!! Neste sentido, as ligacoes entre as universidades publicas &#8211; que sao fundamentais em qualquer pais, mas sao vitais em paises como o nosso, com profundas e \u00a0 vergonhosas desegualdades sociias &#8211; e os setores privados sao fundamnetais. estas parcerias possibilitariam e possibilitaraoa que o seistema produtivo tenha acesso as \u00a0 mais novas pesquisas e seus resukltados, quas eque imediatamente&#8230;. Por que o sucesso de um MediaLab no famoso Massachussts Institute fo Technology? Porque trabalha com pesquisa d eponta, sem a preocupacao imediata com o mercado mas, nao deixa de estar vinculado- ate por que recebe recursos &#8211; com as empresas que \u00a0 estao preocupadas com o seu futruro do ponto de vista tecnologico&#8230;. 4 &#8211; Os cursos \u00e0 dist\u00e2ncia s\u00e3o reconhecidos &#8211; fornecem certificados? As empresas costumam levar esse tipo de aprendizado em conta na sele\u00e7\u00e3o de pessoal? Na maioria das vezes, eles funcionam mais como complemento de uma especializa\u00e7\u00e3o &#8220;ao vivo&#8221; ou podem tamb\u00e9m ser uma especializa\u00e7\u00e3o em si? Em geral, s\u00e3o pagos? bom.. ai seria melhor vc ver em outros cantos&#8230; existem todos os tipos de cursos,\u00a0 pagos, gartuitos, bons, ruins, especificos, genericos&#8230; A nossa Bilbioteca Virtual levanta apenas laguns&#8230; Se as empesas consideram isso? Creio que ate mesmo o diploma de uma Universidade reconhecida nao eh mais o baisco &#8211; eh impritante, ams\u00a0 nao eh o pabasico! &#8211; na contartacao d eum profissional. Os setores de recursos humanos trablham hoje com uma gama muito maior de aspectos para analisar o\u00a0 interesse em contratar ou nao um novo profissional. 5 &#8211; Existem \u00e1reas mais contempladas na rede por cursos? nao sei! 6 &#8211; Recomenda alguns endere\u00e7os interessantes? Por onde come\u00e7ar? Ate por uma questao de coerencia o da proria Biblioteca Virtual de Eduaccao a \u00a0 Distancia http:\/\/www.prossiga.br\/edistancia 7 &#8211; Que tipo de cuidado devemos ter para escapar dos cursos &#8220;picaretas&#8221;? os mesmos de qualquer atividades na vida&#8230; Ver quem esta por tras, que isntituicao esta dando suporte, quem ja fez, como os sitios estao kontados se te dao oportunidade de ver quem ja passou por ali e que tipo de coisa produziu e coisas do tipo&#8230; enfim&#8230; lembrar que picarta existe em qualquer lugar e a rede eh interessajte\u00a0 porque possibilita que eles estajam nela e, o que eh mais impriotante poara mim, cada um seja um leitor de qualidade. quero dizer.. melhor do que um comite\u00a0 avaliando e cada um, no dialogo com os pares, poder ir tendo contato e informacoes sobre o quye esta disponivel na rede&#8230; 8 &#8211; O que \u00e9 um curso presencial? tem professor, aluno, e principalmente, horario a ser cumprido. tem chegar tal hora e \u00a0 sair tal hora, ao vivo e a cores&#8230;mas que com as nova stecnologias estao mudando de carcateristica&#8230; para a educacao baisca, isso eh fundamental mas este eh outro papo. Para novas materias da Gazeta.<\/p>\n","protected":false},"author":9,"featured_media":0,"parent":297,"menu_order":0,"comment_status":"closed","ping_status":"closed","template":"","meta":{"pgc_meta":"","_coblocks_attr":"","_coblocks_dimensions":"","_coblocks_responsive_height":"","_coblocks_accordion_ie_support":"","ocean_post_layout":"","ocean_both_sidebars_style":"","ocean_both_sidebars_content_width":0,"ocean_both_sidebars_sidebars_width":0,"ocean_sidebar":"","ocean_second_sidebar":"","ocean_disable_margins":"enable","ocean_add_body_class":"","ocean_shortcode_before_top_bar":"","ocean_shortcode_after_top_bar":"","ocean_shortcode_before_header":"","ocean_shortcode_after_header":"","ocean_has_shortcode":"","ocean_shortcode_after_title":"","ocean_shortcode_before_footer_widgets":"","ocean_shortcode_after_footer_widgets":"","ocean_shortcode_before_footer_bottom":"","ocean_shortcode_after_footer_bottom":"","ocean_display_top_bar":"default","ocean_display_header":"default","ocean_header_style":"","ocean_center_header_left_menu":"","ocean_custom_header_template":"","ocean_custom_logo":0,"ocean_custom_retina_logo":0,"ocean_custom_logo_max_width":0,"ocean_custom_logo_tablet_max_width":0,"ocean_custom_logo_mobile_max_width":0,"ocean_custom_logo_max_height":0,"ocean_custom_logo_tablet_max_height":0,"ocean_custom_logo_mobile_max_height":0,"ocean_header_custom_menu":"","ocean_menu_typo_font_family":"","ocean_menu_typo_font_subset":"","ocean_menu_typo_font_size":0,"ocean_menu_typo_font_size_tablet":0,"ocean_menu_typo_font_size_mobile":0,"ocean_menu_typo_font_size_unit":"px","ocean_menu_typo_font_weight":"","ocean_menu_typo_font_weight_tablet":"","ocean_menu_typo_font_weight_mobile":"","ocean_menu_typo_transform":"","ocean_menu_typo_transform_tablet":"","ocean_menu_typo_transform_mobile":"","ocean_menu_typo_line_height":0,"ocean_menu_typo_line_height_tablet":0,"ocean_menu_typo_line_height_mobile":0,"ocean_menu_typo_line_height_unit":"","ocean_menu_typo_spacing":0,"ocean_menu_typo_spacing_tablet":0,"ocean_menu_typo_spacing_mobile":0,"ocean_menu_typo_spacing_unit":"","ocean_menu_link_color":"","ocean_menu_link_color_hover":"","ocean_menu_link_color_active":"","ocean_menu_link_background":"","ocean_menu_link_hover_background":"","ocean_menu_link_active_background":"","ocean_menu_social_links_bg":"","ocean_menu_social_hover_links_bg":"","ocean_menu_social_links_color":"","ocean_menu_social_hover_links_color":"","ocean_disable_title":"default","ocean_disable_heading":"default","ocean_post_title":"","ocean_post_subheading":"","ocean_post_title_style":"","ocean_post_title_background_color":"","ocean_post_title_background":0,"ocean_post_title_bg_image_position":"","ocean_post_title_bg_image_attachment":"","ocean_post_title_bg_image_repeat":"","ocean_post_title_bg_image_size":"","ocean_post_title_height":0,"ocean_post_title_bg_overlay":0.5,"ocean_post_title_bg_overlay_color":"","ocean_disable_breadcrumbs":"default","ocean_breadcrumbs_color":"","ocean_breadcrumbs_separator_color":"","ocean_breadcrumbs_links_color":"","ocean_breadcrumbs_links_hover_color":"","ocean_display_footer_widgets":"default","ocean_display_footer_bottom":"default","ocean_custom_footer_template":"","_themeisle_gutenberg_block_has_review":false,"footnotes":""},"class_list":["post-1483","page","type-page","status-publish","hentry","entry"],"pgc_meta":"","_links":{"self":[{"href":"https:\/\/blog.ufba.br\/nelsonpretto\/wp-json\/wp\/v2\/pages\/1483"}],"collection":[{"href":"https:\/\/blog.ufba.br\/nelsonpretto\/wp-json\/wp\/v2\/pages"}],"about":[{"href":"https:\/\/blog.ufba.br\/nelsonpretto\/wp-json\/wp\/v2\/types\/page"}],"author":[{"embeddable":true,"href":"https:\/\/blog.ufba.br\/nelsonpretto\/wp-json\/wp\/v2\/users\/9"}],"replies":[{"embeddable":true,"href":"https:\/\/blog.ufba.br\/nelsonpretto\/wp-json\/wp\/v2\/comments?post=1483"}],"version-history":[{"count":0,"href":"https:\/\/blog.ufba.br\/nelsonpretto\/wp-json\/wp\/v2\/pages\/1483\/revisions"}],"up":[{"embeddable":true,"href":"https:\/\/blog.ufba.br\/nelsonpretto\/wp-json\/wp\/v2\/pages\/297"}],"wp:attachment":[{"href":"https:\/\/blog.ufba.br\/nelsonpretto\/wp-json\/wp\/v2\/media?parent=1483"}],"curies":[{"name":"wp","href":"https:\/\/api.w.org\/{rel}","templated":true}]}}