{"id":1459,"date":"2010-04-19T18:08:19","date_gmt":"2010-04-19T21:08:19","guid":{"rendered":"http:\/\/blog.ufba.br\/nlpretto\/?page_id=1459"},"modified":"2010-04-19T18:08:19","modified_gmt":"2010-04-19T21:08:19","slug":"4acncti","status":"publish","type":"page","link":"https:\/\/blog.ufba.br\/nelsonpretto\/publicacoes\/artigos_academicos\/4acncti\/","title":{"rendered":"Artigo para a 4a Confer\u00eancia Nacional de Ci\u00eancia, tecnologia e Inova\u00e7\u00e3o"},"content":{"rendered":"<p><!-- p { margin-bottom: 0.21cm; text-align: justify; page-break-before: auto; }p.western { font-family: \"Times New Roman\",serif; }p.cjk { font-size: 10pt; } --><span style=\"font-family: Times New Roman,serif\"><span style=\"font-size: large\"><strong>Das grades \u00e0s redes: curriculares, de forma\u00e7\u00e3o de professores, de institui\u00e7\u00f5es, de &#8230;<\/strong><\/span><\/span><\/p>\n<p><!-- p { margin-bottom: 0.21cm; text-align: justify; page-break-before: auto; }p.western { font-family: \"Times New Roman\",serif; }p.cjk { font-size: 10pt; } -->4a. CNCTI &#8211; Confer\u00eancia Nacional de Ci\u00eancia, Tecnologia e Inova\u00e7\u00e3o<\/p>\n<p>Tema Ensino de Ci\u00eancias &#8211; <em>Desafios para o ensino das ci\u00eancias<\/em><\/p>\n<p style=\"text-align: center\">[ <a href=\"http:\/\/blog.ufba.br\/nlpretto\/files\/2010\/04\/pretto_4cncti_v0_6revisado_enviadov0_3_21052010.pdf\">pdf do texto<\/a> ] [ <a href=\"http:\/\/blog.ufba.br\/nlpretto\/files\/2010\/04\/pretto_4cncti_v0_6revisado_enviadov0_3_21052010.odt\">arquivo fonte, em odt<\/a> ] [ link para a publica\u00e7\u00e3o &#8211; ainda n\u00e3o foi publicado ]<em><br \/>\n<\/em><\/p>\n","protected":false},"excerpt":{"rendered":"<p>Das grades \u00e0s redes: curriculares, de forma\u00e7\u00e3o de professores, de institui\u00e7\u00f5es, de &#8230; 4a. CNCTI &#8211; Confer\u00eancia Nacional de Ci\u00eancia, Tecnologia e Inova\u00e7\u00e3o Tema Ensino de Ci\u00eancias &#8211; Desafios para o ensino das ci\u00eancias [ pdf do texto ] [ arquivo fonte, em odt ] [ link para a publica\u00e7\u00e3o &#8211; ainda n\u00e3o foi publicado ]<\/p>\n","protected":false},"author":9,"featured_media":0,"parent":268,"menu_order":0,"comment_status":"closed","ping_status":"closed","template":"page-2col-left.php","meta":{"pgc_meta":"","_coblocks_attr":"","_coblocks_dimensions":"","_coblocks_responsive_height":"","_coblocks_accordion_ie_support":"","ocean_post_layout":"","ocean_both_sidebars_style":"","ocean_both_sidebars_content_width":0,"ocean_both_sidebars_sidebars_width":0,"ocean_sidebar":"","ocean_second_sidebar":"","ocean_disable_margins":"enable","ocean_add_body_class":"","ocean_shortcode_before_top_bar":"","ocean_shortcode_after_top_bar":"","ocean_shortcode_before_header":"","ocean_shortcode_after_header":"","ocean_has_shortcode":"","ocean_shortcode_after_title":"","ocean_shortcode_before_footer_widgets":"","ocean_shortcode_after_footer_widgets":"","ocean_shortcode_before_footer_bottom":"","ocean_shortcode_after_footer_bottom":"","ocean_display_top_bar":"default","ocean_display_header":"default","ocean_header_style":"","ocean_center_header_left_menu":"","ocean_custom_header_template":"","ocean_custom_logo":0,"ocean_custom_retina_logo":0,"ocean_custom_logo_max_width":0,"ocean_custom_logo_tablet_max_width":0,"ocean_custom_logo_mobile_max_width":0,"ocean_custom_logo_max_height":0,"ocean_custom_logo_tablet_max_height":0,"ocean_custom_logo_mobile_max_height":0,"ocean_header_custom_menu":"","ocean_menu_typo_font_family":"","ocean_menu_typo_font_subset":"","ocean_menu_typo_font_size":0,"ocean_menu_typo_font_size_tablet":0,"ocean_menu_typo_font_size_mobile":0,"ocean_menu_typo_font_size_unit":"px","ocean_menu_typo_font_weight":"","ocean_menu_typo_font_weight_tablet":"","ocean_menu_typo_font_weight_mobile":"","ocean_menu_typo_transform":"","ocean_menu_typo_transform_tablet":"","ocean_menu_typo_transform_mobile":"","ocean_menu_typo_line_height":0,"ocean_menu_typo_line_height_tablet":0,"ocean_menu_typo_line_height_mobile":0,"ocean_menu_typo_line_height_unit":"","ocean_menu_typo_spacing":0,"ocean_menu_typo_spacing_tablet":0,"ocean_menu_typo_spacing_mobile":0,"ocean_menu_typo_spacing_unit":"","ocean_menu_link_color":"","ocean_menu_link_color_hover":"","ocean_menu_link_color_active":"","ocean_menu_link_background":"","ocean_menu_link_hover_background":"","ocean_menu_link_active_background":"","ocean_menu_social_links_bg":"","ocean_menu_social_hover_links_bg":"","ocean_menu_social_links_color":"","ocean_menu_social_hover_links_color":"","ocean_disable_title":"default","ocean_disable_heading":"default","ocean_post_title":"","ocean_post_subheading":"","ocean_post_title_style":"","ocean_post_title_background_color":"","ocean_post_title_background":0,"ocean_post_title_bg_image_position":"","ocean_post_title_bg_image_attachment":"","ocean_post_title_bg_image_repeat":"","ocean_post_title_bg_image_size":"","ocean_post_title_height":0,"ocean_post_title_bg_overlay":0.5,"ocean_post_title_bg_overlay_color":"","ocean_disable_breadcrumbs":"default","ocean_breadcrumbs_color":"","ocean_breadcrumbs_separator_color":"","ocean_breadcrumbs_links_color":"","ocean_breadcrumbs_links_hover_color":"","ocean_display_footer_widgets":"default","ocean_display_footer_bottom":"default","ocean_custom_footer_template":"","_themeisle_gutenberg_block_has_review":false,"footnotes":""},"class_list":["post-1459","page","type-page","status-publish","hentry","entry"],"pgc_meta":"","_links":{"self":[{"href":"https:\/\/blog.ufba.br\/nelsonpretto\/wp-json\/wp\/v2\/pages\/1459"}],"collection":[{"href":"https:\/\/blog.ufba.br\/nelsonpretto\/wp-json\/wp\/v2\/pages"}],"about":[{"href":"https:\/\/blog.ufba.br\/nelsonpretto\/wp-json\/wp\/v2\/types\/page"}],"author":[{"embeddable":true,"href":"https:\/\/blog.ufba.br\/nelsonpretto\/wp-json\/wp\/v2\/users\/9"}],"replies":[{"embeddable":true,"href":"https:\/\/blog.ufba.br\/nelsonpretto\/wp-json\/wp\/v2\/comments?post=1459"}],"version-history":[{"count":0,"href":"https:\/\/blog.ufba.br\/nelsonpretto\/wp-json\/wp\/v2\/pages\/1459\/revisions"}],"up":[{"embeddable":true,"href":"https:\/\/blog.ufba.br\/nelsonpretto\/wp-json\/wp\/v2\/pages\/268"}],"wp:attachment":[{"href":"https:\/\/blog.ufba.br\/nelsonpretto\/wp-json\/wp\/v2\/media?parent=1459"}],"curies":[{"name":"wp","href":"https:\/\/api.w.org\/{rel}","templated":true}]}}