{"id":103,"date":"2010-02-03T09:28:47","date_gmt":"2010-02-03T12:28:47","guid":{"rendered":"http:\/\/blog.ufba.br\/nlpretto\/?page_id=103"},"modified":"2023-04-11T00:21:47","modified_gmt":"2023-04-11T03:21:47","slug":"english-webpage","status":"publish","type":"page","link":"https:\/\/blog.ufba.br\/nelsonpretto\/home\/english-webpage\/","title":{"rendered":"english webpage"},"content":{"rendered":"<h1>Welcome to Nelson Pretto homepage<\/h1>\n<p>Professor and former Director (2000 &#8211; 2008)of the <a href=\"http:\/\/www.faced.ufba.br\/\" target=\"_blank\" rel=\"noopener\">School of Education<\/a> at the <a href=\"http:\/\/www.ufba.br\/\" target=\"_blank\" rel=\"noopener\">Federal University of Bahia<\/a>.<\/p>\n<h2>short curriculum, in english (<a href=\"http:\/\/blog.ufba.br\/nlpretto\/files\/2010\/02\/cv_pretto_short_english30112008.pdf\">pdf<\/a>)<\/h2>\n<p>Ph D in Communication (USP\/1994). Professor and the Dean of the School of Education (2000\/20008) of the Federal University of Bahia\/Brazil <a href=\"http:\/\/www.faced.ufba.br\/\" target=\"_top\" rel=\"noopener\">http:\/\/www.faced.ufba.br<\/a>. Researcher of CNPq (National Council for Scientific and Technological Development ). Coordinator of the research group &#8220;Educa\u00e7\u00e3o, Comunica\u00e7\u00e3o e Tecnologias&#8221; [http:\/\/www.faced.ufba.br\/gec].<\/p>\n<p>Ph D in Communication &#8211; Universiadde de Sao Paulo. 1994<\/p>\n<p>Master in Education &#8211; Universidade Federal da Bahia. 1985<\/p>\n<p>BS. in Physics (1977) with a teaching certificate, also UFBA.<\/p>\n<p>Areas: Information and Communication Technologies, Teacher Trainning, Cyberculture, Internet, Open Source and Education, Hacker Ethic, Distance Education.<\/p>\n<p>Former Superintendent of Special Projects at the Brazilian Center for Educational Television (Rio de Janeiro) and former Coordinator of the projects Universidade V\u00eddeo (a project whose goal was to encourage the use of video in Brazilian universities) and Universidade (a TV program about Science and Technology).<\/p>\n<p>Between 1986 and 1987, was Coordinator of Studies and Analysis at the National Institute of Education\/Ministery of Education (Bras\u00edlia).<\/p>\n<p>Post Doctarate research at the at the Theory, Culture &amp; Society Centre (at the School of Arts and Humanities &#8211;<a title=\"NTU\" href=\"http:\/\/www.ntu.ac.uk\" target=\"_blank\" rel=\"noopener\">Nottingham Trent University<\/a>\/UK) &#8211; November, 2008 to July, 2009 AND at the <a href=\"http:\/\/www.goldsmiths.ac.uk\/cultural-studies\/\" target=\"_blank\" rel=\"noopener\">Centre for Cultural Studies<\/a> at the Goldsmits College\/London University with Dr. Scott Lash. From October.98 to August.99.<\/p>\n<p><a href=\"http:\/\/www.ufba.br\/%7Epretto\/projctengl.htm\" target=\"_blank\" rel=\"noopener\">Final report: _Media Technologies and Education_<\/a><\/p>\n<p><a href=\"http:\/\/buscatextual.cnpq.br\/buscatextual\/visualizacv.jsp?id=K4788646J1\" target=\"_top\" rel=\"noopener\">Curriculum Viate &#8211; CNPq<\/a><\/p>\n<h1>Nelson Pretto Publications<\/h1>\n<p>Education and Multimedia (Uma escola sem\/com futuro &#8211; educa\u00e7\u00e3o e multim\u00eddia), published in April 1996 by Papirus Publishers, S\u00e3o Paulo<\/p>\n<p>A Survey of Science in Schoolbooks (1985), published by the University Presses of Bahia and S\u00e3o Paulo.<\/p>\n<p>Globalisation and Education (with Maria Helena Bonilla) , UNIJUI Press Publisher . This book is a colection of articles about media and education.<\/p>\n<h1>Some Papers<\/h1>\n<p><a href=\"http:\/\/www.ufba.br\/%7Epretto\/textos\/gjoe.htm\" target=\"_blank\" rel=\"noopener\">ICT in Education: Challenges for the Curriculum<\/a>. Goldsmthis Journal of Education, Goldsmith College, London University, London, UK.<\/p>\n<p>Interview published in <a href=\"http:\/\/www.arede.inf.br\/\" target=\"_blank\" rel=\"noopener\">Revista A Rede<\/a> de julho de 2006. pdf file!<\/p>\n<p><a href=\"http:\/\/twiki.ufba.br\/twiki\/bin\/view\/Pretto\/GeracaoAlt\" target=\"_blank\" rel=\"noopener\">&#8220;Gera\u00e7\u00e3o alt+tab&#8221; constitui um desafio para a universidade <\/a> em A Tarde, Caderno Cultural de 22\/07\/2006.<\/p>\n<p>Newspaper A Tarde &#8211; 03\/07\/2006, <a href=\"http:\/\/twiki.ufba.br\/twiki\/bin\/view\/Pretto\/UfbaRebelde\" target=\"_blank\" rel=\"noopener\">Ufba Rebelde<\/a>! Another version in <a href=\"http:\/\/www.faced.ufba.br\/rascunho_digital\/textos\/588.htm\" target=\"_blank\" rel=\"noopener\">Rascunho Digital<\/a>. Also published (integral version) in Jornal da Ci\u00eancia de 14\/06\/2006, pag. 14.<\/p>\n<p>Last paper: <a href=\"http:\/\/www.rieoei.org\/opinion26.htm\" target=\"_blank\" rel=\"noopener\">Desaf\u00edos para la educaci\u00f3n en un mundo globalizado<\/a> na Revista Iberoamericana de Educaci\u00f3n, edicci\u00f3n 25\/06\/2006. N\u00famero 39\/2 ISSN: 1681-5653.<\/p>\n<p><a href=\"http:\/\/www.twiki.ufba.br\/twiki\/bin\/view\/Pretto\/MemoriaPerdida%22\" target=\"_blank\" rel=\"noopener\">Mem\u00f3ria Digital <\/a>, em A Tarde, de 21\/06\/06.<\/p>\n<p><a href=\"http:\/\/twiki.ufba.br\/twiki\/bin\/view\/Pretto\/CorrendoTempo\" target=\"_top\" rel=\"noopener\">Correndo Contra o Tempo<\/a>, artigo em A Tarde de 08\/06\/2006.<\/p>\n<p>M\u00eddia, Curr\u00edculo e o Neg\u00f3cio da Educa\u00e7\u00e3o, chapter of the book Curr\u00edculo, Cotidiano e Tecnologias edited by Antonio Fl\u00e1vio B\u00e1rbosa Moreira, Maria Palmira Carlos Alves and Regina Leite Garcia (orgs). ISBN 10-85-86305-30-8. Araraquaquara\/SP: Editora Junqueira&amp;marion editores<\/p>\n<p>Transfortma\u00e7\u00f5es da Aprendizagem na Sociedade da Informa\u00e7\u00e3o, na <a href=\"http:\/\/www.liinc.ufrj.br\/revista\/index-revista.htm\" target=\"_top\" rel=\"noopener\">Revista do LIINC<\/a>, v. 2, n. 1, mar\u00e7o 2006.<\/p>\n<p><a href=\"http:\/\/twiki.ufba.br\/twiki\/bin\/view\/Pretto\/PrettoArtigos\">all papers, in portuguese &#8211; click here<\/a> or <a href=\"http:\/\/www.ufba.br\/%7Epretto\/textos\/textos.htm\" target=\"_blak\" rel=\"noopener\">here<\/a><\/p>\n<h2><a name=\"Lectures_Seminnars_and_courses\"><\/a> Lectures, Seminnars and courses<\/h2>\n<p><a href=\"http:\/\/www.ufba.br\/%7Epretto\/textos\/pretto1.htm\" target=\"_blak\" rel=\"noopener\">Reducing Distances in Face-to-Face Education  -Ed&#8217;Media 97 &#8211; jul.97<\/a><\/p>\n<p><a name=\"ConselhosEditorias\"><\/a><\/p>\n<h1><a name=\"Journals_Editorial_Board\"><\/a> Journals Editorial Board<\/h1>\n<p>Revista Brasileira de Educa\u00e7\u00e3o [2003-atual]<\/p>\n<p>Revista Educa\u00e7\u00e3o e Sociedade [2003-atual]<\/p>\n<p>Laborat\u00f3rio Interdisciplinar Sobre Informa\u00e7\u00e3o e Conhecimento <a href=\"http:\/\/www.liinc.ufrj.br\/\" target=\"_top\" rel=\"noopener\">LIINC<\/a>. Veja a <a href=\"http:\/\/www.liinc.ufrj.br\/revista\/index-revista.htm\" target=\"_top\" rel=\"noopener\">Revista do LIINC<\/a><\/p>\n<p>Revista Linhas Criticas &#8211; revista semestral da Faculdade de Educa\u00e7\u00e3o da UNB &#8211; ISSN 15164896 &#8211; consutor ad hoc (2005)<\/p>\n<p>Revista &#8220;404nOtF0und&#8221; ( ISSN 1676-2916), uma publica\u00e7\u00e3o do Ciberpesquisa &#8211; Centro Internacional de Estudos e Pesquisas emCiberculturab <a href=\"http:\/\/www.facom.ufba.br\/ciberpesquisa\/404nOtF0und\" target=\"_top\" rel=\"noopener\">http:\/\/www.facom.ufba.br\/ciberpesquisa\/404nOtF0und<\/a> Editor: Andr\u00e9 Lemos <a href=\"mailto:alemos@ufba.br\">alemos@ufba.br<\/a><\/p>\n<p>Revista Brasileira de Inform\u00e1tica na Educa\u00e7\u00e3o<\/p>\n<p>Revista Educa\u00e7\u00e3o e Pesquisa, da Faculdade de Educa\u00e7\u00e3o da USP. consulto ad hoc (2006).<\/p>\n<p><a name=\"MeusLinks\"><\/a><\/p>\n<h1><a name=\"My_links\"><\/a> My links<\/h1>\n<p><a href=\"http:\/\/www.faced.ufba.br\/rascunho_digital\/visualiza.php?ver_textos=nelson\" target=\"_top\" rel=\"noopener\">Digital Draft\/Rascunho Digital<\/a>, developed by Menandro Ramos and Renato Navais.<\/p>\n<p><a href=\"http:\/\/www.tabuleirodigital.org\/\" target=\"_top\" rel=\"noopener\">Tabuleiro Digital<\/a>&#8230; o que \u00e9 que  a baiana tem.. o que \u00e9 que o baiano tem.. eh eh eh&#8230;<\/p>\n<p><a href=\"http:\/\/www.radio.faced.ufba.br\/\" target=\"_top\" rel=\"noopener\">R\u00e1dio Faced Web<\/a>. Our web radio, created by my reserach group as part of the research Do MEB \u00e0 WEB: o r\u00e1dio na Educa\u00e7\u00e3o.<\/p>\n<p><a href=\"http:\/\/www.librarything.com\/catalog\/nlpretto\" target=\"_top\" rel=\"noopener\">Minha biblioteca, no Librything.com<\/a> Intersting but.. I don&#8217;t know how it works well.<\/p>\n<p>T\u00f4 ligado no <a href=\"http:\/\/www.jamendo.com\/\" target=\"_top\" rel=\"noopener\">Jamendo<\/a>, meu! muita m\u00fasica boa&#8230;<\/p>\n<p>com liberdade de distribui\u00e7\u00e3o atrav\u00e9s do <a href=\"http:\/\/www.creativecommons.org\/\" target=\"_top\" rel=\"noopener\">Creative Commons<\/a>&#8230;<\/p>\n<p>Non Governamental Organization to incentive Open sSource use as part of the digital cultureLook at <a href=\"http:\/\/twiki.softwarelivre.org\/bin\/view\/RedeLivre\/WebHome\" target=\"_top\" rel=\"noopener\">_Rede Livre de Compartilhamento da Cultura Digital &#8211; REDE LIVRE_.<\/a><\/p>\n<h1>Agenda<\/h1>\n<p style=\"text-align: center\"><a href=\"http:\/\/blog.ufba.br\/nlpretto\/files\/2010\/02\/onde_esta_pretto.gif\"><img decoding=\"async\" class=\"aligncenter size-full wp-image-135\" src=\"http:\/\/blog.ufba.br\/nlpretto\/files\/2010\/02\/onde_esta_pretto.gif\" alt=\"\" width=\"235\" height=\"176\" \/><\/a><\/p>\n<p>If you&#8217;d like, email-me: <em>nelson at pretto.info<\/em><\/p>\n","protected":false},"excerpt":{"rendered":"<p>Welcome to Nelson Pretto homepage Professor and former Director (2000 &#8211; 2008)of the School of Education at the Federal University of Bahia. short curriculum, in english (pdf) Ph D in Communication (USP\/1994). Professor and the Dean of the School of Education (2000\/20008) of the Federal University of Bahia\/Brazil http:\/\/www.faced.ufba.br. Researcher of CNPq (National Council for Scientific and Technological Development ). Coordinator of the research group &#8220;Educa\u00e7\u00e3o, Comunica\u00e7\u00e3o e Tecnologias&#8221; [http:\/\/www.faced.ufba.br\/gec]. Ph D in Communication &#8211; Universiadde de Sao Paulo. 1994 Master in Education &#8211; Universidade Federal da Bahia. 1985 BS. in Physics (1977) with a teaching certificate, also UFBA. Areas: Information and Communication Technologies, Teacher Trainning, Cyberculture, Internet, Open Source and Education, Hacker Ethic, Distance Education. Former Superintendent of Special Projects at the Brazilian Center for Educational Television (Rio de Janeiro) and former Coordinator of the projects Universidade V\u00eddeo (a project whose goal was to encourage the use of video in Brazilian universities) and Universidade (a TV program about Science and Technology). Between 1986 and 1987, was Coordinator of Studies and Analysis at the National Institute of Education\/Ministery of Education (Bras\u00edlia). Post Doctarate research at the at the Theory, Culture &amp; Society Centre (at the School of Arts and Humanities &#8211;Nottingham Trent University\/UK) &#8211; November, 2008 to July, 2009 AND at the Centre for Cultural Studies at the Goldsmits College\/London University with Dr. Scott Lash. From October.98 to August.99. Final report: _Media Technologies and Education_ Curriculum Viate &#8211; CNPq Nelson Pretto Publications Education and Multimedia (Uma escola sem\/com futuro &#8211; educa\u00e7\u00e3o e multim\u00eddia), published in April 1996 by Papirus Publishers, S\u00e3o Paulo A Survey of Science in Schoolbooks (1985), published by the University Presses of Bahia and S\u00e3o Paulo. Globalisation and Education (with Maria Helena Bonilla) , UNIJUI Press Publisher . This book is a colection of articles about media and education. Some Papers ICT in Education: Challenges for the Curriculum. Goldsmthis Journal of Education, Goldsmith College, London University, London, UK. Interview published in Revista A Rede de julho de 2006. pdf file! &#8220;Gera\u00e7\u00e3o alt+tab&#8221; constitui um desafio para a universidade em A Tarde, Caderno Cultural de 22\/07\/2006. Newspaper A Tarde &#8211; 03\/07\/2006, Ufba Rebelde! Another version in Rascunho Digital. Also published (integral version) in Jornal da Ci\u00eancia de 14\/06\/2006, pag. 14. Last paper: Desaf\u00edos para la educaci\u00f3n en un mundo globalizado na Revista Iberoamericana de Educaci\u00f3n, edicci\u00f3n 25\/06\/2006. N\u00famero 39\/2 ISSN: 1681-5653. Mem\u00f3ria Digital , em A Tarde, de 21\/06\/06. Correndo Contra o Tempo, artigo em A Tarde de 08\/06\/2006. M\u00eddia, Curr\u00edculo e o Neg\u00f3cio da Educa\u00e7\u00e3o, chapter of the book Curr\u00edculo, Cotidiano e Tecnologias edited by Antonio Fl\u00e1vio B\u00e1rbosa Moreira, Maria Palmira Carlos Alves and Regina Leite Garcia (orgs). ISBN 10-85-86305-30-8. Araraquaquara\/SP: Editora Junqueira&amp;marion editores Transfortma\u00e7\u00f5es da Aprendizagem na Sociedade da Informa\u00e7\u00e3o, na Revista do LIINC, v. 2, n. 1, mar\u00e7o 2006. all papers, in portuguese &#8211; click here or here Lectures, Seminnars and courses Reducing Distances in Face-to-Face Education -Ed&#8217;Media 97 &#8211; jul.97 Journals Editorial Board Revista Brasileira de Educa\u00e7\u00e3o [2003-atual] Revista Educa\u00e7\u00e3o e Sociedade [2003-atual] Laborat\u00f3rio Interdisciplinar Sobre Informa\u00e7\u00e3o e Conhecimento LIINC. Veja a Revista do LIINC Revista Linhas Criticas &#8211; revista semestral da Faculdade de Educa\u00e7\u00e3o da UNB &#8211; ISSN 15164896 &#8211; consutor ad hoc (2005) Revista &#8220;404nOtF0und&#8221; ( ISSN 1676-2916), uma publica\u00e7\u00e3o do Ciberpesquisa &#8211; Centro Internacional de Estudos e Pesquisas emCiberculturab http:\/\/www.facom.ufba.br\/ciberpesquisa\/404nOtF0und Editor: Andr\u00e9 Lemos alemos@ufba.br Revista Brasileira de Inform\u00e1tica na Educa\u00e7\u00e3o Revista Educa\u00e7\u00e3o e Pesquisa, da Faculdade de Educa\u00e7\u00e3o da USP. consulto ad hoc (2006). My links Digital Draft\/Rascunho Digital, developed by Menandro Ramos and Renato Navais. Tabuleiro Digital&#8230; o que \u00e9 que a baiana tem.. o que \u00e9 que o baiano tem.. eh eh eh&#8230; R\u00e1dio Faced Web. Our web radio, created by my reserach group as part of the research Do MEB \u00e0 WEB: o r\u00e1dio na Educa\u00e7\u00e3o. Minha biblioteca, no Librything.com Intersting but.. I don&#8217;t know how it works well. T\u00f4 ligado no Jamendo, meu! muita m\u00fasica boa&#8230; com liberdade de distribui\u00e7\u00e3o atrav\u00e9s do Creative Commons&#8230; Non Governamental Organization to incentive Open sSource use as part of the digital cultureLook at _Rede Livre de Compartilhamento da Cultura Digital &#8211; REDE LIVRE_. Agenda If you&#8217;d like, email-me: nelson at pretto.info<\/p>\n","protected":false},"author":9,"featured_media":0,"parent":1365,"menu_order":0,"comment_status":"closed","ping_status":"closed","template":"page-2col-left.php","meta":{"pgc_meta":"","_coblocks_attr":"","_coblocks_dimensions":"","_coblocks_responsive_height":"","_coblocks_accordion_ie_support":"","ocean_post_layout":"","ocean_both_sidebars_style":"","ocean_both_sidebars_content_width":0,"ocean_both_sidebars_sidebars_width":0,"ocean_sidebar":"","ocean_second_sidebar":"","ocean_disable_margins":"enable","ocean_add_body_class":"","ocean_shortcode_before_top_bar":"","ocean_shortcode_after_top_bar":"","ocean_shortcode_before_header":"","ocean_shortcode_after_header":"","ocean_has_shortcode":"","ocean_shortcode_after_title":"","ocean_shortcode_before_footer_widgets":"","ocean_shortcode_after_footer_widgets":"","ocean_shortcode_before_footer_bottom":"","ocean_shortcode_after_footer_bottom":"","ocean_display_top_bar":"default","ocean_display_header":"default","ocean_header_style":"","ocean_center_header_left_menu":"","ocean_custom_header_template":"","ocean_custom_logo":0,"ocean_custom_retina_logo":0,"ocean_custom_logo_max_width":0,"ocean_custom_logo_tablet_max_width":0,"ocean_custom_logo_mobile_max_width":0,"ocean_custom_logo_max_height":0,"ocean_custom_logo_tablet_max_height":0,"ocean_custom_logo_mobile_max_height":0,"ocean_header_custom_menu":"","ocean_menu_typo_font_family":"","ocean_menu_typo_font_subset":"","ocean_menu_typo_font_size":0,"ocean_menu_typo_font_size_tablet":0,"ocean_menu_typo_font_size_mobile":0,"ocean_menu_typo_font_size_unit":"px","ocean_menu_typo_font_weight":"","ocean_menu_typo_font_weight_tablet":"","ocean_menu_typo_font_weight_mobile":"","ocean_menu_typo_transform":"","ocean_menu_typo_transform_tablet":"","ocean_menu_typo_transform_mobile":"","ocean_menu_typo_line_height":0,"ocean_menu_typo_line_height_tablet":0,"ocean_menu_typo_line_height_mobile":0,"ocean_menu_typo_line_height_unit":"","ocean_menu_typo_spacing":0,"ocean_menu_typo_spacing_tablet":0,"ocean_menu_typo_spacing_mobile":0,"ocean_menu_typo_spacing_unit":"","ocean_menu_link_color":"","ocean_menu_link_color_hover":"","ocean_menu_link_color_active":"","ocean_menu_link_background":"","ocean_menu_link_hover_background":"","ocean_menu_link_active_background":"","ocean_menu_social_links_bg":"","ocean_menu_social_hover_links_bg":"","ocean_menu_social_links_color":"","ocean_menu_social_hover_links_color":"","ocean_disable_title":"default","ocean_disable_heading":"default","ocean_post_title":"","ocean_post_subheading":"","ocean_post_title_style":"","ocean_post_title_background_color":"","ocean_post_title_background":0,"ocean_post_title_bg_image_position":"","ocean_post_title_bg_image_attachment":"","ocean_post_title_bg_image_repeat":"","ocean_post_title_bg_image_size":"","ocean_post_title_height":0,"ocean_post_title_bg_overlay":0.5,"ocean_post_title_bg_overlay_color":"","ocean_disable_breadcrumbs":"default","ocean_breadcrumbs_color":"","ocean_breadcrumbs_separator_color":"","ocean_breadcrumbs_links_color":"","ocean_breadcrumbs_links_hover_color":"","ocean_display_footer_widgets":"default","ocean_display_footer_bottom":"default","ocean_custom_footer_template":"","_themeisle_gutenberg_block_has_review":false,"footnotes":""},"class_list":["post-103","page","type-page","status-publish","hentry","entry"],"pgc_meta":"","_links":{"self":[{"href":"https:\/\/blog.ufba.br\/nelsonpretto\/wp-json\/wp\/v2\/pages\/103"}],"collection":[{"href":"https:\/\/blog.ufba.br\/nelsonpretto\/wp-json\/wp\/v2\/pages"}],"about":[{"href":"https:\/\/blog.ufba.br\/nelsonpretto\/wp-json\/wp\/v2\/types\/page"}],"author":[{"embeddable":true,"href":"https:\/\/blog.ufba.br\/nelsonpretto\/wp-json\/wp\/v2\/users\/9"}],"replies":[{"embeddable":true,"href":"https:\/\/blog.ufba.br\/nelsonpretto\/wp-json\/wp\/v2\/comments?post=103"}],"version-history":[{"count":0,"href":"https:\/\/blog.ufba.br\/nelsonpretto\/wp-json\/wp\/v2\/pages\/103\/revisions"}],"up":[{"embeddable":true,"href":"https:\/\/blog.ufba.br\/nelsonpretto\/wp-json\/wp\/v2\/pages\/1365"}],"wp:attachment":[{"href":"https:\/\/blog.ufba.br\/nelsonpretto\/wp-json\/wp\/v2\/media?parent=103"}],"curies":[{"name":"wp","href":"https:\/\/api.w.org\/{rel}","templated":true}]}}