{"id":709,"date":"2019-01-15T18:44:06","date_gmt":"2019-01-15T21:44:06","guid":{"rendered":"http:\/\/blog.ufba.br\/liccomp\/?page_id=709"},"modified":"2019-01-15T18:44:06","modified_gmt":"2019-01-15T21:44:06","slug":"estagio-nao-obrigatorio","status":"publish","type":"page","link":"https:\/\/blog.ufba.br\/liccomp\/estagio-nao-obrigatorio\/","title":{"rendered":"Est\u00e1gio N\u00e3o Obrigat\u00f3rio"},"content":{"rendered":"<p>De acordo com as Normas do Curso de Licenciatura em Computa\u00e7\u00e3o para realiza\u00e7\u00e3o de Est\u00e1gio Supervisionado N\u00e3o Obrigat\u00f3rio (previsto no Projeto Pedag\u00f3gico do Curso e decidido na 28a Reuni\u00e3o deste Colegiado, em conform\u00e2ncia com a Lei 11.788\/08), s\u00e3o crit\u00e9rios para a realiza\u00e7\u00e3o de Est\u00e1gio:<\/p>\n<ul>\n<li>Estudante deve estar regularmente matriculado no semestre corrente;<\/li>\n<li>Ter sido aprovado em pelo menos 1 (hum) componente curricular durante a vig\u00eancia do est\u00e1gio (em caso de renova\u00e7\u00f5es)<\/li>\n<li>Estudante n\u00e3o pode ter pend\u00eancias com relat\u00f3rios ou documenta\u00e7\u00e3o de Est\u00e1gios realizados anteriormente no Curso;<\/li>\n<li>A Empresa Concedente ou Intermediadora do Est\u00e1gio deve possuir conv\u00eanio firmado com a Universidade para realiza\u00e7\u00e3o de Est\u00e1gio Supervisionado.<\/li>\n<\/ul>\n<p>Para assinatura de contrato de est\u00e1gio, o\/a estudante deve entregar 3 (tr\u00eas) vias do contrato devidamente assinado pela empresa concedente ou intermediadora do est\u00e1gio\u00a0 e pelo(a) estudante no Centro de Atendimento \u00e0 Gradua\u00e7\u00e3o (CEAG) . O CEAG verificar\u00e1 a exist\u00eancia de conv\u00eanio firmado entre a empresa e a Universidade e, em caso positivo, repassar\u00e1 ao Colegiado para que o mesmo avalie se o contrato de est\u00e1gio satisfaz os seguintes crit\u00e9rios:<\/p>\n<ol>\n<li>O contrato determina um Supervisor T\u00e9cnico na Empresa Concedente que deve se responsabilizar por orientar o\/a estudante nas suas atividades laborais dentro da empresa;<\/li>\n<li>O contrato determina ap\u00f3lice de Seguro Obrigat\u00f3rio para o\/a estudante estagi\u00e1rio(a), como determinado por Lei;<\/li>\n<li>O contrato possui vig\u00eancia m\u00e1xima de 6 (seis) meses;<\/li>\n<li>A carga hor\u00e1ria estabelecida em contrato n\u00e3o excede o limite de\u00a0 30hs\/semanais e 6hs\/di\u00e1rias;<\/li>\n<li>O contrato est\u00e1 anexo de plano de atividades prevendo as a\u00e7\u00f5es a serem desenvolvidas pelo(a) estagi\u00e1rio(a) durante a vig\u00eancia do contrato;<\/li>\n<li>O contrato cont\u00e9m espa\u00e7o para este Colegiado apontar professor orientador respons\u00e1vel pelo est\u00e1gio nesta Universidade<\/li>\n<li>O(a) estudante requerente n\u00e3o possui pend\u00eancias de documenta\u00e7\u00e3o de est\u00e1gios anteriores.<\/li>\n<\/ol>\n<p>&nbsp;<\/p>\n<p>\u00c9 de responsabilidade do(a) Estagi\u00e1rio(a) apresentar a este Colegiado relat\u00f3rio de atividades do(a) Estagi\u00e1rio(a) e Supervisor, devidamente assinado de acordo com Modelo abaixo.<\/p>\n<ul>\n<li><a href=\"https:\/\/drive.google.com\/open?id=1EumvfYKcyX4GwSMiKIxzHHPUqt-JLZog\">Modelo de Relat\u00f3rio do\u00a0Estagi\u00e1rio<\/a><\/li>\n<li><a href=\"https:\/\/drive.google.com\/open?id=1jEV8IgRTVfYWeayqOuyWLAVcjSsQsCO6\">Modelo de Relat\u00f3rio do\u00a0Supervisor<\/a><\/li>\n<\/ul>\n<p>IMPORTANTE:<\/p>\n<ol>\n<li>ESTE COLEGIADO N\u00c3O ASSINAR\u00c1 CONTRATOS DE EST\u00c1GIO COM DATA RETROATIVA<\/li>\n<li>A ASSINATURA DO TERMO DE EST\u00c1GIO SE DAR\u00c1 EM AT\u00c9 3 DIAS \u00daTEIS<\/li>\n<\/ol>\n<p>&nbsp;<\/p>\n","protected":false},"excerpt":{"rendered":"<p>De acordo com as Normas do Curso de Licenciatura em Computa\u00e7\u00e3o para realiza\u00e7\u00e3o de Est\u00e1gio Supervisionado N\u00e3o Obrigat\u00f3rio (previsto no Projeto Pedag\u00f3gico do Curso e decidido na 28a Reuni\u00e3o deste Colegiado, em conform\u00e2ncia com a Lei 11.788\/08), s\u00e3o crit\u00e9rios para &hellip;<\/p>\n<p class=\"read-more\"> <a class=\"more-link\" href=\"https:\/\/blog.ufba.br\/liccomp\/estagio-nao-obrigatorio\/\"> <span class=\"screen-reader-text\">Est\u00e1gio N\u00e3o Obrigat\u00f3rio<\/span> Read More &raquo;<\/a><\/p>\n","protected":false},"author":1,"featured_media":0,"parent":0,"menu_order":0,"comment_status":"open","ping_status":"open","template":"","meta":{"_coblocks_attr":"","_coblocks_dimensions":"","_coblocks_responsive_height":"","_coblocks_accordion_ie_support":"","_themeisle_gutenberg_block_has_review":false,"footnotes":""},"class_list":["post-709","page","type-page","status-publish","hentry"],"_links":{"self":[{"href":"https:\/\/blog.ufba.br\/liccomp\/wp-json\/wp\/v2\/pages\/709"}],"collection":[{"href":"https:\/\/blog.ufba.br\/liccomp\/wp-json\/wp\/v2\/pages"}],"about":[{"href":"https:\/\/blog.ufba.br\/liccomp\/wp-json\/wp\/v2\/types\/page"}],"author":[{"embeddable":true,"href":"https:\/\/blog.ufba.br\/liccomp\/wp-json\/wp\/v2\/users\/1"}],"replies":[{"embeddable":true,"href":"https:\/\/blog.ufba.br\/liccomp\/wp-json\/wp\/v2\/comments?post=709"}],"version-history":[{"count":0,"href":"https:\/\/blog.ufba.br\/liccomp\/wp-json\/wp\/v2\/pages\/709\/revisions"}],"wp:attachment":[{"href":"https:\/\/blog.ufba.br\/liccomp\/wp-json\/wp\/v2\/media?parent=709"}],"curies":[{"name":"wp","href":"https:\/\/api.w.org\/{rel}","templated":true}]}}