{"id":648,"date":"2016-04-06T18:00:28","date_gmt":"2016-04-06T21:00:28","guid":{"rendered":"http:\/\/blog.ufba.br\/liccomp\/?page_id=648"},"modified":"2016-04-06T18:00:28","modified_gmt":"2016-04-06T21:00:28","slug":"perfil-de-egresso","status":"publish","type":"page","link":"https:\/\/blog.ufba.br\/liccomp\/perfil-de-egresso\/","title":{"rendered":"Perfil do Egresso"},"content":{"rendered":"<p>O egresso do Curso de Licenciatura em Computa\u00e7\u00e3o \u00e9 um educador que estar\u00e1 capacitado para o exerc\u00edcio do magist\u00e9rio do Ensino B\u00e1sico, t\u00e9cnico e tecnol\u00f3gico na \u00e1rea de computa\u00e7\u00e3o e inform\u00e1tica. Sua forma\u00e7\u00e3o inclui qualifica\u00e7\u00e3o cient\u00edfica e pedag\u00f3gica, focada na utiliza\u00e7\u00e3o das tecnologias digitais no processo de ensino-aprendizagem, de forma a torn\u00e1-lo um profissional capaz de atuar de maneira inovadora, acompanhar e contribuir para o desenvolvimento da \u00e1rea de Inform\u00e1tica Educativa.<\/p>\n<p>Especificamente, espera-se do egresso deste curso:<\/p>\n<ul>\n<li>\n<p align=\"justify\">Uma forma\u00e7\u00e3o b\u00e1sica em aspectos te\u00f3ricos e pr\u00e1ticos da Ci\u00eancia da Computa\u00e7\u00e3o;<\/p>\n<\/li>\n<li>\n<p align=\"justify\">Uma forma\u00e7\u00e3o b\u00e1sica em aspectos te\u00f3ricos e pr\u00e1ticos da \u00e1rea de Educa\u00e7\u00e3o;<\/p>\n<\/li>\n<li>\n<p align=\"justify\">Capacidade para atuar como docente em Componentes Curriculares de conte\u00fados associados \u00e0 Computa\u00e7\u00e3o e Inform\u00e1tica em Cursos do ensino b\u00e1sico, t\u00e9cnico e tecnol\u00f3gico;<\/p>\n<\/li>\n<li>\n<p align=\"justify\">Capacidade para utilizar tecnologias digitais no \u00e2mbito do processo de ensino- aprendizagem seja ele presencial ou a dist\u00e2ncia;<\/p>\n<\/li>\n<li>\n<p align=\"justify\">Capacidade para atuar como agente integrador fornecendo recursos de inform\u00e1tica educativa no processo de ensino-aprendizagem dos componentes curriculares do ensino b\u00e1sico, t\u00e9cnico e tecn\u00f3logico, mediante intera\u00e7\u00e3o multidisciplinar com professores de outras \u00e1reas;<\/p>\n<\/li>\n<li>\n<p align=\"justify\">Capacidade para ingressar em programas de p\u00f3s-gradua\u00e7\u00e3o em Ci\u00eancia da Computa\u00e7\u00e3o e \u00e1reas afins.<\/p>\n<\/li>\n<\/ul>\n","protected":false},"excerpt":{"rendered":"<p>O egresso do Curso de Licenciatura em Computa\u00e7\u00e3o \u00e9 um educador que estar\u00e1 capacitado para o exerc\u00edcio do magist\u00e9rio do Ensino B\u00e1sico, t\u00e9cnico e tecnol\u00f3gico na \u00e1rea de computa\u00e7\u00e3o e inform\u00e1tica. Sua forma\u00e7\u00e3o inclui qualifica\u00e7\u00e3o cient\u00edfica e pedag\u00f3gica, focada na &hellip;<\/p>\n<p class=\"read-more\"> <a class=\"more-link\" href=\"https:\/\/blog.ufba.br\/liccomp\/perfil-de-egresso\/\"> <span class=\"screen-reader-text\">Perfil do Egresso<\/span> Read More &raquo;<\/a><\/p>\n","protected":false},"author":1,"featured_media":0,"parent":0,"menu_order":0,"comment_status":"closed","ping_status":"closed","template":"","meta":{"_coblocks_attr":"","_coblocks_dimensions":"","_coblocks_responsive_height":"","_coblocks_accordion_ie_support":"","_themeisle_gutenberg_block_has_review":false,"footnotes":""},"class_list":["post-648","page","type-page","status-publish","hentry"],"_links":{"self":[{"href":"https:\/\/blog.ufba.br\/liccomp\/wp-json\/wp\/v2\/pages\/648"}],"collection":[{"href":"https:\/\/blog.ufba.br\/liccomp\/wp-json\/wp\/v2\/pages"}],"about":[{"href":"https:\/\/blog.ufba.br\/liccomp\/wp-json\/wp\/v2\/types\/page"}],"author":[{"embeddable":true,"href":"https:\/\/blog.ufba.br\/liccomp\/wp-json\/wp\/v2\/users\/1"}],"replies":[{"embeddable":true,"href":"https:\/\/blog.ufba.br\/liccomp\/wp-json\/wp\/v2\/comments?post=648"}],"version-history":[{"count":0,"href":"https:\/\/blog.ufba.br\/liccomp\/wp-json\/wp\/v2\/pages\/648\/revisions"}],"wp:attachment":[{"href":"https:\/\/blog.ufba.br\/liccomp\/wp-json\/wp\/v2\/media?parent=648"}],"curies":[{"name":"wp","href":"https:\/\/api.w.org\/{rel}","templated":true}]}}