{"id":645,"date":"2016-04-06T18:09:58","date_gmt":"2016-04-06T21:09:58","guid":{"rendered":"http:\/\/blog.ufba.br\/liccomp\/?page_id=645"},"modified":"2016-04-06T18:09:58","modified_gmt":"2016-04-06T21:09:58","slug":"objetivo","status":"publish","type":"page","link":"https:\/\/blog.ufba.br\/liccomp\/objetivo\/","title":{"rendered":"Objetivo"},"content":{"rendered":"<p align=\"justify\">De maneira geral pode-se estabelecer como objetivo do curso, formar profissionais de educa\u00e7\u00e3o que atuem como agentes integradores no processo de ensino-aprendizagem, capazes de compreender o fen\u00f4meno educativo na sua diversidade e complexidade, contextualizando-o socialmente no seu tempo e espa\u00e7o.<\/p>\n<p>\u00a0Objetivos Espec\u00edficos:<\/p>\n<ul>\n<li>\n<p align=\"justify\">Fornecer uma forma\u00e7\u00e3o b\u00e1sica s\u00f3lida dos conceitos fundamentais indispens\u00e1veis para a compreens\u00e3o dos problemas relacionados com a teoria e a pr\u00e1tica de ensino da computa\u00e7\u00e3o e inform\u00e1tica no \u00e2mbito do Ensino B\u00e1sico, T\u00e9cnico e Tecnol\u00f3gico;<\/p>\n<\/li>\n<li>\n<p align=\"justify\">Apresentar os conceitos fundamentais das mat\u00e9rias tecnol\u00f3gicas da computa\u00e7\u00e3o e oferecer forma\u00e7\u00f5es aprofundadas em algumas \u00e1reas tecnol\u00f3gicas;<\/p>\n<\/li>\n<li>\n<p align=\"justify\">Dar uma forma\u00e7\u00e3o te\u00f3rica e pr\u00e1tica da utiliza\u00e7\u00e3o da interdisciplinaridade da inform\u00e1tica para o processo de ensino-aprendizagem;<\/p>\n<\/li>\n<li>\n<p align=\"justify\">Formar profissionais que atendam ao mercado de trabalho de forma\u00e7\u00e3o b\u00e1sica, treinamentos, constru\u00e7\u00e3o de conte\u00fados, etc;<\/p>\n<\/li>\n<li>\n<p align=\"justify\">Propiciar uma forma\u00e7\u00e3o s\u00f3lida e abrangente de educadores, com base nas \u00e1reas de computa\u00e7\u00e3o e t\u00e9cnicas de inform\u00e1tica, enfatizando aspectos cient\u00edficos, t\u00e9cnicos, pedag\u00f3gicos e sociais;<\/p>\n<\/li>\n<li>\n<p align=\"justify\">Promover a gera\u00e7\u00e3o de inova\u00e7\u00f5es no processo da forma\u00e7\u00e3o de educadores para a educa\u00e7\u00e3o b\u00e1sica, preparando-os para o exerc\u00edcio do magist\u00e9rio suportado por tecnologias de inform\u00e1tica e fundamentos de computa\u00e7\u00e3o;<\/p>\n<\/li>\n<li>\n<p align=\"justify\">Incentivar o esp\u00edrito cient\u00edfico do aluno, procurando motiv\u00e1-lo para participar de projetos de pesquisa;<\/p>\n<\/li>\n<li>\n<p align=\"justify\">Preparar o aluno para ingressar em programas de p\u00f3s-gradua\u00e7\u00e3o.<\/p>\n<\/li>\n<\/ul>\n","protected":false},"excerpt":{"rendered":"<p>De maneira geral pode-se estabelecer como objetivo do curso, formar profissionais de educa\u00e7\u00e3o que atuem como agentes integradores no processo de ensino-aprendizagem, capazes de compreender o fen\u00f4meno educativo na sua diversidade e complexidade, contextualizando-o socialmente no seu tempo e espa\u00e7o. &hellip;<\/p>\n<p class=\"read-more\"> <a class=\"more-link\" href=\"https:\/\/blog.ufba.br\/liccomp\/objetivo\/\"> <span class=\"screen-reader-text\">Objetivo<\/span> Read More &raquo;<\/a><\/p>\n","protected":false},"author":1,"featured_media":0,"parent":0,"menu_order":0,"comment_status":"closed","ping_status":"closed","template":"full-width-page.php","meta":{"_coblocks_attr":"","_coblocks_dimensions":"","_coblocks_responsive_height":"","_coblocks_accordion_ie_support":"","_themeisle_gutenberg_block_has_review":false,"footnotes":""},"class_list":["post-645","page","type-page","status-publish","hentry"],"_links":{"self":[{"href":"https:\/\/blog.ufba.br\/liccomp\/wp-json\/wp\/v2\/pages\/645"}],"collection":[{"href":"https:\/\/blog.ufba.br\/liccomp\/wp-json\/wp\/v2\/pages"}],"about":[{"href":"https:\/\/blog.ufba.br\/liccomp\/wp-json\/wp\/v2\/types\/page"}],"author":[{"embeddable":true,"href":"https:\/\/blog.ufba.br\/liccomp\/wp-json\/wp\/v2\/users\/1"}],"replies":[{"embeddable":true,"href":"https:\/\/blog.ufba.br\/liccomp\/wp-json\/wp\/v2\/comments?post=645"}],"version-history":[{"count":0,"href":"https:\/\/blog.ufba.br\/liccomp\/wp-json\/wp\/v2\/pages\/645\/revisions"}],"wp:attachment":[{"href":"https:\/\/blog.ufba.br\/liccomp\/wp-json\/wp\/v2\/media?parent=645"}],"curies":[{"name":"wp","href":"https:\/\/api.w.org\/{rel}","templated":true}]}}