{"id":270,"date":"2013-06-23T01:22:16","date_gmt":"2013-06-23T04:22:16","guid":{"rendered":"http:\/\/blog.ufba.br\/liccomp\/?page_id=270"},"modified":"2013-06-23T01:22:16","modified_gmt":"2013-06-23T04:22:16","slug":"link-de-pagina-inicial","status":"publish","type":"page","link":"https:\/\/blog.ufba.br\/liccomp\/link-de-pagina-inicial\/","title":{"rendered":"Link de p\u00e1gina inicial"},"content":{"rendered":"<blockquote class=\"wp-embedded-content\" data-secret=\"UOujeJ3LVf\"><p><a href=\"https:\/\/blog.ufba.br\/liccomp\/\">Apresenta\u00e7\u00e3o<\/a><\/p><\/blockquote>\n<p><iframe loading=\"lazy\" class=\"wp-embedded-content\" sandbox=\"allow-scripts\" security=\"restricted\" style=\"position: absolute; visibility: hidden;\" title=\"&#8220;Apresenta\u00e7\u00e3o&#8221; &#8212; Licenciatura em Computa\u00e7\u00e3o\" src=\"https:\/\/blog.ufba.br\/liccomp\/embed\/#?secret=ZVUiLTVkP0#?secret=UOujeJ3LVf\" data-secret=\"UOujeJ3LVf\" width=\"600\" height=\"338\" frameborder=\"0\" marginwidth=\"0\" marginheight=\"0\" scrolling=\"no\"><\/iframe><\/p>\n","protected":false},"excerpt":{"rendered":"<p>Apresenta\u00e7\u00e3o<\/p>\n","protected":false},"author":1,"featured_media":0,"parent":0,"menu_order":0,"comment_status":"open","ping_status":"open","template":"","meta":{"_coblocks_attr":"","_coblocks_dimensions":"","_coblocks_responsive_height":"","_coblocks_accordion_ie_support":"","_themeisle_gutenberg_block_has_review":false,"footnotes":""},"class_list":["post-270","page","type-page","status-publish","hentry"],"_links":{"self":[{"href":"https:\/\/blog.ufba.br\/liccomp\/wp-json\/wp\/v2\/pages\/270"}],"collection":[{"href":"https:\/\/blog.ufba.br\/liccomp\/wp-json\/wp\/v2\/pages"}],"about":[{"href":"https:\/\/blog.ufba.br\/liccomp\/wp-json\/wp\/v2\/types\/page"}],"author":[{"embeddable":true,"href":"https:\/\/blog.ufba.br\/liccomp\/wp-json\/wp\/v2\/users\/1"}],"replies":[{"embeddable":true,"href":"https:\/\/blog.ufba.br\/liccomp\/wp-json\/wp\/v2\/comments?post=270"}],"version-history":[{"count":0,"href":"https:\/\/blog.ufba.br\/liccomp\/wp-json\/wp\/v2\/pages\/270\/revisions"}],"wp:attachment":[{"href":"https:\/\/blog.ufba.br\/liccomp\/wp-json\/wp\/v2\/media?parent=270"}],"curies":[{"name":"wp","href":"https:\/\/api.w.org\/{rel}","templated":true}]}}