{"id":223,"date":"2013-06-22T19:41:50","date_gmt":"2013-06-22T22:41:50","guid":{"rendered":"http:\/\/blog.ufba.br\/liccomp\/?page_id=223"},"modified":"2013-06-22T19:41:50","modified_gmt":"2013-06-22T22:41:50","slug":"links","status":"publish","type":"page","link":"https:\/\/blog.ufba.br\/liccomp\/links\/","title":{"rendered":"Links"},"content":{"rendered":"<ul>\n<li><a href=\"http:\/\/www.sbc.org.br\/\" target=\"_blank\" rel=\"noopener\">Sociedade Brasileira de Computa\u00e7\u00e3o<\/a><\/li>\n<li><a href=\"http:\/\/www.mec.gov.br\/\" target=\"_blank\" rel=\"noopener\">Ministerio da Educa\u00e7\u00e3o<\/a><\/li>\n<li><a href=\"http:\/\/wiki.dcc.ufba.br\/DCC\/WebHome\" target=\"_blank\" rel=\"noopener\">Departamento de Computa\u00e7\u00e3o<\/a><\/li>\n<li><a href=\"http:\/\/www.ufba.br\/\" target=\"_blank\" rel=\"noopener\">UFBA<\/a><\/li>\n<li><a href=\"http:\/\/tvescola.mec.gov.br\/\" target=\"_blank\" rel=\"noopener\">TV Escola<\/a><\/li>\n<li><strong><a href=\"http:\/\/www.sgc.ufba.br\/legisla%E7%E3o\/gradua%E7%E3o\/REG_revis%E3o_out_09.pdf\" target=\"_blank\" rel=\"noopener\">Regulamento de Ensino de Gradua\u00e7\u00e3o da UFBA<\/a><\/strong><\/li>\n<li><strong><strong><a href=\"http:\/\/portal.mec.gov.br\/dmdocuments\/referencial_consulta3.pdf\" target=\"_blank\" rel=\"noopener\">Referencial de Curso<\/a><\/strong><\/strong><\/li>\n<li><strong><strong><strong><a href=\"https:\/\/wiki.dcc.ufba.br\/pub\/LicComp\/Link\/REFFERENCIAIS_CURRICULARES_NACIONAIS.pdf\" target=\"_blank\" rel=\"noopener\">Referenciais curriculares de Inform\u00e1tica-licenciatura<\/a><\/strong><\/strong><\/strong><\/li>\n<li><strong><strong><a href=\"http:\/\/www.castelobranco.br\/site\/arquivos\/pdf\/Referenciais-Curriculares-Nacionais-v-2010-04-29.pdf\" target=\"_blank\" rel=\"noopener\">Referenciais curriculares nacionais dos cursos de bacharelado e licenciatura<\/a><\/strong><\/strong><\/li>\n<li><strong><strong><strong><a href=\"http:\/\/www.abmeseduca.com\/?p=351\" target=\"_blank\" rel=\"noopener\">Referenciais curriculares nacionais para os bacharelados e licenciaturas: avan\u00e7o ou retrocesso?<\/a><\/strong><\/strong><\/strong><\/li>\n<li><strong><strong><strong><a href=\"http:\/\/www.sbc.org.br\/index.php?option=com_jdownloads&amp;Itemid=195&amp;task=finish&amp;cid=186&amp;catid=36\" target=\"_blank\" rel=\"noopener\">Diretrizes Curriculares dos cursos de Bacharelado em Ci\u00eancia da Computa\u00e7\u00e3o, Engenharia de Computa\u00e7\u00e3o, Engenharia de Software e Sistemas de Informa\u00e7\u00e3o<\/a><\/strong><\/strong><\/strong><\/li>\n<\/ul>\n","protected":false},"excerpt":{"rendered":"<p>Sociedade Brasileira de Computa\u00e7\u00e3o Ministerio da Educa\u00e7\u00e3o Departamento de Computa\u00e7\u00e3o UFBA TV Escola Regulamento de Ensino de Gradua\u00e7\u00e3o da UFBA Referencial de Curso Referenciais curriculares de Inform\u00e1tica-licenciatura Referenciais curriculares nacionais dos cursos de bacharelado e licenciatura Referenciais curriculares nacionais para &hellip;<\/p>\n<p class=\"read-more\"> <a class=\"more-link\" href=\"https:\/\/blog.ufba.br\/liccomp\/links\/\"> <span class=\"screen-reader-text\">Links<\/span> Read More &raquo;<\/a><\/p>\n","protected":false},"author":1,"featured_media":0,"parent":0,"menu_order":0,"comment_status":"closed","ping_status":"closed","template":"full-width-page.php","meta":{"_coblocks_attr":"","_coblocks_dimensions":"","_coblocks_responsive_height":"","_coblocks_accordion_ie_support":"","_themeisle_gutenberg_block_has_review":false,"footnotes":""},"class_list":["post-223","page","type-page","status-publish","hentry"],"_links":{"self":[{"href":"https:\/\/blog.ufba.br\/liccomp\/wp-json\/wp\/v2\/pages\/223"}],"collection":[{"href":"https:\/\/blog.ufba.br\/liccomp\/wp-json\/wp\/v2\/pages"}],"about":[{"href":"https:\/\/blog.ufba.br\/liccomp\/wp-json\/wp\/v2\/types\/page"}],"author":[{"embeddable":true,"href":"https:\/\/blog.ufba.br\/liccomp\/wp-json\/wp\/v2\/users\/1"}],"replies":[{"embeddable":true,"href":"https:\/\/blog.ufba.br\/liccomp\/wp-json\/wp\/v2\/comments?post=223"}],"version-history":[{"count":0,"href":"https:\/\/blog.ufba.br\/liccomp\/wp-json\/wp\/v2\/pages\/223\/revisions"}],"wp:attachment":[{"href":"https:\/\/blog.ufba.br\/liccomp\/wp-json\/wp\/v2\/media?parent=223"}],"curies":[{"name":"wp","href":"https:\/\/api.w.org\/{rel}","templated":true}]}}