{"id":19,"date":"2013-06-22T02:13:30","date_gmt":"2013-06-22T05:13:30","guid":{"rendered":"http:\/\/blog.ufba.br\/liccomp\/?page_id=19"},"modified":"2013-06-22T02:13:30","modified_gmt":"2013-06-22T05:13:30","slug":"contatos","status":"publish","type":"page","link":"https:\/\/blog.ufba.br\/liccomp\/contatos\/","title":{"rendered":"Fale Conosco"},"content":{"rendered":"<p><strong>Endere\u00e7o<\/strong><\/p>\n<ul>\n<li>Faculdade de Educa\u00e7\u00e3o (FACED) &#8211; Av. Reitor Miguel, s\/n &#8211; Salvador &#8211; BA, 40110-100<\/li>\n<li>Instituto de Matem\u00e1tica (IM) &#8211; Rua Bar\u00e3o de Jeremoabo &#8211; Ondina, Salvador &#8211; BA, 40170-115<\/li>\n<\/ul>\n<p><strong>Email<\/strong>:\u00a0lc@ufba.br<\/p>\n","protected":false},"excerpt":{"rendered":"<p>Endere\u00e7o Faculdade de Educa\u00e7\u00e3o (FACED) &#8211; Av. Reitor Miguel, s\/n &#8211; Salvador &#8211; BA, 40110-100 Instituto de Matem\u00e1tica (IM) &#8211; Rua Bar\u00e3o de Jeremoabo &#8211; Ondina, Salvador &#8211; BA, 40170-115 Email:\u00a0lc@ufba.br<\/p>\n","protected":false},"author":1,"featured_media":0,"parent":0,"menu_order":0,"comment_status":"closed","ping_status":"closed","template":"full-width-page.php","meta":{"_coblocks_attr":"","_coblocks_dimensions":"","_coblocks_responsive_height":"","_coblocks_accordion_ie_support":"","_themeisle_gutenberg_block_has_review":false,"footnotes":""},"class_list":["post-19","page","type-page","status-publish","hentry"],"_links":{"self":[{"href":"https:\/\/blog.ufba.br\/liccomp\/wp-json\/wp\/v2\/pages\/19"}],"collection":[{"href":"https:\/\/blog.ufba.br\/liccomp\/wp-json\/wp\/v2\/pages"}],"about":[{"href":"https:\/\/blog.ufba.br\/liccomp\/wp-json\/wp\/v2\/types\/page"}],"author":[{"embeddable":true,"href":"https:\/\/blog.ufba.br\/liccomp\/wp-json\/wp\/v2\/users\/1"}],"replies":[{"embeddable":true,"href":"https:\/\/blog.ufba.br\/liccomp\/wp-json\/wp\/v2\/comments?post=19"}],"version-history":[{"count":0,"href":"https:\/\/blog.ufba.br\/liccomp\/wp-json\/wp\/v2\/pages\/19\/revisions"}],"wp:attachment":[{"href":"https:\/\/blog.ufba.br\/liccomp\/wp-json\/wp\/v2\/media?parent=19"}],"curies":[{"name":"wp","href":"https:\/\/api.w.org\/{rel}","templated":true}]}}