{"id":148,"date":"2013-06-22T18:03:00","date_gmt":"2013-06-22T21:03:00","guid":{"rendered":"http:\/\/blog.ufba.br\/liccomp\/?page_id=148"},"modified":"2013-06-22T18:03:00","modified_gmt":"2013-06-22T21:03:00","slug":"intercambio-universitario","status":"publish","type":"page","link":"https:\/\/blog.ufba.br\/liccomp\/intercambio-universitario\/","title":{"rendered":"Interc\u00e2mbio Universit\u00e1rio"},"content":{"rendered":"<p style=\"text-align: justify\"><span style=\"font-size: 13px;font-weight: normal\">Todo aluno da UFBA tem possibilidade de fazer interc\u00e2mbio estudantil, e todos os tr\u00e2mites para isto devem ser tratados na Assessoria para Assuntos Internacionais. As principais perguntas com suas respectivas respostas a respeito s\u00e3o:<\/span><\/p>\n<p style=\"text-align: justify\">1. Como um aluno da UFBA pode estudar no exterior? O aluno da UFBA pode estudar no exterior atrav\u00e9s dos acordos de coopera\u00e7\u00e3o firmados entre a UFBA e universidades estrangeiras;<\/p>\n<p style=\"text-align: justify\">2. Quais os requisitos para participar deste interc\u00e2mbio acad\u00eamico no exterior? Ter feito o quarto semestre; Ter um escore acima de sete;<\/p>\n<p style=\"text-align: justify\">3. Por quanto tempo um aluno da UFBA pode permanecer no exterior? O aluno pode permanecer de 1 a 2 semestres;<\/p>\n<p style=\"text-align: justify\">4. O que o aluno da UFBA paga nestes interc\u00e2mbios acad\u00eamicos? O aluno, ao sair para interc\u00e2mbio, dever\u00e1 arcar com despesas de viagem, alimenta\u00e7\u00e3o e hospedagem, ele s\u00f3 n\u00e3o paga as taxas universit\u00e1rias;<\/p>\n<p style=\"text-align: justify\">5. Que documentos os alunos da UFBA ter\u00e3o que apresentar para estudar no exterior?<\/p>\n<p style=\"text-align: justify\">* Carta de apresenta\u00e7\u00e3o \u2013 fazendo o pedido formal para a Universidade que pretende estudar (em portugu\u00eas e tradu\u00e7\u00e3o para o idioma do pa\u00eds de destino);<\/p>\n<p style=\"text-align: justify\">* Hist\u00f3rico Escolar oficial (original e tradu\u00e7\u00e3o para o idioma do pa\u00eds de destino) * Certificado de profici\u00eancia no idioma (ingl\u00eas, franc\u00eas, espanhol, alem\u00e3o, etc.);<\/p>\n<p style=\"text-align: justify\">* Carta do(a) Coordenador(a) do curso dando ci\u00eancia da sa\u00edda para o interc\u00e2mbio e, quando poss\u00edvel, aprovando as disciplinas que pretende cursar na Universidade anfitri\u00e3;<\/p>\n<p style=\"text-align: justify\">* Uma fotografia.<\/p>\n<p style=\"text-align: justify\">6. Como o aluno da UFBA faz para ter aproveitamento dos estudos feito pelo interc\u00e2mbio acad\u00eamico? O aluno dever\u00e1 trazer todos os documentos dos estudos que fizer na Universidade anfitri\u00e3 e levar \u00e0 Secretaria Geral dos Cursos para pedir aproveitamento de estudos;<\/p>\n<p style=\"text-align: justify\">7. Quanto a moradia, como o aluno da UFBA faz para se alojar no pa\u00eds de destino ? Algumas universidades conveniadas tem o formul\u00e1rio que \u00e9 preenchido aqui no momento da inscri\u00e7\u00e3o, solicitando alojamento (o pedido pode ser indeferido, a depender da disponibilidade de vagas da universidade anfitri\u00e3). Tamb\u00e9m existem algumas universidade que d\u00e3o este suporte quando o aluno chegar;<\/p>\n<p style=\"text-align: justify\">8. Quais os prazos de entrega dos documentos? O ano acad\u00eamico das universidades conveniadas come\u00e7a em setembro ou outubro de cada ano, ent\u00e3o o aluno dever\u00e1 entregar os documentos na AAI no in\u00edcio de janeiro de cada ano. Aqueles alunos que pretendem sair para interc\u00e2mbio em janeiro, dever\u00e3o entregar os documentos em setembro.<\/p>\n<p style=\"text-align: justify\">Esta informa\u00e7\u00f5es foram retiradas do site da\u00a0<strong>Assessoria de Assuntos Internacionais<\/strong>\u00a0em\u00a0<a href=\"http:\/\/www.aai.ufba.br\/\" target=\"_top\" rel=\"noopener\">http:\/\/www.aai.ufba.br\/<\/a>\u00a0onde existem outras informa\u00e7\u00f5es detalhadas.<\/p>\n<p style=\"text-align: justify\"><strong>Nota recente<\/strong><\/p>\n<p style=\"text-align: justify\">\u00a0A Assessoria para Assuntos Internacionais (AAI) informa \u00e0 comunidade acad\u00eamica da Universidade Federal da Bahia e demais interessados que, a partir do dia 18 de outubro de 2010, o hor\u00e1rio de expediente ao p\u00fablico em geral ser\u00e1 distribu\u00eddo da seguinte forma:<\/p>\n<p style=\"text-align: justify\">Segundas, Quartas e Sextas das 8 \u00e0s 12h<\/p>\n<p style=\"text-align: justify\">Ter\u00e7as e Quintas das 14 \u00e0s 17 h<\/p>\n<p style=\"text-align: justify\">\u00a0A Assessoria para Assuntos Internacionais informa a comunidade acad\u00eamica da Universidade Federal da Bahia e demais interessados que, a partir da presente data, o seu e-mail institucional mudou para\u00a0<a href=\"mailto:aai@ufba.br\">aai@ufba.br<\/a>\u00a0. Entretanto, as mensagens que encaminhadas ao antigo e-mail j\u00e1 est\u00e3o sendo redirecionadas para a nova conta.<\/p>\n<p style=\"text-align: justify\">Atenciosamente,<\/p>\n<p style=\"text-align: justify\">Assessoria para Assuntos Internacionais da UFBA Rua Augusto Vianna, S\/N, Canela, Salvador, Bahia, Brasil Tel: + 55 71 3283 7025 Fax: 55 71 3283 7067 email:\u00a0<a href=\"mailto:aai@ufba.br\">aai@ufba.br<\/a><\/p>\n<p>&nbsp;<\/p>\n","protected":false},"excerpt":{"rendered":"<p>Todo aluno da UFBA tem possibilidade de fazer interc\u00e2mbio estudantil, e todos os tr\u00e2mites para isto devem ser tratados na Assessoria para Assuntos Internacionais. As principais perguntas com suas respectivas respostas a respeito s\u00e3o: 1. Como um aluno da UFBA &hellip;<\/p>\n<p class=\"read-more\"> <a class=\"more-link\" href=\"https:\/\/blog.ufba.br\/liccomp\/intercambio-universitario\/\"> <span class=\"screen-reader-text\">Interc\u00e2mbio Universit\u00e1rio<\/span> Read More &raquo;<\/a><\/p>\n","protected":false},"author":1,"featured_media":0,"parent":0,"menu_order":0,"comment_status":"closed","ping_status":"closed","template":"full-width-page.php","meta":{"_coblocks_attr":"","_coblocks_dimensions":"","_coblocks_responsive_height":"","_coblocks_accordion_ie_support":"","_themeisle_gutenberg_block_has_review":false,"footnotes":""},"class_list":["post-148","page","type-page","status-publish","hentry"],"_links":{"self":[{"href":"https:\/\/blog.ufba.br\/liccomp\/wp-json\/wp\/v2\/pages\/148"}],"collection":[{"href":"https:\/\/blog.ufba.br\/liccomp\/wp-json\/wp\/v2\/pages"}],"about":[{"href":"https:\/\/blog.ufba.br\/liccomp\/wp-json\/wp\/v2\/types\/page"}],"author":[{"embeddable":true,"href":"https:\/\/blog.ufba.br\/liccomp\/wp-json\/wp\/v2\/users\/1"}],"replies":[{"embeddable":true,"href":"https:\/\/blog.ufba.br\/liccomp\/wp-json\/wp\/v2\/comments?post=148"}],"version-history":[{"count":0,"href":"https:\/\/blog.ufba.br\/liccomp\/wp-json\/wp\/v2\/pages\/148\/revisions"}],"wp:attachment":[{"href":"https:\/\/blog.ufba.br\/liccomp\/wp-json\/wp\/v2\/media?parent=148"}],"curies":[{"name":"wp","href":"https:\/\/api.w.org\/{rel}","templated":true}]}}