{"id":146,"date":"2013-06-22T17:59:52","date_gmt":"2013-06-22T20:59:52","guid":{"rendered":"http:\/\/blog.ufba.br\/liccomp\/?page_id=146"},"modified":"2013-06-22T17:59:52","modified_gmt":"2013-06-22T20:59:52","slug":"aproveitamento-de-estudos","status":"publish","type":"page","link":"https:\/\/blog.ufba.br\/liccomp\/aproveitamento-de-estudos\/","title":{"rendered":"Aproveitamento de Estudos"},"content":{"rendered":"<p style=\"text-align: justify\">De acordo com o\u00a0<strong><a href=\"http:\/\/www.sgc.ufba.br\/legisla%E7%E3o\/gradua%E7%E3o\/REG_revis%E3o_out_09.pdf\" target=\"_top\" rel=\"noopener\">Regulamento de Ensino de Gradua\u00e7\u00e3o<\/a><\/strong>\u00a0da UFBA (REG) e\u00a0<strong><a href=\"http:\/\/www.sgc.ufba.br\/legisla%E7%E3o\/gradua%E7%E3o\/Resolu%E7%E3o%2004-09%20-%20Aproveitamento%20de%20Estudos.pdf\" target=\"_top\" rel=\"noopener\">Resolu\u00e7\u00e3o n\u00ba 04\/2009<\/a><\/strong>, estudos ou atividades realizados na UFBA ou em outra institui\u00e7\u00e3o de ensino superior poder\u00e3o ser aproveitados, desde que requerido pelo interessado, atrav\u00e9s de processo iniciado na Secretaria Geral de Cursos (SGC) ou no CEAG do Instituto de Matem\u00e1tica, e instru\u00eddo com os seguintes documentos:<\/p>\n<p style=\"text-align: justify\">a) hist\u00f3rico escolar atualizado, onde constem carga hor\u00e1ria dos componentes curriculares cursados com aprova\u00e7\u00e3o, descri\u00e7\u00e3o dos s\u00edmbolos dos conceitos com os valores correspondentes e per\u00edodos em que foram cumpridos os componentes curriculares;<\/p>\n<p style=\"text-align: justify\">b) programas dos componentes curriculares cursados com aprova\u00e7\u00e3o em outras institui\u00e7\u00f5es de ensino superior e que s\u00e3o objeto do pedido de aproveitamento;<\/p>\n<p style=\"text-align: justify\">c) base legal que regulamenta o curso de origem, quanto \u00e0 autoriza\u00e7\u00e3o para funcionamento ou reconhecimento pela autoridade competente.<\/p>\n<p style=\"text-align: justify\">Mais informa\u00e7\u00f5es podem ser encontradas no REG, artigos 76 a 82.<\/p>\n<p style=\"text-align: justify\">Veja aqui, para os\u00a0<strong>alunos ingressos a partir de 2010.1<\/strong>, as regras seguidas pelo Colegiado para :<\/p>\n<p><strong><a href=\"http:\/\/wiki.dcc.ufba.br\/pub\/LicComp\/AproveitamentoDeEstudos\/aproveitamentodeestudos.pdf\" target=\"_top\" rel=\"noopener\">Aproveitamento de Estudos<\/a><\/strong>;<\/p>\n<p><strong><a href=\"https:\/\/drive.google.com\/file\/d\/1m2opI3Zmo6Q1In-whek-tiImpglqP09D\/view?usp=sharing\">Dispensa de Carga Hor\u00e1ria COMPLEMENTAR<\/a><\/strong>.<\/p>\n","protected":false},"excerpt":{"rendered":"<p>De acordo com o\u00a0Regulamento de Ensino de Gradua\u00e7\u00e3o\u00a0da UFBA (REG) e\u00a0Resolu\u00e7\u00e3o n\u00ba 04\/2009, estudos ou atividades realizados na UFBA ou em outra institui\u00e7\u00e3o de ensino superior poder\u00e3o ser aproveitados, desde que requerido pelo interessado, atrav\u00e9s de processo iniciado na Secretaria &hellip;<\/p>\n<p class=\"read-more\"> <a class=\"more-link\" href=\"https:\/\/blog.ufba.br\/liccomp\/aproveitamento-de-estudos\/\"> <span class=\"screen-reader-text\">Aproveitamento de Estudos<\/span> Read More &raquo;<\/a><\/p>\n","protected":false},"author":1,"featured_media":0,"parent":0,"menu_order":0,"comment_status":"closed","ping_status":"closed","template":"full-width-page.php","meta":{"_coblocks_attr":"","_coblocks_dimensions":"","_coblocks_responsive_height":"","_coblocks_accordion_ie_support":"","_themeisle_gutenberg_block_has_review":false,"footnotes":""},"class_list":["post-146","page","type-page","status-publish","hentry"],"_links":{"self":[{"href":"https:\/\/blog.ufba.br\/liccomp\/wp-json\/wp\/v2\/pages\/146"}],"collection":[{"href":"https:\/\/blog.ufba.br\/liccomp\/wp-json\/wp\/v2\/pages"}],"about":[{"href":"https:\/\/blog.ufba.br\/liccomp\/wp-json\/wp\/v2\/types\/page"}],"author":[{"embeddable":true,"href":"https:\/\/blog.ufba.br\/liccomp\/wp-json\/wp\/v2\/users\/1"}],"replies":[{"embeddable":true,"href":"https:\/\/blog.ufba.br\/liccomp\/wp-json\/wp\/v2\/comments?post=146"}],"version-history":[{"count":0,"href":"https:\/\/blog.ufba.br\/liccomp\/wp-json\/wp\/v2\/pages\/146\/revisions"}],"wp:attachment":[{"href":"https:\/\/blog.ufba.br\/liccomp\/wp-json\/wp\/v2\/media?parent=146"}],"curies":[{"name":"wp","href":"https:\/\/api.w.org\/{rel}","templated":true}]}}