{"id":133,"date":"2013-06-22T17:51:03","date_gmt":"2013-06-22T20:51:03","guid":{"rendered":"http:\/\/blog.ufba.br\/liccomp\/?page_id=133"},"modified":"2013-06-22T17:51:03","modified_gmt":"2013-06-22T20:51:03","slug":"acompanhamento-de-processos","status":"publish","type":"page","link":"https:\/\/blog.ufba.br\/liccomp\/acompanhamento-de-processos\/","title":{"rendered":"Acompanhamento de Processos"},"content":{"rendered":"<p style=\"text-align: justify\"><span style=\"font-size: 13px;font-weight: normal\">Alunos que d\u00e3o entrada, na SGC ou no Instituto de Matem\u00e1tica, a qualquer tipo de processo, como aproveitamento de estudos, trancamento, perman\u00eancia no curso, etc, devem acompanhar seu andamento a partir do servi\u00e7o\u00a0<\/span><em>online<\/em><span style=\"font-size: 13px;font-weight: normal\">\u00a0oferecido no endere\u00e7o:<a href=\"http:\/\/www.siad.ufba.br\/\" target=\"_blank\" rel=\"noopener\">\u00a0<\/a><\/span><a href=\"http:\/\/www.siad.ufba.br\/\" target=\"_blank\" rel=\"noopener\"><strong>www.siad.ufba.br<\/strong><span style=\"font-size: 13px;font-weight: normal\">.\u00a0<\/span><\/a><\/p>\n<p style=\"text-align: justify\"><span style=\"font-size: 13px;font-weight: normal\">Acompanhar o processo \u00e9 sempre interessante para evitar problemas, como por exemplo, uma demora prolongada do registro no hist\u00f3rico escolar de aproveitamentos concedidos pelo colegiado de curso.<\/span><\/p>\n<p style=\"text-align: justify\"><span style=\"font-size: 13px;font-weight: normal\">Assim, se um processo de aproveitamento demora muito pra ser registrado no hist\u00f3rico, o aluno deve verificar o que est\u00e1 dito l\u00e1 no SIAD, pois muitas vezes o processo est\u00e1 parado, no Protocolo da SGC esperando que o aluno v\u00e1 acrescentar uma nova informa\u00e7\u00e3o que algu\u00e9m est\u00e1 pedindo. E o aluno s\u00f3 vai perceber isto depois de muito tempo que o processo est\u00e1 parado sem registro, como o exemplo abaixo:<\/span><\/p>\n<p style=\"text-align: center\"><img loading=\"lazy\" decoding=\"async\" class=\"aligncenter\" src=\"http:\/\/wiki.dcc.ufba.br\/pub\/LicComp\/AcompanhamentoDeProcessos\/procsiad.jpg\" alt=\"procsiad.jpg\" width=\"771\" height=\"403\" \/><\/p>\n<p style=\"text-align: center\">\n","protected":false},"excerpt":{"rendered":"<p>Alunos que d\u00e3o entrada, na SGC ou no Instituto de Matem\u00e1tica, a qualquer tipo de processo, como aproveitamento de estudos, trancamento, perman\u00eancia no curso, etc, devem acompanhar seu andamento a partir do servi\u00e7o\u00a0online\u00a0oferecido no endere\u00e7o:\u00a0www.siad.ufba.br.\u00a0 Acompanhar o processo \u00e9 sempre &hellip;<\/p>\n<p class=\"read-more\"> <a class=\"more-link\" href=\"https:\/\/blog.ufba.br\/liccomp\/acompanhamento-de-processos\/\"> <span class=\"screen-reader-text\">Acompanhamento de Processos<\/span> Read More &raquo;<\/a><\/p>\n","protected":false},"author":1,"featured_media":0,"parent":0,"menu_order":0,"comment_status":"closed","ping_status":"closed","template":"full-width-page.php","meta":{"_coblocks_attr":"","_coblocks_dimensions":"","_coblocks_responsive_height":"","_coblocks_accordion_ie_support":"","_themeisle_gutenberg_block_has_review":false,"footnotes":""},"class_list":["post-133","page","type-page","status-publish","hentry"],"_links":{"self":[{"href":"https:\/\/blog.ufba.br\/liccomp\/wp-json\/wp\/v2\/pages\/133"}],"collection":[{"href":"https:\/\/blog.ufba.br\/liccomp\/wp-json\/wp\/v2\/pages"}],"about":[{"href":"https:\/\/blog.ufba.br\/liccomp\/wp-json\/wp\/v2\/types\/page"}],"author":[{"embeddable":true,"href":"https:\/\/blog.ufba.br\/liccomp\/wp-json\/wp\/v2\/users\/1"}],"replies":[{"embeddable":true,"href":"https:\/\/blog.ufba.br\/liccomp\/wp-json\/wp\/v2\/comments?post=133"}],"version-history":[{"count":0,"href":"https:\/\/blog.ufba.br\/liccomp\/wp-json\/wp\/v2\/pages\/133\/revisions"}],"wp:attachment":[{"href":"https:\/\/blog.ufba.br\/liccomp\/wp-json\/wp\/v2\/media?parent=133"}],"curies":[{"name":"wp","href":"https:\/\/api.w.org\/{rel}","templated":true}]}}