{"id":131,"date":"2013-06-22T17:49:56","date_gmt":"2013-06-22T20:49:56","guid":{"rendered":"http:\/\/blog.ufba.br\/liccomp\/?page_id=131"},"modified":"2013-06-22T17:49:56","modified_gmt":"2013-06-22T20:49:56","slug":"solicitacao-de-disciplina-especifica","status":"publish","type":"page","link":"https:\/\/blog.ufba.br\/liccomp\/solicitacao-de-disciplina-especifica\/","title":{"rendered":"Solicita\u00e7\u00e3o de Disciplina Espec\u00edfica"},"content":{"rendered":"<p><span style=\"font-size: 13px;font-weight: normal;color: #ff0000\">Breve.<\/span><\/p>\n","protected":false},"excerpt":{"rendered":"<p>Breve.<\/p>\n","protected":false},"author":1,"featured_media":0,"parent":0,"menu_order":0,"comment_status":"closed","ping_status":"closed","template":"full-width-page.php","meta":{"_coblocks_attr":"","_coblocks_dimensions":"","_coblocks_responsive_height":"","_coblocks_accordion_ie_support":"","_themeisle_gutenberg_block_has_review":false,"footnotes":""},"class_list":["post-131","page","type-page","status-publish","hentry"],"_links":{"self":[{"href":"https:\/\/blog.ufba.br\/liccomp\/wp-json\/wp\/v2\/pages\/131"}],"collection":[{"href":"https:\/\/blog.ufba.br\/liccomp\/wp-json\/wp\/v2\/pages"}],"about":[{"href":"https:\/\/blog.ufba.br\/liccomp\/wp-json\/wp\/v2\/types\/page"}],"author":[{"embeddable":true,"href":"https:\/\/blog.ufba.br\/liccomp\/wp-json\/wp\/v2\/users\/1"}],"replies":[{"embeddable":true,"href":"https:\/\/blog.ufba.br\/liccomp\/wp-json\/wp\/v2\/comments?post=131"}],"version-history":[{"count":0,"href":"https:\/\/blog.ufba.br\/liccomp\/wp-json\/wp\/v2\/pages\/131\/revisions"}],"wp:attachment":[{"href":"https:\/\/blog.ufba.br\/liccomp\/wp-json\/wp\/v2\/media?parent=131"}],"curies":[{"name":"wp","href":"https:\/\/api.w.org\/{rel}","templated":true}]}}