{"id":129,"date":"2013-06-22T17:48:57","date_gmt":"2013-06-22T20:48:57","guid":{"rendered":"http:\/\/blog.ufba.br\/liccomp\/?page_id=129"},"modified":"2013-06-22T17:48:57","modified_gmt":"2013-06-22T20:48:57","slug":"trancamento","status":"publish","type":"page","link":"https:\/\/blog.ufba.br\/liccomp\/trancamento\/","title":{"rendered":"Trancamento"},"content":{"rendered":"<p style=\"text-align: justify\"><span style=\"font-size: 13px;font-weight: normal\">Para abrir o processo de trancamento o aluno deve procurar a SGC ou o CEAG do Instituto de Matem\u00e1tica. O trancamento de matr\u00edcula \u00e9 a prerrogativa concedida ao aluno impossibilitado de cursar a(s) disciplina(s) em que se inscreveu no semestre, ou ao aluno que n\u00e3o efetivou a inscri\u00e7\u00e3o e n\u00e3o poder\u00e1 cursar o semestre, ou ainda, ao aluno que tenha que se afastar da UFBA por um per\u00edodo determinado.<\/span><span style=\"font-size: 13px;font-weight: normal\">\u00a0<\/span><\/p>\n<p style=\"text-align: justify\">Os procedimentos para trancamento est\u00e3o descritos na\u00a0<strong><a href=\"http:\/\/www.sgc.ufba.br\/legisla%E7%E3o\/gradua%E7%E3o\/Resolu%E7%E3o_%2004_08_CEG_tranca.pdf\" target=\"_top\" rel=\"noopener\">RESOLU\u00c7\u00c3O n\u00b0 04\/2008<\/a><\/strong>\u00a0da C\u00e2mara de Gradua\u00e7\u00e3o.<\/p>\n<p style=\"text-align: justify\">Veja tamb\u00e9m a Se\u00e7\u00e3o VIII do\u00a0<strong><a href=\"https:\/\/www.ufba.br\/sites\/devportal.ufba.br\/files\/REG_revisao_out_09.pdf\" target=\"_top\" rel=\"noopener\">Regulamento de Ensino de Gradua\u00e7\u00e3o<\/a><\/strong>\u00a0(REG).<\/p>\n<p style=\"text-align: justify\">Al\u00e9m destas normas, o Colegiado de Licenciatura em Computa\u00e7\u00e3o, estabeleceu as seguintes exig\u00eancias: deve acompanhar o processo, o maior n\u00famero poss\u00edvel de documentos comprobat\u00f3rios da motiva\u00e7\u00e3o para o pedido; os documentos cl\u00ednicos, trabalhistas e outros, devem estar devidamente assinados pelos respons\u00e1veis.<\/p>\n","protected":false},"excerpt":{"rendered":"<p>Para abrir o processo de trancamento o aluno deve procurar a SGC ou o CEAG do Instituto de Matem\u00e1tica. O trancamento de matr\u00edcula \u00e9 a prerrogativa concedida ao aluno impossibilitado de cursar a(s) disciplina(s) em que se inscreveu no semestre, &hellip;<\/p>\n<p class=\"read-more\"> <a class=\"more-link\" href=\"https:\/\/blog.ufba.br\/liccomp\/trancamento\/\"> <span class=\"screen-reader-text\">Trancamento<\/span> Read More &raquo;<\/a><\/p>\n","protected":false},"author":1,"featured_media":0,"parent":0,"menu_order":0,"comment_status":"closed","ping_status":"closed","template":"full-width-page.php","meta":{"_coblocks_attr":"","_coblocks_dimensions":"","_coblocks_responsive_height":"","_coblocks_accordion_ie_support":"","_themeisle_gutenberg_block_has_review":false,"footnotes":""},"class_list":["post-129","page","type-page","status-publish","hentry"],"_links":{"self":[{"href":"https:\/\/blog.ufba.br\/liccomp\/wp-json\/wp\/v2\/pages\/129"}],"collection":[{"href":"https:\/\/blog.ufba.br\/liccomp\/wp-json\/wp\/v2\/pages"}],"about":[{"href":"https:\/\/blog.ufba.br\/liccomp\/wp-json\/wp\/v2\/types\/page"}],"author":[{"embeddable":true,"href":"https:\/\/blog.ufba.br\/liccomp\/wp-json\/wp\/v2\/users\/1"}],"replies":[{"embeddable":true,"href":"https:\/\/blog.ufba.br\/liccomp\/wp-json\/wp\/v2\/comments?post=129"}],"version-history":[{"count":0,"href":"https:\/\/blog.ufba.br\/liccomp\/wp-json\/wp\/v2\/pages\/129\/revisions"}],"wp:attachment":[{"href":"https:\/\/blog.ufba.br\/liccomp\/wp-json\/wp\/v2\/media?parent=129"}],"curies":[{"name":"wp","href":"https:\/\/api.w.org\/{rel}","templated":true}]}}