{"id":124,"date":"2013-06-22T17:46:48","date_gmt":"2013-06-22T20:46:48","guid":{"rendered":"http:\/\/blog.ufba.br\/liccomp\/?page_id=124"},"modified":"2013-06-22T17:46:48","modified_gmt":"2013-06-22T20:46:48","slug":"quebra-de-prerequisito","status":"publish","type":"page","link":"https:\/\/blog.ufba.br\/liccomp\/quebra-de-prerequisito\/","title":{"rendered":"Quebra de pr\u00e9-requisito"},"content":{"rendered":"<p style=\"text-align: justify\">De acordo com a Resolu\u00e7\u00e3o N\u00ba 05\/2005 da C\u00e2mara de Gradua\u00e7\u00e3o da UFBA (de 30\/08\/05), todos os alunos t\u00eam direito de solicitar quebra de pr\u00e9-requisito ao seu Colegiado. O Colegiado tem o direito de conceder ou n\u00e3o, dependendo da avalia\u00e7\u00e3o do pedido. Entende-se por quebra de pr\u00e9-requisito a\u00a0<strong>realiza\u00e7\u00e3o em paralelo<\/strong>\u00a0de um componente curricular com outro componente curricular que \u00e9 seu pr\u00e9-requisito (ex: MATD04 com MATA37). A Resolu\u00e7\u00e3o N\u00ba 05\/2005 est\u00e1 dispon\u00edvel no\u00a0<strong><a href=\"https:\/\/wiki.dcc.ufba.br\/pub\/CCC\/Quebradeprerequisito\/Resolucao_05-2005_CEG.pdf\" target=\"_top\" rel=\"noopener\">AQUI<\/a><\/strong>.<\/p>\n<p style=\"text-align: justify\">Para pleitear\u00a0<strong>Quebra de Pr\u00e9-Requisito<\/strong>\u00a0para disciplinas do Curso de Licenciatura em Computa\u00e7\u00e3o o aluno deve:<\/p>\n<p style=\"text-align: justify\"><strong>1.<\/strong> Solicitar a quebra de pr\u00e9-requisito pessoalmente no colegiado durante o\u00a0<strong>per\u00edodo da matr\u00edcula presencial<\/strong>\u00a0(n\u00e3o ser\u00e3o aceitos pedidos realizados fora do per\u00edodo normal de matr\u00edcula) &#8211; veja a tabela anexa com disciplinas para as quais n\u00e3o ser\u00e1 concedida a quebra de pr\u00e9-requisito.<\/p>\n<p style=\"text-align: justify\"><strong>2.\u00a0<\/strong>Preencher o formul\u00e1rio com a justificativa para a solicita\u00e7\u00e3o de quebra de pr\u00e9-requisitos.<\/p>\n<p style=\"text-align: justify\"><strong>3.\u00a0<\/strong>Todos os pedidos ser\u00e3o analisados pelos membros do Colegiado em reuni\u00e3o plen\u00e1ria, no in\u00edcio do semestre letivo. Esta an\u00e1lise deve considerar o coeficiente de rendimento do aluno, o n\u00ba de disciplinas matriculadas e se o aluno j\u00e1 cursou ou n\u00e3o o pr\u00e9-requisito.<\/p>\n<p style=\"text-align: justify\"><strong>4.\u00a0<\/strong>O resultado ser\u00e1 divulgado por e-mail e no mural do colegiado at\u00e9 que sejam decorridos 25% (vinte e cinco por cento) do semestre letivo.<\/p>\n<p style=\"text-align: justify\"><strong>5.\u00a0<\/strong>Se o pedido de quebra de pr\u00e9-requisito for indeferido (negado), o Coordenador do Colegiado lan\u00e7ar\u00e1 no SIAC a corre\u00e7\u00e3o da inscri\u00e7\u00e3o do aluno e as referidas disciplinas ser\u00e3o exclu\u00eddas.<\/p>\n<p style=\"text-align: justify\"><strong>6.\u00a0<\/strong>O aluno pode comparecer ao CEAG\/IM e solicitar novo comprovante de matr\u00edcula que ser\u00e1 assinado pelo Coordenador do Colegiado.<\/p>\n<p style=\"text-align: justify\"><strong>DISCIPLINAS N\u00c3O AUTORIZADAS PARA QUEBRA DE PR\u00c9-REQUISITO<\/strong>.\u00a0<span style=\"color: red\">em breve<\/span><\/p>\n<p style=\"text-align: justify\">\n","protected":false},"excerpt":{"rendered":"<p>De acordo com a Resolu\u00e7\u00e3o N\u00ba 05\/2005 da C\u00e2mara de Gradua\u00e7\u00e3o da UFBA (de 30\/08\/05), todos os alunos t\u00eam direito de solicitar quebra de pr\u00e9-requisito ao seu Colegiado. O Colegiado tem o direito de conceder ou n\u00e3o, dependendo da avalia\u00e7\u00e3o &hellip;<\/p>\n<p class=\"read-more\"> <a class=\"more-link\" href=\"https:\/\/blog.ufba.br\/liccomp\/quebra-de-prerequisito\/\"> <span class=\"screen-reader-text\">Quebra de pr\u00e9-requisito<\/span> Read More &raquo;<\/a><\/p>\n","protected":false},"author":1,"featured_media":0,"parent":0,"menu_order":0,"comment_status":"closed","ping_status":"closed","template":"full-width-page.php","meta":{"_coblocks_attr":"","_coblocks_dimensions":"","_coblocks_responsive_height":"","_coblocks_accordion_ie_support":"","_themeisle_gutenberg_block_has_review":false,"footnotes":""},"class_list":["post-124","page","type-page","status-publish","hentry"],"_links":{"self":[{"href":"https:\/\/blog.ufba.br\/liccomp\/wp-json\/wp\/v2\/pages\/124"}],"collection":[{"href":"https:\/\/blog.ufba.br\/liccomp\/wp-json\/wp\/v2\/pages"}],"about":[{"href":"https:\/\/blog.ufba.br\/liccomp\/wp-json\/wp\/v2\/types\/page"}],"author":[{"embeddable":true,"href":"https:\/\/blog.ufba.br\/liccomp\/wp-json\/wp\/v2\/users\/1"}],"replies":[{"embeddable":true,"href":"https:\/\/blog.ufba.br\/liccomp\/wp-json\/wp\/v2\/comments?post=124"}],"version-history":[{"count":0,"href":"https:\/\/blog.ufba.br\/liccomp\/wp-json\/wp\/v2\/pages\/124\/revisions"}],"wp:attachment":[{"href":"https:\/\/blog.ufba.br\/liccomp\/wp-json\/wp\/v2\/media?parent=124"}],"curies":[{"name":"wp","href":"https:\/\/api.w.org\/{rel}","templated":true}]}}