{"id":51,"date":"2010-10-20T20:11:54","date_gmt":"2010-10-20T20:11:54","guid":{"rendered":"http:\/\/blog.ufba.br\/ics\/?page_id=51"},"modified":"2010-10-20T20:11:54","modified_gmt":"2010-10-20T20:11:54","slug":"inicio","status":"publish","type":"page","link":"https:\/\/blog.ufba.br\/ics\/inicio\/","title":{"rendered":"Institucional"},"content":{"rendered":"<p>&#8212;&#8212;&#8212;&#8212;&#8212;&#8212;&#8212;&#8212;&#8212;&#8212;&#8212;&#8212;&#8212;&#8212;&#8212;&#8212;&#8212;&#8212;&#8212;&#8212;&#8212;&#8212;&#8212;&#8212;&#8212;&#8212;&#8212;&#8212;&#8212;&#8212;&#8212;&#8212;&#8212;&#8212;&#8212;&#8212;&#8212;&#8212;&#8212;&#8212;&#8212;&#8212;&#8212;&#8212;&#8212;&#8212;&#8212;&#8212;&#8212;&#8212;&#8212;&#8212;&#8212;&#8212;&#8212;&#8212;&#8212;&#8212;&#8212;&#8212;&#8212;&#8211;<\/p>\n<h6><strong>EVENTOS<\/strong><\/h6>\n<h6>\n<li><a href=\"ics\/files\/2011\/08\/Curso_Pre_Workshop_2011_folder.pdf\">CURSO PR\u00c9-WORKSHOP 2011: C\u00c1LCULO AMOSTRAL PARA USO DE ANIMAIS EM EXPERIMENTA\u00c7\u00c3O<\/a><\/li>\n<\/h6>\n<h6>\n<li><a href=\"http:\/\/www.ppgorgsistem.ics.ufba.br\/arquivos\/ceua\/FICHA_inscricao_Curso_Pre_Workshop.doc\">Ficha de Inscri\u00e7\u00e3o &#8211; CURSO PR\u00c9-WORKSHOP 2011<\/a><\/li>\n<\/h6>\n<h6>\n<li><a href=\"ics\/files\/2011\/08\/III_Workshop_2011_folder.pdf\">III WORKSHOP EM \u00c9TICA ANIMAL E II ENCONTRO DE CEUAS NA UFBA<\/a><\/li>\n<\/h6>\n<h6>\n<li><a href=\"http:\/\/www.ppgorgsistem.ics.ufba.br\/arquivos\/ceua\/FICHA_inscricao_III workshop.doc\">Ficha de Inscri\u00e7\u00e3o &#8211; III WORKSHOP<\/a><\/li>\n<\/h6>\n<p>&nbsp;<\/p>\n<p>Criado o Instituto de Ci\u00eancias da Sa\u00fade em 8 de fevereiro de 1968.<\/p>\n<p><img decoding=\"async\" src=\"http:\/\/blog.ufba.br\/ics\/wp-content\/uploads\/sites\/79\/2010\/11\/image-3.jpg\" alt=\"\" \/><\/p>\n<p>Dire\u00e7\u00e3o<br \/>\nProfa. Dra. Maria Thereza Barral Ara\u00fajo<\/p>\n<p>Vice-Dire\u00e7\u00e3o<br \/>\nProf. Dr. Roberto Jos\u00e9 Meyer Nascimento<\/p>\n<p>&nbsp;<br \/>\n&#8212;&#8212;&#8212;&#8212;&#8212;&#8212;&#8212;&#8212;&#8212;&#8212;&#8212;&#8212;&#8212;&#8212;&#8212;&#8212;&#8212;&#8212;&#8212;&#8212;&#8212;&#8212;&#8212;&#8212;&#8212;&#8212;&#8212;&#8212;&#8212;&#8212;&#8212;&#8212;&#8212;&#8212;&#8212;&#8212;&#8212;&#8212;&#8212;&#8212;&#8212;&#8212;&#8212;&#8212;&#8212;&#8212;&#8212;&#8212;&#8212;&#8212;&#8212;&#8212;&#8212;&#8212;&#8212;&#8212;&#8212;&#8212;&#8212;&#8212;&#8212;&#8211;<br \/>\nInstituto de Ci\u00eancias da Sa\u00fade<br \/>\nUniversidade Federal da Bahia<br \/>\nAv. Reitor Miguel Calmon s\/n \u2013 Vale do Canela<br \/>\nCEP 40.110-100<br \/>\nSalvador, Bahia, Brasil<br \/>\nTel.: (71) 3283-8885<br \/>\nE-mail &#8211;<strong> <\/strong><a href=\"mailto:ics@ufba.br\" target=\"_blank\" rel=\"noopener\">ics@ufba.br<\/a><\/p>\n","protected":false},"excerpt":{"rendered":"<p>&#8212;&#8212;&#8212;&#8212;&#8212;&#8212;&#8212;&#8212;&#8212;&#8212;&#8212;&#8212;&#8212;&#8212;&#8212;&#8212;&#8212;&#8212;&#8212;&#8212;&#8212;&#8212;&#8212;&#8212;&#8212;&#8212;&#8212;&#8212;&#8212;&#8212;&#8212;&#8212;&#8212;&#8212;&#8212;&#8212;&#8212;&#8212;&#8212;&#8212;&#8212;&#8212;&#8212;&#8212;&#8212;&#8212;&#8212;&#8212;&#8212;&#8212;&#8212;&#8212;&#8212;&#8212;&#8212;&#8212;&#8212;&#8212;&#8212;&#8212;&#8212;&#8211; EVENTOS CURSO PR\u00c9-WORKSHOP 2011: C\u00c1LCULO AMOSTRAL PARA USO DE ANIMAIS EM EXPERIMENTA\u00c7\u00c3O Ficha de Inscri\u00e7\u00e3o &#8211; CURSO PR\u00c9-WORKSHOP 2011 III WORKSHOP EM \u00c9TICA ANIMAL E II ENCONTRO DE CEUAS NA UFBA Ficha de Inscri\u00e7\u00e3o &#8211; III WORKSHOP &nbsp; Criado o Instituto de Ci\u00eancias da Sa\u00fade em 8 de fevereiro de 1968. Dire\u00e7\u00e3o Profa. Dra. [&hellip;]<\/p>\n","protected":false},"author":1,"featured_media":0,"parent":0,"menu_order":1,"comment_status":"closed","ping_status":"closed","template":"","meta":{"_coblocks_attr":"","_coblocks_dimensions":"","_coblocks_responsive_height":"","_coblocks_accordion_ie_support":"","_themeisle_gutenberg_block_has_review":false,"footnotes":""},"class_list":["post-51","page","type-page","status-publish","hentry","count-0","even alt","author-admin","last"],"_links":{"self":[{"href":"https:\/\/blog.ufba.br\/ics\/wp-json\/wp\/v2\/pages\/51"}],"collection":[{"href":"https:\/\/blog.ufba.br\/ics\/wp-json\/wp\/v2\/pages"}],"about":[{"href":"https:\/\/blog.ufba.br\/ics\/wp-json\/wp\/v2\/types\/page"}],"author":[{"embeddable":true,"href":"https:\/\/blog.ufba.br\/ics\/wp-json\/wp\/v2\/users\/1"}],"replies":[{"embeddable":true,"href":"https:\/\/blog.ufba.br\/ics\/wp-json\/wp\/v2\/comments?post=51"}],"version-history":[{"count":0,"href":"https:\/\/blog.ufba.br\/ics\/wp-json\/wp\/v2\/pages\/51\/revisions"}],"wp:attachment":[{"href":"https:\/\/blog.ufba.br\/ics\/wp-json\/wp\/v2\/media?parent=51"}],"curies":[{"name":"wp","href":"https:\/\/api.w.org\/{rel}","templated":true}]}}