{"id":26,"date":"2010-10-20T17:10:53","date_gmt":"2010-10-20T17:10:53","guid":{"rendered":"http:\/\/blog.ufba.br\/ics\/?page_id=26"},"modified":"2010-10-20T17:10:53","modified_gmt":"2010-10-20T17:10:53","slug":"contatos","status":"publish","type":"page","link":"https:\/\/blog.ufba.br\/ics\/contatos\/","title":{"rendered":"Contatos"},"content":{"rendered":"<p>&#8212;&#8212;&#8212;&#8212;&#8212;&#8212;&#8212;&#8212;&#8212;&#8212;&#8212;&#8212;&#8212;&#8212;&#8212;&#8212;&#8212;&#8212;&#8212;&#8212;&#8212;&#8212;&#8212;&#8212;&#8212;&#8212;&#8212;&#8212;&#8212;&#8212;&#8212;&#8212;&#8212;&#8212;&#8212;&#8212;&#8212;&#8212;&#8212;&#8212;&#8212;&#8212;&#8212;&#8212;&#8212;&#8212;&#8212;&#8212;&#8212;&#8212;&#8212;&#8212;&#8212;&#8212;&#8212;&#8212;<\/p>\n<table style=\"margin-left: 0px;padding-left: 5px\" border=\"0\" cellspacing=\"1\" cellpadding=\"0\" width=\"400\">\n<tbody>\n<tr>\n<td width=\"200\" height=\"25\"><strong>T\u00c9RREO<\/strong><\/td>\n<\/tr>\n<tr>\n<td>Portaria &#8211; Seguran\u00e7a<\/td>\n<td>3283 &#8211; 8900<\/td>\n<\/tr>\n<tr>\n<td>Anatomia<\/td>\n<td>3283 &#8211; 8889<\/td>\n<\/tr>\n<tr>\n<td>Lab. de Imunologia<\/td>\n<td>3331 &#8211; 5072 \\ 3245 &#8211; 5971<\/td>\n<\/tr>\n<tr>\n<td>Sala 10 &#8211; Prof\u00aa Telma<\/td>\n<td>3283 &#8211; 8889<\/td>\n<\/tr>\n<tr>\n<td>Administrativo &#8211; Paulo<\/td>\n<td>3283 &#8211; 8898<\/td>\n<\/tr>\n<tr>\n<td width=\"121\" height=\"25\"><strong>1\u00ba ANDAR<\/strong><\/td>\n<\/tr>\n<tr>\n<td>Museu de Anatomia<\/td>\n<td>3283 &#8211; 8922 \\ 8938<\/td>\n<\/tr>\n<tr>\n<td>Departamento de Biomorfologia<\/td>\n<td>3283 &#8211; 8888<\/td>\n<\/tr>\n<tr>\n<td>Departamento de Fonoaudiologia<\/td>\n<td>3283 &#8211; 8886<\/td>\n<\/tr>\n<tr>\n<td>Coordena\u00e7\u00e3o Colegiado de Fonoaudiologia<\/td>\n<td>3283 &#8211; 8887<\/td>\n<\/tr>\n<tr>\n<td>Parasitologia<\/td>\n<td>3283 &#8211; 8911<\/td>\n<\/tr>\n<tr>\n<td>CEDAF &#8211; Fonoaudiologia<\/td>\n<td>3283 &#8211; 8887<\/td>\n<\/tr>\n<tr>\n<td>Lab. de Bioeng. T\u00e9c. e Biomat.<\/td>\n<td>3283 &#8211; 8943<\/td>\n<\/tr>\n<tr>\n<td>Prof\u00ba Moacir e Prof\u00aa Nilza &#8211; Sala 113\/114<\/td>\n<td>3283 &#8211; 8940<\/td>\n<\/tr>\n<tr>\n<td>Isabela \/ M\u00e1rcio<\/td>\n<td>3283 &#8211; 8939<\/td>\n<\/tr>\n<tr>\n<td>Sala 117 &#8211; Neuza<\/td>\n<td>3283 &#8211; 8945<\/td>\n<\/tr>\n<tr>\n<td width=\"121\" height=\"25\"><strong>2\u00ba ANDAR<\/strong><\/td>\n<\/tr>\n<tr>\n<td>Central<\/td>\n<td>3283 &#8211; 8885<\/td>\n<\/tr>\n<tr>\n<td>Dire\u00e7\u00e3o<\/td>\n<td>&#8211;<\/td>\n<\/tr>\n<tr>\n<td>Vice-Dire\u00e7\u00e3o<\/td>\n<td>&#8211;<\/td>\n<\/tr>\n<tr>\n<td>Secretaria<\/td>\n<td>3283 &#8211; 8903<\/td>\n<\/tr>\n<tr>\n<td>Fax &#8211; Dire\u00e7\u00e3o<\/td>\n<td>3283 &#8211; 8894<\/td>\n<\/tr>\n<tr>\n<td>Contabilidade &#8211; Ana Garcia<\/td>\n<td>3283 &#8211; 8907<\/td>\n<\/tr>\n<tr>\n<tr>\n<td>Fax &#8211; Contabilidade<\/td>\n<td>3283 &#8211; 8927<\/td>\n<\/tr>\n<td>Protocolo<\/td>\n<td>3283 &#8211; 8904<\/td>\n<\/tr>\n<tr>\n<td>CEUA &#8211; Yolanda<\/td>\n<td>3283 &#8211; 8958<\/td>\n<\/tr>\n<tr>\n<td>Prof\u00aa Maria Clara &#8211; Sala 215<\/td>\n<td>3283 &#8211; 8930<\/td>\n<\/tr>\n<tr>\n<td>Prof\u00aa Lilia Moura &#8211; Lab. de Microbiologia<\/td>\n<td>3283 &#8211; 8907<\/td>\n<\/tr>\n<tr>\n<td>Prof\u00aa Ana Cristina<\/td>\n<td>3283 &#8211; 8931<\/td>\n<\/tr>\n<tr>\n<td>Prof\u00aa Neuza Neves<\/td>\n<td>3283 &#8211; 8932<\/td>\n<\/tr>\n<tr>\n<td>Colegiado de Biotecnologia<\/td>\n<td>3283 &#8211; 8936<\/td>\n<\/tr>\n<tr>\n<td>Labem &#8211; Prof\u00ba Paulo Almeida<\/td>\n<td>3283 &#8211; 8937 \\ 3235 &#8211; 2416<\/td>\n<\/tr>\n<tr>\n<td>Lab. de Virologia<\/td>\n<td>3283 &#8211; 8897 \\ 3235 &#8211; 0937<\/td>\n<\/tr>\n<tr>\n<td>Departamento de Biointera\u00e7\u00e3o<\/td>\n<td>3283 &#8211; 8899<\/td>\n<\/tr>\n<tr>\n<td>Prof\u00aa Flavia<\/td>\n<td>3283 &#8211; 8893<\/td>\n<\/tr>\n<tr>\n<td>Proc. Microbiologia &#8211; Maria Clara e Neila<\/td>\n<td>3283 &#8211; 8913<\/td>\n<\/tr>\n<tr>\n<td>Copa<\/td>\n<td>3283 &#8211; 8957<\/td>\n<\/tr>\n<tr>\n<td width=\"121\" height=\"25\"><strong>3\u00ba ANDAR<\/strong><\/td>\n<\/tr>\n<tr>\n<td>Inform\u00e1tica<\/td>\n<td>3283 &#8211; 8905<\/td>\n<\/tr>\n<tr>\n<td>Departamento de Biorregula\u00e7\u00e3o<\/td>\n<td>3283 &#8211; 8908<\/td>\n<\/tr>\n<tr>\n<td>Prof\u00aa Maria Jos\u00e9 \\ T\u00e2nia Rodriguez \\ Luciana Casais (Lab. NIE)<\/td>\n<td>3283 &#8211; 8909<\/td>\n<\/tr>\n<tr>\n<td>Prof\u00aa M\u00aa Auxiliadora &#8211; Sala 320<\/td>\n<td>3283 &#8211; 8942<\/td>\n<\/tr>\n<tr>\n<td>Prof\u00ba Mario<\/td>\n<td>3283 &#8211; 8946<\/td>\n<\/tr>\n<tr>\n<td>Henrique &#8211; Empresa Conservadora<\/td>\n<td>3283 &#8211; 8957<\/td>\n<\/tr>\n<tr>\n<td>Prof\u00aa Camila e Suzana &#8211; Sala 316<\/td>\n<td>3283 &#8211; 8948<\/td>\n<\/tr>\n<tr>\n<td>Sala de Reuni\u00e3o<\/td>\n<td>3283 &#8211; 8956<\/td>\n<\/tr>\n<tr>\n<td width=\"121\" height=\"25\"><strong>4\u00ba ANDAR<\/strong><\/td>\n<\/tr>\n<tr>\n<td>Lab. de Aulas &#8211; Sala 403<\/td>\n<td>3283 &#8211; 8925<\/td>\n<\/tr>\n<tr>\n<td>Lab. de Bioqu\u00edmica Oral<\/td>\n<td>3283 &#8211; 8891<\/td>\n<\/tr>\n<tr>\n<td>Departamento de Biofun\u00e7\u00e3o<\/td>\n<td>3283 &#8211; 8914<\/td>\n<\/tr>\n<tr>\n<td>Lab. Prof\u00ba Penildon Silva<\/td>\n<td>3283 &#8211; 8910<\/td>\n<\/tr>\n<tr>\n<td>Lab. Prof\u00ba Em\u00edlio Silva<\/td>\n<td>3283 &#8211; 8912 \\ 3235 &#8211; 7518<\/td>\n<\/tr>\n<tr>\n<td>Colegiado Curso de Fisioterapia<\/td>\n<td>3283 &#8211; 8926<\/td>\n<\/tr>\n<tr>\n<td>Prof\u00aa Luciana<\/td>\n<td>3283 &#8211; 8929<\/td>\n<\/tr>\n<tr>\n<td>Lab. de Biof\u00edsica &#8211; Prof\u00ba Lu\u00eds Cl\u00e1udio e Prof\u00ba Sergio<\/td>\n<td>3283 &#8211; 8933<\/td>\n<\/tr>\n<tr>\n<td>PG Proc. Int. Org. Sist. \/ Revista<\/td>\n<td>3283 &#8211; 8959<\/td>\n<\/tr>\n<tr>\n<td width=\"121\" height=\"25\"><strong>5\u00ba ANDAR<\/strong><\/td>\n<\/tr>\n<tr>\n<td>Prof\u00ba George &#8211; Sala 522<\/td>\n<td>3283 &#8211; 8944<\/td>\n<\/tr>\n<tr>\n<td>Lab. de Bioqu\u00edmica &#8211; Sala 513<\/td>\n<td>3283 &#8211; 8928<\/td>\n<\/tr>\n<tr>\n<td>Lab. do Prof\u00ba Ramon<\/td>\n<td>3283 &#8211; 8919<\/td>\n<\/tr>\n<tr>\n<td>Lab. da Prof\u00aa  Zenira<\/td>\n<td>3283 &#8211; 8941<\/td>\n<\/tr>\n<tr>\n<td>Lab. de Bioqu\u00edmica, Biotecnologia e Bioenergia &#8211; Sala 504<\/td>\n<td>3283 &#8211; 8915<\/td>\n<\/tr>\n<tr>\n<td>Lab. da Prof\u00aa Maria de F\u00e1tima Costa<\/td>\n<td>3283 &#8211; 8916<\/td>\n<\/tr>\n<tr>\n<td>P\u00f3s-Gradua\u00e7\u00e3o em Imunologia<\/td>\n<td>3283 &#8211; 8921<\/td>\n<\/tr>\n<tr>\n<td>Central de Reagentes de Bioqu\u00edmica<\/td>\n<td>3283 &#8211; 8917<\/td>\n<\/tr>\n<tr>\n<td>Prof\u00aa Luzimar<\/td>\n<td>3283 &#8211; 8918<\/td>\n<\/tr>\n<tr>\n<td>Lab. Prof\u00aa Gysele e Prof\u00aa Rosangela &#8211; Sala 509<\/td>\n<td>3283 &#8211; 8934<\/td>\n<\/tr>\n<tr>\n<td>Renorbio<\/td>\n<td>3283 &#8211; 8947<\/td>\n<\/tr>\n<\/tbody>\n<\/table>\n","protected":false},"excerpt":{"rendered":"<p>&#8212;&#8212;&#8212;&#8212;&#8212;&#8212;&#8212;&#8212;&#8212;&#8212;&#8212;&#8212;&#8212;&#8212;&#8212;&#8212;&#8212;&#8212;&#8212;&#8212;&#8212;&#8212;&#8212;&#8212;&#8212;&#8212;&#8212;&#8212;&#8212;&#8212;&#8212;&#8212;&#8212;&#8212;&#8212;&#8212;&#8212;&#8212;&#8212;&#8212;&#8212;&#8212;&#8212;&#8212;&#8212;&#8212;&#8212;&#8212;&#8212;&#8212;&#8212;&#8212;&#8212;&#8212;&#8212;&#8212; T\u00c9RREO Portaria &#8211; Seguran\u00e7a 3283 &#8211; 8900 Anatomia 3283 &#8211; 8889 Lab. de Imunologia 3331 &#8211; 5072 \\ 3245 &#8211; 5971 Sala 10 &#8211; Prof\u00aa Telma 3283 &#8211; 8889 Administrativo &#8211; Paulo 3283 &#8211; 8898 1\u00ba ANDAR Museu de Anatomia 3283 &#8211; 8922 \\ 8938 Departamento de Biomorfologia 3283 &#8211; 8888 Departamento de Fonoaudiologia [&hellip;]<\/p>\n","protected":false},"author":1,"featured_media":0,"parent":0,"menu_order":7,"comment_status":"closed","ping_status":"closed","template":"","meta":{"_coblocks_attr":"","_coblocks_dimensions":"","_coblocks_responsive_height":"","_coblocks_accordion_ie_support":"","_themeisle_gutenberg_block_has_review":false,"footnotes":""},"class_list":["post-26","page","type-page","status-publish","hentry","count-0","even alt","author-admin","last"],"_links":{"self":[{"href":"https:\/\/blog.ufba.br\/ics\/wp-json\/wp\/v2\/pages\/26"}],"collection":[{"href":"https:\/\/blog.ufba.br\/ics\/wp-json\/wp\/v2\/pages"}],"about":[{"href":"https:\/\/blog.ufba.br\/ics\/wp-json\/wp\/v2\/types\/page"}],"author":[{"embeddable":true,"href":"https:\/\/blog.ufba.br\/ics\/wp-json\/wp\/v2\/users\/1"}],"replies":[{"embeddable":true,"href":"https:\/\/blog.ufba.br\/ics\/wp-json\/wp\/v2\/comments?post=26"}],"version-history":[{"count":0,"href":"https:\/\/blog.ufba.br\/ics\/wp-json\/wp\/v2\/pages\/26\/revisions"}],"wp:attachment":[{"href":"https:\/\/blog.ufba.br\/ics\/wp-json\/wp\/v2\/media?parent=26"}],"curies":[{"name":"wp","href":"https:\/\/api.w.org\/{rel}","templated":true}]}}