{"id":166,"date":"2010-11-22T18:37:08","date_gmt":"2010-11-22T18:37:08","guid":{"rendered":"http:\/\/blog.ufba.br\/ics\/?page_id=166"},"modified":"2010-11-22T18:37:08","modified_gmt":"2010-11-22T18:37:08","slug":"biofuncao-2","status":"publish","type":"page","link":"https:\/\/blog.ufba.br\/ics\/departamentos\/biofuncao-2\/","title":{"rendered":"Biofun\u00e7\u00e3o"},"content":{"rendered":"<p>Em manuten\u00e7\u00e3o.<\/p>\n","protected":false},"excerpt":{"rendered":"<p>Em manuten\u00e7\u00e3o.<\/p>\n","protected":false},"author":1,"featured_media":0,"parent":7,"menu_order":0,"comment_status":"closed","ping_status":"closed","template":"","meta":{"_coblocks_attr":"","_coblocks_dimensions":"","_coblocks_responsive_height":"","_coblocks_accordion_ie_support":"","_themeisle_gutenberg_block_has_review":false,"footnotes":""},"class_list":["post-166","page","type-page","status-publish","hentry","count-0","even alt","author-admin","last"],"_links":{"self":[{"href":"https:\/\/blog.ufba.br\/ics\/wp-json\/wp\/v2\/pages\/166"}],"collection":[{"href":"https:\/\/blog.ufba.br\/ics\/wp-json\/wp\/v2\/pages"}],"about":[{"href":"https:\/\/blog.ufba.br\/ics\/wp-json\/wp\/v2\/types\/page"}],"author":[{"embeddable":true,"href":"https:\/\/blog.ufba.br\/ics\/wp-json\/wp\/v2\/users\/1"}],"replies":[{"embeddable":true,"href":"https:\/\/blog.ufba.br\/ics\/wp-json\/wp\/v2\/comments?post=166"}],"version-history":[{"count":0,"href":"https:\/\/blog.ufba.br\/ics\/wp-json\/wp\/v2\/pages\/166\/revisions"}],"up":[{"embeddable":true,"href":"https:\/\/blog.ufba.br\/ics\/wp-json\/wp\/v2\/pages\/7"}],"wp:attachment":[{"href":"https:\/\/blog.ufba.br\/ics\/wp-json\/wp\/v2\/media?parent=166"}],"curies":[{"name":"wp","href":"https:\/\/api.w.org\/{rel}","templated":true}]}}