{"id":89,"date":"2011-05-30T13:48:44","date_gmt":"2011-05-30T16:48:44","guid":{"rendered":"http:\/\/blog.ufba.br\/ici\/?page_id=89"},"modified":"2011-05-30T13:48:44","modified_gmt":"2011-05-30T16:48:44","slug":"fale-conosco-3","status":"publish","type":"page","link":"https:\/\/blog.ufba.br\/ici\/fale-conosco-3\/","title":{"rendered":"Fale Conosco"},"content":{"rendered":"<p><span style=\"color: #808000;font-size: small\"><strong><span style=\"font-family: Arial\">Instituto de Ci\u00eancia da Informa\u00e7\u00e3o<\/span><\/strong><\/span><\/p>\n<p><span style=\"font-size: small\"> Rua Bas\u00edlio da Gama, s\/n &#8211; Campus Universit\u00e1rio do Canela <\/span><\/p>\n<p><span style=\"font-size: small\">CEP: 40110-100 Salvador &#8211; BA &#8211; Tel. 3283-7762, Fax: 3283-7748<\/span><\/p>\n<p><span style=\"font-size: small\"> E-mail: <a href=\"mailto:ici@ufba.br\">ici@ufba.br<\/a><\/span><\/p>\n<p><span style=\"font-size: x-small\"><img loading=\"lazy\" decoding=\"async\" src=\"http:\/\/blog.ufba.br\/ici\/wp-content\/uploads\/sites\/14\/2011\/08\/mapa.jpg\" alt=\"Mapa Google Maps\" width=\"442\" height=\"310\" \/><br \/>\n<\/span><\/p>\n","protected":false},"excerpt":{"rendered":"<p>Instituto de Ci\u00eancia da Informa\u00e7\u00e3o Rua Bas\u00edlio da Gama, s\/n &#8211; Campus Universit\u00e1rio do Canela CEP: 40110-100 Salvador &#8211; BA &#8211; Tel. 3283-7762, Fax: 3283-7748 E-mail: ici@ufba.br<\/p>\n","protected":false},"author":26,"featured_media":0,"parent":0,"menu_order":9,"comment_status":"closed","ping_status":"closed","template":"","meta":{"_coblocks_attr":"","_coblocks_dimensions":"","_coblocks_responsive_height":"","_coblocks_accordion_ie_support":"","_themeisle_gutenberg_block_has_review":false,"footnotes":""},"class_list":["post-89","page","type-page","status-publish","hentry"],"_links":{"self":[{"href":"https:\/\/blog.ufba.br\/ici\/wp-json\/wp\/v2\/pages\/89"}],"collection":[{"href":"https:\/\/blog.ufba.br\/ici\/wp-json\/wp\/v2\/pages"}],"about":[{"href":"https:\/\/blog.ufba.br\/ici\/wp-json\/wp\/v2\/types\/page"}],"author":[{"embeddable":true,"href":"https:\/\/blog.ufba.br\/ici\/wp-json\/wp\/v2\/users\/26"}],"replies":[{"embeddable":true,"href":"https:\/\/blog.ufba.br\/ici\/wp-json\/wp\/v2\/comments?post=89"}],"version-history":[{"count":0,"href":"https:\/\/blog.ufba.br\/ici\/wp-json\/wp\/v2\/pages\/89\/revisions"}],"wp:attachment":[{"href":"https:\/\/blog.ufba.br\/ici\/wp-json\/wp\/v2\/media?parent=89"}],"curies":[{"name":"wp","href":"https:\/\/api.w.org\/{rel}","templated":true}]}}