{"id":84,"date":"2011-05-30T13:45:56","date_gmt":"2011-05-30T16:45:56","guid":{"rendered":"http:\/\/blog.ufba.br\/ici\/?page_id=84"},"modified":"2011-05-30T13:45:56","modified_gmt":"2011-05-30T16:45:56","slug":"laboratorios","status":"publish","type":"page","link":"https:\/\/blog.ufba.br\/ici\/laboratorios\/","title":{"rendered":"Laborat\u00f3rios"},"content":{"rendered":"<p><span style=\"font-size: medium;color: #808000\"><strong>Laborat\u00f3rio Acad\u00eamico de Inform\u00e1tica &#8211; LAI<\/strong><\/span><\/p>\n<p>&nbsp;<\/p>\n<p><span style=\"font-size: small\">O Laborat\u00f3rio Acad\u00eamico de Inform\u00e1tica (LAI) \u00e9 \u00f3rg\u00e3o de apoio ao ensino de gradua\u00e7\u00e3o e de p\u00f3s-gradua\u00e7\u00e3o, \u00e0 pesquisa e \u00e0 produ\u00e7\u00e3o acad\u00eamica, \u00e0 cria\u00e7\u00e3o, \u00e0 inova\u00e7\u00e3o e \u00e0 extens\u00e3o, sendo parte integrante do N\u00facleo de Laborat\u00f3rios Acad\u00eamicos (NULAB) do Instituto Ci\u00eancia da Informa\u00e7\u00e3o (ICI).<\/span><\/p>\n<p><span style=\"font-size: small\">Tem como principal<strong> objetivo<\/strong> atender ao corpo discente, regularmente matriculado no ICI, no desenvolvimento e pr\u00e1tica de trabalhos acad\u00eamicos.<\/span><\/p>\n<p><span style=\"font-size: small\">O Laborat\u00f3rio de Inform\u00e1tica t\u00eam a <strong>miss\u00e3o<\/strong> de apoiar aos alunos oferecendo um ambiente favor\u00e1vel para realiza\u00e7\u00f5es de trabalhos e pesquisas acad\u00eamicas. Todos os computadores possuem acesso \u00e0 internet.<\/span><\/p>\n<p><span style=\"font-size: small\">Todos os alunos t\u00eam direito de utilizar os laborat\u00f3rios e podem contar com aux\u00edlio da equipe de inform\u00e1tica que est\u00e1 \u00e0 disposi\u00e7\u00e3o, para esclarecer d\u00favidas e resolver problemas que venham a ocorrer durante a utiliza\u00e7\u00e3o do computador.<\/span><\/p>\n<p><span style=\"font-size: small;color: #808000\"><strong>HOR\u00c1RIOS \u00a0DE FUNCIONAMENTO:<\/strong><\/span><\/p>\n<p><span style=\"font-size: small\">Segunda a Sexta: 09:00h \u00e0s 20:00h<\/span><br \/>\n<span style=\"font-size: small\"> S\u00e1bado: 09h \u00e0s 12h (indispon\u00edvel no momento)<\/span><br \/>\n<span style=\"font-size: small\"> <em>* Existem hor\u00e1rios reservados para realiza\u00e7\u00e3o de aulas nos Laborat\u00f3rios de Inform\u00e1tica.<\/em><\/span><\/p>\n<p><a title=\"REGULAMENTO - Clique Aqui.\" href=\"http:\/\/blog.ufba.br\/ici\/wp-content\/uploads\/sites\/14\/2011\/05\/Regulamento_LAI_aprovadoV2.pdf\" target=\"_blank\" rel=\"noopener\">REGULAMENTO &#8211; Clique Aqui.<\/a><\/p>\n<p>&nbsp;<\/p>\n<p>&nbsp;<\/p>\n<p><span style=\"font-size: small;color: #808000\"><strong>EQUIPE<\/strong><\/span><\/p>\n<h4><span style=\"font-size: small\">Supervisora &#8211; Prof\u00aa. Maria Dulce Paradella Matos de Oliveira<\/span><\/h4>\n<h4>Vice-coordenadora &#8211; Prof\u00aa. Maria Carolina Santos de Souza<\/h4>\n<h4><span style=\"font-size: small\">T\u00e9cnico\/assistente administrativo: \u00a0Ana\u00a0Maria Concei\u00e7\u00e3o Silva de Menezes \u00a0\/\u00a0Cl\u00e1udio Jos\u00e9 Melo<\/span><\/h4>\n<p><strong>CONTATO<\/strong><\/p>\n<p><a title=\"email\" href=\"mailto:icilai@ufba.br\" target=\"_blank\" rel=\"noopener\"><span style=\"font-size: small\">icilai@ufba.br<\/span><\/a><\/p>\n<p><span style=\"color: #808000\"><strong>DICAS DO LAI<\/strong><\/span><\/p>\n<p><span style=\"color: #008000\"><span style=\"color: #000000\"><strong><span style=\"color: #ff0000\">(1)<\/span> <\/strong>Voc\u00ea sabe como consultar os peri\u00f3dicos da CAPES? Conhece o Repsit\u00f3rio Institucional da UFBA? Acesse o link abaixo para saber mais. <a title=\"a\" href=\"http:\/\/blog.ufba.br\/ici\/wp-content\/uploads\/sites\/14\/2012\/02\/orientacoes_portalCAPES.pdf\">Clique aqui<\/a><\/span><\/span><\/p>\n<p><span style=\"color: #008000\"><span style=\"color: #000000\"><strong><span style=\"color: #ff0000\">(2)<\/span><\/strong> Consulte nossa lista de <\/span><\/span>sites que disponibilizam livros digitais gratuitamente. <a title=\"a\" href=\"http:\/\/blog.ufba.br\/ici\/wp-content\/uploads\/sites\/14\/2012\/02\/livros_digitais.pdf\" target=\"_blank\" rel=\"noopener\">Clique aqui<\/a>.<\/p>\n<p><span style=\"color: #008000\"><span style=\"font-size: small;color: #000000\"><br \/>\n<\/span><\/span><\/p>\n<p>&nbsp;<\/p>\n","protected":false},"excerpt":{"rendered":"<p>Laborat\u00f3rio Acad\u00eamico de Inform\u00e1tica &#8211; LAI &nbsp; O Laborat\u00f3rio Acad\u00eamico de Inform\u00e1tica (LAI) \u00e9 \u00f3rg\u00e3o de apoio ao ensino de gradua\u00e7\u00e3o e de p\u00f3s-gradua\u00e7\u00e3o, \u00e0 pesquisa e \u00e0 produ\u00e7\u00e3o acad\u00eamica, [&hellip;]<\/p>\n","protected":false},"author":26,"featured_media":0,"parent":0,"menu_order":2,"comment_status":"closed","ping_status":"closed","template":"","meta":{"_coblocks_attr":"","_coblocks_dimensions":"","_coblocks_responsive_height":"","_coblocks_accordion_ie_support":"","_themeisle_gutenberg_block_has_review":false,"footnotes":""},"class_list":["post-84","page","type-page","status-publish","hentry"],"_links":{"self":[{"href":"https:\/\/blog.ufba.br\/ici\/wp-json\/wp\/v2\/pages\/84"}],"collection":[{"href":"https:\/\/blog.ufba.br\/ici\/wp-json\/wp\/v2\/pages"}],"about":[{"href":"https:\/\/blog.ufba.br\/ici\/wp-json\/wp\/v2\/types\/page"}],"author":[{"embeddable":true,"href":"https:\/\/blog.ufba.br\/ici\/wp-json\/wp\/v2\/users\/26"}],"replies":[{"embeddable":true,"href":"https:\/\/blog.ufba.br\/ici\/wp-json\/wp\/v2\/comments?post=84"}],"version-history":[{"count":0,"href":"https:\/\/blog.ufba.br\/ici\/wp-json\/wp\/v2\/pages\/84\/revisions"}],"wp:attachment":[{"href":"https:\/\/blog.ufba.br\/ici\/wp-json\/wp\/v2\/media?parent=84"}],"curies":[{"name":"wp","href":"https:\/\/api.w.org\/{rel}","templated":true}]}}