{"id":7,"date":"2011-05-30T12:01:18","date_gmt":"2011-05-30T15:01:18","guid":{"rendered":"http:\/\/blog.ufba.br\/ici\/?page_id=7"},"modified":"2023-07-04T15:22:18","modified_gmt":"2023-07-04T18:22:18","slug":"professores","status":"publish","type":"page","link":"https:\/\/blog.ufba.br\/ici\/instituto\/professores\/","title":{"rendered":"Professores"},"content":{"rendered":"<p>&nbsp;<\/p>\n<p><strong>Albano Souza Oliveira<br \/>\n<\/strong>Doutor em Difus\u00e3o do Conhecimento pela UFBA<\/p>\n<p><strong>Alzira Gondim Tude de S\u00e1<br \/>\n<\/strong>Doutora em Ci\u00eancia da Informa\u00e7\u00e3o pelo UFBA<\/p>\n<p><strong>Ana Claudia Medeiros de Sousa<br \/>\n<\/strong>Doutora em Ci\u00eancia da Informa\u00e7\u00e3o pela UFPB<\/p>\n<p><strong>Ana Paula de Oliveira Villalobos<br \/>\n<\/strong>Doutora em Educa\u00e7\u00e3o com interface em novas Tecnologias da Informa\u00e7\u00e3o e da Comunica\u00e7\u00e3o pela UFBA<\/p>\n<p><b>Barbara Coelho Neves<br \/>\n<\/b>Doutora em Educa\u00e7\u00e3o pela UFBA<\/p>\n<p><strong>Bruna Bomfim Lessa dos Santos<br \/>\n<\/strong>Doutora em Ci\u00eancia da Informa\u00e7\u00e3o pela UFBA<\/p>\n<p><strong>Carolina de Souza Santana Magalh\u00e3es<br \/>\n<\/strong>Doutora em Ci\u00eancia da Informa\u00e7\u00e3o pela UFBA<\/p>\n<p><strong>D\u00e9bora Sampaio Leit\u00e3o<br \/>\n<\/strong>Mestre em Ci\u00eancia da Informa\u00e7\u00e3o pela UFBA<\/p>\n<p><strong>Denise Braga Sampaio<br \/>\n<\/strong>Mestre em Ci\u00eancia da Informa\u00e7\u00e3o pela UFPE<\/p>\n<p><strong>Derek Warwick da Silva Tavares<br \/>\n<\/strong>Doutor em Ci\u00eancia da Informa\u00e7\u00e3o pela UFPB<\/p>\n<p><strong>Fabiano Cataldo de Azevedo<br \/>\n<\/strong>Doutor em Hist\u00f3ria pela UERJ<\/p>\n<p><strong>Francisco Jos\u00e9 Arag\u00e3o Pedroza Cunha<br \/>\n<\/strong>Doutor em Difus\u00e3o do Conhecimento pela UFBA<\/p>\n<p><strong>Gillian Leandro de Queiroga Lima<br \/>\n<\/strong>Doutor em Difus\u00e3o do Conhecimento pela UFBA<\/p>\n<p><strong>Gleise da Silva Brand\u00e3o<\/strong><br \/>\nDoutora em&nbsp;Ci\u00eancia da Informa\u00e7\u00e3o pela UFBA<\/p>\n<p><strong>Hildenise Ferreira Novo<br \/>\n<\/strong>Doutora em Difus\u00e3o do Conhecimento pela UFBA<\/p>\n<p><strong>Jaires Oliveira Santos<br \/>\n<\/strong>Mestre em Ci\u00eancia da Informa\u00e7\u00e3o pela UFBA<\/p>\n<p><strong>Ivana Aparecida Borges Lins<br \/>\n<\/strong>Doutora em Ci\u00eancia da Informa\u00e7\u00e3o pela UFBA<\/p>\n<p><strong>Jos\u00e9 Carlos Sales dos Santos<br \/>\n<\/strong>Doutor em Ci\u00eancia da Informa\u00e7\u00e3o pela UFBA<\/p>\n<p><strong>K\u00e1tia de Oliveira Rodrigues<br \/>\n<\/strong>Doutora em Ci\u00eancia da Informa\u00e7\u00e3o pela UFMG<\/p>\n<p><strong>Leyde Klebia Rodrigues da Silva<br \/>\n<\/strong>Doutora em Ci\u00eancia da Informa\u00e7\u00e3o pela&nbsp;UFRJ\/IBICT<\/p>\n<p><strong>L\u00eddia Maria Batista Brand\u00e3o Toutain<br \/>\n<\/strong>Doutora em Filosofia pela&nbsp; Universidad de Le\u00f3n, Espanha<\/p>\n<p><strong>Ma\u00edra&nbsp;Salles Souza<br \/>\n<\/strong>Mestre em Ci\u00eancia da Informa\u00e7\u00e3o pela UFBA<\/p>\n<p><strong>Maria Dulce Paradella M. de Oliveira<br \/>\n<\/strong>Mestra em Ci\u00eancia da Informa\u00e7\u00e3o pela UFBA<\/p>\n<p><strong>Maria Isabel de Jesus Sousa Barreira<br \/>\n<\/strong>Doutora em Educa\u00e7\u00e3o pela UFBA<\/p>\n<p><strong>Maria Teresa Navarro de Brito Matos<br \/>\n<\/strong>Doutora em Educa\u00e7\u00e3o pela UFBA<\/p>\n<p><strong>Marlene Morbeck Coelho<br \/>\n<\/strong>Mestra em Ci\u00eancia da Informa\u00e7\u00e3o pela UFBA<\/p>\n<p><strong>Raquel do Ros\u00e1rio Santos<br \/>\n<\/strong>Doutora em Ci\u00eancia da Informa\u00e7\u00e3o pela UFPB<\/p>\n<p><strong>Rayan Aram\u00eds de Brito Feitoza<br \/>\n<\/strong>Mestre em Ci\u00eancia da Informa\u00e7\u00e3o pela UFPB<\/p>\n<p><strong>Raymundo das Neves Machado<br \/>\n<\/strong>Doutor em Ci\u00eancia da Informa\u00e7\u00e3o pela UFRJ\/IBICT<\/p>\n<p><strong>Rodrigo Fortes de \u00c1vila<br \/>\n<\/strong>Mestre em Ci\u00eancia da Informa\u00e7\u00e3o pela a UnB<\/p>\n<p><strong>Rodrigo Fran\u00e7a Meirelles<br \/>\n<\/strong>Mestre em Ci\u00eancia da Informa\u00e7\u00e3o pela UFBA<\/p>\n<p><strong>S\u00e9rgio Franklin Ribeiro da Silva<br \/>\n<\/strong>Doutor em Ci\u00eancia da Informa\u00e7\u00e3o pela UFBA<\/p>\n<p><strong>Susane Santos Barros<br \/>\n<\/strong>Mestre em Ci\u00eancia da Informa\u00e7\u00e3o pela UFBA<\/p>\n","protected":false},"excerpt":{"rendered":"<p>&nbsp; Albano Souza Oliveira Doutor em Difus\u00e3o do Conhecimento pela UFBA Alzira Gondim Tude de S\u00e1 Doutora em Ci\u00eancia da Informa\u00e7\u00e3o pelo UFBA Ana Claudia Medeiros de Sousa Doutora em [&hellip;]<\/p>\n","protected":false},"author":26,"featured_media":0,"parent":18,"menu_order":2,"comment_status":"closed","ping_status":"closed","template":"","meta":{"_coblocks_attr":"","_coblocks_dimensions":"","_coblocks_responsive_height":"","_coblocks_accordion_ie_support":"","_themeisle_gutenberg_block_has_review":false,"footnotes":""},"class_list":["post-7","page","type-page","status-publish","hentry"],"_links":{"self":[{"href":"https:\/\/blog.ufba.br\/ici\/wp-json\/wp\/v2\/pages\/7"}],"collection":[{"href":"https:\/\/blog.ufba.br\/ici\/wp-json\/wp\/v2\/pages"}],"about":[{"href":"https:\/\/blog.ufba.br\/ici\/wp-json\/wp\/v2\/types\/page"}],"author":[{"embeddable":true,"href":"https:\/\/blog.ufba.br\/ici\/wp-json\/wp\/v2\/users\/26"}],"replies":[{"embeddable":true,"href":"https:\/\/blog.ufba.br\/ici\/wp-json\/wp\/v2\/comments?post=7"}],"version-history":[{"count":1,"href":"https:\/\/blog.ufba.br\/ici\/wp-json\/wp\/v2\/pages\/7\/revisions"}],"predecessor-version":[{"id":3159,"href":"https:\/\/blog.ufba.br\/ici\/wp-json\/wp\/v2\/pages\/7\/revisions\/3159"}],"up":[{"embeddable":true,"href":"https:\/\/blog.ufba.br\/ici\/wp-json\/wp\/v2\/pages\/18"}],"wp:attachment":[{"href":"https:\/\/blog.ufba.br\/ici\/wp-json\/wp\/v2\/media?parent=7"}],"curies":[{"name":"wp","href":"https:\/\/api.w.org\/{rel}","templated":true}]}}