{"id":47,"date":"2011-05-30T13:12:47","date_gmt":"2011-05-30T16:12:47","guid":{"rendered":"http:\/\/blog.ufba.br\/ici\/?page_id=47"},"modified":"2011-05-30T13:12:47","modified_gmt":"2011-05-30T16:12:47","slug":"pesquisa","status":"publish","type":"page","link":"https:\/\/blog.ufba.br\/ici\/pesquisa\/","title":{"rendered":"Pesquisa"},"content":{"rendered":"<h1>Grupos de Pesquisa<\/h1>\n<p><span style=\"color: #000000\"><strong><a href=\"http:\/\/www.comporti.ufba.br\" target=\"_blank\" rel=\"noopener\">Compet\u00eancias e comportamento: processos de produ\u00e7\u00e3o, inova\u00e7\u00e3o e comunica\u00e7\u00e3o da informa\u00e7\u00e3o &#8211; COMPORTI<\/a><br \/>\n<\/strong>L\u00edder:\u00a0<a href=\"http:\/\/lattes.cnpq.br\/8047892088151487\" target=\"_blank\" rel=\"noopener\">Maria Isabel de Jesus Sousa Barreira<br \/>\n<\/a>Vice-l\u00edder:\u00a0<a href=\"http:\/\/lattes.cnpq.br\/2047669969723945\">Jos\u00e9 Carlos Sales dos Santos<\/a><\/span><br \/>\n<a href=\"http:\/\/dgp.cnpq.br\/dgp\/espelhogrupo\/9023929223467794\">Informa\u00e7\u00f5es detalhadas<\/a><\/p>\n<p><span style=\"color: #000000\"><strong><a href=\"https:\/\/cridi.ici.ufba.br\/\">Grupo de Estudos sobre Cultura, Representa\u00e7\u00e3o e Informa\u00e7\u00e3o Digitais &#8211; CRIDI<\/a><br \/>\n<\/strong>L\u00edder:\u00a0<a title=\"Ricardo Sodr\u00e9 Andrade\" href=\"http:\/\/lattes.cnpq.br\/5845598056866850\" target=\"_blank\" rel=\"noopener\">Ricardo Sodr\u00e9 Andrade\u00a0<\/a><br \/>\nVice-l\u00edder:\u00a0<a href=\"http:\/\/lattes.cnpq.br\/6787804341117359\">Adriana Lucia Cox Holl\u00f3s<\/a><br \/>\n<a href=\"http:\/\/dgp.cnpq.br\/dgp\/espelhogrupo\/23967\" target=\"_blank\" rel=\"noopener\">Informa\u00e7\u00f5es detalhadas<\/a><\/span><\/p>\n<p><strong><span style=\"color: #000000\">Difus\u00e3o do Conhecimento e Apropria\u00e7\u00e3o de Saberes: Acesso e uso da Informa\u00e7\u00e3o na Sociedade \u2013 DIFUSAS<\/span><br \/>\n<\/strong>L\u00edder:\u00a0<a title=\"Hildenise Ferreira Novo\" href=\"http:\/\/lattes.cnpq.br\/8031125006782425\">Hildenise Ferreira Novo<strong><br \/>\n<\/strong><\/a><span style=\"color: #000000\">Vice-l\u00edder:\u00a0<a href=\"http:\/\/lattes.cnpq.br\/1692218547069653\">Ivana Aparecida Borges Lins<\/a><\/span><a title=\"Hildenise Ferreira Novo\" href=\"http:\/\/lattes.cnpq.br\/8031125006782425\"><strong><br \/>\n<\/strong><\/a><a href=\"http:\/\/dgp.cnpq.br\/dgp\/espelhogrupo\/1393632409977344\" target=\"_blank\" rel=\"noopener\">Informa\u00e7\u00f5es detalhadas<\/a><\/p>\n<p><span style=\"color: #000000\"><strong>G-ACERVOS &#8211; Mem\u00f3ria, Patrim\u00f4nio, Cultura, Informa\u00e7\u00e3o em Plataformas Digitais<\/strong><\/span><br \/>\nL\u00edder:\u00a0<a href=\"http:\/\/lattes.cnpq.br\/3163746449445444\" target=\"_blank\" rel=\"noopener\">Zeny Duarte de Miranda<\/a><br \/>\n<a href=\"http:\/\/dgp.cnpq.br\/dgp\/espelhogrupo\/0166206759487603\" target=\"_blank\" rel=\"noopener\">Informa\u00e7\u00f5es detalhadas<\/a><\/p>\n<p><strong><span style=\"color: #000000\">Grupo de Pesquisa: Saberes e Fazeres em Gest\u00e3o da Informa\u00e7\u00e3o e do Conhecimento GEINFO<\/span><br \/>\n<\/strong>L\u00edder: <a href=\"http:\/\/lattes.cnpq.br\/5753747789594398\" target=\"_blank\" rel=\"noopener\">N\u00eddia Maria Lienert Lubisco<br \/>\n<\/a>Vice-l\u00edder: <a href=\"http:\/\/lattes.cnpq.br\/7616062383606976\" target=\"_blank\" rel=\"noopener\">Sergio Franklin Ribeiro da Silva<\/a><br \/>\n<a href=\"http:\/\/dgp.cnpq.br\/dgp\/espelhogrupo\/61907\" target=\"_blank\" rel=\"noopener\">Informa\u00e7\u00f5es detalhadas<\/a><a href=\"http:\/\/dgp.cnpq.br\/dgp\/espelhogrupo\/23967\" target=\"_blank\" rel=\"noopener\"><strong><br \/>\n<\/strong><\/a><\/p>\n<p><strong>Grupo de Estudos e Pesquisa em Media\u00e7\u00e3o e Comunica\u00e7\u00e3o da Informa\u00e7\u00e3o &#8211; GEPEMCI<\/strong><br \/>\nL\u00edder: <a href=\"http:\/\/lattes.cnpq.br\/0013890432793373\" target=\"_blank\" rel=\"noopener\">Henriette Ferreira Gomes<br \/>\n<\/a>Vice-l\u00edder:\u00a0<a href=\"http:\/\/lattes.cnpq.br\/7598251938338379\" target=\"_blank\" rel=\"noopener\">Raquel do Ros\u00e1rio Santos<\/a><a href=\"http:\/\/dgp.cnpq.br\/dgp\/espelhogrupo\/8413221682771309\" target=\"_blank\" rel=\"noopener\"><br \/>\nInforma\u00e7\u00f5es detalhadas<\/a><\/p>\n<p><strong><a href=\"http:\/\/www.gepicc.ufba.br\/\" target=\"_blank\" rel=\"noopener\">Grupo de Estudos de Pol\u00edticas de Informa\u00e7\u00e3o, Cultura e Comunica\u00e7\u00f5es &#8211;\u00a0GEPICC<\/a><br \/>\n<\/strong>L\u00edder:\u00a0<a href=\"http:\/\/lattes.cnpq.br\/5842800916317000\" target=\"_blank\" rel=\"noopener\">Gillian Leandro de Queiroga Lima<br \/>\n<\/a>Vice-l\u00edder:\u00a0<a href=\"http:\/\/lattes.cnpq.br\/6360027208494081\" target=\"_blank\" rel=\"noopener\">Natanael Vitor Sobral<\/a><a href=\"http:\/\/dgp.cnpq.br\/dgp\/espelhogrupo\/8508903031030288\" target=\"_blank\" rel=\"noopener\"><br \/>\nInforma\u00e7\u00f5es detalhadas<\/a><\/p>\n<p><strong>Grupo de Estudo e Pesquisa em Metrias da Informa\u00e7\u00e3o Aplicadas \u00e0 Ci\u00eancia, Tecnologia e Inova\u00e7\u00e3o &#8211; GEPMIC<\/strong><br \/>\nL\u00edder:\u00a0<a href=\"http:\/\/lattes.cnpq.br\/4391603096349380\" target=\"_blank\" rel=\"noopener\">Raymundo N. Machado<\/a><br \/>\n<a href=\"http:\/\/dgp.cnpq.br\/dgp\/espelhogrupo\/5427681542033664\" target=\"_blank\" rel=\"noopener\">Informa\u00e7\u00f5es detalhadas<\/a><\/p>\n<p><strong>Grupo Interinstitucional de Processos Semi\u00f3tico e de Design &#8211; GIDES<br \/>\n<\/strong>L\u00edder:\u00a0<a href=\"http:\/\/lattes.cnpq.br\/2594676200025013%20\" target=\"_blank\" rel=\"noopener\">Lidia Maria Batista Brandao Toutain<br \/>\n<\/a>Vice-l\u00edder:\u00a0<a href=\"http:\/\/lattes.cnpq.br\/4533051532867358\" target=\"_blank\" rel=\"noopener\">Jean Claude Novaes de Almeida<\/a><br \/>\n<a href=\"http:\/\/dgp.cnpq.br\/dgp\/espelhogrupo\/8818041370276647\" target=\"_blank\" rel=\"noopener\">Informa\u00e7\u00f5es detalhadas<\/a><\/p>\n<p><strong>Laborat\u00f3rio de Tecnologias Informacionais e Inclus\u00e3o Sociodigital &#8211; LTI Digital<\/strong><br \/>\nL\u00edder:\u00a0<a href=\"http:\/\/lattes.cnpq.br\/7327673330074701\" target=\"_blank\" rel=\"noopener\">Barbara Coelho Neves<br \/>\n<\/a>Vice-l\u00edder:\u00a0<a href=\"http:\/\/lattes.cnpq.br\/3948252543083879\" target=\"_blank\" rel=\"noopener\">Denise Braga Sampaio<\/a><br \/>\n<a href=\"http:\/\/dgp.cnpq.br\/dgp\/espelhogrupo\/4600999647477240\" target=\"_blank\" rel=\"noopener\">Informa\u00e7\u00f5es detalhadas<\/a><\/p>\n","protected":false},"excerpt":{"rendered":"<p>Grupos de Pesquisa Compet\u00eancias e comportamento: processos de produ\u00e7\u00e3o, inova\u00e7\u00e3o e comunica\u00e7\u00e3o da informa\u00e7\u00e3o &#8211; COMPORTI L\u00edder:\u00a0Maria Isabel de Jesus Sousa Barreira Vice-l\u00edder:\u00a0Jos\u00e9 Carlos Sales dos Santos Informa\u00e7\u00f5es detalhadas Grupo [&hellip;]<\/p>\n","protected":false},"author":26,"featured_media":0,"parent":0,"menu_order":3,"comment_status":"closed","ping_status":"closed","template":"","meta":{"_coblocks_attr":"","_coblocks_dimensions":"","_coblocks_responsive_height":"","_coblocks_accordion_ie_support":"","_themeisle_gutenberg_block_has_review":false,"footnotes":""},"class_list":["post-47","page","type-page","status-publish","hentry"],"_links":{"self":[{"href":"https:\/\/blog.ufba.br\/ici\/wp-json\/wp\/v2\/pages\/47"}],"collection":[{"href":"https:\/\/blog.ufba.br\/ici\/wp-json\/wp\/v2\/pages"}],"about":[{"href":"https:\/\/blog.ufba.br\/ici\/wp-json\/wp\/v2\/types\/page"}],"author":[{"embeddable":true,"href":"https:\/\/blog.ufba.br\/ici\/wp-json\/wp\/v2\/users\/26"}],"replies":[{"embeddable":true,"href":"https:\/\/blog.ufba.br\/ici\/wp-json\/wp\/v2\/comments?post=47"}],"version-history":[{"count":0,"href":"https:\/\/blog.ufba.br\/ici\/wp-json\/wp\/v2\/pages\/47\/revisions"}],"wp:attachment":[{"href":"https:\/\/blog.ufba.br\/ici\/wp-json\/wp\/v2\/media?parent=47"}],"curies":[{"name":"wp","href":"https:\/\/api.w.org\/{rel}","templated":true}]}}