{"id":345,"date":"2011-08-11T10:23:28","date_gmt":"2011-08-11T13:23:28","guid":{"rendered":"http:\/\/blog.ufba.br\/ici\/?page_id=345"},"modified":"2011-08-11T10:23:28","modified_gmt":"2011-08-11T13:23:28","slug":"orientacao-arquivologia","status":"publish","type":"page","link":"https:\/\/blog.ufba.br\/ici\/ensino\/arquivologia\/orientacao-arquivologia\/","title":{"rendered":"Orienta\u00e7\u00e3o &#8211; Arquivologia"},"content":{"rendered":"<p>&nbsp;<\/p>\n<p><em>A orienta\u00e7\u00e3o acad\u00eamica \u00e9 um importante instrumento para a organiza\u00e7\u00e3o e encaminhamento da vida acad\u00eamica do discente.<\/em><\/p>\n<p><em> A cada ano letivo, um docente <em>\u00e9 indicado pelo Colegiado<\/em>\u00a0para desempenhar a fun\u00e7\u00e3o de Orientador Acad\u00eamico da turma que ingressa. <\/em><\/p>\n<p><em>A orienta\u00e7\u00e3o acad\u00eamica ocorre ao longo de todo o curso. Nos encontros de orienta\u00e7\u00e3o ficam mais claros os componentes curriculares que o discente deve cursar, permitindo a reuni\u00e3o de elementos para a elabora\u00e7\u00e3o de um programa de estudo.<\/em><\/p>\n<p><em>Atualmente, exercem orienta\u00e7\u00e3o acad\u00eamica os docentes constantes da rela\u00e7\u00e3o abaixo. O contato com o orientador da turma deve ser agendando atrav\u00e9s do<\/em><em>\u00a0<\/em><em>email<\/em><em>\u00a0<\/em><em>indicado.<\/em><\/p>\n<p><em><strong><a href=\"http:\/\/blog.ufba.br\/ici\/wp-content\/uploads\/sites\/14\/2013\/01\/COLARQ_OrientadoresAcademicos2012.pdf\" target=\"_blank\" rel=\"noopener\">Rela\u00e7\u00e3o de Orientadores Acad\u00eamicos (atualizada em jan\/2013)<\/a><\/strong><\/em><\/p>\n<p>&nbsp;<\/p>\n<p>&nbsp;<\/p>\n<p>&nbsp;<\/p>\n<p>&nbsp;<\/p>\n","protected":false},"excerpt":{"rendered":"<p>&nbsp; A orienta\u00e7\u00e3o acad\u00eamica \u00e9 um importante instrumento para a organiza\u00e7\u00e3o e encaminhamento da vida acad\u00eamica do discente. A cada ano letivo, um docente \u00e9 indicado pelo Colegiado\u00a0para desempenhar a [&hellip;]<\/p>\n","protected":false},"author":26,"featured_media":0,"parent":155,"menu_order":2,"comment_status":"closed","ping_status":"closed","template":"","meta":{"_coblocks_attr":"","_coblocks_dimensions":"","_coblocks_responsive_height":"","_coblocks_accordion_ie_support":"","_themeisle_gutenberg_block_has_review":false,"footnotes":""},"class_list":["post-345","page","type-page","status-publish","hentry"],"_links":{"self":[{"href":"https:\/\/blog.ufba.br\/ici\/wp-json\/wp\/v2\/pages\/345"}],"collection":[{"href":"https:\/\/blog.ufba.br\/ici\/wp-json\/wp\/v2\/pages"}],"about":[{"href":"https:\/\/blog.ufba.br\/ici\/wp-json\/wp\/v2\/types\/page"}],"author":[{"embeddable":true,"href":"https:\/\/blog.ufba.br\/ici\/wp-json\/wp\/v2\/users\/26"}],"replies":[{"embeddable":true,"href":"https:\/\/blog.ufba.br\/ici\/wp-json\/wp\/v2\/comments?post=345"}],"version-history":[{"count":0,"href":"https:\/\/blog.ufba.br\/ici\/wp-json\/wp\/v2\/pages\/345\/revisions"}],"up":[{"embeddable":true,"href":"https:\/\/blog.ufba.br\/ici\/wp-json\/wp\/v2\/pages\/155"}],"wp:attachment":[{"href":"https:\/\/blog.ufba.br\/ici\/wp-json\/wp\/v2\/media?parent=345"}],"curies":[{"name":"wp","href":"https:\/\/api.w.org\/{rel}","templated":true}]}}