{"id":327,"date":"2011-08-10T11:47:18","date_gmt":"2011-08-10T14:47:18","guid":{"rendered":"http:\/\/blog.ufba.br\/ici\/?page_id=327"},"modified":"2011-08-10T11:47:18","modified_gmt":"2011-08-10T14:47:18","slug":"enade","status":"publish","type":"page","link":"https:\/\/blog.ufba.br\/ici\/ensino\/arquivologia\/enade\/","title":{"rendered":"Enade"},"content":{"rendered":"<p><em><strong>EXAME NACIONAL DE DESEMPENHO ESTUDANTIL &#8211; ENADE 2009:<\/strong><\/em><\/p>\n<p><em>Em 2009.2, os cursos de Arquivologia ficaram, mais uma vez, entre os cursos submetidos ao ENADE.<\/em><\/p>\n<p><em>O ENADE \u00e9 considerado componente curricular obrigat\u00f3rio. O aluno \u00a0habilitado pelo ICI-UFBA e selecionado na amostra do MEC para fazer a prova deve comparecer no local, dia e hor\u00e1rio \u00a0indicados. Faltar ao ENADE pode provocar grandes problemas para a vida estudantil, especialmente para os concluintes, que ter\u00e3o que justificar a aus\u00eancia, e este processo pode levar muitos meses de tramita\u00e7\u00e3o no MEC e na UFBA.<\/em><\/p>\n<p><em><strong><a title=\"manual\" href=\"http:\/\/blog.ufba.br\/ici\/wp-content\/uploads\/sites\/14\/2011\/08\/Manual_ENADE_2009.pdf\" target=\"_blank\" rel=\"noopener\">MANUAL ENADE\u00a0 2009<\/a><\/strong><\/em><\/p>\n<p><em><strong><a title=\"prova\" href=\"http:\/\/blog.ufba.br\/ici\/wp-content\/uploads\/sites\/14\/2011\/08\/PROVA_DE_ARQUIVOLOGIA_2006.pdf\" target=\"_blank\" rel=\"noopener\">PROVA DE ARQUIVOLOGIA 2006<\/a><\/strong><\/em><\/p>\n<p><em>(Primeira vez que os cursos de Arquivologia participaram do exame)<\/em><\/p>\n<p><em><strong><a title=\"gabarito\" href=\"http:\/\/blog.ufba.br\/ici\/wp-content\/uploads\/sites\/14\/2011\/08\/Gabarito_ARQUIVOLOGIA_2006.pdf\" target=\"_blank\" rel=\"noopener\">GABARITO ARQUIVOLOGIA 2006<\/a><\/strong><\/em><\/p>\n<p><em><strong><a title=\"padrao\" href=\"http:\/\/blog.ufba.br\/ici\/wp-content\/uploads\/sites\/14\/2011\/08\/Padrao_de_Resposta_-_Questes_discursivas_-_Arquivologia_2006.pdf\" target=\"_blank\" rel=\"noopener\">PADR\u00c3O DE RESPOSTA &#8211; QUEST\u00d5ES DISCURSIVAS<\/a><\/strong><\/em><\/p>\n","protected":false},"excerpt":{"rendered":"<p>EXAME NACIONAL DE DESEMPENHO ESTUDANTIL &#8211; ENADE 2009: Em 2009.2, os cursos de Arquivologia ficaram, mais uma vez, entre os cursos submetidos ao ENADE. O ENADE \u00e9 considerado componente curricular [&hellip;]<\/p>\n","protected":false},"author":26,"featured_media":0,"parent":155,"menu_order":2,"comment_status":"closed","ping_status":"closed","template":"","meta":{"_coblocks_attr":"","_coblocks_dimensions":"","_coblocks_responsive_height":"","_coblocks_accordion_ie_support":"","_themeisle_gutenberg_block_has_review":false,"footnotes":""},"class_list":["post-327","page","type-page","status-publish","hentry"],"_links":{"self":[{"href":"https:\/\/blog.ufba.br\/ici\/wp-json\/wp\/v2\/pages\/327"}],"collection":[{"href":"https:\/\/blog.ufba.br\/ici\/wp-json\/wp\/v2\/pages"}],"about":[{"href":"https:\/\/blog.ufba.br\/ici\/wp-json\/wp\/v2\/types\/page"}],"author":[{"embeddable":true,"href":"https:\/\/blog.ufba.br\/ici\/wp-json\/wp\/v2\/users\/26"}],"replies":[{"embeddable":true,"href":"https:\/\/blog.ufba.br\/ici\/wp-json\/wp\/v2\/comments?post=327"}],"version-history":[{"count":0,"href":"https:\/\/blog.ufba.br\/ici\/wp-json\/wp\/v2\/pages\/327\/revisions"}],"up":[{"embeddable":true,"href":"https:\/\/blog.ufba.br\/ici\/wp-json\/wp\/v2\/pages\/155"}],"wp:attachment":[{"href":"https:\/\/blog.ufba.br\/ici\/wp-json\/wp\/v2\/media?parent=327"}],"curies":[{"name":"wp","href":"https:\/\/api.w.org\/{rel}","templated":true}]}}