{"id":284,"date":"2011-08-10T10:38:24","date_gmt":"2011-08-10T13:38:24","guid":{"rendered":"http:\/\/blog.ufba.br\/ici\/?page_id=284"},"modified":"2011-08-10T10:38:24","modified_gmt":"2011-08-10T13:38:24","slug":"relatorios-colegiado","status":"publish","type":"page","link":"https:\/\/blog.ufba.br\/ici\/ensino\/arquivologia\/relatorios-colegiado\/","title":{"rendered":"Relat\u00f3rios &#8211; Colegiado"},"content":{"rendered":"<p><span style=\"font-size: small\"><strong><a name=\"3.3 Relat\u00f3rios Anuais de Gest\u00e3o da Coordena\u00e7\u00e3o do Colegiado\"><\/a>Relat\u00f3rios Anuais de Gest\u00e3o da Coordena\u00e7\u00e3o do Colegiado:<\/strong><\/span><\/p>\n<p><span style=\"font-size: small\"><strong>Acesse os arquivos:<\/strong><\/span><\/p>\n<p><span style=\"font-size: small\"><a title=\"2005\" href=\"http:\/\/blog.ufba.br\/ici\/wp-content\/uploads\/sites\/14\/2011\/08\/Relatrio_Colarq_2005.pdf\" target=\"_blank\" rel=\"noopener\"><strong>2005<\/strong><\/a><\/span><\/p>\n<p><span style=\"font-size: small\"><a title=\"2006\" href=\"http:\/\/blog.ufba.br\/ici\/wp-content\/uploads\/sites\/14\/2011\/08\/Relatrio_Colarq_2006.pdf\" target=\"_blank\" rel=\"noopener\"><strong>2006<\/strong><\/a><\/span><\/p>\n<p><span style=\"font-size: small\"><a title=\"2007\" href=\"http:\/\/blog.ufba.br\/ici\/wp-content\/uploads\/sites\/14\/2011\/08\/Relatrio_Colarq_2007.pdf\" target=\"_blank\" rel=\"noopener\"><strong>2007<\/strong><\/a><\/span><\/p>\n<p><span style=\"font-size: small\"><strong><a title=\"2008\" href=\"http:\/\/blog.ufba.br\/ici\/wp-content\/uploads\/sites\/14\/2011\/08\/Relatrio_Colarq_2008.pdf\" target=\"_blank\" rel=\"noopener\">2008<\/a><br \/>\n<\/strong><\/span><\/p>\n<p><span style=\"font-size: xx-small\"><span style=\"font-size: small\"><span style=\"font-size: x-small\"><span style=\"font-size: xx-small\"><span style=\"font-size: x-small\"><span style=\"font-size: xx-small\"><span style=\"font-size: small\"><span style=\"font-size: xx-small\"><span style=\"font-size: small\"><span style=\"font-size: xx-small\"><span style=\"font-size: x-small\"><span style=\"font-size: xx-small\"><span style=\"font-size: xx-small\"><span style=\"font-size: x-small\"><span style=\"font-size: xx-small\"><span style=\"font-size: xx-small\"><span style=\"font-size: x-small\"><span style=\"font-size: xx-small\"><strong><span style=\"font-size: x-small\"><br \/>\n<\/span><\/strong><\/span><\/span><\/span><\/span><\/span><\/span><\/span><\/span><\/span><\/span><\/span><\/span><\/span><\/span><\/span><\/span><\/span><\/span><\/p>\n","protected":false},"excerpt":{"rendered":"<p>Relat\u00f3rios Anuais de Gest\u00e3o da Coordena\u00e7\u00e3o do Colegiado: Acesse os arquivos: 2005 2006 2007 2008<\/p>\n","protected":false},"author":26,"featured_media":0,"parent":155,"menu_order":2,"comment_status":"closed","ping_status":"closed","template":"","meta":{"_coblocks_attr":"","_coblocks_dimensions":"","_coblocks_responsive_height":"","_coblocks_accordion_ie_support":"","_themeisle_gutenberg_block_has_review":false,"footnotes":""},"class_list":["post-284","page","type-page","status-publish","hentry"],"_links":{"self":[{"href":"https:\/\/blog.ufba.br\/ici\/wp-json\/wp\/v2\/pages\/284"}],"collection":[{"href":"https:\/\/blog.ufba.br\/ici\/wp-json\/wp\/v2\/pages"}],"about":[{"href":"https:\/\/blog.ufba.br\/ici\/wp-json\/wp\/v2\/types\/page"}],"author":[{"embeddable":true,"href":"https:\/\/blog.ufba.br\/ici\/wp-json\/wp\/v2\/users\/26"}],"replies":[{"embeddable":true,"href":"https:\/\/blog.ufba.br\/ici\/wp-json\/wp\/v2\/comments?post=284"}],"version-history":[{"count":0,"href":"https:\/\/blog.ufba.br\/ici\/wp-json\/wp\/v2\/pages\/284\/revisions"}],"up":[{"embeddable":true,"href":"https:\/\/blog.ufba.br\/ici\/wp-json\/wp\/v2\/pages\/155"}],"wp:attachment":[{"href":"https:\/\/blog.ufba.br\/ici\/wp-json\/wp\/v2\/media?parent=284"}],"curies":[{"name":"wp","href":"https:\/\/api.w.org\/{rel}","templated":true}]}}