{"id":276,"date":"2011-08-10T10:31:01","date_gmt":"2011-08-10T13:31:01","guid":{"rendered":"http:\/\/blog.ufba.br\/ici\/?page_id=276"},"modified":"2011-08-10T10:31:01","modified_gmt":"2011-08-10T13:31:01","slug":"colegiado-arquivologia","status":"publish","type":"page","link":"https:\/\/blog.ufba.br\/ici\/ensino\/arquivologia\/colegiado-arquivologia\/","title":{"rendered":"Colegiado Arquivologia"},"content":{"rendered":"<p style=\"text-align: left\"><span style=\"color: #808000\"><em><strong><span style=\"font-family: 'Times New Roman', serif\"><span style=\"font-size: medium\">BI\u00caNIO 2011-2013<\/span><\/span><\/strong><\/em><\/span><\/p>\n<p><span style=\"color: #808000\"><em>O Colegiado do Curso de Gradua\u00e7\u00e3o em Arquivologia \u00e9 composto por 15 membros titulares, sendo cinco docentes do Departamento de Fundamentos e Processos Informacionais (DFPI), cinco docentes do Departamento de Documenta\u00e7\u00e3o e Informa\u00e7\u00e3o (DDI), um docente do Instituto de Matem\u00e1tica (Depto de Estat\u00edstica), um docente do Instituto de Letras (Depto de Letras Germ\u00e2nicas) e tr\u00eas representantes discentes (todos com seus respectivos suplentes).<\/em><\/span><\/p>\n<p><span style=\"color: #808000\"><em><a title=\"composi\u00e7\u00e3o do colegiado de arquivologia\" href=\"http:\/\/blog.ufba.br\/ici\/wp-content\/uploads\/sites\/14\/2013\/02\/COLARQ_Composicao_012013.pdf\" target=\"_blank\" rel=\"noopener\"><span style=\"color: #808000\">Representantes<\/span><\/a><\/em><\/span><\/p>\n","protected":false},"excerpt":{"rendered":"<p>BI\u00caNIO 2011-2013 O Colegiado do Curso de Gradua\u00e7\u00e3o em Arquivologia \u00e9 composto por 15 membros titulares, sendo cinco docentes do Departamento de Fundamentos e Processos Informacionais (DFPI), cinco docentes do [&hellip;]<\/p>\n","protected":false},"author":26,"featured_media":0,"parent":155,"menu_order":1,"comment_status":"closed","ping_status":"closed","template":"","meta":{"_coblocks_attr":"","_coblocks_dimensions":"","_coblocks_responsive_height":"","_coblocks_accordion_ie_support":"","_themeisle_gutenberg_block_has_review":false,"footnotes":""},"class_list":["post-276","page","type-page","status-publish","hentry"],"_links":{"self":[{"href":"https:\/\/blog.ufba.br\/ici\/wp-json\/wp\/v2\/pages\/276"}],"collection":[{"href":"https:\/\/blog.ufba.br\/ici\/wp-json\/wp\/v2\/pages"}],"about":[{"href":"https:\/\/blog.ufba.br\/ici\/wp-json\/wp\/v2\/types\/page"}],"author":[{"embeddable":true,"href":"https:\/\/blog.ufba.br\/ici\/wp-json\/wp\/v2\/users\/26"}],"replies":[{"embeddable":true,"href":"https:\/\/blog.ufba.br\/ici\/wp-json\/wp\/v2\/comments?post=276"}],"version-history":[{"count":0,"href":"https:\/\/blog.ufba.br\/ici\/wp-json\/wp\/v2\/pages\/276\/revisions"}],"up":[{"embeddable":true,"href":"https:\/\/blog.ufba.br\/ici\/wp-json\/wp\/v2\/pages\/155"}],"wp:attachment":[{"href":"https:\/\/blog.ufba.br\/ici\/wp-json\/wp\/v2\/media?parent=276"}],"curies":[{"name":"wp","href":"https:\/\/api.w.org\/{rel}","templated":true}]}}