{"id":2699,"date":"2021-05-25T17:23:06","date_gmt":"2021-05-25T20:23:06","guid":{"rendered":"http:\/\/blog.ufba.br\/ici\/?page_id=2699"},"modified":"2021-05-25T17:23:06","modified_gmt":"2021-05-25T20:23:06","slug":"nuest","status":"publish","type":"page","link":"https:\/\/blog.ufba.br\/ici\/nuest\/","title":{"rendered":"Nuest"},"content":{"rendered":"<div style=\"text-align: left\">O Nuest (N\u00facleo de Est\u00e1gio) \u00e9 o setor respons\u00e1vel pelo acompanhamento de est\u00e1gio n\u00e3o obrigat\u00f3rio no \u00e2mbito do Instituto de Ci\u00eancia da Informa\u00e7\u00e3o (ICI\/UFBA), realiza atividades como: receber os documentos de est\u00e1gio n\u00e3o obrigat\u00f3rio, realizar a revis\u00e3o conforme as normas legais e institucionais, direcionar as demandas para parecer do respectivo professor orientador, solicitar assinatura ap\u00f3s deferimento das etapas anteriores e orientar os estagi\u00e1rios sobre direitos e obriga\u00e7\u00f5es previstos na\u00a0<a href=\"http:\/\/www.planalto.gov.br\/ccivil_03\/_ato2007-2010\/2008\/lei\/l11788.htm\">Lei n.\u00ba 11.788\/2008<\/a>.<\/div>\n<p>&nbsp;<\/p>\n<p><strong>DOCUMENTOS NECESS\u00c1RIOS:<\/strong><\/p>\n<p><strong>a.\u00a0Solicita\u00e7\u00e3o de est\u00e1gio<\/strong><\/p>\n<ul>\n<li>Plano de Atividades de Est\u00e1gio;<\/li>\n<li>Termo de Compromisso de Est\u00e1gio.<\/li>\n<\/ul>\n<p><strong>b.\u00a0Renova\u00e7\u00e3o de est\u00e1gio<br \/>\n<\/strong>(requisito:\u00a0inexist\u00eancia de pend\u00eancia)<\/p>\n<ul>\n<li>Termo Aditivo.<\/li>\n<\/ul>\n<p>&nbsp;<\/p>\n<p><strong>ORIENTA\u00c7\u00d5ES PARA A SOLICITA\u00c7\u00c3O E RENOVA\u00c7\u00c3O DE EST\u00c1GIO:<\/strong><\/p>\n<p>1. As solicita\u00e7\u00f5es e\/ou renova\u00e7\u00f5es de est\u00e1gio dever\u00e3o ser direcionadas ao NUEST. Devido as medidas sanit\u00e1rias contra o\u00a0coronav\u00edrus e a suspens\u00e3o das atividades presenciais acad\u00eamicas e administrativas (Portaria n\u00ba 111\/2020), os documentos est\u00e3o sendo recebidos apenas digitalmente no momento. Os documentos digitais devem ser enviados para o e-mail <a href=\"mailto:nuesticiufba@gmail.com\">nuesticiufba@gmail.com<\/a>;<\/p>\n<p>2. Cada documento deve ser enviado em arquivo \u00fanico, no formato PDF, completo, leg\u00edvel, sem rasura e devidamente assinado; <strong>ATEN\u00c7\u00c3O:<\/strong> o NUEST n\u00e3o receber\u00e1 documentos fora do padr\u00e3o e que n\u00e3o estejam devidamente assinados;<\/p>\n<p>3. Para solicita\u00e7\u00e3o de est\u00e1gio, o discente deve entregar o \u201cTermo de Compromisso de Est\u00e1gio\u201d juntamente com o \u201cPlano de Atividades de Est\u00e1gio\u201d. Para renova\u00e7\u00e3o de est\u00e1gio, o discente deve entregar o \u201cTermo Aditivo\u201d;<\/p>\n<p>4. O\u00a0NUEST\u00a0analisar\u00e1 a documenta\u00e7\u00e3o, solicitar\u00e1 assinatura da dire\u00e7\u00e3o e devolver\u00e1 ao\u00a0discente juntamente com as orienta\u00e7\u00f5es necess\u00e1rias;<\/p>\n<p>5. O\u00a0NUEST\u00a0tem como prazo de resposta 72h;<\/p>\n<p>6. O discente precisa\u00a0apresentar os\u00a0relat\u00f3rios parciais,\u00a0a cada 6 meses,\u00a0a partir da data de in\u00edcio do est\u00e1gio. O\u00a0relat\u00f3rio final\u00a0s\u00f3 dever\u00e1 ser entregue quando o est\u00e1gio for conclu\u00eddo ou cancelado;<\/p>\n<p>7. Ao t\u00e9rmino do contrato de est\u00e1gio, o discente precisar\u00e1 informar ao\u00a0NUEST\u00a0e encaminhar o Termo de Rescis\u00e3o de contrato,\u00a0no prazo m\u00e1ximo de 72 horas ap\u00f3s o \u00faltimo dia\u00a0de atividade do mesmo junto ao concedente.<\/p>\n<p><span style=\"color: #000000\">8.<\/span><span style=\"color: #000000\">\u00a0Atendendo a Resolu\u00e7\u00e3o\u00a0<span style=\"color: #222222\">n\u00ba 197 do Conselho Federal de Biblioteconomia, faz-se\u00a0<\/span>obrigat\u00f3ria a apresenta\u00e7\u00e3o do nome e do registro profissional<span style=\"color: #222222\">\u00a0de um Bibliotec\u00e1rio como supervisor do est\u00e1gio a ser realizado\u00a0pelo discente do curso de Biblioteconomia. As informa\u00e7\u00f5es devem constar\u00a0no &#8220;Termo de Compromisso de Est\u00e1gio&#8221;, assim como no &#8220;Plano de atividades de est\u00e1gio&#8221; .\u00a0<\/span><\/span><\/p>\n<p>9.\u00a0<span style=\"color: #222222\">N\u00e3o \u00e9 permitido que o discente acumule est\u00e1gios que excedam a carga hor\u00e1ria regulamentada pela <a href=\"http:\/\/www.planalto.gov.br\/ccivil_03\/_ato2007-2010\/2008\/lei\/l11788.htm\">Lei n.\u00ba 11.788\/2008<\/a>, que estabelece que a jornada de atividade em est\u00e1gio n\u00e3o pode ultrapassar 6 horas di\u00e1rias e 30 horas semanais, no caso de estudantes do ensino superior.<\/span><\/p>\n<p>&nbsp;<\/p>\n<p><strong>D\u00daVIDAS FREQUENTES:<\/strong><\/p>\n<p><strong>1. Quais as atividades do N\u00facleo de Est\u00e1gio (NUEST)?<\/strong><\/p>\n<ul>\n<li>Registro \u2013 Etapa de cadastramento do estagi\u00e1rio ou regulariza\u00e7\u00e3o de alguma pend\u00eancia;<\/li>\n<li>Revis\u00e3o \u2013 Revis\u00e3o dos documentos conforme lei n\u00ba 11.788\/2008 e as normas institucionais;<\/li>\n<li>An\u00e1lise \u2013 Professor orientador avalia \u201cPlano de Atividades do Est\u00e1gio\u201d \/ &#8220;Relat\u00f3rios de Est\u00e1gios&#8221;;<\/li>\n<li>Libera\u00e7\u00e3o \u2013 A Diretoria s\u00f3 libera assinatura ap\u00f3s o deferimento do NUEST.<\/li>\n<\/ul>\n<p><strong>2. Como entregar os documentos ao NUEST?<br \/>\n<\/strong>Devido as medidas sanit\u00e1rias contra o\u00a0coronav\u00edrus e a suspens\u00e3o das atividades presenciais acad\u00eamicas e administrativas (Portaria n\u00ba 111\/2020), os documentos est\u00e3o sendo recebidos apenas digitalmente no momento. Os documentos digitais devem ser enviados para o e-mail do NUEST (<a href=\"mailto:nuesticiufba@gmail.com\">nuesticiufba@gmail.com<\/a>).<\/p>\n<p><strong>3. O que \u00e9 o &#8220;Plano de Atividades de Est\u00e1gio&#8221;?<br \/>\n<\/strong>\u00c9 um planejamento\u00a0feito\u00a0pela concedente ou\u00a0supervisor\u00a0de est\u00e1gio sobre todas as atividades que ser\u00e3o executadas no est\u00e1gio que deve ser entregue juntamente com o \u201cTermo de Compromisso de Est\u00e1gio\u201d no momento da solicita\u00e7\u00e3o de est\u00e1gio. Esse documento serve para o\u00a0professor\u00a0orientador avaliar progressivamente a forma\u00e7\u00e3o do\u00a0estagi\u00e1rio (modelo dispon\u00edvel no final\u00a0da p\u00e1gina).<\/p>\n<p><strong>4. O que \u00e9 o \u201cTermo Aditivo\u201d?<br \/>\n<\/strong>\u00c9 um documento formal que serve para modificar as cl\u00e1usulas do \u201cTermo de Compromisso de Est\u00e1gio\u201d. Exemplos:\u00a0interrup\u00e7\u00e3o ou renova\u00e7\u00e3o de est\u00e1gio, atualiza\u00e7\u00e3o do supervisor, inclus\u00e3o de benef\u00edcios, atualiza\u00e7\u00e3o da ap\u00f3lice do seguro contra acidentes.<\/p>\n<p><strong>5. Quais\u00a0relat\u00f3rios\u00a0entregar e quando?<br \/>\n<\/strong>O estagi\u00e1rio deve apresentar\u00a0os &#8220;Relat\u00f3rios Parciais&#8221; do est\u00e1gio\u00a0(modelo dispon\u00edvel no final\u00a0da p\u00e1gina)\u00a0a cada 6 meses a partir da data de in\u00edcio do est\u00e1gio. Os &#8220;Relat\u00f3rios Finais&#8221; s\u00f3 dever\u00e3o ser entregues quando o est\u00e1gio for conclu\u00eddo ou cancelado.<\/p>\n<p><strong>6. O est\u00e1gio n\u00e3o obrigat\u00f3rio\u00a0pode ser aproveitado\u00a0como &#8220;Atividade Complementar\u201d?<br \/>\n<\/strong>Sim, desde que\u00a0todos os relat\u00f3rios de est\u00e1gio sejam entregues\u00a0e n\u00e3o haja nenhuma pend\u00eancia. O\u00a0estagi\u00e1rio dever\u00e1 apresentar o\u00a0relat\u00f3rio final, assinado pelo professor orientador do NUEST, \u00e0\u00a0Secret\u00e1ria Administrativa do Colegiado.<\/p>\n<p><strong>7. O que deve ser feito caso o est\u00e1gio seja suspenso ou cancelado?<br \/>\n<\/strong>A concedente precisa nos comunicar atrav\u00e9s de um documento assinado (Of\u00edcio ou Termo Aditivo) que comprove a suspens\u00e3o, informando os dados do estagi\u00e1rio, data, motivo e per\u00edodo da interrup\u00e7\u00e3o. Caso seja cancelado, o estagi\u00e1rio deve apresentar o &#8220;Termo de Rescis\u00e3o&#8221;\u00a0emitido pela concedente e o relat\u00f3rio final.<\/p>\n<p><strong>8. O que acontece se n\u00e3o entregar o plano de atividades e os relat\u00f3rios?<br \/>\n<\/strong>O estagi\u00e1rio fica pendente, implicando em atrasos de solicita\u00e7\u00f5es, indeferimento de renova\u00e7\u00e3o de est\u00e1gio, indeferimento de aproveitamento de carga hor\u00e1ria e poder\u00e1 ter o est\u00e1gio desligado a pedido da Institui\u00e7\u00e3o de Ensino.<\/p>\n<h4><strong>DOWNLOAD:<\/strong><\/h4>\n<ul>\n<li>\n<h5><a href=\"http:\/\/blog.ufba.br\/ici\/wp-content\/uploads\/sites\/14\/2021\/05\/Plano-de-atividades-de-estagio.docx\">Plano de atividades de est\u00e1gio<\/a><\/h5>\n<\/li>\n<li>\n<h5><a href=\"http:\/\/blog.ufba.br\/ici\/wp-content\/uploads\/sites\/14\/2021\/05\/Relatorio-do-estagio.docx\">Relat\u00f3rio do est\u00e1gio<\/a><\/h5>\n<\/li>\n<li>\n<h5><a href=\"http:\/\/blog.ufba.br\/ici\/wp-content\/uploads\/sites\/14\/2021\/05\/Termo-de-Rescisao.docx\">Termo de Rescis\u00e3o<\/a><\/h5>\n<\/li>\n<\/ul>\n<h5><\/h5>\n<p><strong>ATENDIMENTO:<br \/>\n<\/strong><strong>08h &#8211; 19h |\u00a0Gleise Brand\u00e3o \u2013 <\/strong>nuesticiufba@gmail.com<\/p>\n<p><strong>PRAZO DE RESPOSTA:<br \/>\n<\/strong>At\u00e9 3 dias \u00fateis.<\/p>\n<p>&nbsp;<\/p>\n","protected":false},"excerpt":{"rendered":"<p>O Nuest (N\u00facleo de Est\u00e1gio) \u00e9 o setor respons\u00e1vel pelo acompanhamento de est\u00e1gio n\u00e3o obrigat\u00f3rio no \u00e2mbito do Instituto de Ci\u00eancia da Informa\u00e7\u00e3o (ICI\/UFBA), realiza atividades como: receber os documentos [&hellip;]<\/p>\n","protected":false},"author":29,"featured_media":0,"parent":0,"menu_order":0,"comment_status":"open","ping_status":"closed","template":"pagetpl-onecolumn.php","meta":{"_coblocks_attr":"","_coblocks_dimensions":"","_coblocks_responsive_height":"","_coblocks_accordion_ie_support":"","_themeisle_gutenberg_block_has_review":false,"footnotes":""},"class_list":["post-2699","page","type-page","status-publish","hentry"],"_links":{"self":[{"href":"https:\/\/blog.ufba.br\/ici\/wp-json\/wp\/v2\/pages\/2699"}],"collection":[{"href":"https:\/\/blog.ufba.br\/ici\/wp-json\/wp\/v2\/pages"}],"about":[{"href":"https:\/\/blog.ufba.br\/ici\/wp-json\/wp\/v2\/types\/page"}],"author":[{"embeddable":true,"href":"https:\/\/blog.ufba.br\/ici\/wp-json\/wp\/v2\/users\/29"}],"replies":[{"embeddable":true,"href":"https:\/\/blog.ufba.br\/ici\/wp-json\/wp\/v2\/comments?post=2699"}],"version-history":[{"count":0,"href":"https:\/\/blog.ufba.br\/ici\/wp-json\/wp\/v2\/pages\/2699\/revisions"}],"wp:attachment":[{"href":"https:\/\/blog.ufba.br\/ici\/wp-json\/wp\/v2\/media?parent=2699"}],"curies":[{"name":"wp","href":"https:\/\/api.w.org\/{rel}","templated":true}]}}