{"id":18,"date":"2011-05-30T12:16:21","date_gmt":"2011-05-30T15:16:21","guid":{"rendered":"http:\/\/blog.ufba.br\/ici\/?page_id=18"},"modified":"2011-05-30T12:16:21","modified_gmt":"2011-05-30T15:16:21","slug":"instituto","status":"publish","type":"page","link":"https:\/\/blog.ufba.br\/ici\/instituto\/","title":{"rendered":"Instituto"},"content":{"rendered":"<p style=\"text-align: right\"><span style=\"font-size: small\"><strong><span style=\"color: #808000\"><em>De olho na Informa\u00e7\u00e3o: A ci\u00eancia do futuro.<\/em><\/span><\/strong><\/span><\/p>\n<p>&nbsp;<\/p>\n<p>&nbsp;<\/p>\n<p><span style=\"font-size: small\">O <strong>Instituto de Ci\u00eancia da Informa\u00e7\u00e3o<\/strong>\u00a0(ICI) foi criado com a aprova\u00e7\u00e3o do Conselho Universit\u00e1rio, na reuni\u00e3o de sua plen\u00e1ria no dia\u00a0 12 de mar\u00e7o de 1998, em substitui\u00e7\u00e3o \u00e0 Escola de Biblioteconomia e Documenta\u00e7\u00e3o (EBD), com o desafio de oferecer respostas \u00e0s quest\u00f5es emergentes sobre Informa\u00e7\u00e3o, como ramo do conhecimento, contribuindo com estudos e pesquisas sobre o assunto e formando pessoal para atender \u00e0 demanda da sociedade pela forma\u00e7\u00e3o de profissionais alinhados com as vis\u00f5es, conceitos e papel proeminente que a informa\u00e7\u00e3o alcan\u00e7ou como elemento agregador de valor econ\u00f4mico e fator de desenvolvimento organizacional e social, a partir do s\u00e9culo passado.<\/span><\/p>\n<p><span style=\"font-size: small\">Neste sentido, o ICI consolidou e ampliou a estrutura e a l\u00f3gica que vinha sendo concebida, com a reformula\u00e7\u00e3o do curso de Biblioteconomia em 1996, a cria\u00e7\u00e3o do curso de Arquivologia em 1998 e a implanta\u00e7\u00e3o do Programa de P\u00f3s-gradua\u00e7\u00e3o em Ci\u00eancia da Informa\u00e7\u00e3o, tamb\u00e9m no ano de 1998.<\/span><\/p>\n<p><span style=\"font-size: small\">O Curso de Biblioteconomia iniciou-se\u00a0 em 12 de mar\u00e7o de 1942. Em 1948 \u00e9 institu\u00edda a Escola de Biblioteconomia da Bahia, para abrigar o curso e, em 1954, esta unidade integra-se \u00e0 Universidade da Bahia e federaliza-se juntamente com ela.<\/span><\/p>\n<p><span style=\"font-size: small\">Desde o in\u00edcio, foi marcante a contribui\u00e7\u00e3o da EBD na forma\u00e7\u00e3o de uma mentalidade profissional no campo do tratamento e da difus\u00e3o do conhecimento, o que veio a favorecer o surgimento de novos e modernos arquivos e bibliotecas, a adequa\u00e7\u00e3o e a qualidade da presta\u00e7\u00e3o de servi\u00e7os de informa\u00e7\u00e3o \u00e0 comunidade, bem como o incentivo \u00e0 cria\u00e7\u00e3o e ao desenvolvimento de pol\u00edticas para a preserva\u00e7\u00e3o de acervos e da mem\u00f3ria local e nacional.<\/span><\/p>\n<p><span style=\"font-size: small\">A persist\u00eancia, idealismo e, sobretudo, o entusiasmo dos fundadores foram sementes que frutificaram, ao longo do tempo, em realiza\u00e7\u00f5es importantes tal como a implanta\u00e7\u00e3o do Servi\u00e7o Central de Informa\u00e7\u00e3o Bibliogr\u00e1fica, embri\u00e3o da atual Biblioteca Universit\u00e1ria Reitor Macedo Costa, antes denominada Biblioteca Central da UFBA.<\/span><\/p>\n<p><span style=\"font-size: small\">Atualmente o ICI oferece, al\u00e9m do curso de gradua\u00e7\u00e3o em Biblioteconomia e Documenta\u00e7\u00e3o (diurno e EaD), o curso de gradua\u00e7\u00e3o em Arquivologia (noturno e vespertino) e os cursos de mestrado acad\u00eamico e doutorado em Ci\u00eancia da Informa\u00e7\u00e3o, em seu Programa de P\u00f3s-Gradua\u00e7\u00e3o em Ci\u00eancia da Informa\u00e7\u00e3o (PPGCI).<br \/>\n<\/span><\/p>\n<p><span style=\"font-size: x-small\"><strong><br \/>\n<\/strong><\/span><\/p>\n<p><strong><span style=\"font-size: x-small\"><br \/>\n<\/span><\/strong><\/p>\n","protected":false},"excerpt":{"rendered":"<p>De olho na Informa\u00e7\u00e3o: A ci\u00eancia do futuro. &nbsp; &nbsp; O Instituto de Ci\u00eancia da Informa\u00e7\u00e3o\u00a0(ICI) foi criado com a aprova\u00e7\u00e3o do Conselho Universit\u00e1rio, na reuni\u00e3o de sua plen\u00e1ria no [&hellip;]<\/p>\n","protected":false},"author":26,"featured_media":0,"parent":0,"menu_order":0,"comment_status":"closed","ping_status":"closed","template":"","meta":{"_coblocks_attr":"","_coblocks_dimensions":"","_coblocks_responsive_height":"","_coblocks_accordion_ie_support":"","_themeisle_gutenberg_block_has_review":false,"footnotes":""},"class_list":["post-18","page","type-page","status-publish","hentry"],"_links":{"self":[{"href":"https:\/\/blog.ufba.br\/ici\/wp-json\/wp\/v2\/pages\/18"}],"collection":[{"href":"https:\/\/blog.ufba.br\/ici\/wp-json\/wp\/v2\/pages"}],"about":[{"href":"https:\/\/blog.ufba.br\/ici\/wp-json\/wp\/v2\/types\/page"}],"author":[{"embeddable":true,"href":"https:\/\/blog.ufba.br\/ici\/wp-json\/wp\/v2\/users\/26"}],"replies":[{"embeddable":true,"href":"https:\/\/blog.ufba.br\/ici\/wp-json\/wp\/v2\/comments?post=18"}],"version-history":[{"count":0,"href":"https:\/\/blog.ufba.br\/ici\/wp-json\/wp\/v2\/pages\/18\/revisions"}],"wp:attachment":[{"href":"https:\/\/blog.ufba.br\/ici\/wp-json\/wp\/v2\/media?parent=18"}],"curies":[{"name":"wp","href":"https:\/\/api.w.org\/{rel}","templated":true}]}}