{"id":162,"date":"2011-06-13T10:14:48","date_gmt":"2011-06-13T13:14:48","guid":{"rendered":"http:\/\/blog.ufba.br\/ici\/?page_id=162"},"modified":"2011-06-13T10:14:48","modified_gmt":"2011-06-13T13:14:48","slug":"biblioteconomia","status":"publish","type":"page","link":"https:\/\/blog.ufba.br\/ici\/ensino\/biblioteconomia\/","title":{"rendered":"Biblioteconomia e Documenta\u00e7\u00e3o"},"content":{"rendered":"<p><span style=\"font-size: small\">Reconhecido pelo Decreto n.\u00ba 43\/804 de 23\/05\/1958 Base Legal: Resolu\u00e7\u00e3o n.\u00ba 08\/82 do CFE<\/span><\/p>\n<p><span style=\"color: #808000;font-size: small\"><strong>Dura\u00e7\u00e3o:<\/strong><\/span><\/p>\n<p><span style=\"font-size: small\">M\u00ednimo: 8 semestres e M\u00e1ximo: 14 semestres<\/span><\/p>\n<p>&nbsp;<\/p>\n<p><span style=\"font-size: small\"><strong><span style=\"color: #808000\">Coordenadora<\/span><\/strong>:\u00a0<span style=\"color: #000000\">Prof.\u00aa Dr.\u00aa Denise Braga Sampaio<\/span><br \/>\n<strong><span style=\"color: #808000\">Vice-cordenadora:\u00a0<\/span><\/strong><span style=\"color: #000000\">Prof.\u00aa Dr.\u00aa Ana Claudia Medeiros de Sousa<\/span><\/span><br \/>\n<span style=\"font-size: small\"><a href=\"mailto:mariluzi@ufba.br\"><br \/>\n<\/a><\/span><\/p>\n<p>&nbsp;<\/p>\n<p><span style=\"font-size: small\">Tendo em vista a fun\u00e7\u00e3o social da biblioteca, o bibliotec\u00e1rio \u00e9 o profissional a quem compete: auxiliar, direta ou indiretamente, os usu\u00e1rios potenciais e reais da informa\u00e7\u00e3o sociocultural econ\u00f4mica, cient\u00edfica e\/ou t\u00e9cnica dos centros e servi\u00e7os bibliogr\u00e1ficos e referenciais; atender as tend\u00eancias presentes e futuras do mercado de trabalho no que se refere ao planejamento, instala\u00e7\u00e3o, dire\u00e7\u00e3o e execu\u00e7\u00e3o dos servi\u00e7os bibliogr\u00e1ficos e document\u00e1rios; reunir e organizar a informa\u00e7\u00e3o de modo que seja proporcionado um servi\u00e7o \u00f3timo aos estudantes, pesquisadores, docentes e ao p\u00fablico em geral; atuar como um agente de transforma\u00e7\u00e3o e desenvolvimento na comunidade, tendo-se em vista que a informa\u00e7\u00e3o \u00e9 uma fonte de inesgot\u00e1vel energia; conhecer os m\u00e9todos e t\u00e9cnicas para recuperar e avaliar a informa\u00e7\u00e3o, estabelecendo o n\u00edvel de interesse do usu\u00e1rio; identificar e analisar problemas afetos \u00e1 Biblioteconomia, a fim de atender as demandas e necessidades de leitura, ensino, aprendizagem, pesquisa, e informa\u00e7\u00e3o de diferentes grupos s\u00f3cio-econ\u00f4mico-culturais.<\/span><\/p>\n<p><span style=\"color: #808000;font-size: small\"><strong>MATRIZ CURRICULAR:<\/strong><\/span><\/p>\n<p><span style=\"font-size: x-small\"><span style=\"font-size: small\"><a title=\"matriz\" href=\"https:\/\/alunoweb.ufba.br\/SiacWWW\/CurriculoCursoGradePublico.do?cdCurso=303140&amp;nuPerCursoInicial=20091\" target=\"_blank\" rel=\"noopener\">Acesse aqui<\/a><\/span><br \/>\n<\/span><\/p>\n","protected":false},"excerpt":{"rendered":"<p>Reconhecido pelo Decreto n.\u00ba 43\/804 de 23\/05\/1958 Base Legal: Resolu\u00e7\u00e3o n.\u00ba 08\/82 do CFE Dura\u00e7\u00e3o: M\u00ednimo: 8 semestres e M\u00e1ximo: 14 semestres &nbsp; Coordenadora:\u00a0Prof.\u00aa Dr.\u00aa Denise Braga Sampaio Vice-cordenadora:\u00a0Prof.\u00aa Dr.\u00aa [&hellip;]<\/p>\n","protected":false},"author":26,"featured_media":0,"parent":11,"menu_order":0,"comment_status":"closed","ping_status":"closed","template":"","meta":{"_coblocks_attr":"","_coblocks_dimensions":"","_coblocks_responsive_height":"","_coblocks_accordion_ie_support":"","_themeisle_gutenberg_block_has_review":false,"footnotes":""},"class_list":["post-162","page","type-page","status-publish","hentry"],"_links":{"self":[{"href":"https:\/\/blog.ufba.br\/ici\/wp-json\/wp\/v2\/pages\/162"}],"collection":[{"href":"https:\/\/blog.ufba.br\/ici\/wp-json\/wp\/v2\/pages"}],"about":[{"href":"https:\/\/blog.ufba.br\/ici\/wp-json\/wp\/v2\/types\/page"}],"author":[{"embeddable":true,"href":"https:\/\/blog.ufba.br\/ici\/wp-json\/wp\/v2\/users\/26"}],"replies":[{"embeddable":true,"href":"https:\/\/blog.ufba.br\/ici\/wp-json\/wp\/v2\/comments?post=162"}],"version-history":[{"count":0,"href":"https:\/\/blog.ufba.br\/ici\/wp-json\/wp\/v2\/pages\/162\/revisions"}],"up":[{"embeddable":true,"href":"https:\/\/blog.ufba.br\/ici\/wp-json\/wp\/v2\/pages\/11"}],"wp:attachment":[{"href":"https:\/\/blog.ufba.br\/ici\/wp-json\/wp\/v2\/media?parent=162"}],"curies":[{"name":"wp","href":"https:\/\/api.w.org\/{rel}","templated":true}]}}