{"id":155,"date":"2011-06-13T10:03:10","date_gmt":"2011-06-13T13:03:10","guid":{"rendered":"http:\/\/blog.ufba.br\/ici\/?page_id=155"},"modified":"2011-06-13T10:03:10","modified_gmt":"2011-06-13T13:03:10","slug":"arquivologia","status":"publish","type":"page","link":"https:\/\/blog.ufba.br\/ici\/ensino\/arquivologia\/","title":{"rendered":"Arquivologia"},"content":{"rendered":"<p><span style=\"color: #808000\"><strong><a href=\"http:\/\/blog.ufba.br\/ici\/cursos\/arquivologia\/informacoes-sobre-o-curso\/ \u200e\"><span style=\"color: #808000\"><em>INFORMA\u00c7\u00d5ES SOBRE O CURSO<\/em><\/span><\/a><\/strong><\/span><\/p>\n<p><span style=\"color: #808000\"><strong><a href=\"https:\/\/blog.ufba.br\/ici\/cursos\/arquivologia\/projeto-arquivologia\/\"><span style=\"color: #808000\"><em>PROJETO PEDAG\u00d3GICO<\/em><\/span><\/a><em>\u00a0\u00a0<\/em><\/strong><\/span><\/p>\n<p style=\"padding-left: 30px\"><span style=\"color: #808000\"><strong><em>\u00a0\u00a0<a href=\"https:\/\/blog.ufba.br\/ici\/cursos\/arquivologia\/projeto-arquivologia\/matrizes-curriculares-2\/\"><span style=\"color: #808000\">Matrizes Curriculares<\/span><\/a><\/em><\/strong><\/span><\/p>\n<p style=\"padding-left: 30px\"><span style=\"color: #808000\"><strong><em>\u00a0\u00a0<a href=\"https:\/\/blog.ufba.br\/ici\/cursos\/arquivologia\/projeto-arquivologia\/fluxogramas\/\"><span style=\"color: #808000\">Fluxogramas<\/span><\/a><\/em><\/strong><\/span><\/p>\n<p><span style=\"color: #808000\"><strong><em>COLEGIADO<\/em><\/strong><\/span><\/p>\n<p style=\"padding-left: 30px\"><span style=\"color: #808000\"><strong> <em>\u00a0\u00a0<a href=\"https:\/\/blog.ufba.br\/ici\/files\/2011\/08\/Regimento_COLARQ_Final__REVIS%C3%83O_24abr2009_-1.pdf\" target=\"_blank\" rel=\"noopener\"><span style=\"color: #808000\">Regimento do Colegiado<\/span><\/a><\/em><\/strong><\/span><br \/>\n<span style=\"color: #808000\"><strong> <em>\u00a0\u00a0<a href=\"https:\/\/blog.ufba.br\/ici\/cursos\/arquivologia\/colegiado-arquivologia\/\"><span style=\"color: #808000\">Composi\u00e7\u00e3o do Colegiado<\/span><\/a><\/em><\/strong><\/span><br \/>\n<span style=\"color: #808000\"><strong> <em>\u00a0\u00a0<a href=\"https:\/\/blog.ufba.br\/ici\/cursos\/arquivologia\/relatorios-colegiado\/\"><span style=\"color: #808000\">Relat\u00f3rios Anuais de Gest\u00e3o da Coordena\u00e7\u00e3o do Colegiado<\/span><\/a><\/em><\/strong><\/span><\/p>\n<p><span style=\"color: #808000\"><strong><span style=\"text-decoration: underline\"><span style=\"text-decoration: underline\"><em>REGULAMENTOS<\/em><\/span><\/span><\/strong><\/span><\/p>\n<p style=\"padding-left: 30px\"><span style=\"color: #808000\"><strong><em>\u00a0\u00a0<a href=\"http:\/\/blog.ufba.br\/ici\/wp-content\/uploads\/sites\/14\/2012\/10\/UFBA_REG_atual2010209.pdf\" target=\"_blank\" rel=\"noopener\"><span style=\"color: #808000\">Regulamento de Ensino da Gradua\u00e7\u00e3o &#8211; REG<\/span><\/a><\/em><\/strong><\/span><\/p>\n<p style=\"padding-left: 30px\"><span style=\"color: #808000\"><strong><em>\u00a0\u00a0<a href=\"http:\/\/blog.ufba.br\/ici\/wp-content\/uploads\/sites\/14\/2012\/04\/Res022007TCC_6_052011.pdf\" target=\"_blank\" rel=\"noopener\"><span style=\"color: #808000\">Resolu\u00e7\u00e3o 02\/2007 &#8211; TCC<\/span><\/a><\/em><\/strong><\/span><\/p>\n<p style=\"padding-left: 60px\"><span style=\"color: #808000\"><strong><em>\u00a0 \u00a0\u00a0<a href=\"http:\/\/blog.ufba.br\/ici\/wp-content\/uploads\/sites\/14\/2012\/05\/Professores_areas_de_orientacao_2012.pdf\" target=\"_blank\" rel=\"noopener\"><span style=\"color: #808000\">Professores: \u00e1reas de orienta\u00e7\u00e3o para TCC<\/span><\/a><\/em><\/strong><\/span><br \/>\n<span style=\"color: #808000\"><strong> <em>\u00a0 \u00a0\u00a0<a href=\"http:\/\/blog.ufba.br\/ici\/wp-content\/uploads\/sites\/14\/2013\/02\/Res022007TCC_CAO.pdf\" target=\"_blank\" rel=\"noopener\"><span style=\"color: #808000\">Carta de Aceite de Orienta\u00e7\u00e3o &#8211; CAO<\/span><\/a><\/em><\/strong><\/span><br \/>\n<span style=\"color: #808000\"><strong> <em>\u00a0 \u00a0\u00a0<a href=\"http:\/\/blog.ufba.br\/ici\/wp-content\/uploads\/sites\/14\/2013\/02\/Res022007TCC_Banca.pdf\" target=\"_blank\" rel=\"noopener\"><span style=\"color: #808000\">Requerimento de Composi\u00e7\u00e3o da Comiss\u00e3o Examinadora<\/span><\/a><\/em><\/strong><\/span><\/p>\n<p style=\"padding-left: 60px\">\u00a0 \u00a0<span style=\"color: #808000\"><strong><em> \u00a0<a href=\"http:\/\/blog.ufba.br\/ici\/wp-content\/uploads\/sites\/14\/2013\/06\/TCC_Calendario_20131.pdf\" target=\"_blank\" rel=\"noopener\"><span style=\"color: #808000\">TCC 2013.1 &#8211; Datas Limite<\/span><\/a><\/em><\/strong><\/span><\/p>\n<p style=\"padding-left: 30px\"><span style=\"color: #808000\"><strong><em>\u00a0\u00a0<a href=\"http:\/\/blog.ufba.br\/ici\/wp-content\/uploads\/sites\/14\/2011\/08\/Regulamento_de_Estgio_Obrigatrio_REVISO_08102009.pdf\" target=\"_blank\" rel=\"noopener\"><span style=\"color: #808000\">Regulamento de Est\u00e1gio Curricular Obrigat\u00f3rio<\/span><\/a><\/em><\/strong><\/span><\/p>\n<p style=\"padding-left: 60px\"><span style=\"color: #808000\"><strong><em>\u00a0 \u00a0\u00a0<a href=\"http:\/\/blog.ufba.br\/ici\/wp-content\/uploads\/sites\/14\/2011\/08\/Lei_de_Estgio.pdf\" target=\"_blank\" rel=\"noopener\"><span style=\"color: #808000\">Lei de Est\u00e1gio<\/span><\/a><\/em><\/strong><\/span><\/p>\n<p style=\"padding-left: 30px\"><span style=\"color: #808000\"><strong><em>\u00a0 \u00a0<a href=\"http:\/\/blog.ufba.br\/ici\/wp-content\/uploads\/sites\/14\/2012\/02\/Res_012010_AdaptacaoCurricular_Aprov10122010.pdf\" target=\"_blank\" rel=\"noopener\"><span style=\"color: #808000\">Resolu\u00e7\u00e3o 01\/2010 &#8211; Adapta\u00e7\u00e3o Curricular<\/span><\/a><\/em><\/strong><\/span><br \/>\n<span style=\"color: #808000\"><strong> <em>\u00a0\u00a0<\/em><\/strong><\/span><\/p>\n<p style=\"padding-left: 30px\"><span style=\"color: #808000\"><strong><em>\u00a0 \u00a0<a href=\"https:\/\/blog.ufba.br\/ici\/files\/2012\/10\/Resolu%C3%A7%C3%A3o-01-2012-15-de-outubro-de-2012-Cola%C3%A7%C3%A3o-de-Grau.pdf\" target=\"_blank\" rel=\"noopener\"><span style=\"color: #808000\">Resolu\u00e7\u00e3o 01\/2012 &#8211; Cola\u00e7\u00e3o de Grau<\/span><\/a><\/em><\/strong><\/span><\/p>\n<p style=\"padding-left: 30px\"><span style=\"color: #808000\"><strong> <em>\u00a0 \u00a0<\/em><em><a href=\"http:\/\/blog.ufba.br\/ici\/wp-content\/uploads\/sites\/14\/2012\/10\/UFBA_Res042009_AproveitamentoEstudos.pdf\" target=\"_blank\" rel=\"noopener\"><span style=\"color: #808000\">Resolu\u00e7\u00e3o 04\/2009 &#8211; Aproveitamento de Estudos<\/span><\/a><\/em><\/strong><\/span><\/p>\n<p><span style=\"color: #808000\"><strong><span style=\"text-decoration: underline\"><span style=\"text-decoration: underline\"><em>ENADE<\/em><\/span><\/span><\/strong><\/span><\/p>\n<p><span style=\"color: #808000\"><strong><a href=\"https:\/\/blog.ufba.br\/ici\/cursos\/arquivologia\/orientacao-arquivologia\/\"><span style=\"color: #808000\"><em>ORIENTA\u00c7\u00c3O ACAD\u00caMICA<\/em><\/span><\/a><\/strong><\/span><\/p>\n<p><span style=\"color: #808000\"><strong><span style=\"text-decoration: underline\"><span style=\"text-decoration: underline\"><em>PROJETO MELHOR CURSO<\/em><\/span><\/span><\/strong><\/span><\/p>\n<p><strong><span style=\"text-decoration: underline\"><em><a href=\"https:\/\/blog.ufba.br\/ici\/cursos\/arquivologia\/sitios-arquivologia\/\">S\u00cdTIOS ELETR\u00d4NICOS INDICADOS<\/a><\/em><\/span><\/strong><\/p>\n<p>&nbsp;<\/p>\n","protected":false},"excerpt":{"rendered":"<p>INFORMA\u00c7\u00d5ES SOBRE O CURSO PROJETO PEDAG\u00d3GICO\u00a0\u00a0 \u00a0\u00a0Matrizes Curriculares \u00a0\u00a0Fluxogramas COLEGIADO \u00a0\u00a0Regimento do Colegiado \u00a0\u00a0Composi\u00e7\u00e3o do Colegiado \u00a0\u00a0Relat\u00f3rios Anuais de Gest\u00e3o da Coordena\u00e7\u00e3o do Colegiado REGULAMENTOS \u00a0\u00a0Regulamento de Ensino da Gradua\u00e7\u00e3o [&hellip;]<\/p>\n","protected":false},"author":26,"featured_media":0,"parent":11,"menu_order":0,"comment_status":"closed","ping_status":"closed","template":"","meta":{"_coblocks_attr":"","_coblocks_dimensions":"","_coblocks_responsive_height":"","_coblocks_accordion_ie_support":"","_themeisle_gutenberg_block_has_review":false,"footnotes":""},"class_list":["post-155","page","type-page","status-publish","hentry"],"_links":{"self":[{"href":"https:\/\/blog.ufba.br\/ici\/wp-json\/wp\/v2\/pages\/155"}],"collection":[{"href":"https:\/\/blog.ufba.br\/ici\/wp-json\/wp\/v2\/pages"}],"about":[{"href":"https:\/\/blog.ufba.br\/ici\/wp-json\/wp\/v2\/types\/page"}],"author":[{"embeddable":true,"href":"https:\/\/blog.ufba.br\/ici\/wp-json\/wp\/v2\/users\/26"}],"replies":[{"embeddable":true,"href":"https:\/\/blog.ufba.br\/ici\/wp-json\/wp\/v2\/comments?post=155"}],"version-history":[{"count":0,"href":"https:\/\/blog.ufba.br\/ici\/wp-json\/wp\/v2\/pages\/155\/revisions"}],"up":[{"embeddable":true,"href":"https:\/\/blog.ufba.br\/ici\/wp-json\/wp\/v2\/pages\/11"}],"wp:attachment":[{"href":"https:\/\/blog.ufba.br\/ici\/wp-json\/wp\/v2\/media?parent=155"}],"curies":[{"name":"wp","href":"https:\/\/api.w.org\/{rel}","templated":true}]}}