{"id":147,"date":"2011-06-13T09:57:46","date_gmt":"2011-06-13T12:57:46","guid":{"rendered":"http:\/\/blog.ufba.br\/ici\/?page_id=147"},"modified":"2011-06-13T09:57:46","modified_gmt":"2011-06-13T12:57:46","slug":"estrutura","status":"publish","type":"page","link":"https:\/\/blog.ufba.br\/ici\/estrutura\/","title":{"rendered":"Estrutura"},"content":{"rendered":"<h3><span style=\"color: #808000\">Dire\u00e7\u00e3o<\/span><\/h3>\n<p><span style=\"color: #000000;font-size: small\"><strong>Diretor<\/strong>: Prof. Dra.\u00a0<a title=\"Hildenise Ferreira Novo\" href=\"http:\/\/lattes.cnpq.br\/8031125006782425\" target=\"_blank\" rel=\"noopener\">Hildenise Ferreira Novo<\/a><br \/>\n<a href=\"mailto:hnovo@ufba.br\">hnovo@ufba.br<\/a><br \/>\n<\/span><\/p>\n<p><span style=\"color: #000000;font-size: small\"><strong>Vice-Diretor<\/strong>: Prof. Dr. Sergio Franklin Ribeiro da Silva<br \/>\n<\/span><\/p>\n<h3><span style=\"color: #808000\">Ger\u00eancia Administrativa e Financeira<\/span><\/h3>\n<p><span style=\"color: #000000;font-size: small\"><strong>Gerente Administrativo-financeiro<\/strong>: Adm. Ariston Mascarenhas J\u00fanior<br \/>\n<a href=\"mailto:ici@ufba.br\">ici@ufba.br<\/a><\/span><\/p>\n<p><span style=\"color: #000000;font-size: small\"><strong>Assessoria Administrativa<\/strong>:\u00a0<\/span><\/p>\n<p><a href=\"mailto:ici@ufba.br\">ici@ufba.br<\/a><br \/>\n<span style=\"color: #000000;font-size: small\"><strong>Secretaria de Congrega\u00e7\u00e3o<\/strong>:\u00a0<\/span><\/p>\n<p><span style=\"color: #000000;font-size: small\"><strong>Secret\u00e1rio:\u00a0Walter de Freitas Junior<\/strong><\/span><\/p>\n<h3><span style=\"color: #808000\">Departamentos<\/span><\/h3>\n<ul>\n<li><span style=\"color: #000000;font-size: small\"><a title=\"DDI\" href=\"http:\/\/blog.ufba.br\/ici\/ddi\/\">Documenta\u00e7\u00e3o e Informa\u00e7\u00e3o<\/a><\/span><\/li>\n<\/ul>\n<p style=\"padding-left: 30px\"><span style=\"color: #000000;font-size: small\"><strong>Chefe<\/strong>:\u00a0Profa. Dra. Carolina de Souza Santana Magalh\u00e3es\u00a0<\/span><\/p>\n<p style=\"padding-left: 30px\"><strong>Vice-Chefe<\/strong>:\u00a0<span style=\"color: #000000\">Prof.\u00a0<\/span><span style=\"color: #000000\">Dr<\/span><span style=\"color: #000000\">.\u00a0Derek Warwick da Silva Tavares<\/span><\/p>\n<p style=\"padding-left: 30px\"><span style=\"color: #000000;font-size: small\"><strong>E-mail<\/strong>: <a href=\"mailto:ddi@ufba.br\">ddi@ufba.br<\/a><\/span><\/p>\n<ul>\n<li><a title=\"DFPI\" href=\"http:\/\/blog.ufba.br\/ici\/dfpi\/\">Fundamentos e Processos Informacionais<\/a><\/li>\n<\/ul>\n<p style=\"padding-left: 30px\"><span style=\"color: #000000;font-size: small\"><strong>Chefe<\/strong>: Prof.\u00a0Dr. Gillian Leandro de Queiroga Lima\u00a0<\/span><\/p>\n<p style=\"padding-left: 30px\"><span style=\"color: #000000;font-size: small\"><strong>Vice-Chefe<\/strong>: Prof. Dr. Raymundo N. Machado<\/span><\/p>\n<p style=\"padding-left: 30px\"><span style=\"color: #000000;font-size: small\"><strong>E-mail<\/strong>: <a href=\"mailto:dfpi@ufba.br\">dfpi@ufba.br<\/a><\/span><\/p>\n<p><span style=\"color: #000000;font-size: small\"><strong>Secretaria \u00danica de Gradua\u00e7\u00e3o<\/strong>:\u00a0Jos\u00e9 Cl\u00e1udio de Santana, Willian Araujo, Lidice Oliveira e Alessandro Batista de Sousa<\/span><\/p>\n<h3><span style=\"color: #808000\">Colegiados<\/span><\/h3>\n<p><strong>Arquivologia Diurno<\/strong><\/p>\n<p><span style=\"color: #000000;font-size: small\"><strong>Coordenadora<\/strong>: Profa. Dra. Leyde Klebia Rodrigues da Silva<\/span><\/p>\n<p><span style=\"color: #000000;font-size: small\"><strong>Vice-coordenadora<\/strong>:\u00a0Profa. Ms. Denise Braga Sampaio\u00a0<\/span><\/p>\n<p><span style=\"color: #000000;font-size: small\"><strong>E-mail<\/strong>: <a href=\"mailto:arquivol@ufba.br\">arquivol@ufba.br<\/a><\/span><\/p>\n<p><strong><br \/>\nArquivologia\u00a0Norturno<\/strong><\/p>\n<p><span style=\"color: #000000;font-size: small\"><strong>Coordenador<\/strong>: Profa. Ms. Jaires Oliveira Santos<\/span><\/p>\n<p><span style=\"color: #000000;font-size: small\"><strong>Vice-coordenadora<\/strong>: Profa.\u00a0Ms. Susane Santos Barros<\/span><\/p>\n<p><span style=\"color: #000000;font-size: small\"><strong>E-mail<\/strong>:\u00a0<a href=\"mailto:arquivol@ufba.br\">arquivol@ufba.br<\/a><\/span><\/p>\n<p><span style=\"color: #000000;font-size: small\"><br \/>\n<\/span><\/p>\n<p><strong>Biblioteconomia e Documenta\u00e7\u00e3o<\/strong><\/p>\n<p><span style=\"color: #000000;font-size: small\"><strong>Coordenador<\/strong>: <\/span><span style=\"font-size: small\">Prof.\u00a0Dr<span style=\"color: #000000\">. S\u00e9rgio Franklin<\/span><\/span><\/p>\n<p><span style=\"color: #000000;font-size: small\"><strong>Vice-coordenador<\/strong>: Prof. Dr. Raymundo\u00a0N. Machado<br \/>\n<\/span><\/p>\n<p><span style=\"color: #000000;font-size: small\"><strong>E-mail<\/strong>: <a href=\"mailto:bibliot@ufba.br\">bibliot@ufba.br<\/a><\/span><\/p>\n<p><span style=\"color: #000000;font-size: small\"><strong>Hor\u00e1rio de Atendimento<\/strong>: de segunda \u00e0 sexta, das 09h \u00e0s 12h<\/span><\/p>\n<p><span style=\"color: #000000;font-size: small\"><br \/>\n<\/span><\/p>\n<p><strong>P\u00f3s-Gradua\u00e7\u00e3o em Ci\u00eancia da Informa\u00e7\u00e3o<\/strong><\/p>\n<p><span style=\"color: #000000;font-size: small\"><strong>Coordena\u00e7\u00e3o<\/strong>:\u00a0Profa. Dra.\u00a0Maria Isabel de Jesus Sousa Barreira<\/span><\/p>\n<p><span style=\"color: #000000;font-size: small\"><strong>Vice-coordena\u00e7\u00e3o<\/strong>: Profa. Dra. N\u00eddia Maria Lienert Lubisco<\/span><\/p>\n<p><span style=\"color: #000000;font-size: small\"><strong>E-mail<\/strong>: <a href=\"mailto:posici@ufba.br\">posici@ufba.br<\/a><\/span><\/p>\n<p><span style=\"color: #000000;font-size: small\"><strong>Secretaria<\/strong>:\u00a0Marilene Luzia S Silva &#8211;\u00a0Rosana O. Rodrigues<\/span><\/p>\n","protected":false},"excerpt":{"rendered":"<p>Dire\u00e7\u00e3o Diretor: Prof. Dra.\u00a0Hildenise Ferreira Novo hnovo@ufba.br Vice-Diretor: Prof. Dr. Sergio Franklin Ribeiro da Silva Ger\u00eancia Administrativa e Financeira Gerente Administrativo-financeiro: Adm. Ariston Mascarenhas J\u00fanior ici@ufba.br Assessoria Administrativa:\u00a0 ici@ufba.br Secretaria [&hellip;]<\/p>\n","protected":false},"author":26,"featured_media":0,"parent":0,"menu_order":0,"comment_status":"closed","ping_status":"closed","template":"","meta":{"_coblocks_attr":"","_coblocks_dimensions":"","_coblocks_responsive_height":"","_coblocks_accordion_ie_support":"","_themeisle_gutenberg_block_has_review":false,"footnotes":""},"class_list":["post-147","page","type-page","status-publish","hentry"],"_links":{"self":[{"href":"https:\/\/blog.ufba.br\/ici\/wp-json\/wp\/v2\/pages\/147"}],"collection":[{"href":"https:\/\/blog.ufba.br\/ici\/wp-json\/wp\/v2\/pages"}],"about":[{"href":"https:\/\/blog.ufba.br\/ici\/wp-json\/wp\/v2\/types\/page"}],"author":[{"embeddable":true,"href":"https:\/\/blog.ufba.br\/ici\/wp-json\/wp\/v2\/users\/26"}],"replies":[{"embeddable":true,"href":"https:\/\/blog.ufba.br\/ici\/wp-json\/wp\/v2\/comments?post=147"}],"version-history":[{"count":0,"href":"https:\/\/blog.ufba.br\/ici\/wp-json\/wp\/v2\/pages\/147\/revisions"}],"wp:attachment":[{"href":"https:\/\/blog.ufba.br\/ici\/wp-json\/wp\/v2\/media?parent=147"}],"curies":[{"name":"wp","href":"https:\/\/api.w.org\/{rel}","templated":true}]}}