{"id":1441,"date":"2012-11-10T14:10:21","date_gmt":"2012-11-10T17:10:21","guid":{"rendered":"http:\/\/blog.ufba.br\/ici\/?page_id=1441"},"modified":"2012-11-10T14:10:21","modified_gmt":"2012-11-10T17:10:21","slug":"documentos","status":"publish","type":"page","link":"https:\/\/blog.ufba.br\/ici\/documentos\/","title":{"rendered":"Documentos"},"content":{"rendered":"<p><strong>Formul\u00e1rios padr\u00e3o<\/strong><\/p>\n<p style=\"padding-left: 30px\"><a href=\"http:\/\/blog.ufba.br\/ici\/wp-content\/uploads\/sites\/14\/2012\/11\/Modelo-RVN-SCDP-2.odt\" target=\"_blank\" rel=\"noopener\">-Modelo RVN-SCDP<\/a><\/p>\n<p><strong>Congrega\u00e7\u00e3o<\/strong><\/p>\n<p style=\"padding-left: 30px\">&#8211;<a href=\"http:\/\/blog.ufba.br\/ici\/wp-content\/uploads\/sites\/14\/2012\/11\/Resolucao_CONGREG_ICI_01-2012_-colacao_-de_-grau.pdf\">Resolucao_CONGREG_ICI_01-2012_-colacao_-de_-grau<\/a><\/p>\n<p><strong>Dire\u00e7\u00e3o<\/strong><\/p>\n<p style=\"padding-left: 30px\">&#8211;<a href=\"http:\/\/blog.ufba.br\/ici\/wp-content\/uploads\/sites\/14\/2012\/11\/Demanda-de-quantitativo-de-servidores-tecnico-administrativos-em-JAN.2011.pdf\" target=\"_blank\" rel=\"noopener\">Demanda de quantitativo de servidores t\u00e9cnico-administrativos (em JAN.2011)<\/a><\/p>\n<p style=\"padding-left: 30px\"><a href=\"https:\/\/blog.ufba.br\/ici\/files\/2011\/08\/RelatoriodoInstitutodeCi%C3%AAnciadaInformacao2006.pdf\" target=\"_blank\" rel=\"noopener\">-Relat\u00f3rio Anual de Gest\u00e3o 2006<\/a><\/p>\n<p style=\"padding-left: 30px\"><a href=\"http:\/\/blog.ufba.br\/ici\/wp-content\/uploads\/sites\/14\/2012\/11\/RAG-ICI-2010-Completo.pdf\" target=\"_blank\" rel=\"noopener\">-Relat\u00f3rio anual de Gest\u00e3o 2010 &#8211; Completo<\/a><\/p>\n<p style=\"padding-left: 30px\">&#8211;<a title=\"PAT 2011\" href=\"http:\/\/blog.ufba.br\/ici\/wp-content\/uploads\/sites\/14\/2014\/03\/Plano-Anual-de-Trabalho-PAT-ICI-2011-FINAL.pdf\">Plano Anual de Trabalho (PAT-ICI-2011 FINAL)<\/a><\/p>\n<p style=\"padding-left: 30px\">&#8211;<a href=\"http:\/\/blog.ufba.br\/ici\/wp-content\/uploads\/sites\/14\/2012\/11\/RAG-ICI-2011-Resumido.pdf\" target=\"_blank\" rel=\"noopener\">Relat\u00f3rio Anual de Gest\u00e3o 2011 &#8211; Resumido<\/a><\/p>\n<p style=\"padding-left: 30px\">&#8211;<a href=\"http:\/\/blog.ufba.br\/ici\/wp-content\/uploads\/sites\/14\/2012\/11\/RAG-ICI-2011-Completo.pdf\" target=\"_blank\" rel=\"noopener\">Relat\u00f3rio Anual de Gest\u00e3o 2011 &#8211; Completo<\/a><\/p>\n<p style=\"padding-left: 30px\">&#8211;<a title=\"PAT 2012\" href=\"http:\/\/blog.ufba.br\/ici\/wp-content\/uploads\/sites\/14\/2014\/03\/Plano-Anual-de-Trabalho-PAT-ICI-2012-FINAL.pdf\">Plano Anual de Trabalho \u00a0(PAT-ICI-2012 FINAL)<\/a><\/p>\n<p style=\"padding-left: 30px\">&#8211;<a href=\"http:\/\/blog.ufba.br\/ici\/wp-content\/uploads\/sites\/14\/2012\/11\/RAG-ICI-2012-Completo.pdf\" target=\"_blank\" rel=\"noopener\">Relat\u00f3rio Anual de Gest\u00e3o 2012 \u2013 Completo<\/a><\/p>\n<p style=\"padding-left: 30px\">&#8211;\u00a0<a href=\"http:\/\/blog.ufba.br\/ici\/wp-content\/uploads\/sites\/14\/2012\/11\/RAG-ICI-2012-Resumido.pdf\" target=\"_blank\" rel=\"noopener\">Relat\u00f3rio Anual de Gest\u00e3o 2012 \u2013 Resumido<\/a><\/p>\n<p style=\"padding-left: 30px\">&#8211;\u00a0<a title=\"PAT 2013\" href=\"http:\/\/blog.ufba.br\/ici\/wp-content\/uploads\/sites\/14\/2014\/03\/Plano-Anual-de-Trabalho-PAT-ICI-2013-FINAL.pdf\">Plano Anual de Trabalho \u00a0(PAT-ICI-2013 FINAL)<\/a><\/p>\n<p style=\"padding-left: 30px\">&#8211; <a title=\"versao resumida\" href=\"http:\/\/blog.ufba.br\/ici\/wp-content\/uploads\/sites\/14\/2014\/02\/RAG-ICI-2013-VERSAO-RESUMIDA.pdf\">Relat\u00f3rio Anual de Gest\u00e3o 2013 &#8211; Resumido<\/a><\/p>\n<p style=\"padding-left: 30px\">&#8211;<a title=\"vers\u00e3o completa\" href=\"http:\/\/blog.ufba.br\/ici\/wp-content\/uploads\/sites\/14\/2014\/02\/RAG-ICI-2013-VERSAO-COMPLETA.pdf\"> Relat\u00f3rio Anual de Gest\u00e3o 2013 &#8211; Completo<\/a><\/p>\n<p style=\"padding-left: 30px\">&#8211;\u00a0<a title=\"PAT 2014\" href=\"http:\/\/blog.ufba.br\/ici\/wp-content\/uploads\/sites\/14\/2014\/03\/Plano-Anual-de-Trabalho-PAT-ICI-2014-FINAL.pdf\">Plano Anual de Trabalho \u00a0(PAT-ICI-2014 FINAL)<\/a><\/p>\n<p style=\"padding-left: 30px\">&#8211;\u00a0<a href=\"http:\/\/blog.ufba.br\/ici\/wp-content\/uploads\/sites\/14\/2012\/11\/Relatorio-DIR-JAN-OUT-2014.pdf\">Relat\u00f3rio DIR (JAN-OUT 2014)<\/a><\/p>\n<p style=\"padding-left: 30px\">&#8211;\u00a0<span style=\"color: #000000\"><a href=\"http:\/\/blog.ufba.br\/ici\/wp-content\/uploads\/sites\/14\/2012\/11\/Resumo-da-Gestao-2010-2014.pdf\">Resumo da Gest\u00e3o 2010-2014<\/a><\/span><\/p>\n<p><strong>Departamentos\u00a0(em cria\u00e7\u00e3o)<\/strong><\/p>\n<p><strong>Colegiado Arquivologia<\/strong><\/p>\n<p style=\"padding-left: 30px\"><a href=\"http:\/\/blog.ufba.br\/ici\/wp-content\/uploads\/sites\/14\/2012\/11\/RESOLUCAO-no01_2016.pdf\" target=\"_blank\" rel=\"noopener\">Resolu\u00e7\u00e3o n\u00ba01_2016\u00a0&#8211;\u00a0<em style=\"color: #000000\">Cria\u00e7\u00e3o do NDE<\/em><\/a><\/p>\n<p style=\"padding-left: 30px\"><a href=\"http:\/\/blog.ufba.br\/ici\/wp-content\/uploads\/sites\/14\/2012\/11\/RESOLUCAO-no01_2017.pdf\" target=\"_blank\" rel=\"noopener\">Resolu\u00e7\u00e3o n\u00ba01_2017\u00a0&#8211;\u00a0<em style=\"color: #000000\">Aprova\u00e7\u00e3o do regimento interno do NDE<\/em><\/a><\/p>\n<p style=\"padding-left: 30px\"><a href=\"http:\/\/blog.ufba.br\/ici\/wp-content\/uploads\/sites\/14\/2012\/11\/RESOLUCAO-no2_2017.pdf\" target=\"_blank\" rel=\"noopener\">Resolu\u00e7\u00e3o n\u00ba2_2017\u00a0&#8211;\u00a0<em style=\"color: #000000\">Equival\u00eancia de disciplinas do curso de Biblioteconomia e Documenta\u00e7\u00e3o para o curso de Arquivologia<\/em><\/a><\/p>\n<p style=\"padding-left: 30px\"><a href=\"http:\/\/blog.ufba.br\/ici\/wp-content\/uploads\/sites\/14\/2012\/11\/PORTARIA-DE-NOMEACAO.pdf\" target=\"_blank\" rel=\"noopener\">Portaria\u00a0de Nomea\u00e7\u00e3o\u00a0&#8211;\u00a0<span style=\"color: #000000\">NDE<\/span><\/a><\/p>\n<p style=\"padding-left: 30px\"><a href=\"http:\/\/blog.ufba.br\/ici\/wp-content\/uploads\/sites\/14\/2012\/11\/4.-ATAS-NDE-ARQUIVOLOGIA.pdf\">ATAS\u00a0 &#8211; NDE ARQUIVOLOGIA<\/a><\/p>\n<p><strong>GERAF \u00a0(em cria\u00e7\u00e3o)<\/strong><\/p>\n<p><strong>NULAB\u00a0(em cria\u00e7\u00e3o)<\/strong><\/p>\n","protected":false},"excerpt":{"rendered":"<p>Formul\u00e1rios padr\u00e3o -Modelo RVN-SCDP Congrega\u00e7\u00e3o &#8211;Resolucao_CONGREG_ICI_01-2012_-colacao_-de_-grau Dire\u00e7\u00e3o &#8211;Demanda de quantitativo de servidores t\u00e9cnico-administrativos (em JAN.2011) -Relat\u00f3rio Anual de Gest\u00e3o 2006 -Relat\u00f3rio anual de Gest\u00e3o 2010 &#8211; Completo &#8211;Plano Anual de [&hellip;]<\/p>\n","protected":false},"author":27,"featured_media":0,"parent":0,"menu_order":0,"comment_status":"closed","ping_status":"closed","template":"","meta":{"_coblocks_attr":"","_coblocks_dimensions":"","_coblocks_responsive_height":"","_coblocks_accordion_ie_support":"","_themeisle_gutenberg_block_has_review":false,"footnotes":""},"class_list":["post-1441","page","type-page","status-publish","hentry"],"_links":{"self":[{"href":"https:\/\/blog.ufba.br\/ici\/wp-json\/wp\/v2\/pages\/1441"}],"collection":[{"href":"https:\/\/blog.ufba.br\/ici\/wp-json\/wp\/v2\/pages"}],"about":[{"href":"https:\/\/blog.ufba.br\/ici\/wp-json\/wp\/v2\/types\/page"}],"author":[{"embeddable":true,"href":"https:\/\/blog.ufba.br\/ici\/wp-json\/wp\/v2\/users\/27"}],"replies":[{"embeddable":true,"href":"https:\/\/blog.ufba.br\/ici\/wp-json\/wp\/v2\/comments?post=1441"}],"version-history":[{"count":0,"href":"https:\/\/blog.ufba.br\/ici\/wp-json\/wp\/v2\/pages\/1441\/revisions"}],"wp:attachment":[{"href":"https:\/\/blog.ufba.br\/ici\/wp-json\/wp\/v2\/media?parent=1441"}],"curies":[{"name":"wp","href":"https:\/\/api.w.org\/{rel}","templated":true}]}}