{"id":1403,"date":"2012-10-30T22:30:49","date_gmt":"2012-10-31T01:30:49","guid":{"rendered":"http:\/\/blog.ufba.br\/ici\/?page_id=1403"},"modified":"2012-10-30T22:30:49","modified_gmt":"2012-10-31T01:30:49","slug":"informacoes-biblioteconomia","status":"publish","type":"page","link":"https:\/\/blog.ufba.br\/ici\/ensino\/biblioteconomia\/informacoes-biblioteconomia\/","title":{"rendered":"Informa\u00e7\u00f5es Biblioteconomia"},"content":{"rendered":"<p><span style=\"color: #ff6600\">Tendo em vista a fun\u00e7\u00e3o social da biblioteca, o bibliotec\u00e1rio \u00e9 o profissional a quem compete: auxiliar, direta ou indiretamente, os usu\u00e1rios potenciais e reais da informa\u00e7\u00e3o s\u00f3cio-cultural econ\u00f4mica, cient\u00edfica e\/ou t\u00e9cnica dos centros e servi\u00e7os bibliogr\u00e1ficos e referenciais; atender as tend\u00eancias presentes e futuras do mercado de trabalho no que se refere ao planejamento, instala\u00e7\u00e3o, dire\u00e7\u00e3o e execu\u00e7\u00e3o dos servi\u00e7os bibliogr\u00e1ficos e document\u00e1rios; reunir e organizar a informa\u00e7\u00e3o de modo que seja proporcionado um servi\u00e7o \u00f3timo aos estudantes, pesquisadores, docentes e ao p\u00fablico em geral; atuar como um agente de transforma\u00e7\u00e3o e desenvolvimento na comunidade, tendo-se em vista que a informa\u00e7\u00e3o \u00e9 uma fonte de inesgot\u00e1vel energia; conhecer os m\u00e9todos e t\u00e9cnicas para recuperar e avaliar a informa\u00e7\u00e3o, estabelecendo o n\u00edvel de interesse do usu\u00e1rio; identificar e analisar problemas afetos \u00e1 Biblioteconomia, a fim de atender as demandas e necessidades de leitura, ensino, aprendizagem, pesquisa, e informa\u00e7\u00e3o de diferentes grupos s\u00f3cio-econ\u00f4mico-culturais.<\/span><\/p>\n<p><span style=\"color: #ff6600\">Reconhecido pelo Decreto n.\u00ba 43\/804 de 23\/05\/1958 Base Legal: Resolu\u00e7\u00e3o n.\u00ba 08\/82 do CFE<\/span><\/p>\n<p><span style=\"color: #ff6600\"><strong>Dura\u00e7\u00e3o<\/strong>:<\/span><\/p>\n<p><span style=\"color: #ff6600\">M\u00ednimo: 8 semestres e M\u00e1ximo: 14 semestres<\/span><\/p>\n<div><\/div>\n","protected":false},"excerpt":{"rendered":"<p>Tendo em vista a fun\u00e7\u00e3o social da biblioteca, o bibliotec\u00e1rio \u00e9 o profissional a quem compete: auxiliar, direta ou indiretamente, os usu\u00e1rios potenciais e reais da informa\u00e7\u00e3o s\u00f3cio-cultural econ\u00f4mica, cient\u00edfica [&hellip;]<\/p>\n","protected":false},"author":28,"featured_media":0,"parent":162,"menu_order":0,"comment_status":"closed","ping_status":"closed","template":"","meta":{"_coblocks_attr":"","_coblocks_dimensions":"","_coblocks_responsive_height":"","_coblocks_accordion_ie_support":"","_themeisle_gutenberg_block_has_review":false,"footnotes":""},"class_list":["post-1403","page","type-page","status-publish","hentry"],"_links":{"self":[{"href":"https:\/\/blog.ufba.br\/ici\/wp-json\/wp\/v2\/pages\/1403"}],"collection":[{"href":"https:\/\/blog.ufba.br\/ici\/wp-json\/wp\/v2\/pages"}],"about":[{"href":"https:\/\/blog.ufba.br\/ici\/wp-json\/wp\/v2\/types\/page"}],"author":[{"embeddable":true,"href":"https:\/\/blog.ufba.br\/ici\/wp-json\/wp\/v2\/users\/28"}],"replies":[{"embeddable":true,"href":"https:\/\/blog.ufba.br\/ici\/wp-json\/wp\/v2\/comments?post=1403"}],"version-history":[{"count":0,"href":"https:\/\/blog.ufba.br\/ici\/wp-json\/wp\/v2\/pages\/1403\/revisions"}],"up":[{"embeddable":true,"href":"https:\/\/blog.ufba.br\/ici\/wp-json\/wp\/v2\/pages\/162"}],"wp:attachment":[{"href":"https:\/\/blog.ufba.br\/ici\/wp-json\/wp\/v2\/media?parent=1403"}],"curies":[{"name":"wp","href":"https:\/\/api.w.org\/{rel}","templated":true}]}}