{"id":1233,"date":"2012-09-12T12:01:27","date_gmt":"2012-09-12T15:01:27","guid":{"rendered":"http:\/\/blog.ufba.br\/ici\/?page_id=1233"},"modified":"2012-09-12T12:01:27","modified_gmt":"2012-09-12T15:01:27","slug":"extensao","status":"publish","type":"page","link":"https:\/\/blog.ufba.br\/ici\/extensao\/","title":{"rendered":"Extens\u00e3o &#8211; NExt"},"content":{"rendered":"<p>Coordenador:\u00a0Prof. Dr. Raymundo N. Machado<br \/>\nVice-Coordenadora:\u00a0Profa. Dra. Raquel do Ros\u00e1rio Santos<\/p>\n<p style=\"color: #000000\">E-mail:\u00a0<a style=\"color: #1155cc\" href=\"mailto:nextici@ufba.br\" target=\"_blank\" rel=\"noopener\">nextici@ufba.br<\/a><\/p>\n<p>Conhe\u00e7a a<a title=\"PAREDE\" href=\"http:\/\/blog.ufba.br\/ici\/parede-galeria\/\">\u00a0PAREDE GALERIA\u00a0<\/a>do ICI<\/p>\n<p><strong>________________________________________________________<\/strong><\/p>\n<p><strong>Orienta\u00e7\u00f5es NExt:<\/strong><\/p>\n<p>O\u00a0<strong>SIATEX<\/strong>\u00a0\u00e9 o\u00a0<strong>Sistema de Registro e Acompanhamento de Atividades de Extens\u00e3o<\/strong>\u00a0da UFBA. \u00a0Para acess\u00e1-lo visite\u00a0o site\u00a0<a href=\"http:\/\/siatex.ufba.br\/\" target=\"_blank\" rel=\"noopener\">http:\/\/siatex.ufba.br<\/a>\u00a0e utilize os mesmos dados de acesso que utiliza nos outros sistemas da UFBA.<\/p>\n<p>Nesta p\u00e1gina tamb\u00e9m est\u00e1 disponibilizado o manual para acesso e uso do sistema.<\/p>\n<p>&nbsp;<\/p>\n<p><strong>______________________________________________________________________________<\/strong><\/p>\n","protected":false},"excerpt":{"rendered":"<p>Coordenador:\u00a0Prof. Dr. Raymundo N. Machado Vice-Coordenadora:\u00a0Profa. Dra. Raquel do Ros\u00e1rio Santos E-mail:\u00a0nextici@ufba.br Conhe\u00e7a a\u00a0PAREDE GALERIA\u00a0do ICI ________________________________________________________ Orienta\u00e7\u00f5es NExt: O\u00a0SIATEX\u00a0\u00e9 o\u00a0Sistema de Registro e Acompanhamento de Atividades de Extens\u00e3o\u00a0da UFBA. [&hellip;]<\/p>\n","protected":false},"author":1,"featured_media":0,"parent":0,"menu_order":0,"comment_status":"closed","ping_status":"closed","template":"","meta":{"_coblocks_attr":"","_coblocks_dimensions":"","_coblocks_responsive_height":"","_coblocks_accordion_ie_support":"","_themeisle_gutenberg_block_has_review":false,"footnotes":""},"class_list":["post-1233","page","type-page","status-publish","hentry"],"_links":{"self":[{"href":"https:\/\/blog.ufba.br\/ici\/wp-json\/wp\/v2\/pages\/1233"}],"collection":[{"href":"https:\/\/blog.ufba.br\/ici\/wp-json\/wp\/v2\/pages"}],"about":[{"href":"https:\/\/blog.ufba.br\/ici\/wp-json\/wp\/v2\/types\/page"}],"author":[{"embeddable":true,"href":"https:\/\/blog.ufba.br\/ici\/wp-json\/wp\/v2\/users\/1"}],"replies":[{"embeddable":true,"href":"https:\/\/blog.ufba.br\/ici\/wp-json\/wp\/v2\/comments?post=1233"}],"version-history":[{"count":0,"href":"https:\/\/blog.ufba.br\/ici\/wp-json\/wp\/v2\/pages\/1233\/revisions"}],"wp:attachment":[{"href":"https:\/\/blog.ufba.br\/ici\/wp-json\/wp\/v2\/media?parent=1233"}],"curies":[{"name":"wp","href":"https:\/\/api.w.org\/{rel}","templated":true}]}}