{"id":11,"date":"2011-05-30T12:06:57","date_gmt":"2011-05-30T15:06:57","guid":{"rendered":"http:\/\/blog.ufba.br\/ici\/?page_id=11"},"modified":"2011-05-30T12:06:57","modified_gmt":"2011-05-30T15:06:57","slug":"ensino","status":"publish","type":"page","link":"https:\/\/blog.ufba.br\/ici\/ensino\/","title":{"rendered":"Ensino"},"content":{"rendered":"<p><strong><span style=\"color: #000000\"><span style=\"font-family: Verdana, sans-serif\"><span style=\"font-size: small\"><em><strong>________________________________________________________<\/strong><\/em><\/span><\/span><\/span><\/strong><\/p>\n<p><span style=\"color: #808000\"><strong><a title=\"Biblioteconomia e Documenta\u00e7\u00e3o\" href=\"https:\/\/blog.ufba.br\/ici\/cursos\/biblioteconomia\/\" target=\"_blank\" rel=\"noopener\"><span style=\"color: #808000\"><em>Gradua\u00e7\u00e3o em Biblioteconomia e Documenta\u00e7\u00e3o<\/em><\/span><\/a><\/strong><\/span><\/p>\n<p><strong><em>Coordenador:<\/em><\/strong><strong><em>\u00a0<strong><em>Prof. Dr. S\u00e9rgio Franklin &#8211;<\/em><\/strong><strong><em>\u00a0<\/em><\/strong><strong><em><a href=\"mailto:sr_franklin@hotmail.com\">sr_franklin@hotmail.com<\/a><\/em><\/strong><\/em><\/strong><\/p>\n<p><strong><em>Vice-coordenador: Prof. Dr. Raymundo N. Machado<\/em><\/strong><\/p>\n<p><strong><em>______________________________________________________<\/em><\/strong><\/p>\n<p><span style=\"color: #808000\"><strong><span style=\"color: #808000\"><em><a title=\"Arquivologia\" href=\"https:\/\/blog.ufba.br\/ici\/cursos\/arquivologia\/\" target=\"_blank\" rel=\"noopener\">Gradua\u00e7\u00e3o em Arquivologia &#8211; Diurno<\/a><\/em><\/span><\/strong><\/span><\/p>\n<p><strong><em>Coordenador:<\/em><\/strong><strong><em>\u00a0<strong><em>Prof\u00aa. Dr\u00aa.\u00a0<strong><strong>Leyde Klebia Rodrigues da Silva<\/strong><\/strong><\/em><\/strong><\/em><\/strong><\/p>\n<p><strong><em>Vice-Coordenador:<\/em><\/strong><strong><em>\u00a0<\/em><\/strong><\/p>\n<p><strong><em>______________________________________________________<\/em><\/strong><\/p>\n<p><span style=\"color: #808000\"><strong><a title=\"Arquivologia\" href=\"https:\/\/blog.ufba.br\/ici\/cursos\/arquivologia\/\" target=\"_blank\" rel=\"noopener\"><span style=\"color: #808000\"><em>Gradua\u00e7\u00e3o em Arquivologia &#8211; Noturno<\/em><\/span><\/a><\/strong><\/span><\/p>\n<p><strong><em>Coordenador:<\/em><\/strong><strong><em>\u00a0<strong><em>Prof.\u00aa Ms. Jaires Oliveira Santos<\/em><\/strong><\/em><\/strong><\/p>\n<p><strong><em>Vice-Coordenadora:<\/em><\/strong><strong><em>\u00a0<strong><em>Prof.\u00aa Ms. Susane Santos Barros<\/em><\/strong><\/em><\/strong><\/p>\n<p>_________________________________________________________________<\/p>\n<p><span style=\"color: #808000\"><strong><em><span style=\"text-decoration: underline\">Secretaria \u00danica de Gradua\u00e7\u00e3o<\/span><\/em><\/strong><\/span><\/p>\n<p><strong><em>Alessandro Batista de Souza<br \/>\n<\/em><\/strong><strong><em><strong><em>Cristiano Cairo Correia<br \/>\n<\/em><\/strong><\/em><\/strong><strong><em>Jos\u00e9 Cl\u00e1udio de Santana<br \/>\n<\/em><\/strong><strong><em>L\u00eddice Silva de Oliveira<br \/>\n<\/em><\/strong><strong><em>Willian de Araujo Lopes<\/em><\/strong><\/p>\n<p><strong><em>__________________________________________________________<\/em><\/strong><\/p>\n<p><span style=\"color: #808000\"><em><strong><a href=\"http:\/\/www.posici.ufba.br\/\" target=\"_blank\" rel=\"noopener\"><span style=\"color: #808000\">P\u00f3s-gradua\u00e7\u00e3o: Mestrado e Doutorado em Ci\u00eancia da Informa\u00e7\u00e3o<\/span><\/a><\/strong><\/em><\/span><\/p>\n<p><strong><em>Coordenadora:<\/em><\/strong><strong><em>\u00a0<strong><em>Prof.\u00aa Dr\u00aa Maria Isabel de Jesus Sousa Barreira<\/em><\/strong><\/em><\/strong><\/p>\n<p><strong><em>Vice-Coordenadora:<\/em><\/strong><strong><em>\u00a0<strong><em>Prof\u00aa.<\/em><\/strong><strong><em>\u00a0Dr\u00aa N\u00eddia Maria Lienert Lubisco<\/em><\/strong><\/em><\/strong><\/p>\n<p>__________________________________________________________________<\/p>\n<p><span style=\"color: #808000\"><strong><em><span style=\"text-decoration: underline\">Secretaria do Colegiado da P\u00f3s-Gradua\u00e7\u00e3o<\/span><\/em><\/strong><\/span><\/p>\n<p><strong><em>Marilene Luzia Silva <\/em><\/strong><\/p>\n<p><strong><em>Rosana O. Rodrigues<\/em><\/strong><\/p>\n<p><em><strong><br \/>\n<\/strong><\/em><\/p>\n","protected":false},"excerpt":{"rendered":"<p>________________________________________________________ Gradua\u00e7\u00e3o em Biblioteconomia e Documenta\u00e7\u00e3o Coordenador:\u00a0Prof. Dr. S\u00e9rgio Franklin &#8211;\u00a0sr_franklin@hotmail.com Vice-coordenador: Prof. Dr. Raymundo N. Machado ______________________________________________________ Gradua\u00e7\u00e3o em Arquivologia &#8211; Diurno Coordenador:\u00a0Prof\u00aa. Dr\u00aa.\u00a0Leyde Klebia Rodrigues da Silva Vice-Coordenador:\u00a0 [&hellip;]<\/p>\n","protected":false},"author":26,"featured_media":0,"parent":0,"menu_order":1,"comment_status":"closed","ping_status":"closed","template":"","meta":{"_coblocks_attr":"","_coblocks_dimensions":"","_coblocks_responsive_height":"","_coblocks_accordion_ie_support":"","_themeisle_gutenberg_block_has_review":false,"footnotes":""},"class_list":["post-11","page","type-page","status-publish","hentry"],"_links":{"self":[{"href":"https:\/\/blog.ufba.br\/ici\/wp-json\/wp\/v2\/pages\/11"}],"collection":[{"href":"https:\/\/blog.ufba.br\/ici\/wp-json\/wp\/v2\/pages"}],"about":[{"href":"https:\/\/blog.ufba.br\/ici\/wp-json\/wp\/v2\/types\/page"}],"author":[{"embeddable":true,"href":"https:\/\/blog.ufba.br\/ici\/wp-json\/wp\/v2\/users\/26"}],"replies":[{"embeddable":true,"href":"https:\/\/blog.ufba.br\/ici\/wp-json\/wp\/v2\/comments?post=11"}],"version-history":[{"count":0,"href":"https:\/\/blog.ufba.br\/ici\/wp-json\/wp\/v2\/pages\/11\/revisions"}],"wp:attachment":[{"href":"https:\/\/blog.ufba.br\/ici\/wp-json\/wp\/v2\/media?parent=11"}],"curies":[{"name":"wp","href":"https:\/\/api.w.org\/{rel}","templated":true}]}}