{"id":564,"date":"2026-04-15T16:13:55","date_gmt":"2026-04-15T19:13:55","guid":{"rendered":"https:\/\/blog.ufba.br\/historiaradioedu\/?page_id=564"},"modified":"2026-04-22T18:09:19","modified_gmt":"2026-04-22T21:09:19","slug":"podcasts","status":"publish","type":"page","link":"https:\/\/blog.ufba.br\/historiaradioedu\/podcasts\/","title":{"rendered":"Podcast Sintonize a Hist\u00f3ria"},"content":{"rendered":"\n<p><a href=\"https:\/\/eduplay.rnp.br\/app\/podcast\/sintonnizeahistoria\" target=\"_blank\" rel=\"noreferrer noopener\">Clique aqui<\/a> para acessar o podcast <em>Sintonize a Hist\u00f3ria<\/em>, que convida o ouvinte a mergulhar na trajet\u00f3ria do r\u00e1dio como instrumento de educa\u00e7\u00e3o no Brasil apresentando, de forma acess\u00edvel e envolvente, hist\u00f3rias sobre como o r\u00e1dio se consolidou como um meio de difus\u00e3o de conte\u00fados educativos. Com uma proposta din\u00e2mica e reflexiva, <em>Sintonize a Hist\u00f3ria<\/em> aposta na for\u00e7a do pr\u00f3prio r\u00e1dio para contar sua hist\u00f3ria e revelar sua import\u00e2ncia na constru\u00e7\u00e3o da educa\u00e7\u00e3o brasileira.<\/p>\n\n\n<div class=\"wp-block-image\">\n<figure class=\"aligncenter size-large is-resized\"><img loading=\"lazy\" decoding=\"async\" width=\"1024\" height=\"1024\" src=\"https:\/\/blog.ufba.br\/historiaradioedu\/wp-content\/uploads\/sites\/94\/2026\/04\/sintonise-1024x1024.jpeg\" alt=\"\" class=\"wp-image-594\" style=\"width:548px;height:auto\" srcset=\"https:\/\/blog.ufba.br\/historiaradioedu\/wp-content\/uploads\/sites\/94\/2026\/04\/sintonise-1024x1024.jpeg 1024w, https:\/\/blog.ufba.br\/historiaradioedu\/wp-content\/uploads\/sites\/94\/2026\/04\/sintonise-300x300.jpeg 300w, https:\/\/blog.ufba.br\/historiaradioedu\/wp-content\/uploads\/sites\/94\/2026\/04\/sintonise-150x150.jpeg 150w, https:\/\/blog.ufba.br\/historiaradioedu\/wp-content\/uploads\/sites\/94\/2026\/04\/sintonise-768x768.jpeg 768w, https:\/\/blog.ufba.br\/historiaradioedu\/wp-content\/uploads\/sites\/94\/2026\/04\/sintonise.jpeg 1080w\" sizes=\"(max-width: 1024px) 100vw, 1024px\" \/><\/figure><\/div>","protected":false},"excerpt":{"rendered":"<p>Clique aqui para acessar o podcast Sintonize a Hist\u00f3ria, que convida o ouvinte a mergulhar na trajet\u00f3ria do r\u00e1dio como instrumento de educa\u00e7\u00e3o no Brasil apresentando, de forma acess\u00edvel e envolvente, hist\u00f3rias sobre como o r\u00e1dio se consolidou como um &hellip; <a href=\"https:\/\/blog.ufba.br\/historiaradioedu\/podcasts\/\">Continue lendo <span class=\"meta-nav\">&rarr;<\/span><\/a><\/p>\n","protected":false},"author":119,"featured_media":0,"parent":0,"menu_order":0,"comment_status":"closed","ping_status":"closed","template":"","meta":{"_coblocks_attr":"","_coblocks_dimensions":"","_coblocks_responsive_height":"","_coblocks_accordion_ie_support":"","_themeisle_gutenberg_block_has_review":false,"footnotes":""},"class_list":["post-564","page","type-page","status-publish","hentry"],"_links":{"self":[{"href":"https:\/\/blog.ufba.br\/historiaradioedu\/wp-json\/wp\/v2\/pages\/564"}],"collection":[{"href":"https:\/\/blog.ufba.br\/historiaradioedu\/wp-json\/wp\/v2\/pages"}],"about":[{"href":"https:\/\/blog.ufba.br\/historiaradioedu\/wp-json\/wp\/v2\/types\/page"}],"author":[{"embeddable":true,"href":"https:\/\/blog.ufba.br\/historiaradioedu\/wp-json\/wp\/v2\/users\/119"}],"replies":[{"embeddable":true,"href":"https:\/\/blog.ufba.br\/historiaradioedu\/wp-json\/wp\/v2\/comments?post=564"}],"version-history":[{"count":5,"href":"https:\/\/blog.ufba.br\/historiaradioedu\/wp-json\/wp\/v2\/pages\/564\/revisions"}],"predecessor-version":[{"id":601,"href":"https:\/\/blog.ufba.br\/historiaradioedu\/wp-json\/wp\/v2\/pages\/564\/revisions\/601"}],"wp:attachment":[{"href":"https:\/\/blog.ufba.br\/historiaradioedu\/wp-json\/wp\/v2\/media?parent=564"}],"curies":[{"name":"wp","href":"https:\/\/api.w.org\/{rel}","templated":true}]}}