{"id":490,"date":"2025-02-23T12:09:35","date_gmt":"2025-02-23T15:09:35","guid":{"rendered":"https:\/\/blog.ufba.br\/historiaradioedu\/?page_id=490"},"modified":"2026-04-23T10:52:26","modified_gmt":"2026-04-23T13:52:26","slug":"memoria","status":"publish","type":"page","link":"https:\/\/blog.ufba.br\/historiaradioedu\/memoria\/","title":{"rendered":"Mem\u00f3ria da Educa\u00e7\u00e3o na Bahia e Mem\u00f3ria do R\u00e1dio na Bahia"},"content":{"rendered":"\n<p>Por meio de uma parceria com o <em>Mem\u00f3ria da Educa\u00e7\u00e3o na Bahia<\/em>, projeto de pesquisa, ensino e extens\u00e3o, apoiado pelo CNPq, realizamos <em>Mem\u00f3ria do R\u00e1dio<\/em> <em>na Bahia<\/em>, com a grava\u00e7\u00e3o de depoimentos hist\u00f3ricos de pessoas que, de algum modo, atuaram em emissoras r\u00e1dio educativas, constituindo-se em um acervo de v\u00eddeos-mem\u00f3ria.<\/p>\n\n\n\n<p>As produ\u00e7\u00f5es s\u00e3o realizadas com a utiliza\u00e7\u00e3o plena e exclusiva de softwares livres, de modo que esses v\u00eddeos-mem\u00f3ria est\u00e3o inseridos na filosofia dos Recursos Educacionais Abertos \u2013 REA \u2013 estando aqui disponibilizados, no todo e em partes, podendo (e devendo!) ser copiados, distribu\u00eddos e remixados. <\/p>\n\n\n\n<p>Para assistir aos depoimentos do projeto <em>Mem\u00f3ria do R\u00e1dio<\/em> <em>na Bahia<\/em>, <a href=\"https:\/\/blog.ufba.br\/webmemoriaeducacaobahia\/memoria-radio\/\" data-type=\"link\" data-id=\"https:\/\/blog.ufba.br\/webmemoriaeducacaobahia\/memoria-radio\/\" target=\"_blank\" rel=\"noreferrer noopener\">clique aqui.<\/a><\/p>\n","protected":false},"excerpt":{"rendered":"<p>Por meio de uma parceria com o Mem\u00f3ria da Educa\u00e7\u00e3o na Bahia, projeto de pesquisa, ensino e extens\u00e3o, apoiado pelo CNPq, realizamos Mem\u00f3ria do R\u00e1dio na Bahia, com a grava\u00e7\u00e3o de depoimentos hist\u00f3ricos de pessoas que, de algum modo, atuaram &hellip; <a href=\"https:\/\/blog.ufba.br\/historiaradioedu\/memoria\/\">Continue lendo <span class=\"meta-nav\">&rarr;<\/span><\/a><\/p>\n","protected":false},"author":119,"featured_media":0,"parent":0,"menu_order":0,"comment_status":"closed","ping_status":"closed","template":"","meta":{"_coblocks_attr":"","_coblocks_dimensions":"","_coblocks_responsive_height":"","_coblocks_accordion_ie_support":"","_themeisle_gutenberg_block_has_review":false,"footnotes":""},"class_list":["post-490","page","type-page","status-publish","hentry"],"_links":{"self":[{"href":"https:\/\/blog.ufba.br\/historiaradioedu\/wp-json\/wp\/v2\/pages\/490"}],"collection":[{"href":"https:\/\/blog.ufba.br\/historiaradioedu\/wp-json\/wp\/v2\/pages"}],"about":[{"href":"https:\/\/blog.ufba.br\/historiaradioedu\/wp-json\/wp\/v2\/types\/page"}],"author":[{"embeddable":true,"href":"https:\/\/blog.ufba.br\/historiaradioedu\/wp-json\/wp\/v2\/users\/119"}],"replies":[{"embeddable":true,"href":"https:\/\/blog.ufba.br\/historiaradioedu\/wp-json\/wp\/v2\/comments?post=490"}],"version-history":[{"count":17,"href":"https:\/\/blog.ufba.br\/historiaradioedu\/wp-json\/wp\/v2\/pages\/490\/revisions"}],"predecessor-version":[{"id":612,"href":"https:\/\/blog.ufba.br\/historiaradioedu\/wp-json\/wp\/v2\/pages\/490\/revisions\/612"}],"wp:attachment":[{"href":"https:\/\/blog.ufba.br\/historiaradioedu\/wp-json\/wp\/v2\/media?parent=490"}],"curies":[{"name":"wp","href":"https:\/\/api.w.org\/{rel}","templated":true}]}}