{"id":92,"date":"2011-07-26T22:37:33","date_gmt":"2011-07-27T01:37:33","guid":{"rendered":"http:\/\/blog.ufba.br\/grupogerirenfermagem\/?page_id=92"},"modified":"2011-07-26T22:37:33","modified_gmt":"2011-07-27T01:37:33","slug":"projetos-de-extensao","status":"publish","type":"page","link":"https:\/\/blog.ufba.br\/grupogerirenfermagem\/projetos-de-extensao\/","title":{"rendered":"Projetos de Extens\u00e3o"},"content":{"rendered":"<ul>\n<li><strong><em><span style=\"color: #000000\">Observat\u00f3rio da Sa\u00fade\u00a0do Distrito Sanit\u00e1rio do Sub\u00farbio Ferrovi\u00e1rio de Salvador- Bahia<\/span><\/em><\/strong><\/li>\n<li><strong><em><span style=\"color: #000000\">PET Vigil\u00e2ncia \u00e0 Sa\u00fade <\/span><\/em><\/strong><\/li>\n<li><strong><em><span style=\"color: #000000\">Mapeamento da capacidade instalada da Rede de Aten\u00e7\u00e3o \u00e0 Sa\u00fade do munic\u00edpio de Salvador<\/span><\/em><\/strong><\/li>\n<\/ul>\n","protected":false},"excerpt":{"rendered":"<p>Observat\u00f3rio da Sa\u00fade\u00a0do Distrito Sanit\u00e1rio do Sub\u00farbio Ferrovi\u00e1rio de Salvador- Bahia PET Vigil\u00e2ncia \u00e0 Sa\u00fade Mapeamento da capacidade instalada da Rede de Aten\u00e7\u00e3o \u00e0 Sa\u00fade do munic\u00edpio de Salvador<\/p>\n","protected":false},"author":23,"featured_media":0,"parent":0,"menu_order":0,"comment_status":"closed","ping_status":"closed","template":"","meta":{"_coblocks_attr":"","_coblocks_dimensions":"","_coblocks_responsive_height":"","_coblocks_accordion_ie_support":"","_themeisle_gutenberg_block_has_review":false,"footnotes":""},"class_list":["post-92","page","type-page","status-publish","hentry"],"_links":{"self":[{"href":"https:\/\/blog.ufba.br\/grupogerirenfermagem\/wp-json\/wp\/v2\/pages\/92"}],"collection":[{"href":"https:\/\/blog.ufba.br\/grupogerirenfermagem\/wp-json\/wp\/v2\/pages"}],"about":[{"href":"https:\/\/blog.ufba.br\/grupogerirenfermagem\/wp-json\/wp\/v2\/types\/page"}],"author":[{"embeddable":true,"href":"https:\/\/blog.ufba.br\/grupogerirenfermagem\/wp-json\/wp\/v2\/users\/23"}],"replies":[{"embeddable":true,"href":"https:\/\/blog.ufba.br\/grupogerirenfermagem\/wp-json\/wp\/v2\/comments?post=92"}],"version-history":[{"count":0,"href":"https:\/\/blog.ufba.br\/grupogerirenfermagem\/wp-json\/wp\/v2\/pages\/92\/revisions"}],"wp:attachment":[{"href":"https:\/\/blog.ufba.br\/grupogerirenfermagem\/wp-json\/wp\/v2\/media?parent=92"}],"curies":[{"name":"wp","href":"https:\/\/api.w.org\/{rel}","templated":true}]}}