{"id":811,"date":"2017-05-29T00:11:44","date_gmt":"2017-05-29T03:11:44","guid":{"rendered":"http:\/\/blog.ufba.br\/grupogerirenfermagem\/?page_id=811"},"modified":"2017-05-29T00:11:44","modified_gmt":"2017-05-29T03:11:44","slug":"dissertacoes-mestrado","status":"publish","type":"page","link":"https:\/\/blog.ufba.br\/grupogerirenfermagem\/dissertacoes-mestrado\/","title":{"rendered":"Disserta\u00e7\u00f5es Mestrado"},"content":{"rendered":"<ul>\n<li><em><strong><a href=\"http:\/\/blog.ufba.br\/grupogerirenfermagem\/wp-content\/uploads\/sites\/13\/2017\/05\/ALINE-SOARES-DE-LIMA-O-TRABALHO-DA-ENFERMEIRA-NA-ATENCAO-BASICA-UMA-REVISAO-SISTEMATICA.pdf\">ALINE SOARES DE LIMA &#8211; O TRABALHO DA ENFERMEIRA NA ATEN\u00c7\u00c3O BASICA &#8211; UMA REVISAO SISTEMATICA<\/a><\/strong><\/em><\/li>\n<li><em><strong><a href=\"http:\/\/blog.ufba.br\/grupogerirenfermagem\/wp-content\/uploads\/sites\/13\/2017\/05\/ANNA-GABRIELLA-CARVALHO-RANGEL-EDUCACAO-PERMANENTE-EM-SAUDE-IMPLANTACAO-E-IMPLEMENTACAO-DAS-PRATICAS-EM-UMA-ORGANIZACAO-HOSPITALAR.pdf\">ANNA GABRIELLA CARVALHO RANGEL &#8211; EDUCA\u00c7\u00c3O PERMANENTE EM SAUDE &#8211; IMPLANTA\u00c7\u00c3O E IMPLEMENTA\u00c7\u00c3O DAS PR\u00c1TICAS EM UMA ORGANIZA\u00c7\u00c3O HOSPITALAR<\/a><\/strong><\/em><\/li>\n<li><em><strong><a href=\"http:\/\/blog.ufba.br\/grupogerirenfermagem\/wp-content\/uploads\/sites\/13\/2017\/05\/CAROLINA-PEDROZA-DE-CARVALHO-GARCIA-APRENDENDO-A-ATUAR-EM-ATENCAO-BASICA-DE-SAUDE-CONTRIBUICOES-DO-ESTAGIO-CURRICULAR-EM-ENFERMAGEM.pdf\">CAROLINA PEDROZA DE CARVALHO GARCIA &#8211; APRENDENDO A ATUAR EM ATEN\u00c7\u00c3O BASICA DE SAUDE &#8211; CONTRIBUI\u00c7\u00d5ES DO ESTAGIO CURRICULAR EM ENFERMAGEM<\/a><\/strong><\/em><\/li>\n<li><em><strong><a href=\"http:\/\/blog.ufba.br\/grupogerirenfermagem\/wp-content\/uploads\/sites\/13\/2017\/05\/DEYBSON-BORBA-DE-ALMEIDA-AVALIACAO-DA-GESTAO-DE-UMA-UNIDADE-DE-SAUDE-DA-FAMILIA-NAS-DIMENSOES-DA-INTEGRALIDADE.pdf\">DEYBSON BORBA DE ALMEIDA &#8211; AVALIA\u00c7\u00c3O DA GEST\u00c3O DE UMA UNIDADE DE SAUDE DA FAMILIA NAS DIMENSOES DA INTEGRALIDADE<\/a><\/strong><\/em><\/li>\n<li><em><strong><a href=\"http:\/\/blog.ufba.br\/grupogerirenfermagem\/wp-content\/uploads\/sites\/13\/2017\/05\/FATIMA-DO-ROSARIO-DE-OLIVEIRA-LIMA-A-IDENTIDADE-PROFISSIONAL-DA-ENFERMEIRA-NA-ESTRATEGIA-SAUDE-DA-FAMILIA.pdf\">F\u00c1TIMA DO ROSARIO DE OLIVEIRA LIMA &#8211; A IDENTIDADE PROFISSIONAL DA ENFERMEIRA NA ESTRAT\u00c9GIA SAUDE DA FAMILIA<\/a><\/strong><\/em><\/li>\n<li><em><strong><a href=\"http:\/\/blog.ufba.br\/grupogerirenfermagem\/wp-content\/uploads\/sites\/13\/2017\/05\/GEOVANA-RAIMUNDA-SILVA-SANTANA-AVALIACAO-DA-CAPACIDADE-DE-GESTAO-TERCEIRIZADA-DE-UNIDADE-BASICA-DE-SAUDE.pdf\">GEOVANA RAIMUNDA SILVA SANTANA &#8211; AVALIA\u00c7\u00c3O DA CAPACIDADE DE GEST\u00c3O TERCEIRIZADA DE UNIDADE BASICA DE SAUDE<\/a><\/strong><\/em><\/li>\n<li><em><strong><a href=\"http:\/\/blog.ufba.br\/grupogerirenfermagem\/wp-content\/uploads\/sites\/13\/2017\/05\/HANDERSON-SILVA-SANTOS-AVALIACAO-DA-REDE-DE-UNIDADES-BASICAS-DE-SAUDE-COM-FOCO-NA-INTEGRALIDADE.pdf\">HANDERSON SILVA SANTOS &#8211; AVALIA\u00c7\u00c3O DA REDE DE UNIDADES BASICAS DE SAUDE COM FOCO NA INTEGRALIDADE<\/a><\/strong><\/em><\/li>\n<li><em><strong><a href=\"http:\/\/blog.ufba.br\/grupogerirenfermagem\/wp-content\/uploads\/sites\/13\/2017\/05\/KARINA-ARAUJO-PINTO-A-PRATICA-DA-ENFERMEIRA-EM-AUDITORIA-EM-SAUDE.pdf\">KARINA ARAUJO PINTO &#8211; A PRATICA DA ENFERMEIRA EM AUDITORIA EM SAUDE<\/a><\/strong><\/em><\/li>\n<li><em><strong><a href=\"http:\/\/blog.ufba.br\/grupogerirenfermagem\/wp-content\/uploads\/sites\/13\/2017\/05\/KAROLLINE-SANTOS-MACEDO-PROCESSO-DE-TRABALHO-DA-ENFERMEIRA-EM-HOSPITAIS-DO-SUS.pdf\">KAROLLINE SANTOS MACEDO &#8211; PROCESSO DE TRABALHO DA ENFERMEIRA EM HOSPITAIS DO SUS<\/a><\/strong><\/em><\/li>\n<li><em><strong><a href=\"http:\/\/blog.ufba.br\/grupogerirenfermagem\/wp-content\/uploads\/sites\/13\/2017\/05\/LUCIANO-RODRIGUES-REIS-ORGANIZACOES-DOS-SERVICOS-NA-ESTRATEGIA-SAUDE-DA-FAMILIA-COM-FOCO-NA-INTEGRALIDADE.pdf\">LUCIANO RODRIGUES REIS &#8211; ORGANIZA\u00c7\u00d5ES DOS SERVI\u00c7OS NA ESTRATEGIA SAUDE DA FAMILIA COM FOCO NA INTEGRALIDADE<\/a><\/strong><\/em><\/li>\n<li><em><strong><a href=\"http:\/\/blog.ufba.br\/grupogerirenfermagem\/files\/2017\/05\/MARIA-NAVEGANTES-SILVA-PROCESSO-DE-TRABALHO-DE-T\u00c9CNICAS-E-AUXILIARES-EM-ENFERMAGEM-EM-HOSPITAIS-P\u00daBLICOS.pdf\">MARIA NAVEGANTES SILVA &#8211; PROCESSO DE TRABALHO DE T\u00c9CNICAS E AUXILIARES EM ENFERMAGEM EM HOSPITAIS P\u00daBLICOS<\/a><\/strong><\/em><\/li>\n<li><em><strong><a href=\"http:\/\/blog.ufba.br\/grupogerirenfermagem\/wp-content\/uploads\/sites\/13\/2017\/05\/MARIANA-COSTA-DA-SILVA-CONDICOES-DE-TRABALHO-DA-ENFERMEIRA-NOS-HOSPITAIS-DO-SUS-DA-BAHIA.pdf\">MARIANA COSTA DA SILVA &#8211; CONDI\u00c7\u00d5ES DE TRABALHO DA ENFERMEIRA NOS HOSPITAIS DO SUS DA BAHIA<\/a><\/strong><\/em><\/li>\n<li><em><strong><a href=\"http:\/\/blog.ufba.br\/grupogerirenfermagem\/wp-content\/uploads\/sites\/13\/2017\/05\/MELISSA-ALMEIDA-SILVA-AVALIACAO-DA-REDE-DE-UNIDADES-DE-SAUDE-DA-FAMILIA-COM-FOCO-NA-INTEGRALIDADE.pdf\">MELISSA ALMEIDA SILVA &#8211; AVALIA\u00c7\u00c3O DA REDE DE UNIDADES DE SA\u00daDE DA FAM\u00cdLIA COM FOCO NA INTEGRALIDADE<\/a><\/strong><\/em><\/li>\n<li><em><strong><a href=\"http:\/\/blog.ufba.br\/grupogerirenfermagem\/wp-content\/uploads\/sites\/13\/2017\/05\/NILDO-BATISTA-MASCARENHAS-A-INSERCAO-DA-ENFERMEIRA-BRASILEIRA-NO-CAMPO-DA-SAUDE-PUBLICA-1920-1925.pdf\">NILDO BATISTA MASCARENHAS &#8211; A INSER\u00c7\u00c3O DA ENFERMEIRA BRASILEIRA NO CAMPO DA SAUDE PUBLICA 1920 &#8211; 1925<\/a><\/strong><\/em><\/li>\n<li><em><strong><a href=\"http:\/\/blog.ufba.br\/grupogerirenfermagem\/files\/2017\/05\/RAFAEL-DAMASCENO-DE-BARROS-ACESSO-A-MEDICAMENTOS-NA-ATEN\u00c7\u00c3O-B\u00c1SICA-RELA\u00c7\u00d5ES-COM-A-INSTITUCIONALIZA\u00c7\u00c3O-DA-ASSISTENCIA-FARMACEUTICA-NO-BRASIL.pdf\">RAFAEL DAMASCENO DE BARROS &#8211; ACESSO A MEDICAMENTOS NA ATEN\u00c7\u00c3O B\u00c1SICA &#8211; RELA\u00c7\u00d5ES COM A INSTITUCIONALIZA\u00c7\u00c3O DA ASSISTENCIA FARMACEUTICA NO BRASIL<\/a><\/strong><\/em><\/li>\n<li><em><strong><a href=\"http:\/\/blog.ufba.br\/grupogerirenfermagem\/wp-content\/uploads\/sites\/13\/2017\/05\/SARA-NOVAES-MASCARENHAS-ERROS-ASSISTENCIAIS-E-O-PROCESSO-DE-TRABALHO-EM-ENFERMAGEM-NO-HOSPITAL.pdf\">SARA NOVAES MASCARENHAS &#8211; ERROS ASSISTENCIAIS E O PROCESSO DE TRABALHO EM ENFERMAGEM NO HOSPITAL<\/a><\/strong><\/em><\/li>\n<li><em><strong><a href=\"http:\/\/blog.ufba.br\/grupogerirenfermagem\/wp-content\/uploads\/sites\/13\/2017\/05\/TAIZE-MURITIBA-CARNEIRO-CONDICOES-DE-TRABALHO-EM-ENFERMAGEM-NA-UNIDADE-DE-TERAPIA-INTENSIVA.pdf\">TAIZE MURITIBA CARNEIRO &#8211; CONDI\u00c7\u00d5ES DE TRABALHO EM ENFERMAGEM NA UNIDADE DE TERAPIA INTENSIVA<\/a><\/strong><\/em><\/li>\n<li><em><strong><a href=\"http:\/\/blog.ufba.br\/grupogerirenfermagem\/wp-content\/uploads\/sites\/13\/2017\/05\/TATIANE-ARAUJO-DOS-SANTOS-O-VALOR-DA-FORCA-DE-TRABALHO-DA-ENFERMEIRA.pdf\">TATIANE ARAUJO DOS SANTOS &#8211; O VALOR DA FOR\u00c7A DE TRABALHO DA ENFERMEIRA<\/a><\/strong><\/em><\/li>\n<li><em><strong><a href=\"http:\/\/blog.ufba.br\/grupogerirenfermagem\/wp-content\/uploads\/sites\/13\/2017\/05\/TATIANE-CUNHA-FLORENTINO-O-CONCEITO-DE-CUIDADO-NO-TRABALHO-DA-ENFERMEIRA.pdf\">TATIANE CUNHA FLORENTINO &#8211; O CONCEITO DE CUIDADO NO TRABALHO DA ENFERMEIRA<\/a><\/strong><\/em><\/li>\n<li><em><strong><a href=\"http:\/\/blog.ufba.br\/grupogerirenfermagem\/wp-content\/uploads\/sites\/13\/2017\/05\/VALDICELE-REIS-DE-MORAIS-A-ESPECIFICIDADE-DO-TRABALHO-DA-ENFERMEIRA-NA-ATENCAO-HOSPITALAR.pdf\">VALDICELE REIS DE MORAIS &#8211; A ESPECIFICIDADE DO TRABALHO DA ENFERMEIRA NA ATEN\u00c7\u00c3O HOSPITALAR<\/a><\/strong><\/em><\/li>\n<li><em><strong><a href=\"http:\/\/blog.ufba.br\/grupogerirenfermagem\/wp-content\/uploads\/sites\/13\/2017\/05\/ZELMA-MIRIAM-BARBOSA-GUIMARAES-QUALIDADE-DE-VIDA-DE-TRABALHADORES-COM-DISTURBIOS-OSTEOMOLECULARES-EM-SALVADOR.pdf\">ZELMA MIRIAM BARBOSA GUIMARAES &#8211; QUALIDADE DE VIDA DE TRABALHADORES COM DIST\u00daRBIOS OSTEOMOLECULARES EM SALVADOR<\/a><\/strong><\/em><\/li>\n<\/ul>\n","protected":false},"excerpt":{"rendered":"<p>ALINE SOARES DE LIMA &#8211; O TRABALHO DA ENFERMEIRA NA ATEN\u00c7\u00c3O BASICA &#8211; UMA REVISAO SISTEMATICA ANNA GABRIELLA CARVALHO RANGEL &#8211; EDUCA\u00c7\u00c3O PERMANENTE EM SAUDE &#8211; IMPLANTA\u00c7\u00c3O E IMPLEMENTA\u00c7\u00c3O DAS PR\u00c1TICAS EM UMA ORGANIZA\u00c7\u00c3O HOSPITALAR CAROLINA PEDROZA DE CARVALHO GARCIA &hellip; <a href=\"https:\/\/blog.ufba.br\/grupogerirenfermagem\/dissertacoes-mestrado\/\">Continue lendo <span class=\"meta-nav\">&rarr;<\/span><\/a><\/p>\n","protected":false},"author":23,"featured_media":0,"parent":0,"menu_order":0,"comment_status":"closed","ping_status":"closed","template":"","meta":{"_coblocks_attr":"","_coblocks_dimensions":"","_coblocks_responsive_height":"","_coblocks_accordion_ie_support":"","_themeisle_gutenberg_block_has_review":false,"footnotes":""},"class_list":["post-811","page","type-page","status-publish","hentry"],"_links":{"self":[{"href":"https:\/\/blog.ufba.br\/grupogerirenfermagem\/wp-json\/wp\/v2\/pages\/811"}],"collection":[{"href":"https:\/\/blog.ufba.br\/grupogerirenfermagem\/wp-json\/wp\/v2\/pages"}],"about":[{"href":"https:\/\/blog.ufba.br\/grupogerirenfermagem\/wp-json\/wp\/v2\/types\/page"}],"author":[{"embeddable":true,"href":"https:\/\/blog.ufba.br\/grupogerirenfermagem\/wp-json\/wp\/v2\/users\/23"}],"replies":[{"embeddable":true,"href":"https:\/\/blog.ufba.br\/grupogerirenfermagem\/wp-json\/wp\/v2\/comments?post=811"}],"version-history":[{"count":0,"href":"https:\/\/blog.ufba.br\/grupogerirenfermagem\/wp-json\/wp\/v2\/pages\/811\/revisions"}],"wp:attachment":[{"href":"https:\/\/blog.ufba.br\/grupogerirenfermagem\/wp-json\/wp\/v2\/media?parent=811"}],"curies":[{"name":"wp","href":"https:\/\/api.w.org\/{rel}","templated":true}]}}