{"id":800,"date":"2017-05-28T23:56:41","date_gmt":"2017-05-29T02:56:41","guid":{"rendered":"http:\/\/blog.ufba.br\/grupogerirenfermagem\/?page_id=800"},"modified":"2017-05-28T23:56:41","modified_gmt":"2017-05-29T02:56:41","slug":"tccs-dissertacoes-e-teses","status":"publish","type":"page","link":"https:\/\/blog.ufba.br\/grupogerirenfermagem\/tccs-dissertacoes-e-teses\/","title":{"rendered":"Trabalhos de Conclus\u00e3o de Curso (Gradua\u00e7\u00e3o)"},"content":{"rendered":"<ul>\n<li><em><strong><a href=\"http:\/\/blog.ufba.br\/grupogerirenfermagem\/files\/2017\/05\/TIAGO-SOUZA-LEAL-RESIST\u00caNCIA-DE-ESTUDANTES-DE-ENFERMAGEM-\u00c0-DITADURA-CIVIL-MILITAR-1964-1985.pdf\">TIAGO SOUZA LEAL &#8211; RESIST\u00caNCIA DE ESTUDANTES DE ENFERMAGEM \u00c0 DITADURA CIVIL-MILITAR (1964-1985)<\/a><\/strong><\/em><\/li>\n<li><em><strong><a href=\"http:\/\/blog.ufba.br\/grupogerirenfermagem\/wp-content\/uploads\/sites\/13\/2017\/05\/ABDON-DE-OLIVEIRA-BRITO-O-MEDICARE-E-MEDICAID-NO-SISTEMA-DE-SAUDE-AMERICANO.pdf\">ABDON DE OLIVEIRA BRITO &#8211; O MEDICARE E MEDICAID NO SISTEMA DE SAUDE AMERICANO<\/a><\/strong><\/em><\/li>\n<li><em><strong><a href=\"http:\/\/blog.ufba.br\/grupogerirenfermagem\/files\/2017\/05\/AMANDA-FORTES-COSTA-AN\u00c1LISE-DO-PERFIL-DA-ENFERMEIRA-EM-SERVI\u00c7OS-DE-AUDITORIA-EM-SA\u00daDE.pdf\">AMANDA FORTES COSTA &#8211; AN\u00c1LISE DO PERFIL DA ENFERMEIRA EM SERVI\u00c7OS DE AUDITORIA EM SA\u00daDE<\/a><\/strong><\/em><\/li>\n<li><em><strong><a href=\"http:\/\/blog.ufba.br\/grupogerirenfermagem\/files\/2017\/05\/ANA-SUED-LOPES-DE-ALENCAR-SILVA-ELEMENTOS-DA-PRECARIZA\u00c7\u00c3O-DO-TRABALHO-EM-PROCESSO-\u00c9TICO-DISCIPLINAR-POR-ERRO-EM-ENFERMAGEM.pdf\">ANA SUED LOPES DE ALENCAR SILVA- ELEMENTOS DA PRECARIZA\u00c7\u00c3O DO TRABALHO EM PROCESSO \u00c9TICO-DISCIPLINAR POR ERRO EM ENFERMAGEM<\/a><\/strong><\/em><\/li>\n<li><em><strong><a href=\"http:\/\/blog.ufba.br\/grupogerirenfermagem\/wp-content\/uploads\/sites\/13\/2017\/05\/ANDRESSA-SANTOS-OLIVEIRA-ANALISE-DA-FILIACAO-DE-ENFERMEIRAS-NAS-ORGANIZACOES-POLITICAS.pdf\">ANDRESSA SANTOS OLIVEIRA &#8211; AN\u00c1LISE DA FILIA\u00c7\u00c3O DE ENFERMEIRAS NAS ORGANIZA\u00c7\u00d5ES POLITICAS<\/a><\/strong><\/em><\/li>\n<li><em><strong><a href=\"http:\/\/blog.ufba.br\/grupogerirenfermagem\/wp-content\/uploads\/sites\/13\/2017\/05\/BIANCA-GONZAGA-TRINDADE-E-MARIO-CESAR-CARNEIRO-DE-SANTANA-CONCEPCOES-DOS-GESTORES-SOBRE-VIGILANCIA-EPIDEMIOLOGICA-NO-AMBITO-MUNICIPAL.pdf\">BIANCA GONZAGA TRINDADE E MARIO CESAR CARNEIRO DE SANTANA &#8211; CONCEP\u00c7\u00d5ES DOS GESTORES SOBRE VIGILANCIA EPIDEMIOLOGICA NO AMBITO MUNICIPAL<\/a><\/strong><\/em><\/li>\n<li><em><strong><a href=\"http:\/\/blog.ufba.br\/grupogerirenfermagem\/wp-content\/uploads\/sites\/13\/2017\/05\/CIDIA-DANIELA-DE-OLIVEIRA-PIRES-GENESE-DO-MOVIMENTO-ESTUDANTIL-DA-ESCOLA-DE-ENFERMAGEM-DA-UNIVERSIDADE-FEDERAL-DA-BAHIA-DE-1947-a-1959.pdf\">CIDIA DANIELA DE OLIVEIRA PIRES &#8211; G\u00caNESE DO MOVIMENTO ESTUDANTIL DA ESCOLA DE ENFERMAGEM DA UNIVERSIDADE FEDERAL DA BAHIA DE 1947 a 1959<\/a><\/strong><\/em><\/li>\n<li><em><strong><a href=\"http:\/\/blog.ufba.br\/grupogerirenfermagem\/wp-content\/uploads\/sites\/13\/2017\/05\/CLARISSA-ASSIS-DE-CARVALHO-ANALISE-DA-FORCA-DE-TRABALHO-DA-ENFERMEIRA-NA-REDE-DE-SERVICOS-DO-SUS-ESTADUAL.pdf\">CLARISSA ASSIS DE CARVALHO &#8211; AN\u00c1LISE DA FOR\u00c7A DE TRABALHO DA ENFERMEIRA NA REDE DE SERVI\u00c7OS DO SUS ESTADUAL<\/a><\/strong><\/em><\/li>\n<li><em><strong><a href=\"http:\/\/blog.ufba.br\/grupogerirenfermagem\/files\/2017\/05\/TCC_Claudia_do_Monte.pdf\">CLAUDIA SILVA DO MONTE &#8211; MARCOS HIST\u00d3RICOS DO MOVIMENTO ESTUDANTIL DA ESCOLA DE ENFERMAGEM DA UFBA NO PER\u00cdODO DA DITADURA CIVIL-MILITAR (1964-1968)<\/a><\/strong><\/em><\/li>\n<li><em><strong><a href=\"http:\/\/blog.ufba.br\/grupogerirenfermagem\/wp-content\/uploads\/sites\/13\/2017\/05\/CRISTIANE-SILVA-DOS-SANTOS-CONDICOES-DE-TRABALHO-DA-ENFERMEIRA-EM-UNIDADE-DE-PRESTACAO-DE-SERVICOS-DE-EMERGENCIA.pdf\">CRISTIANE SILVA DOS SANTOS &#8211; CONDI\u00c7\u00d5ES DE TRABALHO DA ENFERMEIRA EM UNIDADE DE PRESTA\u00c7\u00c3O DE SERVI\u00c7OS DE EMERGENCIA<\/a><\/strong><\/em><\/li>\n<li><em><strong><a href=\"http:\/\/blog.ufba.br\/grupogerirenfermagem\/files\/2017\/05\/DHULIANE-MACEDO-DAMASCENA-ERROS-PROFISSIONAIS-EM-ENFERMAGEM-UMA-ANALISE-DO-DISCURSO.pdf\">DHULIANE MACEDO DAMASCENA &#8211; ERROS PROFISSIONAIS EM ENFERMAGEM &#8211; UMA ANALISE DO DISCURSO<\/a><\/strong><\/em><\/li>\n<li><em><strong><a href=\"http:\/\/blog.ufba.br\/grupogerirenfermagem\/wp-content\/uploads\/sites\/13\/2017\/05\/FERNANDA-MOTA-RAMOS-A-ENFERMEIRA-NA-HISTORIA-DA-VIGILANCIA-EPIDEMIOLOGICA-NO-ESTADO-DA-BAHIA.pdf\">FERNANDA MOTA RAMOS &#8211; A ENFERMEIRA NA HIST\u00d3RIA DA VIGILANCIA EPIDEMIOLOGICA NO ESTADO DA BAHIA<\/a><\/strong><\/em><\/li>\n<li><em><strong><a href=\"http:\/\/blog.ufba.br\/grupogerirenfermagem\/files\/2017\/05\/HANDERSON-SILVA-SANTOS-AN\u00c1LISE-DA-IMPLANTA\u00c7\u00c3O-DO-PROCESSO-DE-TERCEIRIZA\u00c7\u00c3O-NO-SISTEMA-MUNICIPAL-DE-SAUDE-EM-SALVADOR.pdf\">HANDERSON SILVA SANTOS &#8211; AN\u00c1LISE DA IMPLANTA\u00c7\u00c3O DO PROCESSO DE TERCEIRIZA\u00c7\u00c3O NO SISTEMA MUNICIPAL DE SAUDE EM SALVADOR<\/a><\/strong><\/em><\/li>\n<li><em><strong><a href=\"http:\/\/blog.ufba.br\/grupogerirenfermagem\/files\/2017\/05\/LA\u00cdS-FARIAS-DA-SILVA-DEIR\u00d3-E-NEILA-PIEROTE-GASPAR-NASCIMENTO-AN\u00c1LISE-DO-CONTEXTO-DA-PR\u00c1TICA-DA-ENFERMEIRA-NO-PROGRAMA-DE-SA\u00daDE-DA-FAM\u00cdLIA-COM-FOCO-NA-INTEGRALIDADE.pdf\">LA\u00cdS FARIAS DA SILVA DEIR\u00d3 E NEILA PIEROTE GASPAR NASCIMENTO &#8211; AN\u00c1LISE DO CONTEXTO DA PR\u00c1TICA DA ENFERMEIRA NO PROGRAMA DE SA\u00daDE DA FAM\u00cdLIA COM FOCO NA INTEGRALIDADE<\/a><\/strong><\/em><\/li>\n<li><em><strong><a href=\"http:\/\/blog.ufba.br\/grupogerirenfermagem\/files\/2017\/05\/MARCELLE-DE-SOUZA-FONTES-VALENCA-PERFIL-DE-INTERNA\u00c7\u00d5ES-POR-SIFILIS-CONGENITA-NA-BAHIA.pdf\">MARCELLE DE SOUZA FONTES VALENCA &#8211; PERFIL DE INTERNA\u00c7\u00d5ES POR SIFILIS CONGENITA NA BAHIA<\/a><\/strong><\/em><\/li>\n<li><em><strong><a href=\"http:\/\/blog.ufba.br\/grupogerirenfermagem\/files\/2017\/05\/NILDO-BATISTA-MASCARENHAS-PROMO\u00c7\u00c3O-DA-SAUDE-E-A-PRATICA-DO-ENFERMEIRO-NA-ATEN\u00c7\u00c3O-PRIMARIA-CONTRIBUI\u00c7\u00c3O-AO-ESTUDO.pdf\">NILDO BATISTA MASCARENHAS &#8211; PROMO\u00c7\u00c3O DA SAUDE E A PRATICA DO ENFERMEIRO NA ATEN\u00c7\u00c3O PRIMARIA &#8211; CONTRIBUI\u00c7\u00c3O AO ESTUDO<\/a><\/strong><\/em><\/li>\n<li><em><strong><a href=\"http:\/\/blog.ufba.br\/grupogerirenfermagem\/files\/2017\/05\/RAFAEL-DAMASCENO-DE-BARROS-AN\u00c1LISE-DA-CAPACIDADE-DE-GEST\u00c3O-DOS-DIRIGENTES-DE-UNIDADES-DE-SA\u00daDE-DA-FAM\u00cdLIA-NO-MUNIC\u00cdPIO-DE-SALVADOR-BA.pdf\">RAFAEL DAMASCENO DE BARROS &#8211; AN\u00c1LISE DA CAPACIDADE DE GEST\u00c3O DOS DIRIGENTES DE UNIDADES DE SA\u00daDE DA FAM\u00cdLIA NO MUNIC\u00cdPIO DE SALVADOR &#8211; BA<\/a><\/strong><\/em><\/li>\n<li><em><strong><a href=\"http:\/\/blog.ufba.br\/grupogerirenfermagem\/files\/2017\/05\/SAMUEL-AZEVEDO-SANTOS-CARACTER\u00cdSTICAS-DOS-PROCESSOS-\u00c9TICO-DISCIPLINARES-TRAMITADOS-NO-COREN-BAHIA.pdf\">SAMUEL AZEVEDO SANTOS &#8211; CARACTER\u00cdSTICAS DOS PROCESSOS \u00c9TICO-DISCIPLINARES TRAMITADOS NO COREN BAHIA<\/a><\/strong><\/em><\/li>\n<li><strong><em><a href=\"https:\/\/drive.google.com\/file\/d\/1ZvpXERuUdFDAl7e6CBCfxGGO-ZtvaniP\/view\">O TRABALHO EM ENFERMAGEM NO CONTEXTO DA PANDEMIA POR COVID-19: AN\u00c1LISE DA COBERTURA NOTICIOSA<\/a><\/em><\/strong><\/li>\n<\/ul>\n","protected":false},"excerpt":{"rendered":"<p>TIAGO SOUZA LEAL &#8211; RESIST\u00caNCIA DE ESTUDANTES DE ENFERMAGEM \u00c0 DITADURA CIVIL-MILITAR (1964-1985) ABDON DE OLIVEIRA BRITO &#8211; O MEDICARE E MEDICAID NO SISTEMA DE SAUDE AMERICANO AMANDA FORTES COSTA &#8211; AN\u00c1LISE DO PERFIL DA ENFERMEIRA EM SERVI\u00c7OS DE AUDITORIA &hellip; <a href=\"https:\/\/blog.ufba.br\/grupogerirenfermagem\/tccs-dissertacoes-e-teses\/\">Continue lendo <span class=\"meta-nav\">&rarr;<\/span><\/a><\/p>\n","protected":false},"author":23,"featured_media":0,"parent":0,"menu_order":0,"comment_status":"closed","ping_status":"closed","template":"","meta":{"_coblocks_attr":"","_coblocks_dimensions":"","_coblocks_responsive_height":"","_coblocks_accordion_ie_support":"","_themeisle_gutenberg_block_has_review":false,"footnotes":""},"class_list":["post-800","page","type-page","status-publish","hentry"],"_links":{"self":[{"href":"https:\/\/blog.ufba.br\/grupogerirenfermagem\/wp-json\/wp\/v2\/pages\/800"}],"collection":[{"href":"https:\/\/blog.ufba.br\/grupogerirenfermagem\/wp-json\/wp\/v2\/pages"}],"about":[{"href":"https:\/\/blog.ufba.br\/grupogerirenfermagem\/wp-json\/wp\/v2\/types\/page"}],"author":[{"embeddable":true,"href":"https:\/\/blog.ufba.br\/grupogerirenfermagem\/wp-json\/wp\/v2\/users\/23"}],"replies":[{"embeddable":true,"href":"https:\/\/blog.ufba.br\/grupogerirenfermagem\/wp-json\/wp\/v2\/comments?post=800"}],"version-history":[{"count":0,"href":"https:\/\/blog.ufba.br\/grupogerirenfermagem\/wp-json\/wp\/v2\/pages\/800\/revisions"}],"wp:attachment":[{"href":"https:\/\/blog.ufba.br\/grupogerirenfermagem\/wp-json\/wp\/v2\/media?parent=800"}],"curies":[{"name":"wp","href":"https:\/\/api.w.org\/{rel}","templated":true}]}}