{"id":187,"date":"2020-04-09T13:27:00","date_gmt":"2020-04-09T13:27:00","guid":{"rendered":"http:\/\/blog.ufba.br\/epen2020\/?page_id=2"},"modified":"2020-04-09T13:27:00","modified_gmt":"2020-04-09T13:27:00","slug":"pagina-exemplo","status":"publish","type":"page","link":"https:\/\/blog.ufba.br\/epen2020\/pagina-exemplo\/","title":{"rendered":"Apresenta\u00e7\u00e3o"},"content":{"rendered":"<p style=\"text-align: center\">\n<p style=\"text-align: justify\">\n<h1 style=\"text-align: justify\"><a href=\"http:\/\/epen2020.ufba.br\/\"><img loading=\"lazy\" decoding=\"async\" class=\"aligncenter wp-image-247 size-full\" src=\"http:\/\/blog.ufba.br\/epen2020\/wp-content\/uploads\/sites\/56\/2020\/04\/novo-site.jpg\" alt=\"novo site\" width=\"501\" height=\"243\" srcset=\"https:\/\/blog.ufba.br\/epen2020\/wp-content\/uploads\/sites\/56\/2020\/04\/novo-site.jpg 501w, https:\/\/blog.ufba.br\/epen2020\/wp-content\/uploads\/sites\/56\/2020\/04\/novo-site-300x146.jpg 300w\" sizes=\"(max-width: 501px) 100vw, 501px\" \/><\/a><\/h1>\n<h1 style=\"text-align: center\"><span><a href=\"http:\/\/epen2020.ufba.br\/\"><span>Acesse o nosso novo site: http:\/\/epen2020.ufba.br\/<\/span><\/a><\/span><\/h1>\n<p style=\"text-align: justify\">O \u00a0<b>XXV EPEN &#8211; \u00a0Reuni\u00e3o Cient\u00edfica Regional Nordeste da Associa\u00e7\u00e3o Nacional de Pesquisa e P\u00f3s-Gradua\u00e7\u00e3o em Educa\u00e7\u00e3o<\/b>\u00a0(ANPEd-Nordeste)\u00a0ser\u00e1 realizada de\u00a004 a\u00a007 de novembro de 2020. Evento promovido pela ANPEd Nacional, pelo F\u00f3rum Nordeste de Programas de P\u00f3s-Gradua\u00e7\u00e3o em Educa\u00e7\u00e3o (FORPRED-Nordeste) em conjunto com o Programa de P\u00f3s-Gradua\u00e7\u00e3o em Educa\u00e7\u00e3o da Universidade Federal da Bahia (PPGE-UFBA) e do Mestrado Profissional em Educa\u00e7\u00e3o da Universidade Federal da Bahia (MPED-UFBA).<\/p>\n<p style=\"text-align: justify\">\n","protected":false},"excerpt":{"rendered":"<p>Acesse o nosso novo site: http:\/\/epen2020.ufba.br\/ O \u00a0XXV EPEN &#8211; \u00a0Reuni\u00e3o Cient\u00edfica Regional Nordeste da Associa\u00e7\u00e3o Nacional de Pesquisa e P\u00f3s-Gradua\u00e7\u00e3o em Educa\u00e7\u00e3o\u00a0(ANPEd-Nordeste)\u00a0ser\u00e1 realizada de\u00a004 a\u00a007 de novembro de 2020. Evento promovido pela ANPEd Nacional, pelo F\u00f3rum Nordeste de Programas &hellip; <a href=\"https:\/\/blog.ufba.br\/epen2020\/pagina-exemplo\/\">Continue lendo <span class=\"meta-nav\">&rarr;<\/span><\/a><\/p>\n","protected":false},"author":1,"featured_media":0,"parent":0,"menu_order":0,"comment_status":"open","ping_status":"open","template":"showcase.php","meta":{"_coblocks_attr":"","_coblocks_dimensions":"","_coblocks_responsive_height":"","_coblocks_accordion_ie_support":"","_themeisle_gutenberg_block_has_review":false,"footnotes":""},"class_list":["post-187","page","type-page","status-publish","hentry"],"_links":{"self":[{"href":"https:\/\/blog.ufba.br\/epen2020\/wp-json\/wp\/v2\/pages\/187"}],"collection":[{"href":"https:\/\/blog.ufba.br\/epen2020\/wp-json\/wp\/v2\/pages"}],"about":[{"href":"https:\/\/blog.ufba.br\/epen2020\/wp-json\/wp\/v2\/types\/page"}],"author":[{"embeddable":true,"href":"https:\/\/blog.ufba.br\/epen2020\/wp-json\/wp\/v2\/users\/1"}],"replies":[{"embeddable":true,"href":"https:\/\/blog.ufba.br\/epen2020\/wp-json\/wp\/v2\/comments?post=187"}],"version-history":[{"count":0,"href":"https:\/\/blog.ufba.br\/epen2020\/wp-json\/wp\/v2\/pages\/187\/revisions"}],"wp:attachment":[{"href":"https:\/\/blog.ufba.br\/epen2020\/wp-json\/wp\/v2\/media?parent=187"}],"curies":[{"name":"wp","href":"https:\/\/api.w.org\/{rel}","templated":true}]}}