{"id":8,"date":"2015-01-16T12:15:32","date_gmt":"2015-01-16T12:15:32","guid":{"rendered":"http:\/\/blog.ufba.br\/dpfilo\/?page_id=8"},"modified":"2015-01-16T12:15:32","modified_gmt":"2015-01-16T12:15:32","slug":"sobre","status":"publish","type":"page","link":"https:\/\/blog.ufba.br\/dpfilo\/sobre\/","title":{"rendered":"Sobre"},"content":{"rendered":"<p style=\"text-align: justify\"><img loading=\"lazy\" decoding=\"async\" class=\"alignleft\" src=\"https:\/\/twiki.ufba.br\/twiki\/pub\/PortalPpga\/LayoutTemplate\/Figura2.jpg\" alt=\"\" width=\"208\" height=\"186\" \/>O site \u00e9 mais um ve\u00edculo de comunica\u00e7\u00e3o com o Departamento de Filosofia da UFBA. Aqui s\u00e3o divulgadas informa\u00e7\u00f5es tanto para o p\u00fablico interno, formado por alunos, professores e outros colaboradores, quanto para o p\u00fablico externo em geral.<\/p>\n<p style=\"text-align: justify\">Voc\u00ea pode ter acesso a informa\u00e7\u00f5es sobre professores, disciplinas, turmas, not\u00edcias, avisos e eventos pertinentes ao departamento e aos docentes e ter mais uma via de acesso, por meio dos links, para outros setores e servi\u00e7os da UFBA co-relacionados. Bem-vindo!<\/p>\n<hr \/>\n<h3 style=\"text-align: justify\">O que \u00e9 o Departamento?<\/h3>\n<div>\n<p style=\"text-align: justify\">O Departamento \u00e9 o \u00f3rg\u00e3o de execu\u00e7\u00e3o das atividades acad\u00eamicas e de lota\u00e7\u00e3o de pessoal docente.<\/p>\n<p style=\"text-align: justify\">O Departamento comp\u00f5e-se de professores do quadro permanente e professores visitantes com responsabilidade docente.<\/p>\n<p style=\"text-align: justify\"><strong>Art. 37 \u00a0e par\u00e1grafo 1\u00ba do Estatuto da UFBA<\/strong><\/p>\n<hr \/>\n<h3 style=\"text-align: justify\">Compet\u00eancias do Departamento<\/h3>\n<p style=\"text-align: justify\">Nas Unidades Universit\u00e1rias que optarem pela estrutura departamental, s\u00e3o compet\u00eancias do Departamento:<\/p>\n<p style=\"text-align: justify\">I \u2010 eleger, em escrut\u00ednio secreto, dentre seus membros pertencentes ao quadro docente permanente, o Chefe e Vice\u2010Chefe, para mandato de dois anos, permitida uma recondu\u00e7\u00e3o;<br \/>\nII \u2010 organizar o Plano Anual de Trabalho, integrando os planos individuais de trabalho dos seus membros;<br \/>\nIII \u2010 propor admiss\u00e3o, regime de trabalho, relota\u00e7\u00e3o ou afastamento de professores;<br \/>\nIV \u2010 avaliar, anualmente, a execu\u00e7\u00e3o de planos, programas e atividades planejadas;<br \/>\nV \u2010 aprovar o Relat\u00f3rio Anual de suas atividades, elaborado pelo Chefe do Departamento, encaminhando\u2010o \u00e0 Congrega\u00e7\u00e3o da Unidade Universit\u00e1ria;<br \/>\nVI \u2010 outras compet\u00eancias, a serem definidas no Regimento Interno da Unidade Universit\u00e1ria.<\/p>\n<p style=\"text-align: justify\"><strong>Art. 37 \u00a0Regimento Geral da UFBA<\/strong><\/p>\n<hr \/>\n<h3 style=\"text-align: justify\">Outras compet\u00eancias do Departamento<\/h3>\n<div>\n<p style=\"text-align: justify\">Compete ao Departamento:<\/p>\n<p style=\"text-align: justify\">I \u2013 Planejar e executar atividades acad\u00eamicas;<\/p>\n<p style=\"text-align: justify\">II \u2013 Planejar e deliberar atividades de qualifica\u00e7\u00e3o do corpo docente;<\/p>\n<p style=\"text-align: justify\">III \u2013 Aprovar o planejamento da distribui\u00e7\u00e3o da carga hor\u00e1ria;<\/p>\n<p style=\"text-align: justify\">IV \u2013 Indicar representantes em Colegiados;<\/p>\n<p style=\"text-align: justify\">V \u2013 Julgar, em primeira inst\u00e2ncia, os processos de progress\u00e3o funcional dos docentes nele lotados;<\/p>\n<p style=\"text-align: justify\">VI \u2013 apreciar, em primeira inst\u00e2ncia, os programas e os planos de ensino dos componentes curriculares encaminhados pelos docentes ou coordenadores de componentes curriculares, remetendo-os aos Colegiados de Cursos de Gradua\u00e7\u00e3o e de Programas de P\u00f3s-Gradua\u00e7\u00e3o, para aprova\u00e7\u00e3o;<\/p>\n<p style=\"text-align: justify\">VII \u2013 apreciar, em primeira inst\u00e2ncia, os projetos de pesquisa, cria\u00e7\u00e3o, inova\u00e7\u00e3o ou extens\u00e3o, respeitadas as diretrizes gerais tra\u00e7adas pelo Conselho Acad\u00eamico de Pesquisa, Inova\u00e7\u00e3o e Extens\u00e3o, submetendo-os \u00e0 Congrega\u00e7\u00e3o da Unidade;<\/p>\n<p style=\"text-align: justify\">VIII \u2013 apreciar, anualmente, os Planos Individuais de Trabalho (PIT) dos docentes nos quais dever\u00e3o estar destacadas as atividades universit\u00e1rias que demonstrar\u00e3o o cumprimento dos respectivos regimes de trabalho;<\/p>\n<p style=\"text-align: justify\">IX \u2013 apreciar, anualmente, os Relat\u00f3rios Individuais de Trabalho (RIT) dos docentes nos quais dever\u00e3o estar detalhadas as atividades desenvolvidas no exerc\u00edcio anterior e eventuais modifica\u00e7\u00f5es em rela\u00e7\u00e3o ao PIT;<\/p>\n<p style=\"text-align: justify\">X \u2013 avaliar, anualmente, a execu\u00e7\u00e3o de planos, programas, projetos de pesquisa e extens\u00e3o, e atividades planejadas;<\/p>\n<p style=\"text-align: justify\">XI \u2013 aprovar, anualmente, o Relat\u00f3rio Anual de Atividades, elaborado por sua Chefia, encaminhando-o \u00e0 Congrega\u00e7\u00e3o da Unidade;<\/p>\n<p style=\"text-align: justify\">XII \u2013 ministrar o ensino dos componentes curriculares;<\/p>\n<p style=\"text-align: justify\">XIII \u2013 propor a cria\u00e7\u00e3o, modifica\u00e7\u00e3o ou extin\u00e7\u00e3o de disciplinas, remetendo-as aos Colegiados de Cursos e de Programas de P\u00f3s-Gradua\u00e7\u00e3o, para aprova\u00e7\u00e3o;<\/p>\n<p style=\"text-align: justify\">XIV \u2013 promover o desenvolvimento da pesquisa e sua articula\u00e7\u00e3o com o ensino e a extens\u00e3o;<\/p>\n<p style=\"text-align: justify\">XV \u2013 promover a presta\u00e7\u00e3o de servi\u00e7os \u00e0 comunidade, nos moldes da extens\u00e3o universit\u00e1ria;<\/p>\n<p style=\"text-align: justify\">XVI \u2013 coordenar as atividades cient\u00edficas dos N\u00facleos que ficarem sob a sua responsabilidade por determina\u00e7\u00e3o da Congrega\u00e7\u00e3o da FFCH;<\/p>\n<p style=\"text-align: justify\">XVII \u2013 organizar o Plano Anual de Trabalho (PAT), integrando os planos individuais de trabalho dos seus membros e submetendo-o \u00e0 aprecia\u00e7\u00e3o da Congrega\u00e7\u00e3o;<\/p>\n<p style=\"text-align: justify\">XVIII \u2013 supervisionar a aplica\u00e7\u00e3o de recursos atribu\u00eddos em or\u00e7amento ou que lhe tenham sido destinadas a qualquer t\u00edtulo;<\/p>\n<p style=\"text-align: justify\">XIX \u2013 propor \u00e0 Congrega\u00e7\u00e3o da FFCH mat\u00e9ria para ingresso na carreira do Magist\u00e9rio e lista de pontos para concurso, em conformidade com o que estabelece a legisla\u00e7\u00e3o vigente nesta Universidade;<\/p>\n<p style=\"text-align: justify\">XX \u2013 indicar \u00e0 Congrega\u00e7\u00e3o da FFCH a lista de nomes para escolha dos membros de Comiss\u00f5es Julgadoras de Concursos para Magist\u00e9rio;<\/p>\n<p style=\"text-align: justify\">XXI \u2013 propor admiss\u00e3o, regime de trabalho, relota\u00e7\u00e3o ou afastamento de professores;<\/p>\n<p style=\"text-align: justify\">XXII \u2013 pronunciar-se a respeito de pedido de remo\u00e7\u00e3o e redistribui\u00e7\u00e3o de seus membros docentes;<\/p>\n<p style=\"text-align: justify\">XXIII \u2013 propor \u00e0 Congrega\u00e7\u00e3o da Unidade Universit\u00e1ria a contrata\u00e7\u00e3o de professores visitantes, substitutos e tempor\u00e1rios;<\/p>\n<p style=\"text-align: justify\">XXIV \u2013 executar os processos seletivos para a contrata\u00e7\u00e3o de professores substitutos e tempor\u00e1rios;<\/p>\n<p style=\"text-align: justify\">XXV \u2013 eleger, em escrut\u00ednio secreto, Chefe e Vice-Chefe;<\/p>\n<p style=\"text-align: justify\">XXVI \u2013 eleger os seus representantes nos Colegiados de Cursos de Gradua\u00e7\u00e3o e de Programa de P\u00f3s-Gradua\u00e7\u00e3o, em \u00d3rg\u00e3os Complementares e em N\u00facleos de Pesquisa e Extens\u00e3o da FFCH.<\/p>\n<p style=\"text-align: justify\">Par\u00e1grafo \u00fanico. Chefe e Vice-Chefe ser\u00e3o considerados eleitos se obtiverem a maioria absoluta dos votos dos presentes no plen\u00e1rio do Departamento no escrut\u00ednio secreto estabelecido no inciso XXV.<\/p>\n<p style=\"text-align: justify\"><strong>Art. 11 Regimento Interno da Faculdade de Filosofia e Ci\u00eancias Humanas<\/strong><\/p>\n<\/div>\n<\/div>\n","protected":false},"excerpt":{"rendered":"<p>O site \u00e9 mais um ve\u00edculo de comunica\u00e7\u00e3o com o Departamento de Filosofia da UFBA. Aqui s\u00e3o divulgadas informa\u00e7\u00f5es tanto para o p\u00fablico interno, formado por alunos, professores e outros colaboradores, quanto para o p\u00fablico externo em geral. Voc\u00ea pode ter acesso a informa\u00e7\u00f5es sobre professores, disciplinas, turmas, not\u00edcias, avisos e eventos pertinentes ao departamento [&hellip;]<\/p>\n","protected":false},"author":1,"featured_media":0,"parent":0,"menu_order":1,"comment_status":"closed","ping_status":"closed","template":"","meta":{"_coblocks_attr":"","_coblocks_dimensions":"","_coblocks_responsive_height":"","_coblocks_accordion_ie_support":"","_themeisle_gutenberg_block_has_review":false,"footnotes":""},"class_list":["post-8","page","type-page","status-publish","hentry"],"_links":{"self":[{"href":"https:\/\/blog.ufba.br\/dpfilo\/wp-json\/wp\/v2\/pages\/8"}],"collection":[{"href":"https:\/\/blog.ufba.br\/dpfilo\/wp-json\/wp\/v2\/pages"}],"about":[{"href":"https:\/\/blog.ufba.br\/dpfilo\/wp-json\/wp\/v2\/types\/page"}],"author":[{"embeddable":true,"href":"https:\/\/blog.ufba.br\/dpfilo\/wp-json\/wp\/v2\/users\/1"}],"replies":[{"embeddable":true,"href":"https:\/\/blog.ufba.br\/dpfilo\/wp-json\/wp\/v2\/comments?post=8"}],"version-history":[{"count":0,"href":"https:\/\/blog.ufba.br\/dpfilo\/wp-json\/wp\/v2\/pages\/8\/revisions"}],"wp:attachment":[{"href":"https:\/\/blog.ufba.br\/dpfilo\/wp-json\/wp\/v2\/media?parent=8"}],"curies":[{"name":"wp","href":"https:\/\/api.w.org\/{rel}","templated":true}]}}