{"id":446,"date":"2015-01-20T15:39:06","date_gmt":"2015-01-20T15:39:06","guid":{"rendered":"http:\/\/blog.ufba.br\/dpfilo\/?page_id=446"},"modified":"2015-01-20T15:39:06","modified_gmt":"2015-01-20T15:39:06","slug":"topicos-especiais","status":"publish","type":"page","link":"https:\/\/blog.ufba.br\/dpfilo\/topicos-especiais\/","title":{"rendered":"Ementas"},"content":{"rendered":"<p>Nesta p\u00e1gina o aluno pode ter acesso \u00e0s ementas das disciplinas\u00a0do Semestre Suplementar 2020<\/p>\n<p><strong><a href=\"http:\/\/blog.ufba.br\/dpfilo\/files\/2015\/01\/FCHB49-Introducao-a-Filosofia-I-A-SLS-2020.pdf\" target=\"_blank\" rel=\"noopener\">FCHB49 Introdu\u00e7\u00e3o \u00e0 Filosofia I-A<\/a><\/strong><\/p>\n<p><strong><a href=\"http:\/\/blog.ufba.br\/dpfilo\/wp-content\/uploads\/sites\/57\/2015\/01\/FCHB50-Leitura-e-Redacao-de-Texto-Filosofico-SLS-2020.pdf\" target=\"_blank\" rel=\"noopener\">FCHB50 Leitura e Reda\u00e7\u00e3o de Texto Filos\u00f3fico<\/a><\/strong><\/p>\n<p><strong><a href=\"http:\/\/blog.ufba.br\/dpfilo\/wp-content\/uploads\/sites\/57\/2015\/01\/FCHB59-Seminario-de-Pesquisa-SLS-2020.pdf\" target=\"_blank\" rel=\"noopener\">FCHB59 Semin\u00e1rio de Pesquisa<\/a><\/strong><\/p>\n<p><strong><a href=\"http:\/\/blog.ufba.br\/dpfilo\/wp-content\/uploads\/sites\/57\/2015\/01\/FCH036-Topicos-Especiais-de-Filosofia-I-SLS-2020.pdf\" target=\"_blank\" rel=\"noopener\">FCH036 T\u00f3picos Especiais de Filosofia I<\/a><\/strong><\/p>\n<p><strong><a href=\"http:\/\/blog.ufba.br\/dpfilo\/files\/2015\/01\/FCHB65-T\u00f3picos-Especiais-em-Filosofia-Medieval-SLS-2020.pdf\" target=\"_blank\" rel=\"noopener\">FCHB65 T\u00f3picos Especiais em Filosofia Medieval<\/a><\/strong><\/p>\n<p><strong><a href=\"http:\/\/blog.ufba.br\/dpfilo\/files\/2015\/01\/FCHL83-Problemas-de-Epistemologia-SLS-2020.pdf\" target=\"_blank\" rel=\"noopener\">FCHL83 Problemas de Epistemologia<\/a><\/strong><\/p>\n<p><strong><a href=\"http:\/\/blog.ufba.br\/dpfilo\/files\/2015\/01\/FCHL84-Problemas-de-Estetica-Filosofia-e-Teoria-da-Artes-SLS-2020-2.pdf\" target=\"_blank\" rel=\"noopener\">FCHL84 Problemas de Est\u00e9tica, Filosofia e Teoria da Arte<\/a><\/strong><\/p>\n<p><strong><a href=\"http:\/\/blog.ufba.br\/dpfilo\/files\/2015\/01\/FCHL85-Problemas-Filosofia-de-Etica-SLS-2020.pdf\" target=\"_blank\" rel=\"noopener\">FCHL85 Problemas Filos\u00f3ficos de \u00c9tica<\/a><\/strong><\/p>\n<p><strong><a href=\"http:\/\/blog.ufba.br\/dpfilo\/files\/2015\/01\/FCHL86-Problemas-de-Hist\u00f3ria-da-Filosofia-Moderna-SLS-2020.pdf\" target=\"_blank\" rel=\"noopener\">FCHL86 Problemas de Hist\u00f3ria da Filosofia Moderna<\/a><\/strong><\/p>\n<p><strong><a href=\"http:\/\/blog.ufba.br\/dpfilo\/files\/2015\/01\/FCHL87-Problemas-de-Filosofia-Contemporanea-SLS-2020.pdf\" target=\"_blank\" rel=\"noopener\">FCHL87 Problemas de Filosofia Contempor\u00e2nea<\/a><\/strong><\/p>\n<p><strong><a href=\"http:\/\/blog.ufba.br\/dpfilo\/files\/2015\/01\/FCHL88-Problemas-de-Filosofia-Politica-SLS-2020.pdf\" target=\"_blank\" rel=\"noopener\">FCHL88 Problemas de Filosofia Pol\u00edtica<\/a><\/strong><\/p>\n<p><strong>\u00a0<\/strong><\/p>\n","protected":false},"excerpt":{"rendered":"<p>Nesta p\u00e1gina o aluno pode ter acesso \u00e0s ementas das disciplinas\u00a0do Semestre Suplementar 2020 FCHB49 Introdu\u00e7\u00e3o \u00e0 Filosofia I-A FCHB50 Leitura e Reda\u00e7\u00e3o de Texto Filos\u00f3fico FCHB59 Semin\u00e1rio de Pesquisa FCH036 T\u00f3picos Especiais de Filosofia I FCHB65 T\u00f3picos Especiais em Filosofia Medieval FCHL83 Problemas de Epistemologia FCHL84 Problemas de Est\u00e9tica, Filosofia e Teoria da Arte [&hellip;]<\/p>\n","protected":false},"author":1,"featured_media":0,"parent":0,"menu_order":7,"comment_status":"closed","ping_status":"closed","template":"","meta":{"_coblocks_attr":"","_coblocks_dimensions":"","_coblocks_responsive_height":"","_coblocks_accordion_ie_support":"","_themeisle_gutenberg_block_has_review":false,"footnotes":""},"class_list":["post-446","page","type-page","status-publish","hentry"],"_links":{"self":[{"href":"https:\/\/blog.ufba.br\/dpfilo\/wp-json\/wp\/v2\/pages\/446"}],"collection":[{"href":"https:\/\/blog.ufba.br\/dpfilo\/wp-json\/wp\/v2\/pages"}],"about":[{"href":"https:\/\/blog.ufba.br\/dpfilo\/wp-json\/wp\/v2\/types\/page"}],"author":[{"embeddable":true,"href":"https:\/\/blog.ufba.br\/dpfilo\/wp-json\/wp\/v2\/users\/1"}],"replies":[{"embeddable":true,"href":"https:\/\/blog.ufba.br\/dpfilo\/wp-json\/wp\/v2\/comments?post=446"}],"version-history":[{"count":0,"href":"https:\/\/blog.ufba.br\/dpfilo\/wp-json\/wp\/v2\/pages\/446\/revisions"}],"wp:attachment":[{"href":"https:\/\/blog.ufba.br\/dpfilo\/wp-json\/wp\/v2\/media?parent=446"}],"curies":[{"name":"wp","href":"https:\/\/api.w.org\/{rel}","templated":true}]}}