{"id":30,"date":"2015-01-20T12:52:19","date_gmt":"2015-01-20T12:52:19","guid":{"rendered":"http:\/\/blog.ufba.br\/dpfilo\/?page_id=30"},"modified":"2015-01-20T12:52:19","modified_gmt":"2015-01-20T12:52:19","slug":"docentes-temporarios","status":"publish","type":"page","link":"https:\/\/blog.ufba.br\/dpfilo\/docentes-temporarios\/","title":{"rendered":"Docentes Tempor\u00e1rios"},"content":{"rendered":"<div><img loading=\"lazy\" decoding=\"async\" class=\"alignleft\" src=\"http:\/\/servicosweb.cnpq.br\/wspessoa\/servletrecuperafoto?tipo=1&amp;id=K4265071E3\" alt=\"Foto\" width=\"81\" height=\"81\" \/><\/div>\n<div><strong>Ant\u00f4nio M\u00e1rio Dantas Bastos Filho<\/strong><\/div>\n<div>Professor, Advogado e Fil\u00f3sofo, com foco na pesquisa de filosofia pol\u00edtica, marxismo e quest\u00f5es raciais e de classe no Brasil. Doutorando e Mestre em Filosofia pela UFBA. Ex-Secret\u00e1rio da Comiss\u00e3o de Direitos Humanos da OAB-BA. Professor de Metodologia Cient\u00edfica, Filosofia do Direito, Ci\u00eancia Pol\u00edtica e Direito Constitucional. Diretor Acad\u00eamico do Instituto HORI.<\/div>\n<div><\/div>\n<div>\n<hr \/>\n<\/div>\n<div><img loading=\"lazy\" decoding=\"async\" class=\"alignleft\" src=\"http:\/\/servicosweb.cnpq.br\/wspessoa\/servletrecuperafoto?tipo=1&amp;id=K4295493Z6\" alt=\"Foto\" width=\"80\" height=\"83\" \/><\/div>\n<div><strong>Hendrick Cordeiro Maia e Silva<\/strong><\/div>\n<div><span style=\"color: #000000\">Doutorando pelo Centro de L\u00f3gica e Epistemologia &#8211; CLE na Universidade Estadual de Campinas &#8211; Unicamp, com qualifica\u00e7\u00e3o de tese efetuada no dia 18\/12\/2018, e defesa de tese prevista para o fim do m\u00eas de fevereiro de 2019.<\/span><\/div>\n<div><\/div>\n<div><\/div>\n<div><\/div>\n<div>\n<hr \/>\n<\/div>\n<div style=\"text-align: justify\"><a href=\"http:\/\/blog.ufba.br\/dpfilo\/files\/2015\/01\/je.jpg\"><img loading=\"lazy\" decoding=\"async\" class=\"alignleft  wp-image-1165\" src=\"http:\/\/blog.ufba.br\/dpfilo\/files\/2015\/01\/je.jpg\" alt=\"je\" width=\"81\" height=\"81\" \/><\/a><strong>\u00a0Jean Marcelo dos Santos Faraoh\u00a0<\/strong><\/div>\n<div style=\"text-align: justify\">Bacharel em Filosofia pela Faculdade de Filosofia e Ci\u00eancias Humanas da UFBA e cursando o curso de Licenciatura da Faculdade de Filosofia e Ci\u00eancias Humanas da UFBA. Monitor de l\u00f3gica com certificados.\u00a0\u00a0<a href=\"http:\/\/lattes.cnpq.br\/7212429795146137\" target=\"_blank\" rel=\"noopener\">Curriculum Vitae\u00a0<\/a><\/div>\n<div>\n<p>&nbsp;<\/p>\n<p>&nbsp;<\/p>\n<\/div>\n<p>&nbsp;<\/p>\n<p>&nbsp;<\/p>\n","protected":false},"excerpt":{"rendered":"<p>Ant\u00f4nio M\u00e1rio Dantas Bastos Filho Professor, Advogado e Fil\u00f3sofo, com foco na pesquisa de filosofia pol\u00edtica, marxismo e quest\u00f5es raciais e de classe no Brasil. Doutorando e Mestre em Filosofia pela UFBA. Ex-Secret\u00e1rio da Comiss\u00e3o de Direitos Humanos da OAB-BA. Professor de Metodologia Cient\u00edfica, Filosofia do Direito, Ci\u00eancia Pol\u00edtica e Direito Constitucional. Diretor Acad\u00eamico do [&hellip;]<\/p>\n","protected":false},"author":1,"featured_media":0,"parent":0,"menu_order":4,"comment_status":"closed","ping_status":"closed","template":"","meta":{"_coblocks_attr":"","_coblocks_dimensions":"","_coblocks_responsive_height":"","_coblocks_accordion_ie_support":"","_themeisle_gutenberg_block_has_review":false,"footnotes":""},"class_list":["post-30","page","type-page","status-publish","hentry"],"_links":{"self":[{"href":"https:\/\/blog.ufba.br\/dpfilo\/wp-json\/wp\/v2\/pages\/30"}],"collection":[{"href":"https:\/\/blog.ufba.br\/dpfilo\/wp-json\/wp\/v2\/pages"}],"about":[{"href":"https:\/\/blog.ufba.br\/dpfilo\/wp-json\/wp\/v2\/types\/page"}],"author":[{"embeddable":true,"href":"https:\/\/blog.ufba.br\/dpfilo\/wp-json\/wp\/v2\/users\/1"}],"replies":[{"embeddable":true,"href":"https:\/\/blog.ufba.br\/dpfilo\/wp-json\/wp\/v2\/comments?post=30"}],"version-history":[{"count":0,"href":"https:\/\/blog.ufba.br\/dpfilo\/wp-json\/wp\/v2\/pages\/30\/revisions"}],"wp:attachment":[{"href":"https:\/\/blog.ufba.br\/dpfilo\/wp-json\/wp\/v2\/media?parent=30"}],"curies":[{"name":"wp","href":"https:\/\/api.w.org\/{rel}","templated":true}]}}