{"id":24,"date":"2015-01-20T12:45:14","date_gmt":"2015-01-20T12:45:14","guid":{"rendered":"http:\/\/blog.ufba.br\/dpfilo\/?page_id=24"},"modified":"2015-01-20T12:45:14","modified_gmt":"2015-01-20T12:45:14","slug":"alocacao-de-turmas","status":"publish","type":"page","link":"https:\/\/blog.ufba.br\/dpfilo\/alocacao-de-turmas\/","title":{"rendered":"Aloca\u00e7\u00e3o de Turmas"},"content":{"rendered":"<p style=\"text-align: center\"><strong>TURMAS\u00a02020.1<\/strong><\/p>\n<p style=\"text-align: justify\">Turmas abertas para\u00a0<strong>alunos do curso de Gradua\u00e7\u00e3o em Filosofia:<\/strong>\u00a0<a href=\"http:\/\/blog.ufba.br\/dpfilo\/files\/2015\/01\/ALOCA\u00c7\u00c3O-DE-TURMAS-2020.1-FORA4.pdf\" target=\"_blank\" rel=\"noopener\">Aloca\u00e7\u00e3o de Turmas 2020.1 &#8211; Curso de Filosofia<\/a><\/p>\n<p style=\"text-align: justify\">Turmas abertas para <strong>alunos de outros cursos<\/strong>:<a href=\"http:\/\/blog.ufba.br\/dpfilo\/wp-content\/uploads\/sites\/57\/2015\/01\/ALOCACAO-DE-TURMAS-2020.1-FORA1.pdf\" target=\"_blank\" rel=\"noopener\">\u00a0<\/a><a href=\"http:\/\/blog.ufba.br\/dpfilo\/files\/2015\/01\/ALOCA\u00c7\u00c3O-DE-TURMAS-2020.1-FORA2.pdf\" target=\"_blank\" rel=\"noopener\">Aloca\u00e7\u00e3o de Turmas 2020.1 &#8211; Outros cursos<\/a><\/p>\n<p style=\"text-align: justify\">Os<strong> alunos que fizeram a Pr\u00e9-matr\u00edcula nas Disciplinas Pr\u00e1ticas<\/strong>\u00a0(tutorias e monografias) podem acessar as turmas correspondentes aos seus orientadores clicando aqui:\u00a0<a href=\"http:\/\/blog.ufba.br\/dpfilo\/files\/2015\/01\/Disciplinas-Pr\u00e1ticas-Turmas-20.11.pdf\" target=\"_blank\" rel=\"noopener\">Disciplinas Pr\u00e1ticas 2020.1<\/a><\/p>\n","protected":false},"excerpt":{"rendered":"<p>TURMAS\u00a02020.1 Turmas abertas para\u00a0alunos do curso de Gradua\u00e7\u00e3o em Filosofia:\u00a0Aloca\u00e7\u00e3o de Turmas 2020.1 &#8211; Curso de Filosofia Turmas abertas para alunos de outros cursos:\u00a0Aloca\u00e7\u00e3o de Turmas 2020.1 &#8211; Outros cursos Os alunos que fizeram a Pr\u00e9-matr\u00edcula nas Disciplinas Pr\u00e1ticas\u00a0(tutorias e monografias) podem acessar as turmas correspondentes aos seus orientadores clicando aqui:\u00a0Disciplinas Pr\u00e1ticas 2020.1<\/p>\n","protected":false},"author":1,"featured_media":0,"parent":0,"menu_order":6,"comment_status":"closed","ping_status":"closed","template":"","meta":{"_coblocks_attr":"","_coblocks_dimensions":"","_coblocks_responsive_height":"","_coblocks_accordion_ie_support":"","_themeisle_gutenberg_block_has_review":false,"footnotes":""},"class_list":["post-24","page","type-page","status-publish","hentry"],"_links":{"self":[{"href":"https:\/\/blog.ufba.br\/dpfilo\/wp-json\/wp\/v2\/pages\/24"}],"collection":[{"href":"https:\/\/blog.ufba.br\/dpfilo\/wp-json\/wp\/v2\/pages"}],"about":[{"href":"https:\/\/blog.ufba.br\/dpfilo\/wp-json\/wp\/v2\/types\/page"}],"author":[{"embeddable":true,"href":"https:\/\/blog.ufba.br\/dpfilo\/wp-json\/wp\/v2\/users\/1"}],"replies":[{"embeddable":true,"href":"https:\/\/blog.ufba.br\/dpfilo\/wp-json\/wp\/v2\/comments?post=24"}],"version-history":[{"count":0,"href":"https:\/\/blog.ufba.br\/dpfilo\/wp-json\/wp\/v2\/pages\/24\/revisions"}],"wp:attachment":[{"href":"https:\/\/blog.ufba.br\/dpfilo\/wp-json\/wp\/v2\/media?parent=24"}],"curies":[{"name":"wp","href":"https:\/\/api.w.org\/{rel}","templated":true}]}}