{"id":20,"date":"2015-01-20T12:36:41","date_gmt":"2015-01-20T12:36:41","guid":{"rendered":"http:\/\/blog.ufba.br\/dpfilo\/?page_id=20"},"modified":"2015-01-20T12:36:41","modified_gmt":"2015-01-20T12:36:41","slug":"os-cursos","status":"publish","type":"page","link":"https:\/\/blog.ufba.br\/dpfilo\/os-cursos\/","title":{"rendered":"Os Cursos"},"content":{"rendered":"<p style=\"text-align: justify\">FILOSOFIA<\/p>\n<h2 style=\"text-align: justify\">Gradua\u00e7\u00e3o<\/h2>\n<p style=\"text-align: justify\">O profissional da filosofia, bacharel ou licenciado, sempre \u00e9 desafiado a exercer reflex\u00e3o cr\u00edtica sobre saberes constitu\u00eddos, pr\u00e1ticas efetivas e, mais ainda, sobre os fundamentos e o sentido do pr\u00f3prio saber e agir humanos. N\u00e3o raro, o bacharel em filosofia, que em tese se ocupa sobretudo da atividade de pesquisa, \u00e9 tamb\u00e9m ele docente. Por sua vez, o licenciado, apto a exercer a doc\u00eancia, s\u00f3 pode faz\u00ea-lo por dominar t\u00e9cnicas de pesquisa estritamente filos\u00f3ficas. Ambos, portanto, licenciado e bacharel, devem ter uma forma\u00e7\u00e3o filos\u00f3fica e cultural consistente e continuada, capaz inclusive de incorporar novos elementos de modo constante, como ao se dirigirem a cursos de p\u00f3s-gradua\u00e7\u00e3o.<\/p>\n<div style=\"text-align: justify\"><strong>Clique nos links abaixo e tenha acesso as mais dados sobre o curso:<\/strong><\/div>\n<div style=\"text-align: justify\"><a href=\"https:\/\/alunoweb.ufba.br\/SiacWWW\/CurriculoCursoGradePublico.do?cdCurso=309120&amp;nuPerCursoInicial=20092\" target=\"_blank\" rel=\"noopener\">Grade Curricular<\/a><\/div>\n<div style=\"text-align: justify\"><a href=\"https:\/\/alunoweb.ufba.br\/SiacWWW\/ListaDisciplinasEmentaPublico.do?cdCurso=309120&amp;nuPerCursoInicial=20092\" target=\"_blank\" rel=\"noopener\">Ementas<\/a><\/div>\n<div style=\"text-align: justify\"><a href=\"http:\/\/www.vestibular.ufba.br\/\" target=\"_blank\" rel=\"noopener\">Vestibular<\/a><\/div>\n<div style=\"text-align: justify\"><a href=\"https:\/\/supac.ufba.br\/calendario-academico-0\" target=\"_blank\" rel=\"noopener\">Calend\u00e1rio Acad\u00eamico<\/a><\/div>\n<div style=\"text-align: justify\"><a href=\"http:\/\/blog.ufba.br\/dpfilo\/files\/2015\/01\/CURSO-DE-FILOSOFIA-Projeto-Pol\u00edtico-Pedag\u00f3gico.pdf\" target=\"_blank\" rel=\"noopener\">CURSO DE FILOSOFIA Projeto Pol\u00edtico-Pedag\u00f3gico<\/a><\/div>\n<div style=\"text-align: justify\"><strong>Mais informa\u00e7\u00f5es para alunos:<\/strong><\/div>\n<div style=\"text-align: justify\"><a href=\"https:\/\/supac.ufba.br\/aluno\" target=\"_blank\" rel=\"noopener\">https:\/\/supac.ufba.br\/aluno<\/a> e Colegiado de Filosofia<\/div>\n<div style=\"text-align: justify\">\n<hr \/>\n<p><strong>Coordenador do Colegiado de Filosofia:<\/strong>\u00a0Vinicius dos Santos\u00a0| E-mail: viniciusdossantos@ufba.br<\/p>\n<p><strong>Vice-coordenador:<\/strong>\u00a0Giovanni Rolla | E-mail: rollagiovanni@ufba.br<\/p>\n<p><strong>Secretaria:<\/strong>\u00a0Lorena de Souza Moreira |\u00a0E-mail: lorena.moreira@ufba.br<\/p>\n<p><strong>Telefone:<\/strong>\u00a0(71) 3283-6441 |\u00a0<strong>E-mail:<\/strong>\u00a0colsofia@ufba.br<\/p>\n<p><strong>Hor\u00e1rio de Funcionamento:\u00a0<\/strong>segunda a sexta-feira das 08h30 \u00e0s 13h30 <strong>(ATENDIMENTO POR E-MAIL, APENAS, DEVIDO A COVID-19)<\/strong><\/p>\n<p><strong>Atendimento do(a) Coordenador(a): <\/strong>segundas e quartas das 09h \u00e0s\u00a011h\u00a0<strong>\u00a0(ATENDIMENTO POR E-MAIL, APENAS, DEVIDO A COVID-19)<\/strong><\/p>\n<p><strong>Endere\u00e7o: Pavilh\u00e3o de Aulas Jos\u00e9 Calazans, Faculdade de Filosofia e Ci\u00eancias Humanas da UFBA,\u00a0Estrada de S\u00e3o L\u00e1zaro, 197,\u00a0 Federa\u00e7\u00e3o \u2013 Salvador, BA \u2013 Brasil CEP: 40.210-730<\/strong><\/p>\n<hr \/>\n<h2>\u00a0<strong>P\u00f3s-Gradua\u00e7\u00e3o<\/strong><\/h2>\n<\/div>\n<p style=\"text-align: justify\">O Programa de P\u00f3s-Gradua\u00e7\u00e3o em Filosofia contempla os cursos de Mestrado e Doutorado com \u00e1rea de concentra\u00e7\u00e3o em Filosofia Contempor\u00e2nea, abrangendo linhas de pesquisa de Epistemologia e Filosofia da Linguagem, Filosofia e Teoria Social e Problemas de Fenomenologia e Hermen\u00eautica.<\/p>\n<div style=\"text-align: justify\">\n<p><strong>Coordenador do Programa de P\u00f3s-Gradua\u00e7\u00e3o em Filosofia:<\/strong>\u00a0Waldomiro Jos\u00e9 da Silva Filho | E-mail: waldojsf@ufba.br<\/p>\n<p><strong>Vice-coordenador:<\/strong>\u00a0Carlota Maria Ibertis| E-mail: carlota.ibertis@ufba.br<\/p>\n<p><strong>Secretaria:<\/strong>\u00a0F\u00e1bio Sales Nascimento |\u00a0E-mail:\u00a0secretariappgf@ufba.br<\/p>\n<p><strong>Telefone:<\/strong>\u00a0(71) 3283-6439\/ 6449<\/p>\n<p><strong>E-mail: <\/strong>secretariappgf@ufba.br<\/p>\n<p><strong>Site:<\/strong>\u00a0<a href=\"https:\/\/ppgf.ufba.br\/\" target=\"_blank\" rel=\"noopener\">https:\/\/ppgf.ufba.br\/<\/a><\/p>\n<\/div>\n","protected":false},"excerpt":{"rendered":"<p>FILOSOFIA Gradua\u00e7\u00e3o O profissional da filosofia, bacharel ou licenciado, sempre \u00e9 desafiado a exercer reflex\u00e3o cr\u00edtica sobre saberes constitu\u00eddos, pr\u00e1ticas efetivas e, mais ainda, sobre os fundamentos e o sentido do pr\u00f3prio saber e agir humanos. N\u00e3o raro, o bacharel em filosofia, que em tese se ocupa sobretudo da atividade de pesquisa, \u00e9 tamb\u00e9m ele [&hellip;]<\/p>\n","protected":false},"author":1,"featured_media":0,"parent":0,"menu_order":5,"comment_status":"closed","ping_status":"closed","template":"","meta":{"_coblocks_attr":"","_coblocks_dimensions":"","_coblocks_responsive_height":"","_coblocks_accordion_ie_support":"","_themeisle_gutenberg_block_has_review":false,"footnotes":""},"class_list":["post-20","page","type-page","status-publish","hentry"],"_links":{"self":[{"href":"https:\/\/blog.ufba.br\/dpfilo\/wp-json\/wp\/v2\/pages\/20"}],"collection":[{"href":"https:\/\/blog.ufba.br\/dpfilo\/wp-json\/wp\/v2\/pages"}],"about":[{"href":"https:\/\/blog.ufba.br\/dpfilo\/wp-json\/wp\/v2\/types\/page"}],"author":[{"embeddable":true,"href":"https:\/\/blog.ufba.br\/dpfilo\/wp-json\/wp\/v2\/users\/1"}],"replies":[{"embeddable":true,"href":"https:\/\/blog.ufba.br\/dpfilo\/wp-json\/wp\/v2\/comments?post=20"}],"version-history":[{"count":0,"href":"https:\/\/blog.ufba.br\/dpfilo\/wp-json\/wp\/v2\/pages\/20\/revisions"}],"wp:attachment":[{"href":"https:\/\/blog.ufba.br\/dpfilo\/wp-json\/wp\/v2\/media?parent=20"}],"curies":[{"name":"wp","href":"https:\/\/api.w.org\/{rel}","templated":true}]}}